{"id":1811,"date":"2024-12-31T03:42:39","date_gmt":"2024-12-31T03:42:39","guid":{"rendered":"https:\/\/rf-capacitor.com\/?post_type=product&#038;p=1811"},"modified":"2024-12-31T03:42:39","modified_gmt":"2024-12-31T03:42:39","slug":"high-voltage-snubber-capacitor","status":"publish","type":"product","link":"https:\/\/rf-capacitor.com\/et\/high-voltage-snubber-capacitor\/","title":{"rendered":"K\u00f5rgepinge Snubber kondensaator"},"content":{"rendered":"<p>K\u00f5rgepinge snubberkondensaator on oluline komponent, mida kasutatakse k\u00f5rgepingeahelates, et kaitsta pinge piikide ja transientide eest. Siin on \u00fclevaade sellest, mis on snubberkondensaator, selle funktsioon ja rakendused:<\/p>\n<p>Mis on k\u00f5rgepinge snubberkondensaator?<\/p>\n<p>K\u00f5rgepinge snubberkondensaator on kondensaator, mida kasutatakse elektrilistes vooluahelates pingepiikide (tuntud ka kui transiendid) summutamiseks, mis v\u00f5ivad tekkida, kui induktiivne koormus on v\u00e4lja l\u00fclitatud. Need kondensaatorid aitavad kaitsta tundlikke komponente j\u00e4rskude pingemuutuste p\u00f5hjustatud kahjustuste eest.<\/p>\n<p>K\u00f5rgepinge snubberkondensaatori funktsioon<\/p>\n<p>1. Pinge allasurumine: Snubberkondensaatorid salvestavad ajutiselt energiat ja vabastavad selle aeglaselt, v\u00e4hendades seel\u00e4bi pingepiikide t\u00f5usukiirust (dV\/dt).<br \/>\n2. Kaitse: Need kaitsevad pooljuhtseadmeid, nagu n\u00e4iteks t\u00fcristoreid, IGBTsid ja dioodid, pinge\u00fclekannete eest, mis muidu v\u00f5ivad p\u00f5hjustada rikkeid v\u00f5i rikkeid.<br \/>\n3. M\u00fcra v\u00e4hendamine: Pinge k\u00f5ikumisi tasandades aitavad snubberkondensaatorid v\u00e4hendada ka elektromagnetilisi h\u00e4ireid (EMI).<\/p>\n<p>Rakendused<\/p>\n<p>1. V\u00f5imsuselektroonika: Katkestuskondensaatoreid kasutatakse laialdaselt j\u00f5uelektroonika rakendustes, n\u00e4iteks inverterites, muundurites ja mootori ajamites.<br \/>\n2. L\u00fclitusseadmed ja kaitsel\u00fclitid: Neid kasutatakse l\u00fclitusseadmetes ja kaitsel\u00fclitites, et kaitsta l\u00fclitustoimingute ajal tekkivate \u00fcleminekupingete eest.<br \/>\n3. T\u00f6\u00f6stusseadmed: T\u00f6\u00f6stusmasinates kasutatakse snubberkondensaatoreid, et kaitsta juhtimisahelaid ja toiteallikaid pingepiikide eest.<br \/>\n4. HVAC s\u00fcsteemid: HVAC-s\u00fcsteemides kasutatakse k\u00f5rgepingekondensaatoreid, et kaitsta mootori juhtimisahelate pinge\u00fclekannete eest.<\/p>\n<p>Peamised spetsifikatsioonid<\/p>\n<p>- V\u00f5imsuse v\u00e4\u00e4rtus: Mahtuvuse v\u00e4\u00e4rtus tuleb valida vastavalt konkreetsele rakendusele ja eeldatavatele pingepiikide tasemetele.<br \/>\n- Pingeklass: Kondensaator peaks olema piisava pingev\u00e4\u00e4rtusega, et tulla toime vooluahela tipppingega.<br \/>\n- Dielektriline materjal: Tavalised dielektrilised materjalid on keraamilised, kile ja pol\u00fcprop\u00fcleen. Valik s\u00f5ltub n\u00f5utavast pingek\u00e4itlusv\u00f5imest ja t\u00f6\u00f6sagedusest.<br \/>\n- ESR (ekvivalentne seeriatakistus): \u00dcldiselt eelistatakse madalamat ESR-i, et v\u00e4hendada energiakadu ja soojuse tekkimist.<\/p>\n<p>N\u00e4ide kasutusjuhtumitest<\/p>\n<p>1. Inverteri vooluahelad: Inverterites paigutatakse l\u00fclitusseadmete vahele snubberkondensaatorid, et kaitsta neid v\u00e4ljal\u00fclitamise ajal pingepiikide eest.<br \/>\n2. Mootorajamid: Muutuva sagedusega ajamites (VFD-d) aitavad snubberkondensaatorid kaitsta v\u00f5imsusl\u00fclitusseadmeid mootorite induktiivsest iseloomust tulenevate pingepiikide eest.<br \/>\n3. Valgustuss\u00fcsteemid: K\u00f5rge intensiivsusega lahendusvalgustuss\u00fcsteemides (HID) kasutatakse kaitsekondensaatoreid, et kaitsta liiteseadist ja teisi komponente pinge\u00fclekannete eest.<\/p>","protected":false},"excerpt":{"rendered":"<table style=\"height: 660px;\" width=\"727\">\n<tbody>\n<tr>\n<td width=\"146\"><strong><b>Toode<\/b><\/strong>\u00a0<strong><b>Nimi:<\/b><\/strong><\/td>\n<td width=\"601\"><strong>K\u00f5rgepinge Snubber kondensaator<\/strong><\/td>\n<\/tr>\n<tr>\n<td width=\"146\">\n<h4><strong>L\u00fchikirjeldus:<\/strong><\/h4>\n<\/td>\n<td width=\"601\">1. CRE poolt projekteeritud ja toodetud uuenduslikud snubberkondensaatorid<\/p>\n<p>2. Liider kilekondensaatorite projekteerimise ja tootmise valdkonnas.<\/p>\n<p>3. Kui teil on vaja unikaalseid snubberi spetsifikatsioone, p\u00f6\u00f6rduge meie disainikeskuse poole, et saada kohandatud snubberkondensaator.<\/p>\n<p>&nbsp;<\/td>\n<\/tr>\n<tr>\n<td width=\"146\"><strong>V\u00f5imsuse vahemik:<\/strong><\/td>\n<td width=\"601\">\u00a01.6\u03bcF \u00b15%<\/td>\n<\/tr>\n<tr>\n<td width=\"146\"><strong>Nimipinge\uff1a<\/strong><\/td>\n<td width=\"601\">3000V.DC<\/td>\n<\/tr>\n<tr>\n<td width=\"146\"><strong>Cap.tol\uff1a<\/strong><\/td>\n<td width=\"601\">\u00b15%(J) ;\u00b110%(K)<\/td>\n<\/tr>\n<\/tbody>\n<\/table>","protected":false},"featured_media":1812,"comment_status":"open","ping_status":"closed","template":"","meta":[],"product_brand":[],"product_cat":[40],"product_tag":[],"class_list":{"0":"post-1811","1":"product","2":"type-product","3":"status-publish","4":"has-post-thumbnail","6":"product_cat-snubber-capacitor","8":"first","9":"instock","10":"shipping-taxable","11":"product-type-simple"},"_links":{"self":[{"href":"https:\/\/rf-capacitor.com\/et\/wp-json\/wp\/v2\/product\/1811","targetHints":{"allow":["GET"]}}],"collection":[{"href":"https:\/\/rf-capacitor.com\/et\/wp-json\/wp\/v2\/product"}],"about":[{"href":"https:\/\/rf-capacitor.com\/et\/wp-json\/wp\/v2\/types\/product"}],"replies":[{"embeddable":true,"href":"https:\/\/rf-capacitor.com\/et\/wp-json\/wp\/v2\/comments?post=1811"}],"wp:featuredmedia":[{"embeddable":true,"href":"https:\/\/rf-capacitor.com\/et\/wp-json\/wp\/v2\/media\/1812"}],"wp:attachment":[{"href":"https:\/\/rf-capacitor.com\/et\/wp-json\/wp\/v2\/media?parent=1811"}],"wp:term":[{"taxonomy":"product_brand","embeddable":true,"href":"https:\/\/rf-capacitor.com\/et\/wp-json\/wp\/v2\/product_brand?post=1811"},{"taxonomy":"product_cat","embeddable":true,"href":"https:\/\/rf-capacitor.com\/et\/wp-json\/wp\/v2\/product_cat?post=1811"},{"taxonomy":"product_tag","embeddable":true,"href":"https:\/\/rf-capacitor.com\/et\/wp-json\/wp\/v2\/product_tag?post=1811"}],"curies":[{"name":"wp","href":"https:\/\/api.w.org\/{rel}","templated":true}]}}