{"id":1793,"date":"2024-12-31T03:18:31","date_gmt":"2024-12-31T03:18:31","guid":{"rendered":"https:\/\/rf-capacitor.com\/?post_type=product&#038;p=1793"},"modified":"2024-12-31T03:18:31","modified_gmt":"2024-12-31T03:18:31","slug":"damping-absorption-snubber-capacitor","status":"publish","type":"product","link":"https:\/\/rf-capacitor.com\/et\/damping-absorption-snubber-capacitor\/","title":{"rendered":"Summutus neeldumine Snubber kondensaator"},"content":{"rendered":"<h3 data-sourcepos=\"1:1-1:41\"><strong>Summutus neeldumine Snubber kondensaatorid<\/strong><\/h3>\n<ul data-sourcepos=\"3:1-24:0\">\n<li data-sourcepos=\"3:1-3:158\">\n<p data-sourcepos=\"3:3-3:158\"><strong><span class=\"citation-0 recitation\">Eesm\u00e4rk:<\/span><\/strong><span class=\"citation-0 recitation citation-end-0\"> Kasutatakse peamiselt pinge- ja voolut\u00f5usude summutamiseks, mis v\u00f5ivad tekkida l\u00fclitustoimingute ajal j\u00f5uelektroonikahelates.<\/span><span class=\"button-container hide-from-message-actions ng-star-inserted\"> \u00a0<\/span><\/p>\n<div class=\"container ng-tns-c362440147-135 hide\">\n<div class=\"carousel-container ng-tns-c362440147-135\"><\/div>\n<\/div>\n<\/li>\n<li data-sourcepos=\"4:1-9:0\">\n<h3 data-sourcepos=\"4:3-4:20\"><strong>Kuidas Damping Absorption Snubber Capacitor t\u00f6\u00f6:<\/strong><\/h3>\n<ul data-sourcepos=\"5:5-9:0\">\n<li data-sourcepos=\"5:5-5:199\"><strong><span class=\"citation-1 recitation\">Pinge ja voolu \u00fcletamine:<\/span><\/strong><span class=\"citation-1 recitation citation-end-1\"> Kui v\u00f5imsuselektroonika l\u00fcliti l\u00fclitub v\u00e4lja, v\u00f5ib \u00e4kiline muutus vooluahela tingimustes p\u00f5hjustada kiireid pinge- ja voolutransiente.<\/span><span class=\"button-container hide-from-message-actions ng-star-inserted\">\u00a0<\/span>\n<div class=\"container ng-tns-c362440147-136 hide\">\n<div class=\"carousel-container ng-tns-c362440147-136\"><\/div>\n<\/div>\n<\/li>\n<li data-sourcepos=\"6:5-6:162\"><strong><span class=\"citation-2 recitation\">Snubber Circuit:<\/span><\/strong><span class=\"citation-2 recitation citation-end-2\"> L\u00fclitusseadmega on paralleelselt \u00fchendatud sumbamisahel, mis tavaliselt koosneb takistusest ja kondensaatorist.<\/span><span class=\"button-container hide-from-message-actions ng-star-inserted\"> \u00a0<\/span>\n<div class=\"container ng-tns-c362440147-137 hide\">\n<div class=\"carousel-container ng-tns-c362440147-137\"><\/div>\n<\/div>\n<\/li>\n<li data-sourcepos=\"7:5-7:190\"><strong><span class=\"citation-3 recitation\">Damponeerimine:<\/span><\/strong><span class=\"citation-3 recitation citation-end-3\"> Kondensaator neelab \u00fcleliigsusega seotud energia, \"summutades\" t\u00f5husalt \u00fcleminekut ja v\u00e4ltides liigseid pinge- v\u00f5i voolu piike.<\/span><\/li>\n<li data-sourcepos=\"7:5-7:190\"><strong style=\"font-size: 14.4px;\">Imendumine:<\/strong><span style=\"font-size: 14.4px;\"> Kondensaator neelab energiat ja vabastab selle seej\u00e4rel j\u00e4rk-j\u00e4rgult, v\u00e4ltides sellega l\u00fclitusseadme kahjustamist.<\/span><\/li>\n<\/ul>\n<\/li>\n<li data-sourcepos=\"10:1-14:0\">\n<h3 data-sourcepos=\"10:3-10:26\"><strong>P\u00f5hiomadused Damping Absorption Snubber kondensaator:<\/strong><\/h3>\n<ul data-sourcepos=\"11:5-14:0\">\n<li data-sourcepos=\"11:5-11:134\"><strong><span class=\"citation-4 recitation\">Madal ESR:<\/span><\/strong><span class=\"citation-4 recitation citation-end-4\"> Madal ekvivalentne jadatakistus on kriitilise t\u00e4htsusega t\u00f5husa energia neeldumise ja minimaalsete energiakadude jaoks.<\/span><span class=\"button-container hide-from-message-actions ng-star-inserted\"> \u00a0<\/span>\n<div class=\"container ng-tns-c362440147-139 hide\">\n<div class=\"carousel-container ng-tns-c362440147-139\"><\/div>\n<\/div>\n<\/li>\n<li data-sourcepos=\"12:5-12:127\"><strong><span class=\"citation-5 recitation\">K\u00f5rgepinge hinnang:<\/span><\/strong><span class=\"citation-5 recitation citation-end-5\"> Peab vastu pidama l\u00fclitamistransientide ajal tekkivatele tipppingetele.<\/span><span class=\"button-container hide-from-message-actions ng-star-inserted\"> \u00a0<\/span>\n<div class=\"container ng-tns-c362440147-140 hide\">\n<div class=\"carousel-container ng-tns-c362440147-140\"><\/div>\n<\/div>\n<\/li>\n<li data-sourcepos=\"13:5-14:0\"><strong>Kiire reageerimine:<\/strong> Peab kiiresti reageerima pinge ja voolu kiiretele muutustele.<\/li>\n<\/ul>\n<\/li>\n<li data-sourcepos=\"15:1-18:0\">\n<h4 data-sourcepos=\"15:3-15:19\"><strong>Rakendused:<\/strong><\/h4>\n<ul data-sourcepos=\"16:5-18:0\">\n<li data-sourcepos=\"16:5-16:196\"><strong><span class=\"citation-6 recitation\">V\u00f5imsuselektroonika:<\/span><\/strong><span class=\"citation-6 recitation citation-end-6\"> Kasutatakse laialdaselt j\u00f5uelektroonikahelates, n\u00e4iteks inverterites, muundurites ja mootorajamites, et kaitsta selliseid l\u00fclitusseadmeid nagu IGBT-d, MOSFET-d ja t\u00fcristorid.<\/span><span class=\"button-container hide-from-message-actions ng-star-inserted\"> \u00a0<\/span>\n<div class=\"container ng-tns-c362440147-141 hide\">\n<div class=\"carousel-container ng-tns-c362440147-141\"><\/div>\n<\/div>\n<\/li>\n<li data-sourcepos=\"17:5-18:0\"><strong>K\u00f5rgepinge rakendused:<\/strong> Kasutatakse k\u00f5rgepingerakendustes, kus l\u00fclitus\u00fcleminekud v\u00f5ivad olla tugevamad.<\/li>\n<\/ul>\n<\/li>\n<li data-sourcepos=\"19:1-24:0\">\n<h4 data-sourcepos=\"19:3-19:15\"><strong>Eelised:<\/strong><\/h4>\n<ul data-sourcepos=\"20:5-24:0\">\n<li data-sourcepos=\"20:5-20:109\"><strong><span class=\"citation-7 recitation\">V\u00e4hendatud l\u00fclitamiskaod:<\/span><\/strong><span class=\"citation-7 recitation citation-end-7\"> Minimeerib l\u00fclitustoimingutega seotud energiakadu.<\/span><span class=\"button-container hide-from-message-actions ng-star-inserted\"> \u00a0<\/span>\n<div class=\"container ng-tns-c362440147-142 hide\">\n<div class=\"carousel-container ng-tns-c362440147-142\"><\/div>\n<\/div>\n<\/li>\n<li data-sourcepos=\"21:5-21:110\"><strong><span class=\"citation-8 recitation\">Parem t\u00f6\u00f6kindlus:<\/span><\/strong><span class=\"citation-8 recitation citation-end-8\"> Kaitseb l\u00fclitusseadmeid kahjustuste eest, pikendades nende kasutusiga.<\/span><span class=\"button-container hide-from-message-actions ng-star-inserted\"> \u00a0<\/span>\n<div class=\"container ng-tns-c362440147-143 hide\">\n<div class=\"carousel-container ng-tns-c362440147-143\"><\/div>\n<\/div>\n<\/li>\n<li data-sourcepos=\"22:5-22:156\"><strong><span class=\"citation-9 recitation\">V\u00e4hendatud EMI\/RFI:<\/span><\/strong><span class=\"citation-9 recitation citation-end-9\"> V\u00e4hendab elektromagnetilisi h\u00e4ireid (EMI) ja raadiosageduslikke h\u00e4ireid (RFI), mida tekitavad l\u00fclitus\u00fclekanded.<\/span><span class=\"button-container hide-from-message-actions ng-star-inserted\"> \u00a0<\/span>\n<div class=\"container ng-tns-c362440147-144 hide\">\n<div class=\"carousel-container ng-tns-c362440147-144\"><\/div>\n<\/div>\n<\/li>\n<li data-sourcepos=\"23:5-24:0\"><strong>Parem t\u00f5husus:<\/strong> <span class=\"citation-10 recitation citation-end-10\">V\u00e4hendades l\u00fclituskadusid, v\u00f5ivad snubberahelad aidata kaasa s\u00fcsteemi \u00fcldise t\u00f5hususe parandamisele.<\/span><span class=\"button-container hide-from-message-actions ng-star-inserted\"> \u00a0 <\/span><\/li>\n<\/ul>\n<\/li>\n<\/ul>","protected":false},"excerpt":{"rendered":"<table style=\"height: 549px;\" width=\"734\">\n<tbody>\n<tr>\n<td width=\"146\"><strong><b>Toode<\/b><\/strong>\u00a0<strong><b>Nimi:<\/b><\/strong><\/td>\n<td width=\"601\"><strong>Summutus neeldumine Snubber kondensaator<\/strong><\/td>\n<\/tr>\n<tr>\n<td width=\"146\">\n<h4><strong>L\u00fchikirjeldus:<\/strong><\/h4>\n<\/td>\n<td width=\"601\">1. Uuenduslikud summutuskondensaatorid on projekteerinud ja valmistanud CRE<\/p>\n<p>2. CRE on kilekondensaatorite projekteerimise ja tootmise liider.<\/p>\n<p>3. Kui teil on vaja unikaalseid summutusmahutuskondensaatori spetsifikatsioone, p\u00f6\u00f6rduge meie disainikeskuse poole, et saada kohandatud kondensaator.<\/td>\n<\/tr>\n<tr>\n<td width=\"146\"><strong>V\u00f5imsuse vahemik:<\/strong><\/td>\n<td width=\"601\">\u00a00.33\u03bcF \u00b15%<\/td>\n<\/tr>\n<tr>\n<td width=\"146\"><strong>Nimipinge\uff1a<\/strong><\/td>\n<td width=\"601\">3400V.AC<\/td>\n<\/tr>\n<tr>\n<td width=\"146\"><strong>Cap.tol\uff1a<\/strong><\/td>\n<td width=\"601\">-40\u2103_85\u2103<\/td>\n<\/tr>\n<\/tbody>\n<\/table>","protected":false},"featured_media":1795,"comment_status":"open","ping_status":"closed","template":"","meta":[],"product_brand":[],"product_cat":[40],"product_tag":[],"class_list":{"0":"post-1793","1":"product","2":"type-product","3":"status-publish","4":"has-post-thumbnail","6":"product_cat-snubber-capacitor","8":"first","9":"instock","10":"shipping-taxable","11":"product-type-simple"},"_links":{"self":[{"href":"https:\/\/rf-capacitor.com\/et\/wp-json\/wp\/v2\/product\/1793","targetHints":{"allow":["GET"]}}],"collection":[{"href":"https:\/\/rf-capacitor.com\/et\/wp-json\/wp\/v2\/product"}],"about":[{"href":"https:\/\/rf-capacitor.com\/et\/wp-json\/wp\/v2\/types\/product"}],"replies":[{"embeddable":true,"href":"https:\/\/rf-capacitor.com\/et\/wp-json\/wp\/v2\/comments?post=1793"}],"wp:featuredmedia":[{"embeddable":true,"href":"https:\/\/rf-capacitor.com\/et\/wp-json\/wp\/v2\/media\/1795"}],"wp:attachment":[{"href":"https:\/\/rf-capacitor.com\/et\/wp-json\/wp\/v2\/media?parent=1793"}],"wp:term":[{"taxonomy":"product_brand","embeddable":true,"href":"https:\/\/rf-capacitor.com\/et\/wp-json\/wp\/v2\/product_brand?post=1793"},{"taxonomy":"product_cat","embeddable":true,"href":"https:\/\/rf-capacitor.com\/et\/wp-json\/wp\/v2\/product_cat?post=1793"},{"taxonomy":"product_tag","embeddable":true,"href":"https:\/\/rf-capacitor.com\/et\/wp-json\/wp\/v2\/product_tag?post=1793"}],"curies":[{"name":"wp","href":"https:\/\/api.w.org\/{rel}","templated":true}]}}