{"id":1767,"date":"2024-12-31T02:35:15","date_gmt":"2024-12-31T02:35:15","guid":{"rendered":"https:\/\/rf-capacitor.com\/?post_type=product&#038;p=1767"},"modified":"2024-12-31T02:35:15","modified_gmt":"2024-12-31T02:35:15","slug":"metallized-polypropylene-film-capacitor","status":"publish","type":"product","link":"https:\/\/rf-capacitor.com\/et\/metallized-polypropylene-film-capacitor\/","title":{"rendered":"Metalliseeritud pol\u00fcprop\u00fcleenist kilekondensaator"},"content":{"rendered":"<h3 data-sourcepos=\"1:1-1:50\"><strong>Metalliseeritud pol\u00fcprop\u00fcleenist kilekondensaatorid (MKP)<\/strong><\/h3>\n<ul data-sourcepos=\"3:1-27:0\">\n<li data-sourcepos=\"3:1-7:0\">\n<p data-sourcepos=\"3:3-3:19\"><strong>Ehitus:<\/strong><\/p>\n<ul data-sourcepos=\"4:5-7:0\">\n<li data-sourcepos=\"4:5-4:104\"><strong>Dielektrikum:<\/strong> <span class=\"citation-0 recitation citation-end-0\">Kasutage isolatsioonimaterjalina \u00f5hukest pol\u00fcprop\u00fcleenkilet.<\/span><span class=\"button-container hide-from-message-actions ng-star-inserted\">\u00a0 \u00a0<\/span>\n<div class=\"container ng-tns-c362440147-96 hide\">\n<div class=\"carousel-container ng-tns-c362440147-96\"><\/div>\n<\/div>\n<\/li>\n<li data-sourcepos=\"5:5-5:136\"><strong>Metallisatsioon:<\/strong> Kile peale kantakse vaakumis \u00f5huke kiht metalli (tavaliselt alumiinium), mis moodustab elektrit juhtivad elektroodid.<\/li>\n<li data-sourcepos=\"6:5-7:0\"><strong>Eneseparanemine:<\/strong> <span class=\"citation-1 recitation citation-end-1\">Kui tootmisvea v\u00f5i \u00fclepinge t\u00f5ttu tekib lokaalne l\u00fchis, aurustub viga \u00fcmbritsev metallilisatsioon, isoleerides piirkonna ja v\u00e4ltides edasisi kahjustusi.<\/span> <span class=\"citation-2 recitation citation-end-2\">See iseparanemismehhanism suurendab t\u00f6\u00f6kindlust.<\/span><span class=\"button-container hide-from-message-actions ng-star-inserted\"> \u00a0<\/span>\n<div class=\"container ng-tns-c362440147-97 hide\">\n<div class=\"carousel-container ng-tns-c362440147-97\"><\/div>\n<\/div>\n<\/li>\n<\/ul>\n<\/li>\n<li data-sourcepos=\"8:1-14:0\">\n<h3 data-sourcepos=\"8:3-8:26\"><strong>Peamised omadused Metalliseeritud pol\u00fcprop\u00fcleenist kilekondensaator:<\/strong><\/h3>\n<ul data-sourcepos=\"9:5-14:0\">\n<li data-sourcepos=\"9:5-9:122\"><strong><span class=\"citation-3 recitation\">V\u00e4ike kaotus:<\/span><\/strong><span class=\"citation-3 recitation citation-end-3\"> Omavad v\u00e4ga madalaid dielektrilisi kadusid, mist\u00f5ttu sobivad nad k\u00f5rgsageduslikeks rakendusteks.<\/span><span class=\"button-container hide-from-message-actions ng-star-inserted\"> \u00a0<\/span>\n<div class=\"container ng-tns-c362440147-98 hide\">\n<div class=\"carousel-container ng-tns-c362440147-98\"><\/div>\n<\/div>\n<\/li>\n<li data-sourcepos=\"10:5-10:72\"><strong>K\u00f5rge stabiilsus:<\/strong> Suurep\u00e4rane stabiilsus temperatuuri ja aja jooksul.<\/li>\n<li data-sourcepos=\"11:5-11:83\"><strong>Eneseparanemine:<\/strong> <span class=\"citation-4 recitation citation-end-4\">Parandab t\u00f6\u00f6kindlust ja pikendab kasutusiga.<\/span><span class=\"button-container hide-from-message-actions ng-star-inserted\"> \u00a0<\/span>\n<div class=\"container ng-tns-c362440147-99 hide\">\n<div class=\"carousel-container ng-tns-c362440147-99\"><\/div>\n<\/div>\n<\/li>\n<li data-sourcepos=\"12:5-12:72\"><strong>K\u00f5rgepinge hinnang:<\/strong> <span class=\"citation-5 recitation citation-end-5\">Talub k\u00f5rgeid pingeid.<\/span><span class=\"button-container hide-from-message-actions ng-star-inserted\"> \u00a0<\/span>\n<div class=\"container ng-tns-c362440147-100 hide\">\n<div class=\"carousel-container ng-tns-c362440147-100\"><\/div>\n<\/div>\n<\/li>\n<li data-sourcepos=\"13:5-14:0\"><strong>Kompaktne suurus:<\/strong> Saavutatakse suured mahtuvusv\u00e4\u00e4rtused suhteliselt v\u00e4ikestes pakendites.<\/li>\n<\/ul>\n<\/li>\n<li data-sourcepos=\"15:1-21:0\">\n<h3 data-sourcepos=\"15:3-15:19\"><strong>Rakendused:<\/strong><\/h3>\n<ul data-sourcepos=\"16:5-21:0\">\n<li data-sourcepos=\"16:5-16:110\"><strong>Vahelduvvoolu filtrid:<\/strong> <span class=\"citation-6 recitation citation-end-6\">Kasutatakse vahelduvvoolus\u00fcsteemides, et filtreerida v\u00e4lja harmoonilised h\u00e4ired ja parandada elektrienergia kvaliteeti.<\/span><span class=\"button-container hide-from-message-actions ng-star-inserted\"> \u00a0<\/span>\n<div class=\"container ng-tns-c362440147-101 hide\">\n<div class=\"carousel-container ng-tns-c362440147-101\"><\/div>\n<\/div>\n<\/li>\n<li data-sourcepos=\"17:5-17:98\"><strong>Mootorajamid:<\/strong> Kasutatakse muutuva kiirusega ajamites, et parandada j\u00f5udlust ja v\u00e4hendada m\u00fcra.<\/li>\n<li data-sourcepos=\"18:5-18:142\"><strong>L\u00fclitusvooluallikad:<\/strong> Kasutatakse laialdaselt mitmesugustes elektroonikahelates, sealhulgas l\u00fclitusvooluallikates, inverterites ja muundurites.<\/li>\n<li data-sourcepos=\"19:5-19:149\"><strong>K\u00f5rgsageduslikud rakendused:<\/strong> Sobib k\u00f5rge sagedusega t\u00f6\u00f6tavatele rakendustele, n\u00e4iteks RF-ahelatele ja telekommunikatsiooniseadmetele.<\/li>\n<li data-sourcepos=\"20:5-21:0\"><strong>Audioseadmed:<\/strong> <span class=\"citation-7 recitation citation-end-7\">Kasutatakse helirakendustes signaali kvaliteedi parandamiseks ja moonutuste v\u00e4hendamiseks.<\/span><span class=\"button-container hide-from-message-actions ng-star-inserted\">\u00a0<\/span>\n<div class=\"container ng-tns-c362440147-102 hide\">\n<div class=\"carousel-container ng-tns-c362440147-102\"><\/div>\n<\/div>\n<\/li>\n<\/ul>\n<\/li>\n<li data-sourcepos=\"22:1-27:0\">\n<h3 data-sourcepos=\"22:3-22:15\"><strong>Eelised:<\/strong><\/h3>\n<ul data-sourcepos=\"23:5-27:0\">\n<li data-sourcepos=\"23:5-23:108\"><strong><span class=\"citation-8 recitation\">Parem j\u00f5udlus:<\/span><\/strong><span class=\"citation-8 recitation citation-end-8\"> Parandada elektroonikaseadmete j\u00f5udlust ja t\u00f5husust.<\/span>\n<div class=\"container ng-tns-c362440147-103 hide\">\n<div class=\"carousel-container ng-tns-c362440147-103\"><\/div>\n<\/div>\n<\/li>\n<li data-sourcepos=\"24:5-24:80\"><strong>V\u00e4hendatud energiakadu:<\/strong> Minimeerida energiakadu erinevates rakendustes.<\/li>\n<li data-sourcepos=\"25:5-25:87\"><strong>Suurem usaldusv\u00e4\u00e4rsus:<\/strong> Eneseparanemismehhanism parandab pikaajalist t\u00f6\u00f6kindlust.<\/li>\n<li data-sourcepos=\"26:5-27:0\"><strong>Kompaktne ja kerge:<\/strong> Sobib piiratud ruumiga rakenduste jaoks.<\/li>\n<\/ul>\n<\/li>\n<\/ul>\n<p data-sourcepos=\"28:1-28:293\"><strong>Kokkuv\u00f5ttes:<\/strong> Metallitatud pol\u00fcprop\u00fcleenist kilekondensaatorid on mitmek\u00fclgne ja usaldusv\u00e4\u00e4rne komponent, millel on lai kasutusala erinevates elektroonika- ja elektris\u00fcsteemides. Nende v\u00e4hene kadu, suur stabiilsus ja iseparanemisv\u00f5ime teevad neist eelistatud valiku paljudesse kriitilistesse rakendustesse.<\/p>\n<p data-sourcepos=\"30:1-30:82\">","protected":false},"excerpt":{"rendered":"<table style=\"height: 493px;\" width=\"698\">\n<tbody>\n<tr>\n<td width=\"146\"><strong><b>Toode<\/b><\/strong>\u00a0<strong><b>Nimi:<\/b><\/strong><\/td>\n<td width=\"601\"><strong>Metalliseeritud pol\u00fcprop\u00fcleenist kilekondensaator<\/strong><\/td>\n<\/tr>\n<tr>\n<td width=\"146\">\n<h4><strong>Dielektriline materjal:<\/strong><\/h4>\n<\/td>\n<td width=\"601\">Metalliseeritud pol\u00fcprop\u00fcleenist kile<\/td>\n<\/tr>\n<tr>\n<td width=\"146\"><strong>V\u00f5imsuse vahemik:<\/strong><\/td>\n<td width=\"601\">50 Hz ja\/v\u00f5i 60 Hz<\/td>\n<\/tr>\n<tr>\n<td width=\"146\"><strong>Nimipinge\uff1a<\/strong><\/td>\n<td width=\"601\">\u00a0660 VAC<\/td>\n<\/tr>\n<tr>\n<td width=\"146\"><strong>Cap.tol\uff1a<\/strong><\/td>\n<td width=\"601\">5%~+5%<\/td>\n<\/tr>\n<tr>\n<td width=\"146\"><strong>Maksimaalne \u00fcmbritsev temperatuur:<\/strong><\/td>\n<td width=\"601\">\u00a0-40 \u2103 kuni +70 \u2103<\/td>\n<\/tr>\n<\/tbody>\n<\/table>","protected":false},"featured_media":1770,"comment_status":"open","ping_status":"closed","template":"","meta":[],"product_brand":[],"product_cat":[39],"product_tag":[],"class_list":{"0":"post-1767","1":"product","2":"type-product","3":"status-publish","4":"has-post-thumbnail","6":"product_cat-ac-filter-capacitor-1","8":"first","9":"instock","10":"shipping-taxable","11":"product-type-simple"},"_links":{"self":[{"href":"https:\/\/rf-capacitor.com\/et\/wp-json\/wp\/v2\/product\/1767","targetHints":{"allow":["GET"]}}],"collection":[{"href":"https:\/\/rf-capacitor.com\/et\/wp-json\/wp\/v2\/product"}],"about":[{"href":"https:\/\/rf-capacitor.com\/et\/wp-json\/wp\/v2\/types\/product"}],"replies":[{"embeddable":true,"href":"https:\/\/rf-capacitor.com\/et\/wp-json\/wp\/v2\/comments?post=1767"}],"wp:featuredmedia":[{"embeddable":true,"href":"https:\/\/rf-capacitor.com\/et\/wp-json\/wp\/v2\/media\/1770"}],"wp:attachment":[{"href":"https:\/\/rf-capacitor.com\/et\/wp-json\/wp\/v2\/media?parent=1767"}],"wp:term":[{"taxonomy":"product_brand","embeddable":true,"href":"https:\/\/rf-capacitor.com\/et\/wp-json\/wp\/v2\/product_brand?post=1767"},{"taxonomy":"product_cat","embeddable":true,"href":"https:\/\/rf-capacitor.com\/et\/wp-json\/wp\/v2\/product_cat?post=1767"},{"taxonomy":"product_tag","embeddable":true,"href":"https:\/\/rf-capacitor.com\/et\/wp-json\/wp\/v2\/product_tag?post=1767"}],"curies":[{"name":"wp","href":"https:\/\/api.w.org\/{rel}","templated":true}]}}