{"id":1709,"date":"2024-12-30T03:11:32","date_gmt":"2024-12-30T03:11:32","guid":{"rendered":"https:\/\/rf-capacitor.com\/?post_type=product&#038;p=1709"},"modified":"2024-12-30T03:11:32","modified_gmt":"2024-12-30T03:11:32","slug":"power-factor-correction-film-capacitors","status":"publish","type":"product","link":"https:\/\/rf-capacitor.com\/et\/power-factor-correction-film-capacitors\/","title":{"rendered":"V\u00f5imsusfaktori korrigeerimise kilekondensaatorid"},"content":{"rendered":"<h3 data-sourcepos=\"1:1-1:49\"><strong>V\u00f5imsusfaktori korrigeerimise kilekondensaatorid<\/strong><\/h3>\n<ul data-sourcepos=\"3:1-13:0\">\n<li data-sourcepos=\"3:1-3:94\">\n<p data-sourcepos=\"3:3-3:94\"><strong><span class=\"citation-0 recitation\">Eesm\u00e4rk:<\/span><\/strong><span class=\"citation-0 recitation citation-end-0\"> Kasutatakse peamiselt elektris\u00fcsteemide v\u00f5imsusteguri parandamiseks.<\/span><span class=\"button-container hide-from-message-actions ng-star-inserted\">\u00a0<\/span><\/p>\n<div class=\"container ng-tns-c362440147-42 hide\">\n<div class=\"carousel-container ng-tns-c362440147-42\"><\/div>\n<\/div>\n<\/li>\n<li data-sourcepos=\"4:1-11:0\">\n<p data-sourcepos=\"4:3-4:21\"><strong>Kuidas nad t\u00f6\u00f6tavad:<\/strong><\/p>\n<ul data-sourcepos=\"5:5-11:0\">\n<li data-sourcepos=\"5:5-5:174\"><strong>Reaktiivv\u00f5imsus:<\/strong> <span class=\"citation-1 recitation citation-end-1\">Induktiivsed koormused (nagu mootorid ja trafod) tarbivad reaktiivv\u00f5imsust, mis ei aita kaasa kasulikule t\u00f6\u00f6le, kuid suurendab vooluvoolu.<\/span><span class=\"button-container hide-from-message-actions ng-star-inserted\"> \u00a0<\/span>\n<div class=\"container ng-tns-c362440147-43 hide\">\n<div class=\"carousel-container ng-tns-c362440147-43\"><\/div>\n<\/div>\n<\/li>\n<li data-sourcepos=\"6:5-6:124\"><strong><span class=\"citation-2 recitation\">Kondensaatorid:<\/span><\/strong><span class=\"citation-2 recitation citation-end-2\"> Anda juhtiv reaktiivv\u00f5imsus, mis neutraliseerib koormuse hilinenud reaktiivv\u00f5imsuse.<\/span><span class=\"button-container hide-from-message-actions ng-star-inserted\"> \u00a0<\/span>\n<div class=\"container ng-tns-c362440147-44 hide\">\n<div class=\"carousel-container ng-tns-c362440147-44\"><\/div>\n<\/div>\n<\/li>\n<li data-sourcepos=\"7:5-11:0\"><strong>Parandatud v\u00f5imsustegur:<\/strong> PFC-kondensaatorite lisamisega suureneb s\u00fcsteemi \u00fcldine v\u00f5imsustegur, mille tulemuseks on:\n<ul data-sourcepos=\"8:9-11:0\">\n<li data-sourcepos=\"8:9-8:65\">V\u00e4hendatud vooluvool sama suure tegeliku v\u00f5imsuse eest.<\/li>\n<li data-sourcepos=\"9:9-9:57\"><span class=\"citation-3 recitation citation-end-3\">S\u00fcsteemi v\u00e4iksemad energiakatkestused.<\/span><span class=\"button-container hide-from-message-actions ng-star-inserted\"> \u00a0<\/span>\n<div class=\"container ng-tns-c362440147-45 hide\">\n<div class=\"carousel-container ng-tns-c362440147-45\"><\/div>\n<\/div>\n<\/li>\n<li data-sourcepos=\"10:9-11:0\"><span class=\"citation-4 recitation citation-end-4\">Parem pinge stabiilsus.<\/span><span class=\"button-container hide-from-message-actions ng-star-inserted\">\u00a0 \u00a0<\/span><\/li>\n<li data-sourcepos=\"10:9-11:0\"><strong>Ehitus:<\/strong> Sarnanevad \u00fcldistele vahelduvvoolu filtrikondensaatoritele, kasutades tavaliselt dielektrikumina metalliseeritud pol\u00fcprop\u00fcleenkilet.<\/li>\n<\/ul>\n<\/li>\n<\/ul>\n<\/li>\n<\/ul>\n<h3 data-sourcepos=\"14:1-14:17\"><strong>Peamised omadused V\u00f5imsusfaktori korrigeerimise kilekondensaatorid :<\/strong><\/h3>\n<ul data-sourcepos=\"16:1-20:0\">\n<li data-sourcepos=\"16:1-16:86\"><strong>K\u00f5rge mahtuvuse tihedus:<\/strong> Saab saavutada suure mahtuvuse v\u00e4\u00e4rtused kompaktses suuruses.<\/li>\n<li data-sourcepos=\"17:1-17:60\"><strong>V\u00e4ike kaotus:<\/strong> Minimaalne energia hajumine t\u00f6\u00f6 ajal.<\/li>\n<li data-sourcepos=\"18:1-18:80\"><strong>Eneseparanemine:<\/strong> <span class=\"citation-5 recitation citation-end-5\">Suurendab t\u00f6\u00f6kindlust ja pikendab kasutusiga.<\/span><span class=\"button-container hide-from-message-actions ng-star-inserted\"> \u00a0<\/span>\n<div class=\"container ng-tns-c362440147-47 hide\">\n<div class=\"carousel-container ng-tns-c362440147-47\"><\/div>\n<\/div>\n<\/li>\n<li data-sourcepos=\"19:1-20:0\"><strong>Pikk eluiga:<\/strong> M\u00f5eldud pidevaks t\u00f6\u00f6ks elektris\u00fcsteemides.<\/li>\n<\/ul>\n<h3 data-sourcepos=\"21:1-21:17\"><strong>Rakendused v\u00f5imsusteguri korrigeerimise kilekondensaatorid :<\/strong><\/h3>\n<ul data-sourcepos=\"23:1-26:0\">\n<li data-sourcepos=\"23:1-23:147\"><strong><span class=\"citation-6 recitation\">T\u00f6\u00f6stuslik:<\/span><\/strong><span class=\"citation-6 recitation citation-end-6\"> Kasutatakse laialdaselt t\u00f6\u00f6stusrajatistes mootorite, trafode ja muude induktiivsete koormuste v\u00f5imsusteguri parandamiseks.<\/span><span class=\"button-container hide-from-message-actions ng-star-inserted\">\u00a0<\/span>\n<div class=\"container ng-tns-c362440147-48 hide\">\n<div class=\"carousel-container ng-tns-c362440147-48\"><\/div>\n<\/div>\n<\/li>\n<li data-sourcepos=\"24:1-24:113\"><strong>Kaubanduslik:<\/strong> <span class=\"citation-7 recitation citation-end-7\">Kasutatakse \u00e4rihoonetes energiakulude v\u00e4hendamiseks ja s\u00fcsteemi t\u00f5hususe parandamiseks.<\/span><span class=\"button-container hide-from-message-actions ng-star-inserted\">\u00a0 \u00a0<\/span>\n<div class=\"container ng-tns-c362440147-49 hide\">\n<div class=\"carousel-container ng-tns-c362440147-49\"><\/div>\n<\/div>\n<\/li>\n<li data-sourcepos=\"25:1-26:0\"><strong><span class=\"citation-8 recitation\">Kommunaalteenused:<\/span><\/strong><span class=\"citation-8 recitation citation-end-8\"> Kasutavad elektriettev\u00f5tjad, et parandada v\u00f5rgu \u00fcldist energiakvaliteeti.<\/span><span class=\"button-container hide-from-message-actions ng-star-inserted\">\u00a0<\/span>\n<div class=\"container ng-tns-c362440147-50 hide\">\n<div class=\"carousel-container ng-tns-c362440147-50\"><\/div>\n<\/div>\n<\/li>\n<\/ul>\n<h3 data-sourcepos=\"27:1-27:13\"><strong>Eelised:<\/strong><\/h3>\n<ul data-sourcepos=\"29:1-34:0\">\n<li data-sourcepos=\"29:1-29:117\"><strong>V\u00e4hendatud energiakulud:<\/strong> V\u00e4iksem voolutarve toob kaasa v\u00e4iksema energiakadu \u00fclekande- ja jaotusv\u00f5rkudes.<\/li>\n<li data-sourcepos=\"30:1-30:126\"><strong>Parem s\u00fcsteemi t\u00f5husus:<\/strong> <span class=\"citation-9 recitation citation-end-9\">Suurem v\u00f5imsustegur parandab elektriseadmete \u00fcldist t\u00f5husust.<\/span><span class=\"button-container hide-from-message-actions ng-star-inserted\">\u00a0 \u00a0<\/span>\n<div class=\"container ng-tns-c362440147-51 hide\">\n<div class=\"carousel-container ng-tns-c362440147-51\"><\/div>\n<\/div>\n<\/li>\n<li data-sourcepos=\"31:1-31:131\"><strong>Suurenenud s\u00fcsteemi v\u00f5imsus:<\/strong> <span class=\"citation-10 recitation citation-end-10\">Madalam vool v\u00f5imaldab suurendada voolutugevust ilma infrastruktuuri uuendamata.<\/span><span class=\"button-container hide-from-message-actions ng-star-inserted\"> \u00a0<\/span>\n<div class=\"container ng-tns-c362440147-52 hide\">\n<div class=\"carousel-container ng-tns-c362440147-52\"><\/div>\n<\/div>\n<\/li>\n<li data-sourcepos=\"32:1-32:93\"><strong>Parem pinge stabiilsus:<\/strong> V\u00e4henenud pingek\u00f5ikumised ja paranenud s\u00fcsteemi stabiilsus.<\/li>\n<li data-sourcepos=\"33:1-34:0\"><strong>V\u00e4hendatud seadmete kulumine:<\/strong> Madalam vool v\u00e4hendab elektriseadmete koormust, pikendades nende kasutusiga.<\/li>\n<\/ul>","protected":false},"excerpt":{"rendered":"<table style=\"height: 506px;\" width=\"694\">\n<tbody>\n<tr>\n<td width=\"146\"><strong><b>Toode<\/b><\/strong>\u00a0<strong><b>Nimi:<\/b><\/strong><\/td>\n<td width=\"601\"><strong>V\u00f5imsusfaktori korrigeerimise kilekondensaatorid<\/strong><\/td>\n<\/tr>\n<tr>\n<td width=\"146\">\n<h4><strong>L\u00fchikirjeldus:<\/strong><\/h4>\n<\/td>\n<td width=\"601\">&nbsp;<\/p>\n<p>CRE t\u00f6\u00f6tas v\u00e4lja selle kuiva t\u00fc\u00fcpi vahelduvvoolufiltri, mis lahendas tavap\u00e4rase vahelduvvoolufiltri rikkeprobleemi.<\/td>\n<\/tr>\n<tr>\n<td width=\"146\"><strong>V\u00f5imsuse vahemik:<\/strong><\/td>\n<td width=\"601\">\u00a03*200\u03bcF\u00b15%<\/td>\n<\/tr>\n<tr>\n<td width=\"146\"><strong>Nimipinge\uff1a<\/strong><\/td>\n<td width=\"601\">450V.AC SH<\/td>\n<\/tr>\n<tr>\n<td width=\"146\"><strong>Cap.tol\uff1a<\/strong><\/td>\n<td width=\"601\">\u00a0\u00b15%\uff08J\uff09\uff1b\u00b110%\uff08K\uff09<\/td>\n<\/tr>\n<tr>\n<td width=\"146\"><strong>Kondensaatori mudel:\u00a0<\/strong><\/td>\n<td width=\"601\">DMJ-PS seeria<\/td>\n<\/tr>\n<\/tbody>\n<\/table>","protected":false},"featured_media":1710,"comment_status":"open","ping_status":"closed","template":"","meta":[],"product_brand":[],"product_cat":[39],"product_tag":[],"class_list":{"0":"post-1709","1":"product","2":"type-product","3":"status-publish","4":"has-post-thumbnail","6":"product_cat-ac-filter-capacitor-1","8":"first","9":"instock","10":"shipping-taxable","11":"product-type-simple"},"_links":{"self":[{"href":"https:\/\/rf-capacitor.com\/et\/wp-json\/wp\/v2\/product\/1709","targetHints":{"allow":["GET"]}}],"collection":[{"href":"https:\/\/rf-capacitor.com\/et\/wp-json\/wp\/v2\/product"}],"about":[{"href":"https:\/\/rf-capacitor.com\/et\/wp-json\/wp\/v2\/types\/product"}],"replies":[{"embeddable":true,"href":"https:\/\/rf-capacitor.com\/et\/wp-json\/wp\/v2\/comments?post=1709"}],"wp:featuredmedia":[{"embeddable":true,"href":"https:\/\/rf-capacitor.com\/et\/wp-json\/wp\/v2\/media\/1710"}],"wp:attachment":[{"href":"https:\/\/rf-capacitor.com\/et\/wp-json\/wp\/v2\/media?parent=1709"}],"wp:term":[{"taxonomy":"product_brand","embeddable":true,"href":"https:\/\/rf-capacitor.com\/et\/wp-json\/wp\/v2\/product_brand?post=1709"},{"taxonomy":"product_cat","embeddable":true,"href":"https:\/\/rf-capacitor.com\/et\/wp-json\/wp\/v2\/product_cat?post=1709"},{"taxonomy":"product_tag","embeddable":true,"href":"https:\/\/rf-capacitor.com\/et\/wp-json\/wp\/v2\/product_tag?post=1709"}],"curies":[{"name":"wp","href":"https:\/\/api.w.org\/{rel}","templated":true}]}}