{"id":1674,"date":"2024-12-27T03:45:28","date_gmt":"2024-12-27T03:45:28","guid":{"rendered":"https:\/\/rf-capacitor.com\/?post_type=product&#038;p=1674"},"modified":"2024-12-27T03:45:28","modified_gmt":"2024-12-27T03:45:28","slug":"power-film-capacitor","status":"publish","type":"product","link":"https:\/\/rf-capacitor.com\/et\/power-film-capacitor\/","title":{"rendered":"V\u00f5imsuse kilekondensaator"},"content":{"rendered":"<h3 data-sourcepos=\"1:1-1:25\"><strong>Kilekondensaatorid<\/strong><\/h3>\n<p data-sourcepos=\"3:1-3:291\"><span class=\"citation-0 recitation citation-end-0\">V\u00f5imsuskilekondensaatorid on spetsiaalset t\u00fc\u00fcpi kilekondensaatorid, mis on m\u00f5eldud suure v\u00f5imsusega rakenduste jaoks.<\/span> <span class=\"citation-1 recitation citation-end-1\">Nende valmistamisel kasutatakse juhtivate elektroodide vahele paigutatud \u00f5hukesi dielektrilisi kile, n\u00e4iteks pol\u00fcprop\u00fcleenist, pol\u00fcestrist v\u00f5i metalliseeritud kilest.<\/span><span class=\"button-container hide-from-message-actions ng-star-inserted\">\u00a0<\/span><\/p>\n<h3 data-sourcepos=\"5:1-5:24\"><strong>Peamised omadused:<\/strong><\/h3>\n<ul data-sourcepos=\"7:1-12:0\">\n<li data-sourcepos=\"7:1-7:123\"><strong>K\u00f5rge v\u00f5imsuse k\u00e4sitlemine:<\/strong> <span class=\"citation-2 recitation citation-end-2\">V\u00f5imaldab t\u00f6\u00f6delda suuri voolutugevusi ja suurt v\u00f5imsust ilma m\u00e4rkimisv\u00e4\u00e4rsete kadudeta.<\/span><span class=\"button-container hide-from-message-actions ng-star-inserted\">\u00a0 \u00a0<\/span>\n<div class=\"container ng-tns-c362440147-107 hide\">\n<div class=\"carousel-container ng-tns-c362440147-107\"><\/div>\n<\/div>\n<\/li>\n<li data-sourcepos=\"8:1-8:135\"><strong><span class=\"citation-3 recitation\">Madal ESR (ekvivalentne seeriatakistus):<\/span><\/strong> Madal sisetakistus v\u00e4hendab vooluhulka ja parandab t\u00f5husust.<span class=\"button-container hide-from-message-actions ng-star-inserted\">\u00a0 \u00a0<\/span>\n<div class=\"container ng-tns-c362440147-108 hide\">\n<div class=\"carousel-container ng-tns-c362440147-108\"><\/div>\n<\/div>\n<\/li>\n<li data-sourcepos=\"9:1-9:133\"><strong><span class=\"citation-4 recitation\">K\u00f5rge lainetuse voolu v\u00f5imekus:<\/span><\/strong><span class=\"citation-4 recitation citation-end-4\"> Talub suuri lainetusvoolusid, mis on tavalised j\u00f5uelektroonika vooluahelates.<\/span>\n<div class=\"container ng-tns-c362440147-109 hide\">\n<div class=\"carousel-container ng-tns-c362440147-109\"><\/div>\n<\/div>\n<\/li>\n<li data-sourcepos=\"10:1-10:123\"><strong>Kompaktne suurus:<\/strong> <span class=\"citation-5 recitation citation-end-5\">Sageli on need saadaval kompaktsete m\u00f5\u00f5tmetega, mist\u00f5ttu sobivad need ka piiratud ruumiga rakendustesse.<\/span><span class=\"button-container hide-from-message-actions ng-star-inserted\">\u00a0\u00a0<\/span>\n<div class=\"container ng-tns-c362440147-110 hide\">\n<div class=\"carousel-container ng-tns-c362440147-110\"><\/div>\n<\/div>\n<\/li>\n<li data-sourcepos=\"11:1-12:0\"><strong><span class=\"citation-6 recitation\">Pikk eluiga:<\/span><\/strong><span class=\"citation-6 recitation citation-end-6\"> M\u00f5eldud pikaajaliseks kasutamiseks n\u00f5udlikes elektrirakendustes.<\/span><span class=\"button-container hide-from-message-actions ng-star-inserted\"> \u00a0<\/span>\n<div class=\"container ng-tns-c362440147-111 hide\">\n<div class=\"carousel-container ng-tns-c362440147-111\"><\/div>\n<\/div>\n<\/li>\n<\/ul>\n<h3 data-sourcepos=\"13:1-13:24\"><strong>Tavalised rakendused:<\/strong><\/h3>\n<ul data-sourcepos=\"15:1-20:0\">\n<li data-sourcepos=\"15:1-15:170\"><strong>Toiteallikad:<\/strong> <span class=\"citation-7 recitation citation-end-7\">Kasutatakse erinevate elektroonikaseadmete, sealhulgas t\u00f6\u00f6stuslike seadmete, taastuvenergias\u00fcsteemide ja elektris\u00f5idukite toiteallikates.<\/span><span class=\"button-container hide-from-message-actions ng-star-inserted\"> \u00a0<\/span>\n<div class=\"container ng-tns-c362440147-112 hide\">\n<div class=\"carousel-container ng-tns-c362440147-112\"><\/div>\n<\/div>\n<\/li>\n<li data-sourcepos=\"16:1-16:110\"><strong><span class=\"citation-8 recitation\">Mootorajamid:<\/span><\/strong><span class=\"citation-8 recitation citation-end-8\"> Kasutatakse mootorajamites filtreerimiseks, silumiseks ja energia salvestamiseks.<\/span><span class=\"button-container hide-from-message-actions ng-star-inserted\">\u00a0 \u00a0<\/span>\n<div class=\"container ng-tns-c362440147-113 hide\">\n<div class=\"carousel-container ng-tns-c362440147-113\"><\/div>\n<\/div>\n<\/li>\n<li data-sourcepos=\"17:1-17:110\"><strong><span class=\"citation-9 recitation\">V\u00f5imsusfaktori korrigeerimine:<\/span><\/strong><span class=\"citation-9 recitation citation-end-9\"> Kasutatakse v\u00f5imsusteguri korrigeerimise ahelates, et parandada elektrienergia kvaliteeti.<\/span><span class=\"button-container hide-from-message-actions ng-star-inserted\">\u00a0 \u00a0<\/span>\n<div class=\"container ng-tns-c362440147-114 hide\">\n<div class=\"carousel-container ng-tns-c362440147-114\"><\/div>\n<\/div>\n<\/li>\n<li data-sourcepos=\"18:1-18:75\"><strong>Inverterid:<\/strong> Kasutatakse inverterites alalisvoolu muundamiseks vahelduvvooluks.<\/li>\n<li data-sourcepos=\"19:1-20:0\"><strong><span class=\"citation-10 recitation\">Resonantsahelad:<\/span><\/strong><span class=\"citation-10 recitation citation-end-10\"> Kasutatakse resonantsahelates sellistes rakendustes nagu induktsioonkuumutus ja plasma genereerimine.<\/span><span class=\"button-container hide-from-message-actions ng-star-inserted\"> \u00a0 <\/span><\/li>\n<\/ul>","protected":false},"excerpt":{"rendered":"<table style=\"height: 437px;\" width=\"726\">\n<tbody>\n<tr>\n<td width=\"146\"><strong><b>Toode<\/b><\/strong>\u00a0<strong><b>Nimi:<\/b><\/strong><\/td>\n<td width=\"601\"><strong>V\u00f5imsuse kilekondensaator<\/strong><\/td>\n<\/tr>\n<tr>\n<td width=\"146\">\n<h4><strong>L\u00fchikirjeldus:<\/strong><\/h4>\n<\/td>\n<td width=\"601\">Defibrillaatorite kilekondensaatorid on loodud spetsiaalselt III klassi meditsiiniseadme usaldusv\u00e4\u00e4rsusn\u00f5uete t\u00e4itmiseks.<\/td>\n<\/tr>\n<tr>\n<td width=\"146\"><strong>V\u00f5imsuse vahemik:<\/strong><\/td>\n<td width=\"601\">32\u00b5F kuni 500 \u00b5F<\/td>\n<\/tr>\n<tr>\n<td width=\"146\"><strong>Nimipinge\uff1a<\/strong><\/td>\n<td width=\"601\">800 VDC kuni 6000 VDC<\/td>\n<\/tr>\n<tr>\n<td width=\"146\"><strong>Cap.tol\uff1a<\/strong><\/td>\n<td width=\"601\">+70 kuni -45 \u2103<\/td>\n<\/tr>\n<\/tbody>\n<\/table>","protected":false},"featured_media":1676,"comment_status":"open","ping_status":"closed","template":"","meta":[],"product_brand":[],"product_cat":[38],"product_tag":[],"class_list":{"0":"post-1674","1":"product","2":"type-product","3":"status-publish","4":"has-post-thumbnail","6":"product_cat-dc-capacitor-2","8":"first","9":"instock","10":"shipping-taxable","11":"product-type-simple"},"_links":{"self":[{"href":"https:\/\/rf-capacitor.com\/et\/wp-json\/wp\/v2\/product\/1674","targetHints":{"allow":["GET"]}}],"collection":[{"href":"https:\/\/rf-capacitor.com\/et\/wp-json\/wp\/v2\/product"}],"about":[{"href":"https:\/\/rf-capacitor.com\/et\/wp-json\/wp\/v2\/types\/product"}],"replies":[{"embeddable":true,"href":"https:\/\/rf-capacitor.com\/et\/wp-json\/wp\/v2\/comments?post=1674"}],"wp:featuredmedia":[{"embeddable":true,"href":"https:\/\/rf-capacitor.com\/et\/wp-json\/wp\/v2\/media\/1676"}],"wp:attachment":[{"href":"https:\/\/rf-capacitor.com\/et\/wp-json\/wp\/v2\/media?parent=1674"}],"wp:term":[{"taxonomy":"product_brand","embeddable":true,"href":"https:\/\/rf-capacitor.com\/et\/wp-json\/wp\/v2\/product_brand?post=1674"},{"taxonomy":"product_cat","embeddable":true,"href":"https:\/\/rf-capacitor.com\/et\/wp-json\/wp\/v2\/product_cat?post=1674"},{"taxonomy":"product_tag","embeddable":true,"href":"https:\/\/rf-capacitor.com\/et\/wp-json\/wp\/v2\/product_tag?post=1674"}],"curies":[{"name":"wp","href":"https:\/\/api.w.org\/{rel}","templated":true}]}}