{"id":1646,"date":"2024-12-27T02:40:11","date_gmt":"2024-12-27T02:40:11","guid":{"rendered":"https:\/\/rf-capacitor.com\/?post_type=product&#038;p=1646"},"modified":"2024-12-27T02:40:11","modified_gmt":"2024-12-27T02:40:11","slug":"dc-coupling-capacitor","status":"publish","type":"product","link":"https:\/\/rf-capacitor.com\/et\/dc-coupling-capacitor\/","title":{"rendered":"Alalisvoolu sidumiskondensaator"},"content":{"rendered":"<h3 data-sourcepos=\"1:1-1:25\"><strong>Alalisvoolu sidumiskondensaator<\/strong><\/h3>\n<p data-sourcepos=\"3:1-3:215\"><span class=\"citation-0 recitation\">Alalisvoolu sidumiskondensaator, tuntud ka kui <\/span><strong><span class=\"citation-0 recitation\">sidumiskondensaator<\/span><\/strong><span class=\"citation-0 recitation\"> v\u00f5i <\/span><strong><span class=\"citation-0 recitation\">Alalisvoolu blokeeriv kondensaator<\/span><\/strong><span class=\"citation-0 recitation citation-end-0\">, on oluline komponent elektroonilistes vooluahelates, eriti v\u00f5imendiastmetes.<\/span> Selle esmane \u00fclesanne on:<span class=\"button-container hide-from-message-actions ng-star-inserted\"> \u00a0<\/span><\/p>\n<ul data-sourcepos=\"5:1-7:0\">\n<li data-sourcepos=\"5:1-5:218\"><strong><span class=\"citation-1 recitation\">Eraldage DC Bias:<\/span><\/strong><span class=\"citation-1 recitation citation-end-1\"> V\u00e4ltida, et \u00fche astme alalisvoolu eelpinge ei m\u00f5jutaks j\u00e4rgmise astme alalisvoolu eelpinget.<\/span> <span class=\"citation-2 recitation citation-end-2\">See on oluline iga etapi \u00f5ige t\u00f6\u00f6punkti s\u00e4ilitamiseks.<\/span><span class=\"button-container hide-from-message-actions ng-star-inserted\">\u00a0<\/span>\n<div class=\"container ng-tns-c362440147-54 hide\">\n<div class=\"carousel-container ng-tns-c362440147-54\">\n<div class=\"carousel-content ng-tns-c362440147-54\">\n<div class=\"sources-carousel-source ng-tns-c362440147-54 hide ng-star-inserted\" data-test-id=\"sources-carousel-source\"><\/div>\n<\/div>\n<\/div>\n<\/div>\n<\/li>\n<li data-sourcepos=\"6:1-7:0\"><strong><span class=\"citation-3 recitation\">Vahelduvvoolusignaalide edastamine:<\/span><\/strong><span class=\"citation-3 recitation citation-end-3\"> Laske vahelduvvoolusignaalil liikuda \u00fchest astmest teise.<\/span><span class=\"button-container hide-from-message-actions ng-star-inserted\"> \u00a0<\/span>\n<div class=\"container ng-tns-c362440147-55 hide\">\n<div class=\"carousel-container ng-tns-c362440147-55\"><\/div>\n<\/div>\n<\/li>\n<\/ul>\n<h3 data-sourcepos=\"8:1-8:17\"><strong>Kuidas see toimib:<\/strong><\/h3>\n<ul data-sourcepos=\"10:1-12:0\">\n<li data-sourcepos=\"10:1-10:213\"><strong><span class=\"citation-4 recitation\">DC blokeerimine:<\/span><\/strong><span class=\"citation-4 recitation citation-end-4\"> Kondensaatorid toimivad alalisvoolu suhtes avatud vooluahelatena.<\/span> <span class=\"citation-5 recitation citation-end-5\">Alalispinge rakendamisel laeb kondensaator selle pinge v\u00f5rra \u00fcles ja l\u00f5petab juhtivuse, blokeerides t\u00f5husalt alalisvoolu.<\/span><span class=\"button-container hide-from-message-actions ng-star-inserted\">\u00a0<\/span>\n<div class=\"container ng-tns-c362440147-56 hide\">\n<div class=\"carousel-container ng-tns-c362440147-56\">\n<div class=\"carousel-content ng-tns-c362440147-56\">\n<div class=\"sources-carousel-source ng-tns-c362440147-56 hide ng-star-inserted\" data-test-id=\"sources-carousel-source\"><\/div>\n<div class=\"sources-carousel-source ng-tns-c362440147-56 hide ng-star-inserted\" data-test-id=\"sources-carousel-source\"><\/div>\n<\/div>\n<\/div>\n<\/div>\n<\/li>\n<li data-sourcepos=\"11:1-12:0\"><strong><span class=\"citation-6 recitation\">L\u00e4biv AC:<\/span><\/strong><span class=\"citation-6 recitation citation-end-6\"> Vahelduvvoolusignaalidel on pidevalt muutuv pinge.<\/span> <span class=\"citation-7 recitation citation-end-7\">See p\u00f5hjustab kondensaatori pidevat laadimist ja t\u00fchjendamist, mis v\u00f5imaldab vahelduvvoolusignaali l\u00e4bida.<\/span><span class=\"button-container hide-from-message-actions ng-star-inserted\">\u00a0<\/span>\n<div class=\"container ng-tns-c362440147-57 hide\">\n<div class=\"carousel-container ng-tns-c362440147-57\">\n<div class=\"carousel-content ng-tns-c362440147-57\">\n<div class=\"sources-carousel-source ng-tns-c362440147-57 hide ng-star-inserted\" data-test-id=\"sources-carousel-source\"><\/div>\n<\/div>\n<\/div>\n<\/div>\n<\/li>\n<\/ul>\n<h3 data-sourcepos=\"13:1-13:17\"><strong>Rakendused:<\/strong><\/h3>\n<ul data-sourcepos=\"15:1-18:0\">\n<li data-sourcepos=\"15:1-15:90\"><strong><span class=\"citation-8 recitation\">Heliv\u00f5imendid:<\/span><\/strong><span class=\"citation-8 recitation citation-end-8\"> V\u00f5imendi astmete vaheline \u00fchendus, et isoleerida alalisvoolu eelpinge.<\/span><span class=\"button-container hide-from-message-actions ng-star-inserted\"> \u00a0<\/span>\n<div class=\"container ng-tns-c362440147-58 hide\">\n<div class=\"carousel-container ng-tns-c362440147-58\">\n<div class=\"carousel-content ng-tns-c362440147-58\">\n<div class=\"sources-carousel-source ng-tns-c362440147-58 hide ng-star-inserted\" data-test-id=\"sources-carousel-source\"><\/div>\n<\/div>\n<\/div>\n<\/div>\n<\/li>\n<li data-sourcepos=\"16:1-16:100\"><strong><span class=\"citation-9 recitation\">Signaalit\u00f6\u00f6tlusahelad:<\/span><\/strong><span class=\"citation-9 recitation citation-end-9\"> Vahelduvvoolusignaalide edastamine, blokeerides samal ajal alalisvoolu komponendid.<\/span><span class=\"button-container hide-from-message-actions ng-star-inserted\"> \u00a0<\/span>\n<div class=\"container ng-tns-c362440147-59 hide\">\n<div class=\"carousel-container ng-tns-c362440147-59\">\n<div class=\"carousel-content ng-tns-c362440147-59\">\n<div class=\"sources-carousel-source ng-tns-c362440147-59 hide ng-star-inserted\" data-test-id=\"sources-carousel-source\"><\/div>\n<\/div>\n<\/div>\n<\/div>\n<\/li>\n<li data-sourcepos=\"17:1-18:0\"><strong><span class=\"citation-10 recitation\">Filtri ahelad:<\/span><\/strong><span class=\"citation-10 recitation citation-end-10\"> Osana k\u00f5rgp\u00e4\u00e4sufiltritest, et blokeerida madalsageduslikke signaale, sealhulgas alalisvoolu.<\/span><span class=\"button-container hide-from-message-actions ng-star-inserted\">\u00a0<\/span>\n<div class=\"container ng-tns-c362440147-60 hide\">\n<div class=\"carousel-container ng-tns-c362440147-60\">\n<div class=\"carousel-content ng-tns-c362440147-60\">\n<div class=\"sources-carousel-source ng-tns-c362440147-60 hide ng-star-inserted\" data-test-id=\"sources-carousel-source\"><\/div>\n<\/div>\n<\/div>\n<\/div>\n<\/li>\n<\/ul>\n<h3 data-sourcepos=\"19:1-19:23\"><strong>Peamised kaalutlused:<\/strong><\/h3>\n<ul data-sourcepos=\"21:1-24:0\">\n<li data-sourcepos=\"21:1-21:164\"><strong>V\u00f5imsuse v\u00e4\u00e4rtus:<\/strong> Mahtuvuse v\u00e4\u00e4rtus m\u00e4\u00e4rab sidumiskondensaatori madala sageduse piirv\u00e4\u00e4rtuse. Suurem mahtuvus v\u00f5imaldab madalamaid sagedusi l\u00e4bida.<\/li>\n<li data-sourcepos=\"22:1-22:118\"><strong>Pingeklass:<\/strong> <span class=\"citation-11 recitation citation-end-11\">Kondensaator peab olema arvestatud maksimaalsele pingele, mis selle peale rakendub.<\/span>\n<div class=\"container ng-tns-c362440147-61 hide\">\n<div class=\"carousel-container ng-tns-c362440147-61\"><\/div>\n<\/div>\n<\/li>\n<li data-sourcepos=\"23:1-24:0\"><strong>Lekkivool:<\/strong> Kondensaatori lekkevool v\u00f5ib m\u00f5jutada vooluahela alalisvoolupunkti.<\/li>\n<\/ul>\n<p data-sourcepos=\"25:1-25:205\"><strong><span class=\"citation-12 recitation\">Sisuliselt toimib alalisvoolu sidumiskondensaator vahelduvvoolusignaalide sillana, isoleerides samal ajal t\u00f5husalt alalisvoolu komponendid, tagades, et vooluahela iga etapp t\u00f6\u00f6tab s\u00f5ltumatult ja korrektselt.<\/span><\/strong><span class=\"button-container hide-from-message-actions ng-star-inserted\"> \u00a0 <\/span><\/p>","protected":false},"excerpt":{"rendered":"<table style=\"height: 556px;\" width=\"706\">\n<tbody>\n<tr>\n<td width=\"146\"><strong><b>Toode<\/b><\/strong>\u00a0<strong><b>Nimi:<\/b><\/strong><\/td>\n<td width=\"601\"><strong>Alalisvoolu sidumiskondensaator<\/strong><\/td>\n<\/tr>\n<tr>\n<td width=\"146\">\n<h4><strong>L\u00fchikirjeldus:<\/strong><\/h4>\n<\/td>\n<td width=\"601\">Kasutatakse laialdaselt DC-Link-ahelas k\u00f5rgsagedusliku filtreerimise ja lahtisidumise jaoks.<br \/>\nKasutatakse laialdaselt v\u00f5imsuselektroonilistes vooluahelates, \u00fchendamise eesm\u00e4rgil.<\/td>\n<\/tr>\n<tr>\n<td width=\"146\"><strong>V\u00f5imsuse vahemik:<\/strong><\/td>\n<td width=\"601\">\u00a010\u03bcF - 100\u03bcF<\/td>\n<\/tr>\n<tr>\n<td width=\"146\"><strong>Nimipinge\uff1a<\/strong><\/td>\n<td width=\"601\">350V.DC - 1100V.DC<\/td>\n<\/tr>\n<tr>\n<td width=\"146\"><strong>Cap.tol\uff1a<\/strong><\/td>\n<td width=\"601\">\u00b15%(J)\uff1a\u00b110%(K)<\/td>\n<\/tr>\n<tr>\n<td width=\"146\"><strong>Kondensaatori mudel:\u00a0<\/strong><\/td>\n<td width=\"601\">DMJ-MT seeria<\/td>\n<\/tr>\n<\/tbody>\n<\/table>","protected":false},"featured_media":1647,"comment_status":"open","ping_status":"closed","template":"","meta":[],"product_brand":[],"product_cat":[38],"product_tag":[],"class_list":{"0":"post-1646","1":"product","2":"type-product","3":"status-publish","4":"has-post-thumbnail","6":"product_cat-dc-capacitor-2","8":"first","9":"instock","10":"shipping-taxable","11":"product-type-simple"},"_links":{"self":[{"href":"https:\/\/rf-capacitor.com\/et\/wp-json\/wp\/v2\/product\/1646","targetHints":{"allow":["GET"]}}],"collection":[{"href":"https:\/\/rf-capacitor.com\/et\/wp-json\/wp\/v2\/product"}],"about":[{"href":"https:\/\/rf-capacitor.com\/et\/wp-json\/wp\/v2\/types\/product"}],"replies":[{"embeddable":true,"href":"https:\/\/rf-capacitor.com\/et\/wp-json\/wp\/v2\/comments?post=1646"}],"wp:featuredmedia":[{"embeddable":true,"href":"https:\/\/rf-capacitor.com\/et\/wp-json\/wp\/v2\/media\/1647"}],"wp:attachment":[{"href":"https:\/\/rf-capacitor.com\/et\/wp-json\/wp\/v2\/media?parent=1646"}],"wp:term":[{"taxonomy":"product_brand","embeddable":true,"href":"https:\/\/rf-capacitor.com\/et\/wp-json\/wp\/v2\/product_brand?post=1646"},{"taxonomy":"product_cat","embeddable":true,"href":"https:\/\/rf-capacitor.com\/et\/wp-json\/wp\/v2\/product_cat?post=1646"},{"taxonomy":"product_tag","embeddable":true,"href":"https:\/\/rf-capacitor.com\/et\/wp-json\/wp\/v2\/product_tag?post=1646"}],"curies":[{"name":"wp","href":"https:\/\/api.w.org\/{rel}","templated":true}]}}