{"id":1643,"date":"2024-12-27T02:32:04","date_gmt":"2024-12-27T02:32:04","guid":{"rendered":"https:\/\/rf-capacitor.com\/?post_type=product&#038;p=1643"},"modified":"2024-12-27T02:40:52","modified_gmt":"2024-12-27T02:40:52","slug":"dc-bias-capacitor","status":"publish","type":"product","link":"https:\/\/rf-capacitor.com\/et\/dc-bias-capacitor\/","title":{"rendered":"DC Bias kondensaator"},"content":{"rendered":"<p data-sourcepos=\"1:1-1:155\"><span class=\"citation-0 recitation\">A <\/span><strong><span class=\"citation-0 recitation\">Alalisvoolu eelkondensaator<\/span><\/strong><span class=\"citation-0 recitation citation-end-0\"> on kondensaator, mida kasutatakse elektroonikahelates, et blokeerida alalisvoolu voolu, v\u00f5imaldades samal ajal vahelduvvoolusignaalide l\u00e4bip\u00e4\u00e4su.<\/span><span class=\"button-container hide-from-message-actions ng-star-inserted\"> \u00a0<\/span><\/p>\n<h3 data-sourcepos=\"3:1-3:23\"><strong>Siin on jaotus:<\/strong><\/h3>\n<ul data-sourcepos=\"5:1-9:0\">\n<li data-sourcepos=\"5:1-6:225\"><strong>DC blokeerimine:<\/strong>\n<ul data-sourcepos=\"6:5-6:225\">\n<li data-sourcepos=\"6:5-6:225\"><span class=\"citation-1 recitation citation-end-1\">Kondensaatorid salvestavad elektrilaengut.<\/span> Alalispinge rakendumisel laeb kondensaator selle pingeni \u00fcles ja l\u00f5petab seej\u00e4rel juhtivuse. See takistab t\u00f5husalt alalisvoolu voolu voolu l\u00e4bi vooluahela.\n<div class=\"container ng-tns-c362440147-43 hide\">\n<div class=\"carousel-container ng-tns-c362440147-43\"><\/div>\n<\/div>\n<\/li>\n<\/ul>\n<\/li>\n<li data-sourcepos=\"7:1-9:0\"><strong>L\u00e4biv AC:<\/strong>\n<ul data-sourcepos=\"8:5-9:0\">\n<li data-sourcepos=\"8:5-9:0\"><span class=\"citation-2 recitation citation-end-2\">Vahelduvvoolusignaalid on m\u00e4\u00e4ratluse kohaselt pidevalt muutuva pingega.<\/span> See p\u00f5hjustab kondensaatori pidevat laadimist ja t\u00fchjendamist, mis v\u00f5imaldab vahelduvvoolusignaali l\u00e4bida.<span class=\"button-container hide-from-message-actions ng-star-inserted\">\u00a0<\/span>\n<div class=\"container ng-tns-c362440147-44 hide\">\n<div class=\"carousel-container ng-tns-c362440147-44\">\n<div class=\"carousel-content ng-tns-c362440147-44\">\n<div class=\"sources-carousel-source ng-tns-c362440147-44 hide ng-star-inserted\" data-test-id=\"sources-carousel-source\"><\/div>\n<\/div>\n<\/div>\n<\/div>\n<\/li>\n<\/ul>\n<\/li>\n<\/ul>\n<h3 data-sourcepos=\"10:1-10:24\"><strong>Tavalised rakendused:<\/strong><\/h3>\n<ul data-sourcepos=\"12:1-18:0\">\n<li data-sourcepos=\"12:1-13:165\"><strong>Vahelduvvoolusignaalide \u00fchendamine:<\/strong>\n<ul data-sourcepos=\"13:5-13:165\">\n<li data-sourcepos=\"13:5-13:165\"><span class=\"citation-3 recitation citation-end-3\">Alalisvoolukondensaatoreid kasutatakse sageli vahelduvvoolusignaalide \u00fchendamiseks v\u00f5imendi eri astmete vahel, isoleerides samal ajal iga astme alalisvoolupinge.<\/span><span class=\"button-container hide-from-message-actions ng-star-inserted\">\u00a0<\/span>\n<div class=\"container ng-tns-c362440147-45 hide\">\n<div class=\"carousel-container ng-tns-c362440147-45\">\n<div class=\"carousel-content ng-tns-c362440147-45\">\n<div class=\"sources-carousel-source ng-tns-c362440147-45 hide ng-star-inserted\" data-test-id=\"sources-carousel-source\"><\/div>\n<\/div>\n<\/div>\n<\/div>\n<\/li>\n<\/ul>\n<\/li>\n<li data-sourcepos=\"14:1-15:116\"><strong>Alalisvoolu nihete eemaldamine:<\/strong>\n<ul data-sourcepos=\"15:5-15:116\">\n<li data-sourcepos=\"15:5-15:116\">Neid saab kasutada vahelduvvoolusignaalis esineva alalisvoolu nihke eemaldamiseks enne selle t\u00f6\u00f6tlemist j\u00e4rgmises astmes.<\/li>\n<\/ul>\n<\/li>\n<li data-sourcepos=\"16:1-18:0\"><strong>K\u00f5rgp\u00e4\u00e4sufiltrid:<\/strong>\n<ul data-sourcepos=\"17:5-18:0\">\n<li data-sourcepos=\"17:5-18:0\"><span class=\"citation-4 recitation citation-end-4\">Koos takistiga kombineerituna v\u00f5ib alalisvoolu eelkondensaator moodustada lihtsa k\u00f5rgp\u00e4\u00e4sufiltri, mis laseb k\u00f5rgsageduslikke signaale l\u00e4bi, blokeerides samal ajal madalsageduslikke signaale, sealhulgas alalisvoolu.<\/span><span class=\"button-container hide-from-message-actions ng-star-inserted\">\u00a0<\/span>\n<div class=\"container ng-tns-c362440147-46 hide\">\n<div class=\"carousel-container ng-tns-c362440147-46\">\n<div class=\"carousel-content ng-tns-c362440147-46\">\n<div class=\"sources-carousel-source ng-tns-c362440147-46 hide ng-star-inserted\" data-test-id=\"sources-carousel-source\"><\/div>\n<\/div>\n<\/div>\n<\/div>\n<\/li>\n<\/ul>\n<\/li>\n<\/ul>\n<h3 data-sourcepos=\"19:1-19:23\"><strong>Peamised kaalutlused:<\/strong><\/h3>\n<ul data-sourcepos=\"21:1-24:0\">\n<li data-sourcepos=\"21:1-21:172\"><strong>V\u00f5imsuse v\u00e4\u00e4rtus:<\/strong> Alalisvoolu eelkondensaatori mahtuvuse v\u00e4\u00e4rtus on selle t\u00f6\u00f6v\u00f5ime seisukohalt v\u00e4ga oluline. Suurem mahtuvus v\u00f5imaldab \u00fcldiselt madalamaid sagedusi l\u00e4bida.<\/li>\n<li data-sourcepos=\"22:1-22:105\"><strong>Pingeklass:<\/strong> Kondensaator peab olema arvestatud maksimaalsele pingele, mis selle peale rakendub.<\/li>\n<li data-sourcepos=\"23:1-24:0\"><strong>Lekkivool:<\/strong> Kondensaatori lekkevool v\u00f5ib m\u00f5jutada vooluahela alalisvoolupunkti.<\/li>\n<\/ul>\n<h3 data-sourcepos=\"25:1-25:15\"><strong>Kokkuv\u00f5ttes:<\/strong><\/h3>\n<p data-sourcepos=\"27:1-27:252\">Alalisvoolu eelkondensaatorid m\u00e4ngivad paljudes elektroonikahelates olulist rolli, v\u00f5imaldades vahelduvvoolusignaalide t\u00f5husat edastamist, isoleerides samal ajal alalisvoolu komponendid. M\u00f5istes nende funktsiooni ja omadusi, saavad insenerid neid oma konstruktsioonides t\u00f5husalt kasutada.<\/p>","protected":false},"excerpt":{"rendered":"<table style=\"height: 575px;\" width=\"683\">\n<tbody>\n<tr>\n<td width=\"146\"><strong><b>Toode<\/b><\/strong>\u00a0<strong><b>Nimi:<\/b><\/strong><\/td>\n<td width=\"601\">DC Bias kondensaator<\/td>\n<\/tr>\n<tr>\n<td width=\"146\">\n<h4><strong>L\u00fchikirjeldus:<\/strong><\/h4>\n<\/td>\n<td width=\"601\">Pv-inverter, tuuleenergia muundur; AII liiki sagedusmuundur ja inverter<br \/>\ntoiteallikad; puhtelektrilised ja h\u00fcbriidautod; laadimispost, UPS jne.<\/td>\n<\/tr>\n<tr>\n<td width=\"146\"><strong>V\u00f5imsuse vahemik:<\/strong><\/td>\n<td width=\"601\">\u00a01\u03bcF - 200\u03bcF<\/td>\n<\/tr>\n<tr>\n<td width=\"146\"><strong>Nimipinge\uff1a<\/strong><\/td>\n<td width=\"601\">450V.DC - 1800V.DC<\/td>\n<\/tr>\n<tr>\n<td width=\"146\"><strong>Cap.tol\uff1a<\/strong><\/td>\n<td width=\"601\">\u00a0\u00b15%\uff08J\uff09\uff1b\u00b110%\uff08K\uff09<\/td>\n<\/tr>\n<tr>\n<td width=\"146\"><strong>Kondensaatori mudel:\u00a0<\/strong><\/td>\n<td width=\"601\">DMJ-PS seeria<\/td>\n<\/tr>\n<\/tbody>\n<\/table>","protected":false},"featured_media":1644,"comment_status":"open","ping_status":"closed","template":"","meta":[],"product_brand":[],"product_cat":[38],"product_tag":[],"class_list":{"0":"post-1643","1":"product","2":"type-product","3":"status-publish","4":"has-post-thumbnail","6":"product_cat-dc-capacitor-2","8":"first","9":"instock","10":"shipping-taxable","11":"product-type-simple"},"_links":{"self":[{"href":"https:\/\/rf-capacitor.com\/et\/wp-json\/wp\/v2\/product\/1643","targetHints":{"allow":["GET"]}}],"collection":[{"href":"https:\/\/rf-capacitor.com\/et\/wp-json\/wp\/v2\/product"}],"about":[{"href":"https:\/\/rf-capacitor.com\/et\/wp-json\/wp\/v2\/types\/product"}],"replies":[{"embeddable":true,"href":"https:\/\/rf-capacitor.com\/et\/wp-json\/wp\/v2\/comments?post=1643"}],"wp:featuredmedia":[{"embeddable":true,"href":"https:\/\/rf-capacitor.com\/et\/wp-json\/wp\/v2\/media\/1644"}],"wp:attachment":[{"href":"https:\/\/rf-capacitor.com\/et\/wp-json\/wp\/v2\/media?parent=1643"}],"wp:term":[{"taxonomy":"product_brand","embeddable":true,"href":"https:\/\/rf-capacitor.com\/et\/wp-json\/wp\/v2\/product_brand?post=1643"},{"taxonomy":"product_cat","embeddable":true,"href":"https:\/\/rf-capacitor.com\/et\/wp-json\/wp\/v2\/product_cat?post=1643"},{"taxonomy":"product_tag","embeddable":true,"href":"https:\/\/rf-capacitor.com\/et\/wp-json\/wp\/v2\/product_tag?post=1643"}],"curies":[{"name":"wp","href":"https:\/\/api.w.org\/{rel}","templated":true}]}}