{"id":1627,"date":"2024-12-26T08:00:56","date_gmt":"2024-12-26T08:00:56","guid":{"rendered":"https:\/\/rf-capacitor.com\/?post_type=product&#038;p=1627"},"modified":"2024-12-26T08:00:56","modified_gmt":"2024-12-26T08:00:56","slug":"dc-voltage-capacitor","status":"publish","type":"product","link":"https:\/\/rf-capacitor.com\/et\/dc-voltage-capacitor\/","title":{"rendered":"Alalispinge kondensaator"},"content":{"rendered":"<div id=\"model-response-message-contentr_ace5d7b53d4346af\" class=\"markdown markdown-main-panel response-optimization\" dir=\"ltr\">\n<h2 data-sourcepos=\"1:1-1:55\">Alalispinge kondensaator: Ekslik nimetus v\u00f5i konkreetne t\u00fc\u00fcp?<\/h2>\n<p data-sourcepos=\"3:1-3:97\"><strong>M\u00f5iste \"alalispingekondensaator\" on veidi ebaselge.<\/strong> See v\u00f5ib viidata kahele erinevale m\u00f5istele:<\/p>\n<h3 data-sourcepos=\"5:1-5:36\">1. Alalisvooluahelates kasutatav kondensaator<\/h3>\n<ul data-sourcepos=\"6:1-13:0\">\n<li data-sourcepos=\"6:1-6:111\"><strong>\u00dcldine kasutamine:<\/strong> Selles kontekstis kasutatakse kondensaatorit vooluahelas, mis on varustatud alalisvoolu (DC) toiteallikaga.<\/li>\n<li data-sourcepos=\"7:1-7:236\"><strong>K\u00e4itumine:<\/strong> Kuigi kondensaatoreid seostatakse peamiselt vahelduvvooluahelatega, v\u00f5ivad nad toimida ka alalisvooluahelates. <span class=\"citation-0 recitation citation-end-0\">Alalispinge rakendamisel laeb kondensaator end teatud pingeni ja peatab seej\u00e4rel voolu voolu.<\/span><span class=\"button-container hide-from-message-actions ng-star-inserted\"> \u00a0<\/span>\n<div class=\"container ng-tns-c362440147-50 hide\">\n<div class=\"carousel-container ng-tns-c362440147-50\"><\/div>\n<\/div>\n<\/li>\n<li data-sourcepos=\"8:1-13:0\"><strong>Rakendused:<\/strong> Seda t\u00fc\u00fcpi kondensaatorit kasutatakse tavaliselt:\n<ul data-sourcepos=\"9:5-13:0\">\n<li data-sourcepos=\"9:5-9:78\"><strong>Silumine:<\/strong> <span class=\"citation-1 recitation citation-end-1\">Pinge lainetuse v\u00e4hendamine alalisvoolu toiteallikates<\/span><span class=\"button-container hide-from-message-actions ng-star-inserted\">\u00a0 \u00a0<\/span>\n<div class=\"container ng-tns-c362440147-51 hide\">\n<div class=\"carousel-container ng-tns-c362440147-51\"><\/div>\n<\/div>\n<\/li>\n<li data-sourcepos=\"10:5-10:85\"><strong>Haakeseadeldis:<\/strong> <span class=\"citation-2 recitation citation-end-2\">Vahelduvvoolusignaalide edastamine, blokeerides samal ajal alalisvoolu komponendid<\/span><span class=\"button-container hide-from-message-actions ng-star-inserted\">\u00a0<\/span>\n<div class=\"container ng-tns-c362440147-52 hide\">\n<div class=\"carousel-container ng-tns-c362440147-52\"><\/div>\n<\/div>\n<\/li>\n<li data-sourcepos=\"11:5-11:64\"><strong>Filtreerimine:<\/strong> Soovimatute sageduste eemaldamine signaalist<\/li>\n<li data-sourcepos=\"12:5-13:0\"><strong><span class=\"citation-3 recitation\">Ajastusahelad:<\/span><\/strong><span class=\"citation-3 recitation citation-end-3\"> S\u00fcndmuste ajastuse kontrollimine vooluahelas<\/span><span class=\"button-container hide-from-message-actions ng-star-inserted\"> \u00a0<\/span>\n<div class=\"container ng-tns-c362440147-53 hide\">\n<div class=\"carousel-container ng-tns-c362440147-53\"><\/div>\n<\/div>\n<\/li>\n<\/ul>\n<\/li>\n<\/ul>\n<h3 data-sourcepos=\"17:1-17:45\">2. Kondensaator, mis on ette n\u00e4htud k\u00f5rge alalispinge jaoks<\/h3>\n<ul data-sourcepos=\"18:1-24:0\">\n<li data-sourcepos=\"18:1-18:99\"><strong>Konkreetne t\u00fc\u00fcp:<\/strong> See viitab kondensaatoritele, mis on spetsiaalselt kavandatud vastu pidama k\u00f5rgetele alalisvoolu pingetele.<\/li>\n<li data-sourcepos=\"19:1-19:140\"><strong>Ehitus:<\/strong> Nendel kondensaatoritel on sageli spetsiaalsed dielektrilised materjalid ja konstruktsioon, et nad suudaksid vastu pidada k\u00f5rgetele pingetele ilma purunemiseta.<\/li>\n<li data-sourcepos=\"20:1-24:0\"><strong>Rakendused:<\/strong> Neid kasutatakse rakendustes, kus esineb k\u00f5rge alalisvoolu pinge, n\u00e4iteks:\n<ul data-sourcepos=\"21:5-24:0\">\n<li data-sourcepos=\"21:5-21:37\"><strong>K\u00f5rgepinge toiteallikad<\/strong><\/li>\n<li data-sourcepos=\"22:5-22:34\"><strong>Elektrijuhtmed<\/strong><\/li>\n<li data-sourcepos=\"23:5-24:0\"><strong>Elektrostaatilised sadestusseadmed<\/strong><\/li>\n<\/ul>\n<\/li>\n<\/ul>\n<\/div>\n<div class=\"response-footer gap complete\">\n<div class=\"show-sources-container ng-star-inserted\"><\/div>\n<div class=\"container ng-tns-c362440147-49\">\n<div class=\"carousel-container ng-tns-c362440147-49\">\n<div class=\"carousel-content ng-tns-c362440147-49\">\n<div class=\"sources-carousel-source ng-tns-c362440147-49 ng-star-inserted\" data-test-id=\"sources-carousel-source\">\n<div class=\"source-card-container\">\n<div class=\"source-card-content\">\n<div class=\"source-card-body\">\n<div class=\"source-card-header\">\n<div class=\"source-card-title\"><\/div>\n<\/div>\n<\/div>\n<\/div>\n<\/div>\n<\/div>\n<\/div>\n<\/div>\n<\/div>\n<\/div>","protected":false},"excerpt":{"rendered":"<table style=\"height: 483px;\" width=\"511\">\n<tbody>\n<tr>\n<td width=\"146\"><strong><b>Toode<\/b><\/strong>\u00a0<strong><b>Nimi:<\/b><\/strong><\/td>\n<td width=\"601\">Alalispinge kondensaator<\/td>\n<\/tr>\n<tr>\n<td width=\"146\">\n<h4><strong>Vastupidavuspinge:<\/strong><\/h4>\n<\/td>\n<td width=\"601\">\n<table border=\"0\" cellspacing=\"0\" cellpadding=\"0\">\n<tbody>\n<tr>\n<td width=\"722\">Vt-t 1.5UN\/ 10s ( 20\u2103 \u00b1 5\u2103 )<br \/>\nVt-c 3000V.AC \/10s ( 50Hz , 20\u2103\u00b15\u2103 )<\/td>\n<\/tr>\n<\/tbody>\n<\/table>\n<\/td>\n<\/tr>\n<tr>\n<td width=\"146\"><strong>V\u00f5imsuse vahemik:<\/strong><\/td>\n<td width=\"601\">320 \u03bcF\u00b110%<\/td>\n<\/tr>\n<tr>\n<td width=\"146\"><strong>Nimipinge\uff1a<\/strong><\/td>\n<td width=\"601\">750 VDC<\/td>\n<\/tr>\n<tr>\n<td width=\"146\"><strong>Hinnatud energia:<\/strong><\/td>\n<td width=\"601\">90Ws<\/td>\n<\/tr>\n<\/tbody>\n<\/table>","protected":false},"featured_media":1628,"comment_status":"open","ping_status":"closed","template":"","meta":[],"product_brand":[],"product_cat":[38],"product_tag":[],"class_list":{"0":"post-1627","1":"product","2":"type-product","3":"status-publish","4":"has-post-thumbnail","6":"product_cat-dc-capacitor-2","8":"first","9":"instock","10":"shipping-taxable","11":"product-type-simple"},"_links":{"self":[{"href":"https:\/\/rf-capacitor.com\/et\/wp-json\/wp\/v2\/product\/1627","targetHints":{"allow":["GET"]}}],"collection":[{"href":"https:\/\/rf-capacitor.com\/et\/wp-json\/wp\/v2\/product"}],"about":[{"href":"https:\/\/rf-capacitor.com\/et\/wp-json\/wp\/v2\/types\/product"}],"replies":[{"embeddable":true,"href":"https:\/\/rf-capacitor.com\/et\/wp-json\/wp\/v2\/comments?post=1627"}],"wp:featuredmedia":[{"embeddable":true,"href":"https:\/\/rf-capacitor.com\/et\/wp-json\/wp\/v2\/media\/1628"}],"wp:attachment":[{"href":"https:\/\/rf-capacitor.com\/et\/wp-json\/wp\/v2\/media?parent=1627"}],"wp:term":[{"taxonomy":"product_brand","embeddable":true,"href":"https:\/\/rf-capacitor.com\/et\/wp-json\/wp\/v2\/product_brand?post=1627"},{"taxonomy":"product_cat","embeddable":true,"href":"https:\/\/rf-capacitor.com\/et\/wp-json\/wp\/v2\/product_cat?post=1627"},{"taxonomy":"product_tag","embeddable":true,"href":"https:\/\/rf-capacitor.com\/et\/wp-json\/wp\/v2\/product_tag?post=1627"}],"curies":[{"name":"wp","href":"https:\/\/api.w.org\/{rel}","templated":true}]}}