{"id":1619,"date":"2024-12-26T04:13:14","date_gmt":"2024-12-26T04:13:14","guid":{"rendered":"https:\/\/rf-capacitor.com\/?post_type=product&#038;p=1619"},"modified":"2024-12-26T06:52:05","modified_gmt":"2024-12-26T06:52:05","slug":"dc-blocking-capacitor","status":"publish","type":"product","link":"https:\/\/rf-capacitor.com\/et\/dc-blocking-capacitor\/","title":{"rendered":"Alalisvoolu blokeeriv kondensaator"},"content":{"rendered":"<div id=\"model-response-message-contentr_721751df4669b9f0\" class=\"markdown markdown-main-panel response-optimization\" dir=\"ltr\">\n<h2 data-sourcepos=\"1:1-1:53\">Alalisvoolu blokeeriv kondensaator: Sild vahelduvvoolusignaalide vahel<\/h2>\n<p data-sourcepos=\"3:1-3:329\"><strong><span class=\"citation-0 recitation\">Alalisvoolu blokeeriv kondensaator<\/span><\/strong><span class=\"citation-0 recitation\">, mida tuntakse ka kui <\/span><strong><span class=\"citation-0 recitation\">sidumiskondensaator<\/span><\/strong><span class=\"citation-0 recitation\"> v\u00f5i <\/span><strong><span class=\"citation-0 recitation\">m\u00f6\u00f6davoolukondensaator<\/span><\/strong><span class=\"citation-0 recitation citation-end-0\">on passiivne elektrooniline komponent, mis m\u00e4ngib paljudes vooluahelates olulist rolli.<\/span> <span class=\"citation-1 recitation\">Selle esmane \u00fclesanne on <\/span><strong><span class=\"citation-1 recitation\">lasevad vahelduvvoolu (AC) signaale l\u00e4bi, blokeerides samal ajal alalisvoolu (DC) komponendid.<\/span><\/strong><span class=\"citation-1 recitation citation-end-1\">.<\/span><span class=\"button-container hide-from-message-actions ng-star-inserted\">\u00a0<\/span><\/p>\n<div class=\"container ng-tns-c362440147-19 hide\">\n<div class=\"carousel-container ng-tns-c362440147-19\">\n<div class=\"carousel-content ng-tns-c362440147-19\">\n<div class=\"sources-carousel-source ng-tns-c362440147-19 hide ng-star-inserted\" data-test-id=\"sources-carousel-source\"><\/div>\n<div class=\"sources-carousel-source ng-tns-c362440147-19 hide ng-star-inserted\" data-test-id=\"sources-carousel-source\"><span style=\"font-size: 20.16px;\">Kuidas see toimib<\/span><\/div>\n<\/div>\n<\/div>\n<\/div>\n<ul data-sourcepos=\"6:1-9:0\">\n<li data-sourcepos=\"6:1-6:121\"><strong>Mahutavus:<\/strong> <span class=\"citation-2 recitation citation-end-2\">Kondensaatorid salvestavad elektrilaengut ja nende v\u00f5imet seda teha m\u00f5\u00f5detakse faradides (F).<\/span><span class=\"button-container hide-from-message-actions ng-star-inserted\">\u00a0 \u00a0<\/span>\n<div class=\"container ng-tns-c362440147-20 hide\">\n<div class=\"carousel-container ng-tns-c362440147-20\"><\/div>\n<\/div>\n<\/li>\n<li data-sourcepos=\"7:1-7:129\"><strong>Vahelduvvoolusignaal:<\/strong> Vahelduvvoolusignaali rakendamisel laetakse ja t\u00fchjeneb kondensaator kiiresti, v\u00f5imaldades signaali l\u00e4bida.<\/li>\n<li data-sourcepos=\"8:1-9:0\"><strong>Alalisvoolu signaal:<\/strong> <span class=\"citation-3 recitation citation-end-3\">Alalisvoolusignaali puhul laeb kondensaator p\u00fcsivasse olekusse ja toimib avatud vooluahelana, blokeerides t\u00f5husalt alalisvoolukomponendi.<\/span><span class=\"button-container hide-from-message-actions ng-star-inserted\"> \u00a0<\/span>\n<div class=\"container ng-tns-c362440147-21 hide\">\n<div class=\"carousel-container ng-tns-c362440147-21\">\n<div class=\"carousel-content ng-tns-c362440147-21\">\n<div class=\"sources-carousel-source ng-tns-c362440147-21 hide ng-star-inserted\" data-test-id=\"sources-carousel-source\"><\/div>\n<\/div>\n<\/div>\n<\/div>\n<\/li>\n<\/ul>\n<h3 data-sourcepos=\"10:1-10:16\">Rakendused<\/h3>\n<p data-sourcepos=\"11:1-11:81\">Alalisvoolu blokeerivaid kondensaatoreid kasutatakse laialdaselt erinevates elektroonikahelates, sealhulgas:<\/p>\n<ul data-sourcepos=\"12:1-16:0\">\n<li data-sourcepos=\"12:1-12:117\"><strong><span class=\"citation-4 recitation\">Heliv\u00f5imendid:<\/span><\/strong><span class=\"citation-4 recitation citation-end-4\"> Vahelduvvoolusignaali \u00fchendamine \u00fchest astmest teise, ilma et see m\u00f5jutaks alalisvoolu eelpinget.<\/span><\/li>\n<li data-sourcepos=\"12:1-12:117\"><strong><span class=\"button-container hide-from-message-actions ng-star-inserted\"> R<\/span><span class=\"citation-5 recitation\"><strong>adio<\/strong> sageduss\u00fcsteemid (RF):<\/span><\/strong><span class=\"citation-5 recitation citation-end-5\"> Et isoleerida vooluahela erinevad astmed ja v\u00e4ltida soovimatuid alalisvoolu pingeid, mis segavad RF-signaali.<\/span><span class=\"button-container hide-from-message-actions ng-star-inserted\"> \u00a0<\/span>\n<div class=\"container ng-tns-c362440147-23 hide\">\n<div class=\"carousel-container ng-tns-c362440147-23\"><\/div>\n<\/div>\n<\/li>\n<li data-sourcepos=\"14:1-14:102\"><strong><span class=\"citation-6 recitation\">V\u00f5imsusmuundurid:<\/span><\/strong><span class=\"citation-6 recitation citation-end-6\"> K\u00f5rgsagedusliku m\u00fcra ja lainetuse filtreerimiseks alalisvoolu v\u00e4ljundist.<\/span><span class=\"button-container hide-from-message-actions ng-star-inserted\"> \u00a0<\/span><\/li>\n<li data-sourcepos=\"14:1-14:102\"><span class=\"button-container hide-from-message-actions ng-star-inserted\"><strong style=\"font-size: 14.4px;\"><span class=\"citation-7 recitation\">Signaali konditsioneerimise ahelad:<\/span><\/strong><span class=\"citation-7 recitation citation-end-7\" style=\"font-size: 14.4px;\"> DC-v\u00e4ljat\u00f5mmete eemaldamiseks ja vooluahela eri osade isoleerimiseks.<\/span><span class=\"button-container hide-from-message-actions ng-star-inserted\" style=\"font-size: 14.4px;\"> \u00a0<\/span><\/span>\n<div class=\"container ng-tns-c362440147-25 hide\">\n<div class=\"carousel-container ng-tns-c362440147-25\">\n<div class=\"carousel-content ng-tns-c362440147-25\">\n<div class=\"sources-carousel-source ng-tns-c362440147-25 hide ng-star-inserted\" data-test-id=\"sources-carousel-source\"><\/div>\n<\/div>\n<\/div>\n<\/div>\n<\/li>\n<\/ul>\n<h3 data-sourcepos=\"17:1-17:22\">Peamised kaalutlused<\/h3>\n<ul data-sourcepos=\"18:1-21:0\">\n<li data-sourcepos=\"18:1-18:140\"><strong>V\u00f5imsuse v\u00e4\u00e4rtus:<\/strong> Kondensaatori mahtuvuse v\u00e4\u00e4rtus valitakse vahelduvvoolusignaali sageduse ja soovitud impedantsi alusel.<\/li>\n<li data-sourcepos=\"19:1-19:116\"><strong>Pingeklass:<\/strong> Kondensaator peab olema arvestatud maksimaalsele pingele, millega see vooluahelas kokku puutub.<\/li>\n<li data-sourcepos=\"20:1-21:0\"><strong>Sallivus:<\/strong> Kondensaatori tolerants m\u00e4\u00e4rab selle mahtuvuse v\u00e4\u00e4rtuse t\u00e4psuse.<\/li>\n<\/ul>\n<p data-sourcepos=\"22:1-22:233\"><strong><span class=\"citation-8 recitation citation-end-8\">Sisuliselt toimib alalisvoolu blokeeriv kondensaator selektiivse filtrina, mis laseb l\u00e4bi ainult vahelduvvoolusignaalid, blokeerides samal ajal t\u00f5husalt alalisvoolu komponendid.<\/span> See muudab selle asendamatuks komponendiks paljudes elektroonilistes vooluahelates.<\/strong><span class=\"button-container hide-from-message-actions ng-star-inserted\"> \u00a0<\/span><\/p>\n<\/div>","protected":false},"excerpt":{"rendered":"<table style=\"height: 544px;\" width=\"643\">\n<tbody>\n<tr>\n<td width=\"146\"><strong><b>Toode<\/b><\/strong>\u00a0<strong><b>Nimi:<\/b><\/strong><\/td>\n<td width=\"601\">Alalisvoolu blokeeriv kondensaator<\/td>\n<\/tr>\n<tr>\n<td width=\"146\">\n<h4><strong>L\u00fchikirjeldus:<\/strong><\/h4>\n<\/td>\n<td width=\"601\">Inverterid ja sagedusmuundurid fotogalvaanika, tuuleenergia, energiasalvestuse ja muude uute energialiikide jaoks.<\/td>\n<\/tr>\n<tr>\n<td width=\"146\"><strong>V\u00f5imsuse vahemik:<\/strong><\/td>\n<td width=\"601\">\u00a0100\u03bcF\uff5e20000\u03bcF<\/td>\n<\/tr>\n<tr>\n<td width=\"146\"><strong>Nimipinge\uff1a<\/strong><\/td>\n<td width=\"601\">\u00a0600V.DC\uff5e4000V.DC<\/td>\n<\/tr>\n<tr>\n<td width=\"146\"><strong>Cap.tol\uff1a<\/strong><\/td>\n<td width=\"601\">\u00a0\u00b15%\uff08J\uff09\uff1b\u00b110%\uff08K\uff09<\/td>\n<\/tr>\n<tr>\n<td width=\"146\"><strong>Elektri- ja h\u00fcbriids\u00f5idukid:<\/strong><\/td>\n<td width=\"601\">laevad; rongid.<\/td>\n<\/tr>\n<tr>\n<td width=\"146\"><\/td>\n<td width=\"601\"><\/td>\n<\/tr>\n<tr>\n<td width=\"146\"><\/td>\n<td width=\"601\"><\/td>\n<\/tr>\n<tr>\n<td width=\"146\"><\/td>\n<td width=\"601\"><\/td>\n<\/tr>\n<\/tbody>\n<\/table>","protected":false},"featured_media":1621,"comment_status":"open","ping_status":"closed","template":"","meta":[],"product_brand":[],"product_cat":[38],"product_tag":[],"class_list":{"0":"post-1619","1":"product","2":"type-product","3":"status-publish","4":"has-post-thumbnail","6":"product_cat-dc-capacitor-2","8":"first","9":"instock","10":"shipping-taxable","11":"product-type-simple"},"_links":{"self":[{"href":"https:\/\/rf-capacitor.com\/et\/wp-json\/wp\/v2\/product\/1619","targetHints":{"allow":["GET"]}}],"collection":[{"href":"https:\/\/rf-capacitor.com\/et\/wp-json\/wp\/v2\/product"}],"about":[{"href":"https:\/\/rf-capacitor.com\/et\/wp-json\/wp\/v2\/types\/product"}],"replies":[{"embeddable":true,"href":"https:\/\/rf-capacitor.com\/et\/wp-json\/wp\/v2\/comments?post=1619"}],"wp:featuredmedia":[{"embeddable":true,"href":"https:\/\/rf-capacitor.com\/et\/wp-json\/wp\/v2\/media\/1621"}],"wp:attachment":[{"href":"https:\/\/rf-capacitor.com\/et\/wp-json\/wp\/v2\/media?parent=1619"}],"wp:term":[{"taxonomy":"product_brand","embeddable":true,"href":"https:\/\/rf-capacitor.com\/et\/wp-json\/wp\/v2\/product_brand?post=1619"},{"taxonomy":"product_cat","embeddable":true,"href":"https:\/\/rf-capacitor.com\/et\/wp-json\/wp\/v2\/product_cat?post=1619"},{"taxonomy":"product_tag","embeddable":true,"href":"https:\/\/rf-capacitor.com\/et\/wp-json\/wp\/v2\/product_tag?post=1619"}],"curies":[{"name":"wp","href":"https:\/\/api.w.org\/{rel}","templated":true}]}}