{"id":2104,"date":"2025-01-14T07:06:50","date_gmt":"2025-01-14T07:06:50","guid":{"rendered":"https:\/\/rf-capacitor.com\/?post_type=product&#038;p=2104"},"modified":"2025-01-14T07:41:45","modified_gmt":"2025-01-14T07:41:45","slug":"dc-electrical-voltage-transducer","status":"publish","type":"product","link":"https:\/\/rf-capacitor.com\/es\/dc-electrical-voltage-transducer\/","title":{"rendered":"Transductor de tensi\u00f3n el\u00e9ctrica CC"},"content":{"rendered":"<p data-sourcepos=\"1:1-1:188\">Un transductor de tensi\u00f3n el\u00e9ctrica de CC es un dispositivo que convierte una se\u00f1al de entrada (normalmente una tensi\u00f3n o corriente de CC) en una se\u00f1al de salida correspondiente, a menudo en un formato diferente o a un nivel distinto.<\/p>\n<h2 data-sourcepos=\"3:1-3:18\">Funciones clave del transductor de tensi\u00f3n el\u00e9ctrica de CC:<\/h2>\n<ul data-sourcepos=\"5:1-13:0\">\n<li data-sourcepos=\"5:1-10:0\">\n<p data-sourcepos=\"5:3-5:27\"><strong>Acondicionamiento de la se\u00f1al:<\/strong><\/p>\n<ul data-sourcepos=\"6:5-10:0\">\n<li data-sourcepos=\"6:5-6:68\"><strong>Amplificaci\u00f3n:<\/strong> Aumenta la intensidad de una se\u00f1al de CC d\u00e9bil.<\/li>\n<li data-sourcepos=\"7:5-7:111\"><strong>Aislamiento:<\/strong> A\u00edsla la se\u00f1al de entrada de la salida, evitando bucles de masa e interferencias de ruido.<\/li>\n<li data-sourcepos=\"8:5-8:89\"><strong>Linealizaci\u00f3n:<\/strong> Linealiza la se\u00f1al de entrada para mejorar la precisi\u00f3n y la coherencia.<\/li>\n<li data-sourcepos=\"9:5-10:0\"><strong>Conversi\u00f3n:<\/strong> Convierte la se\u00f1al de entrada de un formato a otro (por ejemplo, corriente a tensi\u00f3n, tensi\u00f3n a corriente).<\/li>\n<\/ul>\n<\/li>\n<li data-sourcepos=\"11:1-13:0\">\n<p data-sourcepos=\"11:3-11:25\"><strong>Transmisi\u00f3n de datos:<\/strong><\/p>\n<ul data-sourcepos=\"12:5-13:0\">\n<li data-sourcepos=\"12:5-13:0\">Transmite la se\u00f1al acondicionada a largas distancias utilizando varios protocolos de comunicaci\u00f3n (por ejemplo, 4-20mA, RS485, Modbus).<\/li>\n<\/ul>\n<\/li>\n<\/ul>\n<h2 data-sourcepos=\"14:1-14:17\">Aplicaciones:<\/h2>\n<ul data-sourcepos=\"16:1-25:0\">\n<li data-sourcepos=\"16:1-18:31\"><strong>Automatizaci\u00f3n industrial:<\/strong>\n<ul data-sourcepos=\"17:5-18:31\">\n<li data-sourcepos=\"17:5-17:89\">Monitorizaci\u00f3n y control de procesos industriales (temperatura, presi\u00f3n, caudal, etc.).<\/li>\n<li data-sourcepos=\"18:5-18:31\">Sistemas de adquisici\u00f3n de datos.<\/li>\n<\/ul>\n<\/li>\n<li data-sourcepos=\"19:1-20:55\"><strong>Automatizaci\u00f3n de edificios:<\/strong>\n<ul data-sourcepos=\"20:5-20:55\">\n<li data-sourcepos=\"20:5-20:55\">Control de calefacci\u00f3n, ventilaci\u00f3n, aire acondicionado, iluminaci\u00f3n y sistemas de seguridad.<\/li>\n<\/ul>\n<\/li>\n<li data-sourcepos=\"21:1-22:100\"><strong>Control de procesos:<\/strong>\n<ul data-sourcepos=\"22:5-22:100\">\n<li data-sourcepos=\"22:5-22:100\">Supervisi\u00f3n y control de procesos qu\u00edmicos, tratamiento de aguas y otros procesos industriales.<\/li>\n<\/ul>\n<\/li>\n<li data-sourcepos=\"23:1-25:0\"><strong>Registro de datos:<\/strong>\n<ul data-sourcepos=\"24:5-25:0\">\n<li data-sourcepos=\"24:5-25:0\">Recogida y transmisi\u00f3n de datos desde lugares remotos.<\/li>\n<\/ul>\n<\/li>\n<\/ul>\n<h2 data-sourcepos=\"26:1-26:17\">Caracter\u00edsticas principales del transductor de tensi\u00f3n el\u00e9ctrica de CC:<\/h2>\n<ul data-sourcepos=\"28:1-33:0\">\n<li data-sourcepos=\"28:1-28:79\"><strong>Precisi\u00f3n:<\/strong> Una alta precisi\u00f3n es crucial para realizar mediciones y controles fiables.<\/li>\n<li data-sourcepos=\"29:1-29:89\"><strong>Estabilidad:<\/strong> Rendimiento estable a lo largo del tiempo y en condiciones ambientales variables.<\/li>\n<li data-sourcepos=\"30:1-30:61\"><strong>Fiabilidad:<\/strong> Construcci\u00f3n robusta y larga vida \u00fatil.<\/li>\n<li data-sourcepos=\"31:1-31:103\"><strong>Aislamiento:<\/strong> Aislamiento el\u00e9ctrico entre los circuitos de entrada y salida para mayor seguridad y reducci\u00f3n del ruido.<\/li>\n<li data-sourcepos=\"32:1-33:0\"><strong>Protocolos de comunicaci\u00f3n:<\/strong> Compatibilidad con varios protocolos de comunicaci\u00f3n para facilitar la integraci\u00f3n en los sistemas existentes.<\/li>\n<\/ul>\n<p data-sourcepos=\"34:1-34:211\">Los transductores de tensi\u00f3n el\u00e9ctrica de CC son componentes esenciales en una amplia gama de aplicaciones, ya que permiten medir y transmitir con precisi\u00f3n par\u00e1metros de proceso cr\u00edticos para mejorar el control, la supervisi\u00f3n y la adquisici\u00f3n de datos.<\/p>","protected":false},"excerpt":{"rendered":"<table style=\"height: 461px;\" width=\"189\">\n<tbody>\n<tr>\n<td width=\"179\">Modelo<\/td>\n<td width=\"113\">Principio<\/td>\n<td width=\"128\">Entrada nominal<\/td>\n<td width=\"160\">Tensi\u00f3n de alimentaci\u00f3n (V)<\/td>\n<td width=\"164\">Salida @ Entrada nominal<\/td>\n<td width=\"106\">Ancho de banda (Hz)<\/td>\n<td width=\"121\">Precisi\u00f3n a temperatura normal \uff08%\uff09<\/td>\n<td width=\"105\">TA (\u2103)<\/td>\n<td width=\"109\">M\u00e9todo de instalaci\u00f3n<\/td>\n<td width=\"151\">Apertura\/Conexi\u00f3n (mm)<\/td>\n<\/tr>\n<tr>\n<td width=\"179\">HOC50EKA128<\/td>\n<td width=\"113\">Bucle abierto<\/td>\n<td width=\"128\">\u00b150A<\/td>\n<td width=\"160\">+24V<\/td>\n<td width=\"164\">CC 12\u00b18 mA<\/td>\n<td width=\"106\">DC-20(-3dB)<\/td>\n<td width=\"121\">1<\/td>\n<td width=\"105\">-40&#8230;+85<\/td>\n<td width=\"109\">Perforaci\u00f3n<\/td>\n<td width=\"151\">\u03a621<\/td>\n<\/tr>\n<tr>\n<td width=\"179\">HOC100EKA128<\/td>\n<td width=\"113\">Bucle abierto<\/td>\n<td width=\"128\">\u00b1100A<\/td>\n<td width=\"160\">+24V<\/td>\n<td width=\"164\">CC 12\u00b18 mA<\/td>\n<td width=\"106\">DC-20(-3dB)<\/td>\n<td width=\"121\">1<\/td>\n<td width=\"105\">-40&#8230;+85<\/td>\n<td width=\"109\">Perforaci\u00f3n<\/td>\n<td width=\"151\">\u03a621<\/td>\n<\/tr>\n<tr>\n<td width=\"179\">HOC150EKA128<\/td>\n<td width=\"113\">Bucle abierto<\/td>\n<td width=\"128\">\u00b1150A<\/td>\n<td width=\"160\">+24V<\/td>\n<td width=\"164\">CC 12\u00b18 mA<\/td>\n<td width=\"106\">DC-20(-3dB)<\/td>\n<td width=\"121\">1<\/td>\n<td width=\"105\">-40&#8230;+85<\/td>\n<td width=\"109\">Perforaci\u00f3n<\/td>\n<td width=\"151\">\u03a621<\/td>\n<\/tr>\n<tr>\n<td width=\"179\">HOC200EKA128<\/td>\n<td width=\"113\">Bucle abierto<\/td>\n<td width=\"128\">\u00b1200A<\/td>\n<td width=\"160\">+24V<\/td>\n<td width=\"164\">CC 12\u00b18 mA<\/td>\n<td width=\"106\">DC-20(-3dB)<\/td>\n<td width=\"121\">1<\/td>\n<td width=\"105\">-40&#8230;+85<\/td>\n<td width=\"109\">Perforaci\u00f3n<\/td>\n<td width=\"151\">\u03a621<\/td>\n<\/tr>\n<tr>\n<td width=\"179\">HOC300EKA128<\/td>\n<td width=\"113\">Bucle abierto<\/td>\n<td width=\"128\">\u00b1300A<\/td>\n<td width=\"160\">+24V<\/td>\n<td width=\"164\">CC 12\u00b18 mA<\/td>\n<td width=\"106\">DC-20(-3dB)<\/td>\n<td width=\"121\">1<\/td>\n<td width=\"105\">-40&#8230;+85<\/td>\n<td width=\"109\">Perforaci\u00f3n<\/td>\n<td width=\"151\">\u03a621<\/td>\n<\/tr>\n<tr>\n<td width=\"179\">HOC400EKA128<\/td>\n<td width=\"113\">Bucle abierto<\/td>\n<td width=\"128\">\u00b1400A<\/td>\n<td width=\"160\">+24V<\/td>\n<td width=\"164\">CC 12\u00b18 mA<\/td>\n<td width=\"106\">DC-20(-3dB)<\/td>\n<td width=\"121\">1<\/td>\n<td width=\"105\">-40&#8230;+85<\/td>\n<td width=\"109\">Perforaci\u00f3n<\/td>\n<td width=\"151\">\u03a621<\/td>\n<\/tr>\n<tr>\n<td width=\"179\">HOC500EKA128<\/td>\n<td width=\"113\">Bucle abierto<\/td>\n<td width=\"128\">\u00b1500A<\/td>\n<td width=\"160\">+24V<\/td>\n<td width=\"164\">CC 12\u00b18 mA<\/td>\n<td width=\"106\">DC-20(-3dB)<\/td>\n<td width=\"121\">1<\/td>\n<td width=\"105\">-40&#8230;+85<\/td>\n<td width=\"109\">Perforaci\u00f3n<\/td>\n<td width=\"151\">\u03a621<\/td>\n<\/tr>\n<tr>\n<td width=\"179\">HOC600EKA128<\/td>\n<td width=\"113\">Bucle abierto<\/td>\n<td width=\"128\">\u00b1600A<\/td>\n<td width=\"160\">+24V<\/td>\n<td width=\"164\">CC 12\u00b18 mA<\/td>\n<td width=\"106\">DC-20(-3dB)<\/td>\n<td width=\"121\">1<\/td>\n<td width=\"105\">-40&#8230;+85<\/td>\n<td width=\"109\">Perforaci\u00f3n<\/td>\n<td width=\"151\">\u03a621<\/td>\n<\/tr>\n<tr>\n<td width=\"179\">HOC100EKB128<\/td>\n<td width=\"113\">Bucle abierto<\/td>\n<td width=\"128\">\u00b1100A<\/td>\n<td width=\"160\">+24V<\/td>\n<td width=\"164\">CC 12\u00b18 mA<\/td>\n<td width=\"106\">DC-20(-3dB)<\/td>\n<td width=\"121\">1<\/td>\n<td width=\"105\">-40&#8230;+85<\/td>\n<td width=\"109\">Perforaci\u00f3n<\/td>\n<td width=\"151\">\u03a640.5<\/td>\n<\/tr>\n<tr>\n<td width=\"179\">HOC200EKB128<\/td>\n<td width=\"113\">Bucle abierto<\/td>\n<td width=\"128\">\u00b1200A<\/td>\n<td width=\"160\">+24V<\/td>\n<td width=\"164\">CC 12\u00b18 mA<\/td>\n<td width=\"106\">DC-20(-3dB)<\/td>\n<td width=\"121\">1<\/td>\n<td width=\"105\">-40&#8230;+85<\/td>\n<td width=\"109\">Perforaci\u00f3n<\/td>\n<td width=\"151\">\u03a640.5<\/td>\n<\/tr>\n<tr>\n<td width=\"179\">HOC300EKB128<\/td>\n<td width=\"113\">Bucle abierto<\/td>\n<td width=\"128\">\u00b1300A<\/td>\n<td width=\"160\">+24V<\/td>\n<td width=\"164\">CC 12\u00b18 mA<\/td>\n<td width=\"106\">DC-20(-3dB)<\/td>\n<td width=\"121\">1<\/td>\n<td width=\"105\">-40&#8230;+85<\/td>\n<td width=\"109\">Perforaci\u00f3n<\/td>\n<td width=\"151\">\u03a640.5<\/td>\n<\/tr>\n<tr>\n<td width=\"179\">HOC500EKB128<\/td>\n<td width=\"113\">Bucle abierto<\/td>\n<td width=\"128\">\u00b1500A<\/td>\n<td width=\"160\">+24V<\/td>\n<td width=\"164\">CC 12\u00b18 mA<\/td>\n<td width=\"106\">DC-20(-3dB)<\/td>\n<td width=\"121\">1<\/td>\n<td width=\"105\">-40&#8230;+85<\/td>\n<td width=\"109\">Perforaci\u00f3n<\/td>\n<td width=\"151\">\u03a640.5<\/td>\n<\/tr>\n<tr>\n<td width=\"179\">HOC1000EKB128<\/td>\n<td width=\"113\">Bucle abierto<\/td>\n<td width=\"128\">\u00b11000A<\/td>\n<td width=\"160\">+24V<\/td>\n<td width=\"164\">CC 12\u00b18 mA<\/td>\n<td width=\"106\">DC-20(-3dB)<\/td>\n<td width=\"121\">1<\/td>\n<td width=\"105\">-40&#8230;+85<\/td>\n<td width=\"109\">Perforaci\u00f3n<\/td>\n<td width=\"151\">\u03a640.5<\/td>\n<\/tr>\n<tr>\n<td width=\"179\">HOC2000EKB128<\/td>\n<td width=\"113\">Bucle abierto<\/td>\n<td width=\"128\">\u00b12000A<\/td>\n<td width=\"160\">+24V<\/td>\n<td width=\"164\">CC 12\u00b18 mA<\/td>\n<td width=\"106\">DC-20(-3dB)<\/td>\n<td width=\"121\">1<\/td>\n<td width=\"105\">-40&#8230;+85<\/td>\n<td width=\"109\">Perforaci\u00f3n<\/td>\n<td width=\"151\">\u03a640.5<\/td>\n<\/tr>\n<\/tbody>\n<\/table>","protected":false},"featured_media":2081,"comment_status":"open","ping_status":"closed","template":"","meta":[],"product_brand":[],"product_cat":[44],"product_tag":[],"class_list":{"0":"post-2104","1":"product","2":"type-product","3":"status-publish","4":"has-post-thumbnail","6":"product_cat-current-sensor-2","8":"first","9":"instock","10":"shipping-taxable","11":"product-type-simple"},"_links":{"self":[{"href":"https:\/\/rf-capacitor.com\/es\/wp-json\/wp\/v2\/product\/2104","targetHints":{"allow":["GET"]}}],"collection":[{"href":"https:\/\/rf-capacitor.com\/es\/wp-json\/wp\/v2\/product"}],"about":[{"href":"https:\/\/rf-capacitor.com\/es\/wp-json\/wp\/v2\/types\/product"}],"replies":[{"embeddable":true,"href":"https:\/\/rf-capacitor.com\/es\/wp-json\/wp\/v2\/comments?post=2104"}],"wp:featuredmedia":[{"embeddable":true,"href":"https:\/\/rf-capacitor.com\/es\/wp-json\/wp\/v2\/media\/2081"}],"wp:attachment":[{"href":"https:\/\/rf-capacitor.com\/es\/wp-json\/wp\/v2\/media?parent=2104"}],"wp:term":[{"taxonomy":"product_brand","embeddable":true,"href":"https:\/\/rf-capacitor.com\/es\/wp-json\/wp\/v2\/product_brand?post=2104"},{"taxonomy":"product_cat","embeddable":true,"href":"https:\/\/rf-capacitor.com\/es\/wp-json\/wp\/v2\/product_cat?post=2104"},{"taxonomy":"product_tag","embeddable":true,"href":"https:\/\/rf-capacitor.com\/es\/wp-json\/wp\/v2\/product_tag?post=2104"}],"curies":[{"name":"wp","href":"https:\/\/api.w.org\/{rel}","templated":true}]}}