{"id":2087,"date":"2025-01-14T03:17:14","date_gmt":"2025-01-14T03:17:14","guid":{"rendered":"https:\/\/rf-capacitor.com\/?post_type=product&#038;p=2087"},"modified":"2025-01-14T07:43:50","modified_gmt":"2025-01-14T07:43:50","slug":"closed-loop-hall-current-sensor","status":"publish","type":"product","link":"https:\/\/rf-capacitor.com\/es\/closed-loop-hall-current-sensor\/","title":{"rendered":"Sensor de corriente Hall de bucle cerrado"},"content":{"rendered":"<p data-sourcepos=\"1:1-1:157\">Un sensor de corriente de efecto Hall de bucle cerrado es un tipo de sensor de corriente m\u00e1s sofisticado que supera muchas de las limitaciones de su hom\u00f3logo de bucle abierto.<\/p>\n<h2 data-sourcepos=\"3:1-3:17\">C\u00f3mo funciona un sensor de corriente Hall de bucle cerrado:<\/h2>\n<ol data-sourcepos=\"5:1-9:0\">\n<li data-sourcepos=\"5:1-5:171\"><strong>Detecci\u00f3n de campos magn\u00e9ticos:<\/strong> Al igual que el sensor de bucle abierto, utiliza un sensor de efecto Hall para detectar el campo magn\u00e9tico generado por la corriente que circula por un conductor.<\/li>\n<li data-sourcepos=\"6:1-6:179\"><strong>Mecanismo de retroalimentaci\u00f3n:<\/strong> La diferencia clave radica en la inclusi\u00f3n de un bucle de realimentaci\u00f3n. La se\u00f1al de salida del sensor Hall se amplifica y se utiliza para accionar una bobina de compensaci\u00f3n.<\/li>\n<li data-sourcepos=\"7:1-7:151\"><strong>Anulaci\u00f3n del campo magn\u00e9tico:<\/strong> Esta bobina de compensaci\u00f3n genera un campo magn\u00e9tico que se opone al campo magn\u00e9tico producido por la corriente primaria.<\/li>\n<li data-sourcepos=\"8:1-9:0\"><strong>Condici\u00f3n de flujo cero:<\/strong> El sistema ajusta activamente la corriente que fluye a trav\u00e9s de la bobina de compensaci\u00f3n hasta que el campo magn\u00e9tico neto en el n\u00facleo se minimiza (idealmente se lleva a cero).<\/li>\n<\/ol>\n<h2 data-sourcepos=\"10:1-10:19\">Ventajas clave:<\/h2>\n<ul data-sourcepos=\"12:1-16:0\">\n<li data-sourcepos=\"12:1-12:104\"><strong>Precisi\u00f3n mejorada:<\/strong> Minimiza la influencia de los campos magn\u00e9ticos externos y las variaciones de temperatura.<\/li>\n<li data-sourcepos=\"13:1-13:91\"><strong>Linealidad mejorada:<\/strong> Proporciona una se\u00f1al de salida muy lineal en una amplia gama de corrientes.<\/li>\n<li data-sourcepos=\"14:1-14:99\"><strong>Deriva de temperatura reducida:<\/strong> Minimiza el impacto de los cambios de temperatura en el rendimiento del sensor.<\/li>\n<li data-sourcepos=\"15:1-16:0\"><strong>Alta precisi\u00f3n:<\/strong> Consigue una mayor exactitud y precisi\u00f3n en comparaci\u00f3n con los sensores de bucle abierto.<\/li>\n<\/ul>\n<h2 data-sourcepos=\"17:1-17:17\">Aplicaciones:<\/h2>\n<ul data-sourcepos=\"19:1-22:0\">\n<li data-sourcepos=\"19:1-19:198\"><strong>Aplicaciones de alta precisi\u00f3n:<\/strong> Se utiliza en aplicaciones en las que la exactitud y la precisi\u00f3n son fundamentales, como el control de motores de precisi\u00f3n, la supervisi\u00f3n de la calidad de la energ\u00eda y la instrumentaci\u00f3n cient\u00edfica.<\/li>\n<li data-sourcepos=\"20:1-20:120\"><strong>Automatizaci\u00f3n industrial:<\/strong> Se emplean en entornos industriales exigentes en los que la precisi\u00f3n y la fiabilidad son primordiales.<\/li>\n<li data-sourcepos=\"21:1-22:0\"><strong>Sistemas de energ\u00edas renovables:<\/strong> Se utiliza en inversores solares, turbinas e\u00f3licas y otros sistemas de energ\u00eda renovable para supervisar y controlar con precisi\u00f3n la potencia.<\/li>\n<\/ul>\n<h2 data-sourcepos=\"23:1-23:15\">En resumen:<\/h2>\n<p data-sourcepos=\"25:1-25:329\">Los sensores de corriente de efecto Hall de bucle cerrado ofrecen ventajas significativas sobre sus hom\u00f3logos de bucle abierto al incorporar un mecanismo de realimentaci\u00f3n para compensar activamente las influencias externas y mejorar el rendimiento general. Esto los hace adecuados para una amplia gama de aplicaciones en las que son esenciales una alta precisi\u00f3n y fiabilidad.<\/p>","protected":false},"excerpt":{"rendered":"<p>\u25cf Sensor de corriente Hall de tipo cerrado<\/p>\n<p>\u25cf Entrada de corriente nominal: 0~(200-1000)A; Salida nominal: 4V \/ 5V<\/p>\n<p>\u25cf Apertura: 40mm; Alimentaci\u00f3n: \u00b112V \/ \u00b115V<\/p>\n<p>\u25cf Corriente alterna, corriente continua, pulsos y otras corrientes complejas.<\/p>\n<p>\u25cf Respuesta r\u00e1pida, amplia gama de medici\u00f3n, alta precisi\u00f3n, fuerte capacidad de sobrecarga, buena linealidad y excelente y anti-interferencias performace.<\/p>","protected":false},"featured_media":2089,"comment_status":"open","ping_status":"closed","template":"","meta":[],"product_brand":[],"product_cat":[44],"product_tag":[],"class_list":{"0":"post-2087","1":"product","2":"type-product","3":"status-publish","4":"has-post-thumbnail","6":"product_cat-current-sensor-2","8":"first","9":"instock","10":"shipping-taxable","11":"product-type-simple"},"_links":{"self":[{"href":"https:\/\/rf-capacitor.com\/es\/wp-json\/wp\/v2\/product\/2087","targetHints":{"allow":["GET"]}}],"collection":[{"href":"https:\/\/rf-capacitor.com\/es\/wp-json\/wp\/v2\/product"}],"about":[{"href":"https:\/\/rf-capacitor.com\/es\/wp-json\/wp\/v2\/types\/product"}],"replies":[{"embeddable":true,"href":"https:\/\/rf-capacitor.com\/es\/wp-json\/wp\/v2\/comments?post=2087"}],"wp:featuredmedia":[{"embeddable":true,"href":"https:\/\/rf-capacitor.com\/es\/wp-json\/wp\/v2\/media\/2089"}],"wp:attachment":[{"href":"https:\/\/rf-capacitor.com\/es\/wp-json\/wp\/v2\/media?parent=2087"}],"wp:term":[{"taxonomy":"product_brand","embeddable":true,"href":"https:\/\/rf-capacitor.com\/es\/wp-json\/wp\/v2\/product_brand?post=2087"},{"taxonomy":"product_cat","embeddable":true,"href":"https:\/\/rf-capacitor.com\/es\/wp-json\/wp\/v2\/product_cat?post=2087"},{"taxonomy":"product_tag","embeddable":true,"href":"https:\/\/rf-capacitor.com\/es\/wp-json\/wp\/v2\/product_tag?post=2087"}],"curies":[{"name":"wp","href":"https:\/\/api.w.org\/{rel}","templated":true}]}}