{"id":1856,"date":"2025-01-02T02:04:58","date_gmt":"2025-01-02T02:04:58","guid":{"rendered":"https:\/\/rf-capacitor.com\/?post_type=product&#038;p=1856"},"modified":"2025-01-02T02:04:58","modified_gmt":"2025-01-02T02:04:58","slug":"resonant-circuit-snubber-capacitor","status":"publish","type":"product","link":"https:\/\/rf-capacitor.com\/es\/resonant-circuit-snubber-capacitor\/","title":{"rendered":"Circuito resonante Condensador amortiguador"},"content":{"rendered":"<div class=\"user-query-container ng-star-inserted\">\n<div id=\"user-query-content-1\" class=\"query-content\">\n<div class=\"query-text gds-body-l ng-star-inserted\" dir=\"ltr\" role=\"heading\" aria-level=\"2\">\n<h3 class=\"query-text-line ng-star-inserted\">Circuito resonante Condensador amortiguador<\/h3>\n<\/div>\n<\/div>\n<\/div>\n<div>\n<div class=\"response-container ng-tns-c3227055261-32 response-optimization tts-removed ng-star-inserted response-container-has-multiple-responses\">\n<div class=\"presented-response-container ng-tns-c3227055261-32\">\n<div class=\"response-container-content ng-tns-c3227055261-32 tunable-selection-with-avatar\">\n<div class=\"response-content ng-tns-c3227055261-32\">\n<div id=\"model-response-message-contentr_be92511bd195e395\" class=\"markdown markdown-main-panel tutor-markdown-rendering response-optimization\" dir=\"ltr\">\n<p data-sourcepos=\"1:1-1:154\">En los circuitos snubber resonantes, el condensador desempe\u00f1a un papel crucial en la creaci\u00f3n de un circuito tanque resonante con la inductancia par\u00e1sita presente en el sistema.<\/p>\n<h3 data-sourcepos=\"3:1-3:17\"><strong>C\u00f3mo funciona el condensador amortiguador del circuito resonante:<\/strong><\/h3>\n<ul data-sourcepos=\"5:1-7:0\">\n<li data-sourcepos=\"5:1-5:283\"><strong>Resonancia:<\/strong> El condensador y la inductancia par\u00e1sita forman un circuito tanque LC. Cuando el IGBT se apaga, la energ\u00eda almacenada en la inductancia par\u00e1sita se transfiere al condensador. Esta transferencia de energ\u00eda se produce a la frecuencia de resonancia del tanque LC, dando lugar a oscilaciones.<\/li>\n<li data-sourcepos=\"6:1-7:0\"><strong>Disipaci\u00f3n de energ\u00eda:<\/strong> Para amortiguar estas oscilaciones y disipar la energ\u00eda, se suele incluir una resistencia en el circuito amortiguador resonante.<\/li>\n<\/ul>\n<h3 data-sourcepos=\"8:1-8:56\"><strong>Caracter\u00edsticas principales de los condensadores amortiguadores resonantes:<\/strong><\/h3>\n<ul data-sourcepos=\"10:1-13:0\">\n<li data-sourcepos=\"10:1-10:82\"><strong>Capacitancia precisa:<\/strong> Cr\u00edtico para alcanzar la frecuencia de resonancia deseada.<\/li>\n<li data-sourcepos=\"11:1-11:78\"><strong><span class=\"citation-0 recitation\">ESR baja:<\/span><\/strong><span class=\"citation-0 recitation citation-end-0\"> Minimiza las p\u00e9rdidas durante las oscilaciones resonantes. <\/span>\n<div class=\"container ng-tns-c362440147-35\">\n<div class=\"carousel-container ng-tns-c362440147-35\">\n<div class=\"carousel-content ng-tns-c362440147-35\">\n<div class=\"sources-carousel-source ng-tns-c362440147-35 ng-star-inserted\" data-test-id=\"sources-carousel-source\">\n<div class=\"source-card-container\">\n<div class=\"source-card-content\"><\/div>\n<\/div>\n<\/div>\n<\/div>\n<\/div>\n<\/div>\n<\/li>\n<li data-sourcepos=\"12:1-13:0\"><strong>Clasificaci\u00f3n de alto voltaje:<\/strong> Debe soportar los picos de tensi\u00f3n que se producen durante la resonancia.<\/li>\n<\/ul>\n<h3 data-sourcepos=\"14:1-14:42\"><strong>Ventajas del condensador amortiguador de circuito resonante:<\/strong><\/h3>\n<ul data-sourcepos=\"16:1-19:0\">\n<li data-sourcepos=\"16:1-16:158\"><strong>P\u00e9rdidas de conmutaci\u00f3n reducidas:<\/strong> Al utilizar la transferencia de energ\u00eda resonante, las p\u00e9rdidas de conmutaci\u00f3n pueden reducirse significativamente en comparaci\u00f3n con los amortiguadores R-C tradicionales.<\/li>\n<li data-sourcepos=\"17:1-17:96\"><strong>Eficiencia mejorada:<\/strong> Las menores p\u00e9rdidas de conmutaci\u00f3n se traducen en una mayor eficiencia global del sistema.<\/li>\n<li data-sourcepos=\"18:1-19:0\"><strong>IME reducido:<\/strong> La naturaleza resonante del circuito puede ayudar a reducir las emisiones EMI.<\/li>\n<\/ul>\n<h3 data-sourcepos=\"20:1-20:26\"><strong>Consideraciones sobre el dise\u00f1o:<\/strong><\/h3>\n<ul data-sourcepos=\"22:1-25:0\">\n<li data-sourcepos=\"22:1-22:89\"><strong>Frecuencia de resonancia:<\/strong> Calculado cuidadosamente para adaptarse a las condiciones de funcionamiento deseadas.<\/li>\n<li data-sourcepos=\"23:1-23:117\"><strong>Factor de amortiguaci\u00f3n:<\/strong> El valor de la resistencia se elige para proporcionar una amortiguaci\u00f3n adecuada y evitar oscilaciones excesivas.<\/li>\n<li data-sourcepos=\"24:1-25:0\"><strong>Selecci\u00f3n de componentes del circuito:<\/strong> La selecci\u00f3n cuidadosa de los componentes (condensador, resistencia, inductor) es crucial para un rendimiento \u00f3ptimo.<\/li>\n<\/ul>\n<p data-sourcepos=\"30:1-30:230\">\n<\/div>\n<\/div>\n<\/div>\n<\/div>\n<\/div>\n<\/div>","protected":false},"excerpt":{"rendered":"<table style=\"height: 534px;\" width=\"695\">\n<tbody>\n<tr>\n<td width=\"146\"><strong><b>Producto<\/b><\/strong>\u00a0<strong><b>Nombre:<\/b><\/strong><\/td>\n<td width=\"601\"><strong>Circuito resonante Condensador amortiguador<\/strong><\/td>\n<\/tr>\n<tr>\n<td width=\"146\">\n<h4><strong>Breve descripci\u00f3n:<\/strong><\/h4>\n<\/td>\n<td width=\"601\">Ampliamente utilizado en equipos electr\u00f3nicos de potencia cuando la tensi\u00f3n de pico, la protecci\u00f3n de absorci\u00f3n de corriente de pico<\/td>\n<\/tr>\n<tr>\n<td width=\"146\"><strong>Rango de capacitancia:<\/strong><\/td>\n<td width=\"601\">0,1\u03bcF~ 5,6\u03bcF<\/td>\n<\/tr>\n<tr>\n<td width=\"146\"><strong>Tensi\u00f3n nominal\uff1a<\/strong><\/td>\n<td width=\"601\">630V.CC ~ 2000V.CC<\/td>\n<\/tr>\n<tr>\n<td width=\"146\"><strong>Cap.tol\uff1a<\/strong><\/td>\n<td width=\"601\">\u00a0\u00a0\u00b15%(J)\uff1b\u00b110%(K)<\/td>\n<\/tr>\n<tr>\n<td width=\"146\"><strong>Modelo de condensador:\u00a0<\/strong><\/td>\n<td width=\"601\">Amortiguador IGBT<\/td>\n<\/tr>\n<\/tbody>\n<\/table>","protected":false},"featured_media":1857,"comment_status":"open","ping_status":"closed","template":"","meta":[],"product_brand":[],"product_cat":[40],"product_tag":[],"class_list":{"0":"post-1856","1":"product","2":"type-product","3":"status-publish","4":"has-post-thumbnail","6":"product_cat-snubber-capacitor","8":"first","9":"instock","10":"shipping-taxable","11":"product-type-simple"},"_links":{"self":[{"href":"https:\/\/rf-capacitor.com\/es\/wp-json\/wp\/v2\/product\/1856","targetHints":{"allow":["GET"]}}],"collection":[{"href":"https:\/\/rf-capacitor.com\/es\/wp-json\/wp\/v2\/product"}],"about":[{"href":"https:\/\/rf-capacitor.com\/es\/wp-json\/wp\/v2\/types\/product"}],"replies":[{"embeddable":true,"href":"https:\/\/rf-capacitor.com\/es\/wp-json\/wp\/v2\/comments?post=1856"}],"wp:featuredmedia":[{"embeddable":true,"href":"https:\/\/rf-capacitor.com\/es\/wp-json\/wp\/v2\/media\/1857"}],"wp:attachment":[{"href":"https:\/\/rf-capacitor.com\/es\/wp-json\/wp\/v2\/media?parent=1856"}],"wp:term":[{"taxonomy":"product_brand","embeddable":true,"href":"https:\/\/rf-capacitor.com\/es\/wp-json\/wp\/v2\/product_brand?post=1856"},{"taxonomy":"product_cat","embeddable":true,"href":"https:\/\/rf-capacitor.com\/es\/wp-json\/wp\/v2\/product_cat?post=1856"},{"taxonomy":"product_tag","embeddable":true,"href":"https:\/\/rf-capacitor.com\/es\/wp-json\/wp\/v2\/product_tag?post=1856"}],"curies":[{"name":"wp","href":"https:\/\/api.w.org\/{rel}","templated":true}]}}