{"id":1811,"date":"2024-12-31T03:42:39","date_gmt":"2024-12-31T03:42:39","guid":{"rendered":"https:\/\/rf-capacitor.com\/?post_type=product&#038;p=1811"},"modified":"2024-12-31T03:42:39","modified_gmt":"2024-12-31T03:42:39","slug":"high-voltage-snubber-capacitor","status":"publish","type":"product","link":"https:\/\/rf-capacitor.com\/es\/high-voltage-snubber-capacitor\/","title":{"rendered":"Condensador amortiguador de alta tensi\u00f3n"},"content":{"rendered":"<p>Un condensador amortiguador de alta tensi\u00f3n es un componente importante utilizado en circuitos de alta tensi\u00f3n para proteger contra picos de tensi\u00f3n y transitorios. A continuaci\u00f3n te explicamos qu\u00e9 es un condensador amortiguador, su funci\u00f3n y sus aplicaciones:<\/p>\n<p>\u00bfQu\u00e9 es un condensador amortiguador de alta tensi\u00f3n?<\/p>\n<p>Un condensador amortiguador de alta tensi\u00f3n es un condensador utilizado en circuitos el\u00e9ctricos para suprimir los picos de tensi\u00f3n (tambi\u00e9n conocidos como transitorios) que pueden producirse cuando se desconecta una carga inductiva. Estos condensadores ayudan a proteger los componentes sensibles de los da\u00f1os causados por los cambios bruscos de tensi\u00f3n.<\/p>\n<p>Funci\u00f3n de un condensador amortiguador de alta tensi\u00f3n<\/p>\n<p>1. Supresi\u00f3n de tensi\u00f3n: Los condensadores amortiguadores almacenan energ\u00eda temporalmente y la liberan lentamente, reduciendo as\u00ed la velocidad de subida (dV\/dt) de los picos de tensi\u00f3n.<br \/>\n2. Protecci\u00f3n: Protegen los dispositivos semiconductores, como tiristores, IGBT y diodos, de las sobretensiones que, de otro modo, podr\u00edan causar aver\u00edas o fallos.<br \/>\n3. Reducci\u00f3n del ruido: Al suavizar las fluctuaciones de tensi\u00f3n, los condensadores snubber tambi\u00e9n ayudan a reducir las interferencias electromagn\u00e9ticas (EMI).<\/p>\n<p>Aplicaciones<\/p>\n<p>1. Electr\u00f3nica de potencia: Los condensadores amortiguadores se utilizan ampliamente en aplicaciones de electr\u00f3nica de potencia como inversores, convertidores y accionamientos de motores.<br \/>\n2. Interruptores y disyuntores: Se emplean en aparamenta e interruptores autom\u00e1ticos para proteger contra tensiones transitorias durante las operaciones de conmutaci\u00f3n.<br \/>\n3. Equipos industriales: En la maquinaria industrial, los condensadores snubber se utilizan para proteger los circuitos de control y las fuentes de alimentaci\u00f3n de los picos de tensi\u00f3n.<br \/>\n4. Sistemas HVAC: Los condensadores amortiguadores de alta tensi\u00f3n se utilizan en sistemas HVAC para proteger contra transitorios de tensi\u00f3n en circuitos de control de motores.<\/p>\n<p>Especificaciones<\/p>\n<p>- Valor de capacitancia: El valor de la capacitancia debe elegirse en funci\u00f3n de la aplicaci\u00f3n espec\u00edfica y de los niveles de pico de tensi\u00f3n previstos.<br \/>\n- Tensi\u00f3n nominal: El condensador debe tener una tensi\u00f3n nominal suficiente para soportar el pico de tensi\u00f3n del circuito.<br \/>\n- Material diel\u00e9ctrico: Los materiales diel\u00e9ctricos m\u00e1s comunes son la cer\u00e1mica, la pel\u00edcula y el polipropileno. La elecci\u00f3n depende de la capacidad de manejo de tensi\u00f3n requerida y de la frecuencia de funcionamiento.<br \/>\n- ESR (resistencia serie equivalente): Generalmente se prefiere una ESR m\u00e1s baja para minimizar las p\u00e9rdidas de potencia y la generaci\u00f3n de calor.<\/p>\n<p>Ejemplos de uso<\/p>\n<p>1. Circuitos inversores: En los inversores, los condensadores de amortiguaci\u00f3n se colocan a trav\u00e9s de los dispositivos de conmutaci\u00f3n para protegerlos de los picos de tensi\u00f3n durante los eventos de apagado.<br \/>\n2. Accionamientos de motores: En los variadores de frecuencia (VFD), los condensadores amortiguadores ayudan a proteger los dispositivos de conmutaci\u00f3n de potencia de los picos de tensi\u00f3n generados por la naturaleza inductiva de los motores.<br \/>\n3. Sistemas de iluminaci\u00f3n: En los sistemas de iluminaci\u00f3n de descarga de alta intensidad (HID), se utilizan condensadores amortiguadores para proteger el balasto y otros componentes de los transitorios de tensi\u00f3n.<\/p>","protected":false},"excerpt":{"rendered":"<table style=\"height: 660px;\" width=\"727\">\n<tbody>\n<tr>\n<td width=\"146\"><strong><b>Producto<\/b><\/strong>\u00a0<strong><b>Nombre:<\/b><\/strong><\/td>\n<td width=\"601\"><strong>Condensador amortiguador de alta tensi\u00f3n<\/strong><\/td>\n<\/tr>\n<tr>\n<td width=\"146\">\n<h4><strong>Breve descripci\u00f3n:<\/strong><\/h4>\n<\/td>\n<td width=\"601\">1. Innovadores condensadores snubber dise\u00f1ados y fabricados por CRE<\/p>\n<p>2. L\u00edder en dise\u00f1o y fabricaci\u00f3n de condensadores de pel\u00edcula.<\/p>\n<p>3. Si necesita especificaciones de snubber \u00fanicas, dir\u00edjase a nuestro centro de dise\u00f1o para obtener un condensador snubber dise\u00f1ado a medida.<\/p>\n<p>&nbsp;<\/td>\n<\/tr>\n<tr>\n<td width=\"146\"><strong>Rango de capacitancia:<\/strong><\/td>\n<td width=\"601\">\u00a01,6\u03bcF \u00b15%<\/td>\n<\/tr>\n<tr>\n<td width=\"146\"><strong>Tensi\u00f3n nominal\uff1a<\/strong><\/td>\n<td width=\"601\">3000V.DC<\/td>\n<\/tr>\n<tr>\n<td width=\"146\"><strong>Cap.tol\uff1a<\/strong><\/td>\n<td width=\"601\">\u00b15%(J) ;\u00b110%(K)<\/td>\n<\/tr>\n<\/tbody>\n<\/table>","protected":false},"featured_media":1812,"comment_status":"open","ping_status":"closed","template":"","meta":[],"product_brand":[],"product_cat":[40],"product_tag":[],"class_list":{"0":"post-1811","1":"product","2":"type-product","3":"status-publish","4":"has-post-thumbnail","6":"product_cat-snubber-capacitor","8":"first","9":"instock","10":"shipping-taxable","11":"product-type-simple"},"_links":{"self":[{"href":"https:\/\/rf-capacitor.com\/es\/wp-json\/wp\/v2\/product\/1811","targetHints":{"allow":["GET"]}}],"collection":[{"href":"https:\/\/rf-capacitor.com\/es\/wp-json\/wp\/v2\/product"}],"about":[{"href":"https:\/\/rf-capacitor.com\/es\/wp-json\/wp\/v2\/types\/product"}],"replies":[{"embeddable":true,"href":"https:\/\/rf-capacitor.com\/es\/wp-json\/wp\/v2\/comments?post=1811"}],"wp:featuredmedia":[{"embeddable":true,"href":"https:\/\/rf-capacitor.com\/es\/wp-json\/wp\/v2\/media\/1812"}],"wp:attachment":[{"href":"https:\/\/rf-capacitor.com\/es\/wp-json\/wp\/v2\/media?parent=1811"}],"wp:term":[{"taxonomy":"product_brand","embeddable":true,"href":"https:\/\/rf-capacitor.com\/es\/wp-json\/wp\/v2\/product_brand?post=1811"},{"taxonomy":"product_cat","embeddable":true,"href":"https:\/\/rf-capacitor.com\/es\/wp-json\/wp\/v2\/product_cat?post=1811"},{"taxonomy":"product_tag","embeddable":true,"href":"https:\/\/rf-capacitor.com\/es\/wp-json\/wp\/v2\/product_tag?post=1811"}],"curies":[{"name":"wp","href":"https:\/\/api.w.org\/{rel}","templated":true}]}}