{"id":1793,"date":"2024-12-31T03:18:31","date_gmt":"2024-12-31T03:18:31","guid":{"rendered":"https:\/\/rf-capacitor.com\/?post_type=product&#038;p=1793"},"modified":"2024-12-31T03:18:31","modified_gmt":"2024-12-31T03:18:31","slug":"damping-absorption-snubber-capacitor","status":"publish","type":"product","link":"https:\/\/rf-capacitor.com\/es\/damping-absorption-snubber-capacitor\/","title":{"rendered":"Amortiguaci\u00f3n Absorci\u00f3n Amortiguador Condensador"},"content":{"rendered":"<h3 data-sourcepos=\"1:1-1:41\"><strong>Amortiguaci\u00f3n Absorci\u00f3n Amortiguador Condensadores<\/strong><\/h3>\n<ul data-sourcepos=\"3:1-24:0\">\n<li data-sourcepos=\"3:1-3:158\">\n<p data-sourcepos=\"3:3-3:158\"><strong><span class=\"citation-0 recitation\">Prop\u00f3sito:<\/span><\/strong><span class=\"citation-0 recitation citation-end-0\"> Se utiliza principalmente para suprimir los excesos de tensi\u00f3n y corriente que pueden producirse durante las operaciones de conmutaci\u00f3n en los circuitos electr\u00f3nicos de potencia.<\/span><span class=\"button-container hide-from-message-actions ng-star-inserted\"> \u00a0<\/span><\/p>\n<div class=\"container ng-tns-c362440147-135 hide\">\n<div class=\"carousel-container ng-tns-c362440147-135\"><\/div>\n<\/div>\n<\/li>\n<li data-sourcepos=\"4:1-9:0\">\n<h3 data-sourcepos=\"4:3-4:20\"><strong>C\u00f3mo funciona el condensador amortiguador de absorci\u00f3n:<\/strong><\/h3>\n<ul data-sourcepos=\"5:5-9:0\">\n<li data-sourcepos=\"5:5-5:199\"><strong><span class=\"citation-1 recitation\">Sobretensiones y sobrecorrientes:<\/span><\/strong><span class=\"citation-1 recitation citation-end-1\"> Cuando un interruptor de un circuito electr\u00f3nico de potencia se apaga, el cambio repentino de las condiciones del circuito puede provocar r\u00e1pidos transitorios de tensi\u00f3n y corriente.<\/span><span class=\"button-container hide-from-message-actions ng-star-inserted\">\u00a0<\/span>\n<div class=\"container ng-tns-c362440147-136 hide\">\n<div class=\"carousel-container ng-tns-c362440147-136\"><\/div>\n<\/div>\n<\/li>\n<li data-sourcepos=\"6:5-6:162\"><strong><span class=\"citation-2 recitation\">Circuito Snubber:<\/span><\/strong><span class=\"citation-2 recitation citation-end-2\"> Un circuito de amortiguaci\u00f3n, normalmente compuesto por una resistencia y un condensador, se conecta en paralelo con el dispositivo de conmutaci\u00f3n.<\/span><span class=\"button-container hide-from-message-actions ng-star-inserted\"> \u00a0<\/span>\n<div class=\"container ng-tns-c362440147-137 hide\">\n<div class=\"carousel-container ng-tns-c362440147-137\"><\/div>\n<\/div>\n<\/li>\n<li data-sourcepos=\"7:5-7:190\"><strong><span class=\"citation-3 recitation\">Acci\u00f3n amortiguadora:<\/span><\/strong><span class=\"citation-3 recitation citation-end-3\"> El condensador absorbe la energ\u00eda asociada al rebasamiento, \"amortiguando\" eficazmente el transitorio y evitando picos excesivos de tensi\u00f3n o corriente.<\/span><\/li>\n<li data-sourcepos=\"7:5-7:190\"><strong style=\"font-size: 14.4px;\">Absorci\u00f3n:<\/strong><span style=\"font-size: 14.4px;\"> El condensador absorbe la energ\u00eda y luego la libera gradualmente, evitando que da\u00f1e el dispositivo de conmutaci\u00f3n.<\/span><\/li>\n<\/ul>\n<\/li>\n<li data-sourcepos=\"10:1-14:0\">\n<h3 data-sourcepos=\"10:3-10:26\"><strong>Caracter\u00edsticas principales Amortiguaci\u00f3n Absorci\u00f3n Amortiguador Condensador:<\/strong><\/h3>\n<ul data-sourcepos=\"11:5-14:0\">\n<li data-sourcepos=\"11:5-11:134\"><strong><span class=\"citation-4 recitation\">ESR baja:<\/span><\/strong><span class=\"citation-4 recitation citation-end-4\"> Una resistencia en serie equivalente baja es fundamental para una absorci\u00f3n de energ\u00eda eficaz y unas p\u00e9rdidas de potencia m\u00ednimas.<\/span><span class=\"button-container hide-from-message-actions ng-star-inserted\"> \u00a0<\/span>\n<div class=\"container ng-tns-c362440147-139 hide\">\n<div class=\"carousel-container ng-tns-c362440147-139\"><\/div>\n<\/div>\n<\/li>\n<li data-sourcepos=\"12:5-12:127\"><strong><span class=\"citation-5 recitation\">Clasificaci\u00f3n de alto voltaje:<\/span><\/strong><span class=\"citation-5 recitation citation-end-5\"> Debe ser capaz de soportar los picos de tensi\u00f3n que se producen durante los transitorios de conmutaci\u00f3n.<\/span><span class=\"button-container hide-from-message-actions ng-star-inserted\"> \u00a0<\/span>\n<div class=\"container ng-tns-c362440147-140 hide\">\n<div class=\"carousel-container ng-tns-c362440147-140\"><\/div>\n<\/div>\n<\/li>\n<li data-sourcepos=\"13:5-14:0\"><strong>Respuesta r\u00e1pida:<\/strong> Debe responder con rapidez a los r\u00e1pidos cambios de tensi\u00f3n y corriente.<\/li>\n<\/ul>\n<\/li>\n<li data-sourcepos=\"15:1-18:0\">\n<h4 data-sourcepos=\"15:3-15:19\"><strong>Aplicaciones:<\/strong><\/h4>\n<ul data-sourcepos=\"16:5-18:0\">\n<li data-sourcepos=\"16:5-16:196\"><strong><span class=\"citation-6 recitation\">Electr\u00f3nica de potencia:<\/span><\/strong><span class=\"citation-6 recitation citation-end-6\"> Ampliamente utilizado en circuitos electr\u00f3nicos de potencia como inversores, convertidores y accionamientos de motores para proteger dispositivos de conmutaci\u00f3n como IGBT, MOSFET y tiristores.<\/span><span class=\"button-container hide-from-message-actions ng-star-inserted\"> \u00a0<\/span>\n<div class=\"container ng-tns-c362440147-141 hide\">\n<div class=\"carousel-container ng-tns-c362440147-141\"><\/div>\n<\/div>\n<\/li>\n<li data-sourcepos=\"17:5-18:0\"><strong>Aplicaciones de alta tensi\u00f3n:<\/strong> Se emplea en aplicaciones de alta tensi\u00f3n donde los transitorios de conmutaci\u00f3n pueden ser m\u00e1s graves.<\/li>\n<\/ul>\n<\/li>\n<li data-sourcepos=\"19:1-24:0\">\n<h4 data-sourcepos=\"19:3-19:15\"><strong>Ventajas:<\/strong><\/h4>\n<ul data-sourcepos=\"20:5-24:0\">\n<li data-sourcepos=\"20:5-20:109\"><strong><span class=\"citation-7 recitation\">P\u00e9rdidas de conmutaci\u00f3n reducidas:<\/span><\/strong><span class=\"citation-7 recitation citation-end-7\"> Minimiza las p\u00e9rdidas de potencia asociadas a las operaciones de conmutaci\u00f3n.<\/span><span class=\"button-container hide-from-message-actions ng-star-inserted\"> \u00a0<\/span>\n<div class=\"container ng-tns-c362440147-142 hide\">\n<div class=\"carousel-container ng-tns-c362440147-142\"><\/div>\n<\/div>\n<\/li>\n<li data-sourcepos=\"21:5-21:110\"><strong><span class=\"citation-8 recitation\">Fiabilidad mejorada:<\/span><\/strong><span class=\"citation-8 recitation citation-end-8\"> Protege los dispositivos de conmutaci\u00f3n de posibles da\u00f1os, alargando su vida \u00fatil.<\/span><span class=\"button-container hide-from-message-actions ng-star-inserted\"> \u00a0<\/span>\n<div class=\"container ng-tns-c362440147-143 hide\">\n<div class=\"carousel-container ng-tns-c362440147-143\"><\/div>\n<\/div>\n<\/li>\n<li data-sourcepos=\"22:5-22:156\"><strong><span class=\"citation-9 recitation\">Reducci\u00f3n de EMI\/RFI:<\/span><\/strong><span class=\"citation-9 recitation citation-end-9\"> Reduce las interferencias electromagn\u00e9ticas (EMI) y las interferencias de radiofrecuencia (RFI) generadas por los transitorios de conmutaci\u00f3n.<\/span><span class=\"button-container hide-from-message-actions ng-star-inserted\"> \u00a0<\/span>\n<div class=\"container ng-tns-c362440147-144 hide\">\n<div class=\"carousel-container ng-tns-c362440147-144\"><\/div>\n<\/div>\n<\/li>\n<li data-sourcepos=\"23:5-24:0\"><strong>Eficiencia mejorada:<\/strong> <span class=\"citation-10 recitation citation-end-10\">Al reducir las p\u00e9rdidas de conmutaci\u00f3n, los circuitos amortiguadores pueden contribuir a mejorar la eficiencia global del sistema.<\/span><span class=\"button-container hide-from-message-actions ng-star-inserted\"> \u00a0 <\/span><\/li>\n<\/ul>\n<\/li>\n<\/ul>","protected":false},"excerpt":{"rendered":"<table style=\"height: 549px;\" width=\"734\">\n<tbody>\n<tr>\n<td width=\"146\"><strong><b>Producto<\/b><\/strong>\u00a0<strong><b>Nombre:<\/b><\/strong><\/td>\n<td width=\"601\"><strong>Amortiguaci\u00f3n Absorci\u00f3n Amortiguador Condensador<\/strong><\/td>\n<\/tr>\n<tr>\n<td width=\"146\">\n<h4><strong>Breve descripci\u00f3n:<\/strong><\/h4>\n<\/td>\n<td width=\"601\">1. Los innovadores condensadores de absorci\u00f3n amortiguadora est\u00e1n dise\u00f1ados y fabricados por CRE<\/p>\n<p>2. CRE es l\u00edder en dise\u00f1o y fabricaci\u00f3n de condensadores de pel\u00edcula.<\/p>\n<p>3. Si necesita unas especificaciones de condensador de absorci\u00f3n de amortiguaci\u00f3n \u00fanicas, dir\u00edjase a nuestro centro de dise\u00f1o para obtener un condensador personalizado.<\/td>\n<\/tr>\n<tr>\n<td width=\"146\"><strong>Rango de capacitancia:<\/strong><\/td>\n<td width=\"601\">\u00a00,33\u03bcF \u00b15%<\/td>\n<\/tr>\n<tr>\n<td width=\"146\"><strong>Tensi\u00f3n nominal\uff1a<\/strong><\/td>\n<td width=\"601\">3400V.AC<\/td>\n<\/tr>\n<tr>\n<td width=\"146\"><strong>Cap.tol\uff1a<\/strong><\/td>\n<td width=\"601\">-40\u2103_85\u2103<\/td>\n<\/tr>\n<\/tbody>\n<\/table>","protected":false},"featured_media":1795,"comment_status":"open","ping_status":"closed","template":"","meta":[],"product_brand":[],"product_cat":[40],"product_tag":[],"class_list":{"0":"post-1793","1":"product","2":"type-product","3":"status-publish","4":"has-post-thumbnail","6":"product_cat-snubber-capacitor","8":"first","9":"instock","10":"shipping-taxable","11":"product-type-simple"},"_links":{"self":[{"href":"https:\/\/rf-capacitor.com\/es\/wp-json\/wp\/v2\/product\/1793","targetHints":{"allow":["GET"]}}],"collection":[{"href":"https:\/\/rf-capacitor.com\/es\/wp-json\/wp\/v2\/product"}],"about":[{"href":"https:\/\/rf-capacitor.com\/es\/wp-json\/wp\/v2\/types\/product"}],"replies":[{"embeddable":true,"href":"https:\/\/rf-capacitor.com\/es\/wp-json\/wp\/v2\/comments?post=1793"}],"wp:featuredmedia":[{"embeddable":true,"href":"https:\/\/rf-capacitor.com\/es\/wp-json\/wp\/v2\/media\/1795"}],"wp:attachment":[{"href":"https:\/\/rf-capacitor.com\/es\/wp-json\/wp\/v2\/media?parent=1793"}],"wp:term":[{"taxonomy":"product_brand","embeddable":true,"href":"https:\/\/rf-capacitor.com\/es\/wp-json\/wp\/v2\/product_brand?post=1793"},{"taxonomy":"product_cat","embeddable":true,"href":"https:\/\/rf-capacitor.com\/es\/wp-json\/wp\/v2\/product_cat?post=1793"},{"taxonomy":"product_tag","embeddable":true,"href":"https:\/\/rf-capacitor.com\/es\/wp-json\/wp\/v2\/product_tag?post=1793"}],"curies":[{"name":"wp","href":"https:\/\/api.w.org\/{rel}","templated":true}]}}