{"id":1783,"date":"2024-12-31T02:56:12","date_gmt":"2024-12-31T02:56:12","guid":{"rendered":"https:\/\/rf-capacitor.com\/?post_type=product&#038;p=1783"},"modified":"2024-12-31T02:56:12","modified_gmt":"2024-12-31T02:56:12","slug":"low-esr-ac-filter-capacitor","status":"publish","type":"product","link":"https:\/\/rf-capacitor.com\/es\/low-esr-ac-filter-capacitor\/","title":{"rendered":"Condensador de filtro de CA de baja ESR"},"content":{"rendered":"<h3 data-sourcepos=\"1:1-1:32\"><strong>Condensadores de filtro de CA de baja ESR<\/strong><\/h3>\n<ul data-sourcepos=\"3:1-17:0\">\n<li data-sourcepos=\"3:1-3:208\">\n<p data-sourcepos=\"3:3-3:208\"><strong>ESR:<\/strong> <span class=\"citation-0 recitation citation-end-0\">Significa \"resistencia serie equivalente\".<\/span> <span class=\"citation-1 recitation citation-end-1\">Representa la resistencia interna dentro del condensador, que puede causar p\u00e9rdidas de energ\u00eda y generaci\u00f3n de calor durante el funcionamiento.<\/span><span class=\"button-container hide-from-message-actions ng-star-inserted\">\u00a0<\/span><\/p>\n<div class=\"container ng-tns-c362440147-124 hide\">\n<div class=\"carousel-container ng-tns-c362440147-124\"><\/div>\n<\/div>\n<\/li>\n<li data-sourcepos=\"4:1-9:0\">\n<p data-sourcepos=\"4:3-4:105\"><strong>Importancia de la ESR baja:<\/strong> <span class=\"citation-2 recitation citation-end-2\">En las aplicaciones de filtros de CA, una ESR baja es crucial por varias razones:<\/span><span class=\"button-container hide-from-message-actions ng-star-inserted\"> \u00a0<\/span><\/p>\n<div class=\"container ng-tns-c362440147-125 hide\">\n<div class=\"carousel-container ng-tns-c362440147-125\"><\/div>\n<\/div>\n<ul data-sourcepos=\"5:5-9:0\">\n<li data-sourcepos=\"5:5-5:147\"><strong><span class=\"citation-3 recitation\">Reducci\u00f3n de las p\u00e9rdidas de energ\u00eda:<\/span><\/strong><span class=\"citation-3 recitation citation-end-3\"> Una ESR m\u00e1s baja minimiza la generaci\u00f3n de calor interno, lo que reduce las p\u00e9rdidas de potencia y mejora la eficiencia.<\/span><span class=\"button-container hide-from-message-actions ng-star-inserted\">\u00a0<\/span>\n<div class=\"container ng-tns-c362440147-126 hide\">\n<div class=\"carousel-container ng-tns-c362440147-126\"><\/div>\n<\/div>\n<\/li>\n<li data-sourcepos=\"6:5-6:186\"><strong>Mejora del rendimiento del filtrado:<\/strong> Una ESR baja permite al condensador responder m\u00e1s eficazmente a los cambios r\u00e1pidos de corriente, mejorando su capacidad para filtrar los arm\u00f3nicos de alta frecuencia.<\/li>\n<li data-sourcepos=\"7:5-7:173\"><strong>Estabilidad mejorada:<\/strong> Reduce el riesgo de problemas de resonancia en el sistema el\u00e9ctrico, que pueden producirse cuando los componentes de alta frecuencia interact\u00faan con la inductancia del sistema.<\/li>\n<li data-sourcepos=\"8:5-9:0\"><strong>Fiabilidad mejorada:<\/strong> <span class=\"citation-4 recitation citation-end-4\">La menor generaci\u00f3n de calor interno reduce la tensi\u00f3n en el condensador, alargando su vida \u00fatil.<\/span><span class=\"button-container hide-from-message-actions ng-star-inserted\"> \u00a0<\/span>\n<div class=\"container ng-tns-c362440147-127 hide\">\n<div class=\"carousel-container ng-tns-c362440147-127\"><\/div>\n<\/div>\n<\/li>\n<\/ul>\n<\/li>\n<li data-sourcepos=\"10:1-13:0\">\n<h3 data-sourcepos=\"10:3-10:19\"><strong>Tipos comunes de condensadores de filtro de CA de baja ESR:<\/strong><\/h3>\n<ul data-sourcepos=\"11:5-13:0\">\n<li data-sourcepos=\"11:5-11:130\"><strong><span class=\"citation-5 recitation\">Condensadores de pel\u00edcula de polipropileno metalizado:<\/span><\/strong><span class=\"citation-5 recitation citation-end-5\"> A menudo se prefieren por su baja ESR y su rendimiento a alta frecuencia.<\/span><span class=\"button-container hide-from-message-actions ng-star-inserted\"> \u00a0<\/span>\n<div class=\"container ng-tns-c362440147-128 hide\">\n<div class=\"carousel-container ng-tns-c362440147-128\"><\/div>\n<\/div>\n<\/li>\n<li data-sourcepos=\"12:5-13:0\"><strong>Condensadores de papel metalizado:<\/strong> Tambi\u00e9n puede ofrecer una ESR baja, especialmente en aplicaciones de mayor potencia.<\/li>\n<\/ul>\n<\/li>\n<li data-sourcepos=\"14:1-17:0\">\n<h3 data-sourcepos=\"14:3-14:19\"><strong>Aplicaciones:<\/strong><\/h3>\n<ul data-sourcepos=\"15:5-17:0\">\n<li data-sourcepos=\"15:5-15:202\"><strong>Aplicaciones de alta potencia:<\/strong> Se utiliza en equipos industriales de alta potencia, sistemas de energ\u00eda renovable y sistemas de transmisi\u00f3n y distribuci\u00f3n de energ\u00eda en los que existen corrientes elevadas y transitorios r\u00e1pidos.<\/li>\n<li data-sourcepos=\"16:5-17:0\"><strong>Aplicaciones de alta frecuencia:<\/strong> Se emplea en aplicaciones que implican conmutaci\u00f3n de alta frecuencia, como accionamientos de motores, inversores y convertidores electr\u00f3nicos de potencia.<\/li>\n<\/ul>\n<\/li>\n<\/ul>\n<p data-sourcepos=\"18:1-18:358\"><strong>En resumen:<\/strong> Los condensadores de filtro de CA de baja ESR son esenciales para garantizar un rendimiento y una fiabilidad \u00f3ptimos en aplicaciones exigentes en las que est\u00e1n presentes corrientes elevadas, transitorios r\u00e1pidos y componentes de alta frecuencia. Al minimizar la resistencia interna, estos condensadores contribuyen a mejorar la calidad de la energ\u00eda, reducir las p\u00e9rdidas de energ\u00eda y mejorar la estabilidad del sistema.<\/p>","protected":false},"excerpt":{"rendered":"<table style=\"height: 601px;\" width=\"720\">\n<tbody>\n<tr>\n<td width=\"146\"><strong><b>Producto<\/b><\/strong>\u00a0<strong><b>Nombre:<\/b><\/strong><\/td>\n<td width=\"601\"><strong>Condensador de filtro de CA de baja ESR<\/strong><\/td>\n<\/tr>\n<tr>\n<td width=\"146\">\n<h4><strong>Material diel\u00e9ctrico:<\/strong><\/h4>\n<\/td>\n<td width=\"601\">1. Caja grande de acero inoxidable<\/p>\n<p>2. alta energ\u00eda espec\u00edfica<\/p>\n<p>3. Pel\u00edcula de PP\/PU metalizada por corte ondulado que garantiza una baja autoinductancia, una alta resistencia a la rotura y una gran fiabilidad.<\/td>\n<\/tr>\n<tr>\n<td width=\"146\"><strong>Rango de capacitancia:<\/strong><\/td>\n<td width=\"601\">3*200\u03bcF \u00b15%<\/td>\n<\/tr>\n<tr>\n<td width=\"146\"><strong>Tensi\u00f3n nominal\uff1a<\/strong><\/td>\n<td width=\"601\">\u00a0450V.AC SH<\/td>\n<\/tr>\n<tr>\n<td width=\"146\"><strong>Cap.tol\uff1a<\/strong><\/td>\n<td width=\"601\">5%~+5%<\/td>\n<\/tr>\n<tr>\n<td width=\"146\"><strong>Temperatura ambiente m\u00e1xima:<\/strong><\/td>\n<td width=\"601\">\u00a0-40\u2103-85\u2103<\/td>\n<\/tr>\n<\/tbody>\n<\/table>","protected":false},"featured_media":1787,"comment_status":"open","ping_status":"closed","template":"","meta":[],"product_brand":[],"product_cat":[39],"product_tag":[],"class_list":{"0":"post-1783","1":"product","2":"type-product","3":"status-publish","4":"has-post-thumbnail","6":"product_cat-ac-filter-capacitor-1","8":"first","9":"instock","10":"shipping-taxable","11":"product-type-simple"},"_links":{"self":[{"href":"https:\/\/rf-capacitor.com\/es\/wp-json\/wp\/v2\/product\/1783","targetHints":{"allow":["GET"]}}],"collection":[{"href":"https:\/\/rf-capacitor.com\/es\/wp-json\/wp\/v2\/product"}],"about":[{"href":"https:\/\/rf-capacitor.com\/es\/wp-json\/wp\/v2\/types\/product"}],"replies":[{"embeddable":true,"href":"https:\/\/rf-capacitor.com\/es\/wp-json\/wp\/v2\/comments?post=1783"}],"wp:featuredmedia":[{"embeddable":true,"href":"https:\/\/rf-capacitor.com\/es\/wp-json\/wp\/v2\/media\/1787"}],"wp:attachment":[{"href":"https:\/\/rf-capacitor.com\/es\/wp-json\/wp\/v2\/media?parent=1783"}],"wp:term":[{"taxonomy":"product_brand","embeddable":true,"href":"https:\/\/rf-capacitor.com\/es\/wp-json\/wp\/v2\/product_brand?post=1783"},{"taxonomy":"product_cat","embeddable":true,"href":"https:\/\/rf-capacitor.com\/es\/wp-json\/wp\/v2\/product_cat?post=1783"},{"taxonomy":"product_tag","embeddable":true,"href":"https:\/\/rf-capacitor.com\/es\/wp-json\/wp\/v2\/product_tag?post=1783"}],"curies":[{"name":"wp","href":"https:\/\/api.w.org\/{rel}","templated":true}]}}