{"id":1715,"date":"2024-12-30T03:49:14","date_gmt":"2024-12-30T03:49:14","guid":{"rendered":"https:\/\/rf-capacitor.com\/?post_type=product&#038;p=1715"},"modified":"2024-12-30T03:49:14","modified_gmt":"2024-12-30T03:49:14","slug":"three-phase-ac-filter-capacitor","status":"publish","type":"product","link":"https:\/\/rf-capacitor.com\/es\/three-phase-ac-filter-capacitor\/","title":{"rendered":"Filtro trif\u00e1sico de CA Condensador"},"content":{"rendered":"<h3 data-sourcepos=\"1:1-1:36\"><strong>Filtro trif\u00e1sico de CA Condensador<\/strong><\/h3>\n<ul data-sourcepos=\"3:1-21:0\">\n<li data-sourcepos=\"3:1-3:147\">\n<p data-sourcepos=\"3:3-3:147\"><strong>Prop\u00f3sito:<\/strong> <span class=\"citation-0 recitation citation-end-0\">Dise\u00f1ado espec\u00edficamente para sistemas de alimentaci\u00f3n de CA trif\u00e1sicos con el fin de filtrar la distorsi\u00f3n arm\u00f3nica generada por cargas no lineales.<\/span><span class=\"button-container hide-from-message-actions ng-star-inserted\">\u00a0<\/span><\/p>\n<div class=\"container ng-tns-c362440147-79 hide\">\n<div class=\"carousel-container ng-tns-c362440147-79\"><\/div>\n<\/div>\n<\/li>\n<li data-sourcepos=\"4:1-10:0\">\n<h3 data-sourcepos=\"4:3-4:26\"><strong>Caracter\u00edsticas principales Condensador de filtro de CA trif\u00e1sico:<\/strong><\/h3>\n<ul data-sourcepos=\"5:5-10:0\">\n<li data-sourcepos=\"5:5-5:151\"><strong>Configuraci\u00f3n trif\u00e1sica:<\/strong> Normalmente se conectan en configuraci\u00f3n tri\u00e1ngulo o estrella para filtrar eficazmente los arm\u00f3nicos en sistemas trif\u00e1sicos.<\/li>\n<li data-sourcepos=\"6:5-6:126\"><strong>Alta potencia:<\/strong> <span class=\"citation-1 recitation citation-end-1\">Capaz de manejar las altas corrientes y tensiones presentes en los sistemas trif\u00e1sicos.<\/span><span class=\"button-container hide-from-message-actions ng-star-inserted\">\u00a0 \u00a0<\/span>\n<div class=\"container ng-tns-c362440147-80 hide\">\n<div class=\"carousel-container ng-tns-c362440147-80\"><\/div>\n<\/div>\n<\/li>\n<li data-sourcepos=\"7:5-7:78\"><strong>Impedancia baja:<\/strong> <span class=\"citation-2 recitation citation-end-2\">Minimizar las p\u00e9rdidas de energ\u00eda durante el funcionamiento.<\/span><span class=\"button-container hide-from-message-actions ng-star-inserted\">\u00a0 \u00a0<\/span>\n<div class=\"container ng-tns-c362440147-81 hide\">\n<div class=\"carousel-container ng-tns-c362440147-81\"><\/div>\n<\/div>\n<\/li>\n<li data-sourcepos=\"8:5-8:158\"><strong>Construcci\u00f3n robusta:<\/strong> Fabricados para soportar las exigencias de los sistemas de alimentaci\u00f3n trif\u00e1sicos, incluidas las tensiones m\u00e1s altas y la posibilidad de corrientes de fallo m\u00e1s elevadas.<\/li>\n<li data-sourcepos=\"9:5-10:0\"><strong>Autocuraci\u00f3n:<\/strong> <span class=\"citation-3 recitation citation-end-3\">A menudo incorporan mecanismos de autorreparaci\u00f3n para aumentar la fiabilidad y prolongar la vida \u00fatil.<\/span><span class=\"button-container hide-from-message-actions ng-star-inserted\"> \u00a0<\/span>\n<div class=\"container ng-tns-c362440147-82 hide\">\n<div class=\"carousel-container ng-tns-c362440147-82\"><\/div>\n<\/div>\n<\/li>\n<\/ul>\n<\/li>\n<li data-sourcepos=\"11:1-15:0\">\n<h3 data-sourcepos=\"11:3-11:19\"><strong>Aplicaciones Condensador de filtro de CA trif\u00e1sico:<\/strong><\/h3>\n<ul data-sourcepos=\"12:5-15:0\">\n<li data-sourcepos=\"12:5-12:158\"><strong>Industrial:<\/strong> <span class=\"citation-4 recitation citation-end-4\">Filtrado de arm\u00f3nicos generados por variadores de velocidad (VSD), convertidores electr\u00f3nicos de potencia y otros equipos industriales.<\/span><span class=\"button-container hide-from-message-actions ng-star-inserted\">\u00a0 \u00a0<\/span>\n<div class=\"container ng-tns-c362440147-83 hide\">\n<div class=\"carousel-container ng-tns-c362440147-83\"><\/div>\n<\/div>\n<\/li>\n<li data-sourcepos=\"13:5-13:140\"><strong><span class=\"citation-5 recitation\">Energ\u00edas renovables:<\/span><\/strong><span class=\"citation-5 recitation citation-end-5\"> Filtrado de arm\u00f3nicos producidos por turbinas e\u00f3licas, inversores solares y otras fuentes de energ\u00eda renovables.<\/span>\n<div class=\"container ng-tns-c362440147-84 hide\">\n<div class=\"carousel-container ng-tns-c362440147-84\"><\/div>\n<\/div>\n<\/li>\n<li data-sourcepos=\"14:5-15:0\"><strong>Transmisi\u00f3n y distribuci\u00f3n de energ\u00eda:<\/strong> Mejora de la calidad el\u00e9ctrica en sistemas trif\u00e1sicos de transmisi\u00f3n y distribuci\u00f3n.<\/li>\n<\/ul>\n<\/li>\n<li data-sourcepos=\"16:1-21:0\">\n<h3 data-sourcepos=\"16:3-16:15\"><strong>Ventajas:<\/strong><\/h3>\n<ul data-sourcepos=\"17:5-21:0\">\n<li data-sourcepos=\"17:5-17:127\"><strong>Mejora de la calidad de la energ\u00eda:<\/strong> Reducen significativamente la distorsi\u00f3n arm\u00f3nica, lo que se traduce en sistemas el\u00e9ctricos m\u00e1s estables y eficientes.<\/li>\n<li data-sourcepos=\"18:5-18:131\"><strong><span class=\"citation-6 recitation\">Reducci\u00f3n de las p\u00e9rdidas de energ\u00eda:<\/span><\/strong><span class=\"citation-6 recitation citation-end-6\"> Minimizar las p\u00e9rdidas de potencia en el sistema, reduciendo el consumo de energ\u00eda y los costes de funcionamiento.<\/span><span class=\"button-container hide-from-message-actions ng-star-inserted\">\u00a0 \u00a0<\/span>\n<div class=\"container ng-tns-c362440147-85 hide\">\n<div class=\"carousel-container ng-tns-c362440147-85\"><\/div>\n<\/div>\n<\/li>\n<li data-sourcepos=\"19:5-19:105\"><strong>Mayor vida \u00fatil de los equipos:<\/strong> Proteja los equipos sensibles de los efectos perjudiciales de los arm\u00f3nicos.<\/li>\n<li data-sourcepos=\"20:5-21:0\"><strong>Mayor fiabilidad del sistema:<\/strong> Mejorar la fiabilidad y estabilidad generales del sistema el\u00e9ctrico trif\u00e1sico.<\/li>\n<\/ul>\n<\/li>\n<\/ul>","protected":false},"excerpt":{"rendered":"<table style=\"height: 446px;\" width=\"714\">\n<tbody>\n<tr>\n<td width=\"146\"><strong><b>Producto<\/b><\/strong>\u00a0<strong><b>Nombre:<\/b><\/strong><\/td>\n<td width=\"601\"><strong>Filtro trif\u00e1sico de CA Condensador<\/strong><\/td>\n<\/tr>\n<tr>\n<td width=\"146\">\n<h4><strong>Breve descripci\u00f3n:<\/strong><\/h4>\n<\/td>\n<td width=\"601\">Envolvente met\u00e1lica de aluminio, encapsulado epoxi ign\u00edfugo (UL 94V-0) con alta corriente, gran capacidad, baja ESL y bajas p\u00e9rdidas<\/td>\n<\/tr>\n<tr>\n<td width=\"146\"><strong>Rango de capacitancia:<\/strong><\/td>\n<td width=\"601\">3\u2716\ufe0f20~3\u2716\ufe0f500UF<\/td>\n<\/tr>\n<tr>\n<td width=\"146\"><strong>Tensi\u00f3n nominal\uff1a<\/strong><\/td>\n<td width=\"601\">220-1000vac<\/td>\n<\/tr>\n<tr>\n<td width=\"146\"><strong>Estructura:\u00a0<\/strong><\/td>\n<td width=\"601\">\u00a0Estructura seca de pel\u00edcula metalizada<\/td>\n<\/tr>\n<tr>\n<td width=\"146\"><strong>Modelo de condensador:\u00a0<\/strong><\/td>\n<td width=\"601\">AKMJ-MC<\/td>\n<\/tr>\n<\/tbody>\n<\/table>","protected":false},"featured_media":1716,"comment_status":"open","ping_status":"closed","template":"","meta":[],"product_brand":[],"product_cat":[39],"product_tag":[],"class_list":{"0":"post-1715","1":"product","2":"type-product","3":"status-publish","4":"has-post-thumbnail","6":"product_cat-ac-filter-capacitor-1","8":"first","9":"instock","10":"shipping-taxable","11":"product-type-simple"},"_links":{"self":[{"href":"https:\/\/rf-capacitor.com\/es\/wp-json\/wp\/v2\/product\/1715","targetHints":{"allow":["GET"]}}],"collection":[{"href":"https:\/\/rf-capacitor.com\/es\/wp-json\/wp\/v2\/product"}],"about":[{"href":"https:\/\/rf-capacitor.com\/es\/wp-json\/wp\/v2\/types\/product"}],"replies":[{"embeddable":true,"href":"https:\/\/rf-capacitor.com\/es\/wp-json\/wp\/v2\/comments?post=1715"}],"wp:featuredmedia":[{"embeddable":true,"href":"https:\/\/rf-capacitor.com\/es\/wp-json\/wp\/v2\/media\/1716"}],"wp:attachment":[{"href":"https:\/\/rf-capacitor.com\/es\/wp-json\/wp\/v2\/media?parent=1715"}],"wp:term":[{"taxonomy":"product_brand","embeddable":true,"href":"https:\/\/rf-capacitor.com\/es\/wp-json\/wp\/v2\/product_brand?post=1715"},{"taxonomy":"product_cat","embeddable":true,"href":"https:\/\/rf-capacitor.com\/es\/wp-json\/wp\/v2\/product_cat?post=1715"},{"taxonomy":"product_tag","embeddable":true,"href":"https:\/\/rf-capacitor.com\/es\/wp-json\/wp\/v2\/product_tag?post=1715"}],"curies":[{"name":"wp","href":"https:\/\/api.w.org\/{rel}","templated":true}]}}