{"id":1709,"date":"2024-12-30T03:11:32","date_gmt":"2024-12-30T03:11:32","guid":{"rendered":"https:\/\/rf-capacitor.com\/?post_type=product&#038;p=1709"},"modified":"2024-12-30T03:11:32","modified_gmt":"2024-12-30T03:11:32","slug":"power-factor-correction-film-capacitors","status":"publish","type":"product","link":"https:\/\/rf-capacitor.com\/es\/power-factor-correction-film-capacitors\/","title":{"rendered":"Condensadores de pel\u00edcula de correcci\u00f3n del factor de potencia"},"content":{"rendered":"<h3 data-sourcepos=\"1:1-1:49\"><strong>Condensadores de pel\u00edcula de correcci\u00f3n del factor de potencia<\/strong><\/h3>\n<ul data-sourcepos=\"3:1-13:0\">\n<li data-sourcepos=\"3:1-3:94\">\n<p data-sourcepos=\"3:3-3:94\"><strong><span class=\"citation-0 recitation\">Prop\u00f3sito:<\/span><\/strong><span class=\"citation-0 recitation citation-end-0\"> Se utiliza principalmente para mejorar el factor de potencia en los sistemas el\u00e9ctricos.<\/span><span class=\"button-container hide-from-message-actions ng-star-inserted\">\u00a0<\/span><\/p>\n<div class=\"container ng-tns-c362440147-42 hide\">\n<div class=\"carousel-container ng-tns-c362440147-42\"><\/div>\n<\/div>\n<\/li>\n<li data-sourcepos=\"4:1-11:0\">\n<p data-sourcepos=\"4:3-4:21\"><strong>C\u00f3mo funcionan:<\/strong><\/p>\n<ul data-sourcepos=\"5:5-11:0\">\n<li data-sourcepos=\"5:5-5:174\"><strong>Potencia reactiva:<\/strong> <span class=\"citation-1 recitation citation-end-1\">Las cargas inductivas (como motores y transformadores) consumen potencia reactiva, que no contribuye al trabajo \u00fatil pero aumenta el flujo de corriente.<\/span><span class=\"button-container hide-from-message-actions ng-star-inserted\"> \u00a0<\/span>\n<div class=\"container ng-tns-c362440147-43 hide\">\n<div class=\"carousel-container ng-tns-c362440147-43\"><\/div>\n<\/div>\n<\/li>\n<li data-sourcepos=\"6:5-6:124\"><strong><span class=\"citation-2 recitation\">Condensadores:<\/span><\/strong><span class=\"citation-2 recitation citation-end-2\"> Proporcionan potencia reactiva adelantada, que anula la potencia reactiva retrasada de la carga.<\/span><span class=\"button-container hide-from-message-actions ng-star-inserted\"> \u00a0<\/span>\n<div class=\"container ng-tns-c362440147-44 hide\">\n<div class=\"carousel-container ng-tns-c362440147-44\"><\/div>\n<\/div>\n<\/li>\n<li data-sourcepos=\"7:5-11:0\"><strong>Factor de potencia mejorado:<\/strong> Al a\u00f1adir condensadores PFC, aumenta el factor de potencia global del sistema, lo que se traduce en:\n<ul data-sourcepos=\"8:9-11:0\">\n<li data-sourcepos=\"8:9-8:65\">Flujo de corriente reducido para la misma cantidad de potencia real.<\/li>\n<li data-sourcepos=\"9:9-9:57\"><span class=\"citation-3 recitation citation-end-3\">Menores p\u00e9rdidas de energ\u00eda en el sistema.<\/span><span class=\"button-container hide-from-message-actions ng-star-inserted\"> \u00a0<\/span>\n<div class=\"container ng-tns-c362440147-45 hide\">\n<div class=\"carousel-container ng-tns-c362440147-45\"><\/div>\n<\/div>\n<\/li>\n<li data-sourcepos=\"10:9-11:0\"><span class=\"citation-4 recitation citation-end-4\">Mejora de la estabilidad de la tensi\u00f3n.<\/span><span class=\"button-container hide-from-message-actions ng-star-inserted\">\u00a0 \u00a0<\/span><\/li>\n<li data-sourcepos=\"10:9-11:0\"><strong>Construcci\u00f3n:<\/strong> Similares a los condensadores de filtro de CA generales, suelen utilizar una pel\u00edcula de polipropileno metalizado como diel\u00e9ctrico.<\/li>\n<\/ul>\n<\/li>\n<\/ul>\n<\/li>\n<\/ul>\n<h3 data-sourcepos=\"14:1-14:17\"><strong>Caracter\u00edsticas principales Condensadores de pel\u00edcula de correcci\u00f3n del factor de potencia :<\/strong><\/h3>\n<ul data-sourcepos=\"16:1-20:0\">\n<li data-sourcepos=\"16:1-16:86\"><strong>Alta densidad de capacitancia:<\/strong> Puede alcanzar altos valores de capacitancia en un tama\u00f1o compacto.<\/li>\n<li data-sourcepos=\"17:1-17:60\"><strong>Baja p\u00e9rdida:<\/strong> M\u00ednima disipaci\u00f3n de energ\u00eda durante el funcionamiento.<\/li>\n<li data-sourcepos=\"18:1-18:80\"><strong>Autocuraci\u00f3n:<\/strong> <span class=\"citation-5 recitation citation-end-5\">Aumenta la fiabilidad y prolonga la vida \u00fatil.<\/span><span class=\"button-container hide-from-message-actions ng-star-inserted\"> \u00a0<\/span>\n<div class=\"container ng-tns-c362440147-47 hide\">\n<div class=\"carousel-container ng-tns-c362440147-47\"><\/div>\n<\/div>\n<\/li>\n<li data-sourcepos=\"19:1-20:0\"><strong>Larga vida \u00fatil:<\/strong> Dise\u00f1ado para un funcionamiento continuo en sistemas de potencia.<\/li>\n<\/ul>\n<h3 data-sourcepos=\"21:1-21:17\"><strong>Aplicaciones Condensadores de pel\u00edcula de correcci\u00f3n del factor de potencia :<\/strong><\/h3>\n<ul data-sourcepos=\"23:1-26:0\">\n<li data-sourcepos=\"23:1-23:147\"><strong><span class=\"citation-6 recitation\">Industrial:<\/span><\/strong><span class=\"citation-6 recitation citation-end-6\"> Ampliamente utilizado en instalaciones industriales para mejorar el factor de potencia de motores, transformadores y otras cargas inductivas.<\/span><span class=\"button-container hide-from-message-actions ng-star-inserted\">\u00a0<\/span>\n<div class=\"container ng-tns-c362440147-48 hide\">\n<div class=\"carousel-container ng-tns-c362440147-48\"><\/div>\n<\/div>\n<\/li>\n<li data-sourcepos=\"24:1-24:113\"><strong>Comercial:<\/strong> <span class=\"citation-7 recitation citation-end-7\">Se utiliza en edificios comerciales para reducir los costes energ\u00e9ticos y mejorar la eficiencia del sistema.<\/span><span class=\"button-container hide-from-message-actions ng-star-inserted\">\u00a0 \u00a0<\/span>\n<div class=\"container ng-tns-c362440147-49 hide\">\n<div class=\"carousel-container ng-tns-c362440147-49\"><\/div>\n<\/div>\n<\/li>\n<li data-sourcepos=\"25:1-26:0\"><strong><span class=\"citation-8 recitation\">Utilidades:<\/span><\/strong><span class=\"citation-8 recitation citation-end-8\"> Empleado por las compa\u00f1\u00edas el\u00e9ctricas para mejorar la calidad general de la red.<\/span><span class=\"button-container hide-from-message-actions ng-star-inserted\">\u00a0<\/span>\n<div class=\"container ng-tns-c362440147-50 hide\">\n<div class=\"carousel-container ng-tns-c362440147-50\"><\/div>\n<\/div>\n<\/li>\n<\/ul>\n<h3 data-sourcepos=\"27:1-27:13\"><strong>Ventajas:<\/strong><\/h3>\n<ul data-sourcepos=\"29:1-34:0\">\n<li data-sourcepos=\"29:1-29:117\"><strong>Reducci\u00f3n de los costes energ\u00e9ticos:<\/strong> El menor consumo de corriente reduce las p\u00e9rdidas de energ\u00eda en las l\u00edneas de transmisi\u00f3n y distribuci\u00f3n.<\/li>\n<li data-sourcepos=\"30:1-30:126\"><strong>Eficiencia mejorada del sistema:<\/strong> <span class=\"citation-9 recitation citation-end-9\">El aumento del factor de potencia mejora la eficiencia global de los equipos el\u00e9ctricos.<\/span><span class=\"button-container hide-from-message-actions ng-star-inserted\">\u00a0 \u00a0<\/span>\n<div class=\"container ng-tns-c362440147-51 hide\">\n<div class=\"carousel-container ng-tns-c362440147-51\"><\/div>\n<\/div>\n<\/li>\n<li data-sourcepos=\"31:1-31:131\"><strong>Mayor capacidad del sistema:<\/strong> <span class=\"citation-10 recitation citation-end-10\">La menor corriente permite aumentar el suministro de energ\u00eda sin necesidad de mejorar la infraestructura.<\/span><span class=\"button-container hide-from-message-actions ng-star-inserted\"> \u00a0<\/span>\n<div class=\"container ng-tns-c362440147-52 hide\">\n<div class=\"carousel-container ng-tns-c362440147-52\"><\/div>\n<\/div>\n<\/li>\n<li data-sourcepos=\"32:1-32:93\"><strong>Mejora de la estabilidad de la tensi\u00f3n:<\/strong> Reducci\u00f3n de las fluctuaciones de tensi\u00f3n y mejora de la estabilidad del sistema.<\/li>\n<li data-sourcepos=\"33:1-34:0\"><strong>Reducci\u00f3n del desgaste del equipo:<\/strong> Una menor corriente reduce la tensi\u00f3n en los equipos el\u00e9ctricos, alargando su vida \u00fatil.<\/li>\n<\/ul>","protected":false},"excerpt":{"rendered":"<table style=\"height: 506px;\" width=\"694\">\n<tbody>\n<tr>\n<td width=\"146\"><strong><b>Producto<\/b><\/strong>\u00a0<strong><b>Nombre:<\/b><\/strong><\/td>\n<td width=\"601\"><strong>Condensadores de pel\u00edcula de correcci\u00f3n del factor de potencia<\/strong><\/td>\n<\/tr>\n<tr>\n<td width=\"146\">\n<h4><strong>Breve descripci\u00f3n:<\/strong><\/h4>\n<\/td>\n<td width=\"601\">&nbsp;<\/p>\n<p>CRE desarroll\u00f3 este filtro de CA de pel\u00edcula de tipo seco que resolv\u00eda el problema de fallo de los filtros de CA convencionales.<\/td>\n<\/tr>\n<tr>\n<td width=\"146\"><strong>Rango de capacitancia:<\/strong><\/td>\n<td width=\"601\">\u00a03*200\u03bcF\u00b15%<\/td>\n<\/tr>\n<tr>\n<td width=\"146\"><strong>Tensi\u00f3n nominal\uff1a<\/strong><\/td>\n<td width=\"601\">450V.AC SH<\/td>\n<\/tr>\n<tr>\n<td width=\"146\"><strong>Cap.tol\uff1a<\/strong><\/td>\n<td width=\"601\">\u00a0\u00b15%\uff08J\uff09\uff1b\u00b110%\uff08K\uff09<\/td>\n<\/tr>\n<tr>\n<td width=\"146\"><strong>Modelo de condensador:\u00a0<\/strong><\/td>\n<td width=\"601\">Serie DMJ-PS<\/td>\n<\/tr>\n<\/tbody>\n<\/table>","protected":false},"featured_media":1710,"comment_status":"open","ping_status":"closed","template":"","meta":[],"product_brand":[],"product_cat":[39],"product_tag":[],"class_list":{"0":"post-1709","1":"product","2":"type-product","3":"status-publish","4":"has-post-thumbnail","6":"product_cat-ac-filter-capacitor-1","8":"first","9":"instock","10":"shipping-taxable","11":"product-type-simple"},"_links":{"self":[{"href":"https:\/\/rf-capacitor.com\/es\/wp-json\/wp\/v2\/product\/1709","targetHints":{"allow":["GET"]}}],"collection":[{"href":"https:\/\/rf-capacitor.com\/es\/wp-json\/wp\/v2\/product"}],"about":[{"href":"https:\/\/rf-capacitor.com\/es\/wp-json\/wp\/v2\/types\/product"}],"replies":[{"embeddable":true,"href":"https:\/\/rf-capacitor.com\/es\/wp-json\/wp\/v2\/comments?post=1709"}],"wp:featuredmedia":[{"embeddable":true,"href":"https:\/\/rf-capacitor.com\/es\/wp-json\/wp\/v2\/media\/1710"}],"wp:attachment":[{"href":"https:\/\/rf-capacitor.com\/es\/wp-json\/wp\/v2\/media?parent=1709"}],"wp:term":[{"taxonomy":"product_brand","embeddable":true,"href":"https:\/\/rf-capacitor.com\/es\/wp-json\/wp\/v2\/product_brand?post=1709"},{"taxonomy":"product_cat","embeddable":true,"href":"https:\/\/rf-capacitor.com\/es\/wp-json\/wp\/v2\/product_cat?post=1709"},{"taxonomy":"product_tag","embeddable":true,"href":"https:\/\/rf-capacitor.com\/es\/wp-json\/wp\/v2\/product_tag?post=1709"}],"curies":[{"name":"wp","href":"https:\/\/api.w.org\/{rel}","templated":true}]}}