{"id":1705,"date":"2024-12-30T02:28:37","date_gmt":"2024-12-30T02:28:37","guid":{"rendered":"https:\/\/rf-capacitor.com\/?post_type=product&#038;p=1705"},"modified":"2024-12-30T02:28:37","modified_gmt":"2024-12-30T02:28:37","slug":"ac-filter-metalized-film-capacitor","status":"publish","type":"product","link":"https:\/\/rf-capacitor.com\/es\/ac-filter-metalized-film-capacitor\/","title":{"rendered":"Condensador de pel\u00edcula metalizada AC Filter"},"content":{"rendered":"<h3 data-sourcepos=\"1:1-1:40\"><strong>Condensador de pel\u00edcula metalizada AC Filter<\/strong><\/h3>\n<h3 data-sourcepos=\"3:1-3:18\"><strong>\u00bfQu\u00e9 son los condensadores de pel\u00edcula metalizada con filtro de CA?<\/strong><\/h3>\n<ul data-sourcepos=\"5:1-10:0\">\n<li data-sourcepos=\"5:1-5:121\"><strong><span class=\"citation-0 recitation\">Prop\u00f3sito:<\/span><\/strong><span class=\"citation-0 recitation citation-end-0\"> Se utiliza principalmente para filtrar los arm\u00f3nicos no deseados (frecuencias distorsionadas) en los sistemas de alimentaci\u00f3n de CA.<\/span><span class=\"button-container hide-from-message-actions ng-star-inserted\"> \u00a0<\/span>\n<div class=\"container ng-tns-c362440147-19 hide\">\n<div class=\"carousel-container ng-tns-c362440147-19\"><\/div>\n<\/div>\n<\/li>\n<li data-sourcepos=\"6:1-10:0\"><strong>Construcci\u00f3n:<\/strong>\n<ul data-sourcepos=\"7:5-10:0\">\n<li data-sourcepos=\"7:5-7:90\"><strong>Diel\u00e9ctrico:<\/strong> <span class=\"citation-1 recitation citation-end-1\">Fabricado con finas capas de pel\u00edcula de polipropileno metalizado.<\/span><span class=\"button-container hide-from-message-actions ng-star-inserted\">\u00a0<\/span>\n<div class=\"container ng-tns-c362440147-20 hide\">\n<div class=\"carousel-container ng-tns-c362440147-20\"><\/div>\n<\/div>\n<\/li>\n<li data-sourcepos=\"8:5-8:135\"><strong><span class=\"citation-2 recitation\">Metalizaci\u00f3n:<\/span><\/strong><span class=\"citation-2 recitation citation-end-2\"> Se deposita una fina capa de metal (normalmente aluminio) sobre la pel\u00edcula, creando una capa conductora.<\/span><span class=\"button-container hide-from-message-actions ng-star-inserted\"> \u00a0<\/span>\n<div class=\"container ng-tns-c362440147-21 hide\">\n<div class=\"carousel-container ng-tns-c362440147-21\"><\/div>\n<\/div>\n<\/li>\n<li data-sourcepos=\"9:5-10:0\"><strong>Autocuraci\u00f3n:<\/strong> Si se produce un cortocircuito localizado, la metalizaci\u00f3n alrededor del fallo se evapora, aislando la zona y permitiendo que el condensador siga funcionando.<\/li>\n<\/ul>\n<\/li>\n<\/ul>\n<h3 data-sourcepos=\"11:1-11:17\"><strong>Caracter\u00edsticas principales AC Filter Metalized Film Capacitor:<\/strong><\/h3>\n<ul data-sourcepos=\"13:1-22:0\">\n<li data-sourcepos=\"13:1-13:99\"><strong><span class=\"citation-3 recitation\">Alta densidad de capacitancia:<\/span><\/strong><span class=\"citation-3 recitation citation-end-3\"> Puede alcanzar altos valores de capacitancia en un tama\u00f1o compacto.<\/span><span class=\"button-container hide-from-message-actions ng-star-inserted\">\u00a0<\/span>\n<div class=\"container ng-tns-c362440147-22 hide\">\n<div class=\"carousel-container ng-tns-c362440147-22\"><\/div>\n<\/div>\n<\/li>\n<li data-sourcepos=\"14:1-14:73\"><strong><span class=\"citation-4 recitation\">Baja p\u00e9rdida:<\/span><\/strong><span class=\"citation-4 recitation citation-end-4\"> M\u00ednima disipaci\u00f3n de energ\u00eda durante el funcionamiento.<\/span><span class=\"button-container hide-from-message-actions ng-star-inserted\">\u00a0 \u00a0<\/span>\n<div class=\"container ng-tns-c362440147-23 hide\">\n<div class=\"carousel-container ng-tns-c362440147-23\"><\/div>\n<\/div>\n<\/li>\n<li data-sourcepos=\"15:1-15:80\"><strong>Autocuraci\u00f3n:<\/strong> <span class=\"citation-5 recitation citation-end-5\">Aumenta la fiabilidad y prolonga la vida \u00fatil.<\/span><span class=\"button-container hide-from-message-actions ng-star-inserted\">\u00a0 \u00a0<\/span>\n<div class=\"container ng-tns-c362440147-24 hide\">\n<div class=\"carousel-container ng-tns-c362440147-24\"><\/div>\n<\/div>\n<\/li>\n<li data-sourcepos=\"16:1-16:83\"><strong><span class=\"citation-6 recitation\">Alta capacidad de corriente de pico:<\/span><\/strong><span class=\"citation-6 recitation citation-end-6\"> Soporta picos de corriente elevados.<\/span><span class=\"button-container hide-from-message-actions ng-star-inserted\"> \u00a0<\/span>\n<div class=\"container ng-tns-c362440147-25 hide\">\n<div class=\"carousel-container ng-tns-c362440147-25\"><\/div>\n<\/div>\n<\/li>\n<li data-sourcepos=\"17:1-22:0\"><strong>Amplia gama de aplicaciones:<\/strong> Adecuado para diversas aplicaciones, entre ellas:\n<ul data-sourcepos=\"18:5-22:0\">\n<li data-sourcepos=\"18:5-18:80\"><strong>Sistemas Inverter:<\/strong> Suavizar las formas de onda de salida y mejorar la eficiencia.<\/li>\n<li data-sourcepos=\"19:5-19:91\"><strong><span class=\"citation-7 recitation\">Motores:<\/span><\/strong><span class=\"citation-7 recitation citation-end-7\"> Reducci\u00f3n de los arm\u00f3nicos generados por los variadores de velocidad.<\/span>\n<div class=\"container ng-tns-c362440147-26 hide\">\n<div class=\"carousel-container ng-tns-c362440147-26\"><\/div>\n<\/div>\n<\/li>\n<li data-sourcepos=\"20:5-20:67\"><strong><span class=\"citation-8 recitation\">Cargadores de bater\u00edas:<\/span><\/strong><span class=\"citation-8 recitation citation-end-8\"> Filtrado de corrientes de rizado.<\/span><span class=\"button-container hide-from-message-actions ng-star-inserted\"> \u00a0<\/span>\n<div class=\"container ng-tns-c362440147-27 hide\">\n<div class=\"carousel-container ng-tns-c362440147-27\"><\/div>\n<\/div>\n<\/li>\n<li data-sourcepos=\"21:5-22:0\"><strong><span class=\"citation-9 recitation\">Correcci\u00f3n del factor de potencia (PFC):<\/span><\/strong><span class=\"citation-9 recitation citation-end-9\"> Mejorar la calidad de la energ\u00eda.<\/span><span class=\"button-container hide-from-message-actions ng-star-inserted\"> \u00a0<\/span>\n<div class=\"container ng-tns-c362440147-28 hide\">\n<div class=\"carousel-container ng-tns-c362440147-28\">\n<div class=\"carousel-content ng-tns-c362440147-28\">\n<div class=\"sources-carousel-source ng-tns-c362440147-28 hide ng-star-inserted\" data-test-id=\"sources-carousel-source\"><\/div>\n<\/div>\n<\/div>\n<\/div>\n<\/li>\n<\/ul>\n<\/li>\n<\/ul>\n<h3 data-sourcepos=\"23:1-23:17\"><strong>Aplicaciones Filtro de CA Condensador de pel\u00edcula metalizada:<\/strong><\/h3>\n<ul data-sourcepos=\"25:1-29:0\">\n<li data-sourcepos=\"25:1-25:99\"><strong><span class=\"citation-10 recitation\">Industrial:<\/span><\/strong><span class=\"citation-10 recitation citation-end-10\"> Correcci\u00f3n del factor de potencia, filtrado de arm\u00f3nicos en equipos industriales.<\/span><span class=\"button-container hide-from-message-actions ng-star-inserted\"> \u00a0<\/span>\n<div class=\"container ng-tns-c362440147-29 hide\">\n<div class=\"carousel-container ng-tns-c362440147-29\"><\/div>\n<\/div>\n<\/li>\n<li data-sourcepos=\"26:1-26:91\"><strong><span class=\"citation-11 recitation\">Energ\u00edas renovables:<\/span><\/strong><span class=\"citation-11 recitation citation-end-11\"> Filtrado de arm\u00f3nicos en sistemas de energ\u00eda e\u00f3lica y solar,<\/span>\n<div class=\"container ng-tns-c362440147-30 hide\">\n<div class=\"carousel-container ng-tns-c362440147-30\"><\/div>\n<\/div>\n<\/li>\n<li data-sourcepos=\"27:1-27:90\"><strong>Autom\u00f3vil:<\/strong> <span class=\"citation-12 recitation citation-end-12\">Suavizar las fluctuaciones de tensi\u00f3n en los sistemas electr\u00f3nicos.<\/span><span class=\"button-container hide-from-message-actions ng-star-inserted\">\u00a0 \u00a0<\/span>\n<div class=\"container ng-tns-c362440147-31 hide\">\n<div class=\"carousel-container ng-tns-c362440147-31\"><\/div>\n<\/div>\n<\/li>\n<li data-sourcepos=\"28:1-29:0\"><strong><span class=\"citation-13 recitation\">Electr\u00f3nica de consumo:<\/span><\/strong><span class=\"citation-13 recitation citation-end-13\"> Mejora del rendimiento de los equipos de audio y v\u00eddeo.<\/span><span class=\"button-container hide-from-message-actions ng-star-inserted\"> \u00a0<\/span>\n<div class=\"container ng-tns-c362440147-32 hide\">\n<div class=\"carousel-container ng-tns-c362440147-32\"><\/div>\n<\/div>\n<\/li>\n<\/ul>\n<h3 data-sourcepos=\"30:1-30:13\"><strong>Ventajas:<\/strong><\/h3>\n<ul data-sourcepos=\"32:1-36:0\">\n<li data-sourcepos=\"32:1-32:125\"><strong><span class=\"citation-14 recitation\">Mejora de la calidad de la energ\u00eda:<\/span><\/strong><span class=\"citation-14 recitation citation-end-14\"> Reduce la distorsi\u00f3n arm\u00f3nica, lo que se traduce en sistemas el\u00e9ctricos m\u00e1s estables y eficientes.<\/span>\n<div class=\"container ng-tns-c362440147-33 hide\">\n<div class=\"carousel-container ng-tns-c362440147-33\"><\/div>\n<\/div>\n<\/li>\n<li data-sourcepos=\"33:1-33:105\"><strong><span class=\"citation-15 recitation\">Reducci\u00f3n del consumo de energ\u00eda:<\/span><\/strong><span class=\"citation-15 recitation citation-end-15\"> Reducir la distorsi\u00f3n arm\u00f3nica puede disminuir las p\u00e9rdidas de energ\u00eda.<\/span><span class=\"button-container hide-from-message-actions ng-star-inserted\"> \u00a0<\/span>\n<div class=\"container ng-tns-c362440147-34 hide\">\n<div class=\"carousel-container ng-tns-c362440147-34\"><\/div>\n<\/div>\n<\/li>\n<li data-sourcepos=\"34:1-34:92\"><strong>Prolongaci\u00f3n de la vida \u00fatil del equipo:<\/strong> Proteger los equipos sensibles de los efectos de los arm\u00f3nicos.<\/li>\n<li data-sourcepos=\"35:1-36:0\"><strong>Mejora de la fiabilidad del sistema:<\/strong> <span class=\"citation-16 recitation citation-end-16\">La capacidad de autorreparaci\u00f3n aumenta la fiabilidad a largo plazo de los condensadores.<\/span><span class=\"button-container hide-from-message-actions ng-star-inserted\"> \u00a0 <\/span><\/li>\n<\/ul>","protected":false},"excerpt":{"rendered":"<table style=\"height: 406px;\" width=\"696\">\n<tbody>\n<tr>\n<td width=\"146\"><strong>Nombre del producto:<\/strong><\/td>\n<td width=\"601\"><strong>Condensador de pel\u00edcula metalizada AC Filter<\/strong><\/td>\n<\/tr>\n<tr>\n<td width=\"146\">\n<h4><strong>Paquete:<\/strong><\/h4>\n<\/td>\n<td width=\"601\">Envolvente met\u00e1lica de aluminio, encapsulado epoxi ign\u00edfugo (UL 94V-0) de alta corriente<\/td>\n<\/tr>\n<tr>\n<td width=\"146\"><strong>Capacidad el\u00e9ctrica:<\/strong><\/td>\n<td width=\"601\">3\u2716\ufe0f20~3\u2716\ufe0f500UF<\/td>\n<\/tr>\n<tr>\n<td width=\"146\"><strong>Tensi\u00f3n nominal\uff1a<\/strong><\/td>\n<td width=\"601\">220-1000vac<\/td>\n<\/tr>\n<tr>\n<td width=\"146\"><strong>Diel\u00e9ctrico:\u00a0<\/strong><\/td>\n<td width=\"601\">Film de polipropileno<\/td>\n<\/tr>\n<tr>\n<td width=\"146\"><strong>Estructura:<\/strong><\/td>\n<td width=\"601\">Estructura seca de pel\u00edcula metalizada<\/td>\n<\/tr>\n<\/tbody>\n<\/table>","protected":false},"featured_media":1706,"comment_status":"open","ping_status":"closed","template":"","meta":[],"product_brand":[],"product_cat":[39],"product_tag":[],"class_list":{"0":"post-1705","1":"product","2":"type-product","3":"status-publish","4":"has-post-thumbnail","6":"product_cat-ac-filter-capacitor-1","8":"first","9":"instock","10":"shipping-taxable","11":"product-type-simple"},"_links":{"self":[{"href":"https:\/\/rf-capacitor.com\/es\/wp-json\/wp\/v2\/product\/1705","targetHints":{"allow":["GET"]}}],"collection":[{"href":"https:\/\/rf-capacitor.com\/es\/wp-json\/wp\/v2\/product"}],"about":[{"href":"https:\/\/rf-capacitor.com\/es\/wp-json\/wp\/v2\/types\/product"}],"replies":[{"embeddable":true,"href":"https:\/\/rf-capacitor.com\/es\/wp-json\/wp\/v2\/comments?post=1705"}],"wp:featuredmedia":[{"embeddable":true,"href":"https:\/\/rf-capacitor.com\/es\/wp-json\/wp\/v2\/media\/1706"}],"wp:attachment":[{"href":"https:\/\/rf-capacitor.com\/es\/wp-json\/wp\/v2\/media?parent=1705"}],"wp:term":[{"taxonomy":"product_brand","embeddable":true,"href":"https:\/\/rf-capacitor.com\/es\/wp-json\/wp\/v2\/product_brand?post=1705"},{"taxonomy":"product_cat","embeddable":true,"href":"https:\/\/rf-capacitor.com\/es\/wp-json\/wp\/v2\/product_cat?post=1705"},{"taxonomy":"product_tag","embeddable":true,"href":"https:\/\/rf-capacitor.com\/es\/wp-json\/wp\/v2\/product_tag?post=1705"}],"curies":[{"name":"wp","href":"https:\/\/api.w.org\/{rel}","templated":true}]}}