{"id":1702,"date":"2024-12-30T01:56:26","date_gmt":"2024-12-30T01:56:26","guid":{"rendered":"https:\/\/rf-capacitor.com\/?post_type=product&#038;p=1702"},"modified":"2024-12-30T01:56:26","modified_gmt":"2024-12-30T01:56:26","slug":"ac-power-capacitor","status":"publish","type":"product","link":"https:\/\/rf-capacitor.com\/es\/ac-power-capacitor\/","title":{"rendered":"Condensador de corriente alterna"},"content":{"rendered":"<h3 data-sourcepos=\"1:1-1:33\"><strong>Condensadores de potencia de CA: Introducci\u00f3n<\/strong><\/h3>\n<p data-sourcepos=\"3:1-3:275\">Un condensador de potencia de CA es un tipo especializado de condensador dise\u00f1ado para su uso en sistemas de potencia el\u00e9ctrica de corriente alterna (CA). Se emplean principalmente para <strong>correcci\u00f3n del factor de potencia<\/strong>una t\u00e9cnica destinada a mejorar la eficacia y la estabilidad de la red el\u00e9ctrica.<\/p>\n<h3 data-sourcepos=\"3:1-3:275\"><strong>C\u00f3mo funcionan<\/strong><\/h3>\n<ul data-sourcepos=\"7:1-10:0\">\n<li data-sourcepos=\"7:1-7:211\"><strong>Reactancia capacitiva:<\/strong> Los condensadores presentan una propiedad denominada reactancia capacitiva, que se opone al flujo de corriente alterna. Esta reactancia es inversamente proporcional a la frecuencia de la se\u00f1al de corriente alterna.<\/li>\n<li data-sourcepos=\"7:1-7:211\"><strong>Corriente principal:<\/strong> Cuando se conecta a un circuito de corriente alterna, un condensador genera una corriente de adelanto, es decir, la forma de onda de la corriente adelanta en 90 grados a la forma de onda de la tensi\u00f3n.<\/li>\n<li data-sourcepos=\"9:1-10:0\"><strong>Correcci\u00f3n del factor de potencia:<\/strong> En muchas aplicaciones industriales y comerciales, las cargas el\u00e9ctricas son principalmente inductivas (por ejemplo, motores, transformadores). Las cargas inductivas hacen que la corriente vaya por detr\u00e1s de la tensi\u00f3n, lo que provoca un factor de potencia deficiente. Al introducir reactancia capacitiva en el sistema, los condensadores de corriente alterna pueden compensar el retraso de la corriente, acercando el factor de potencia a la unidad (1).<\/li>\n<\/ul>\n<h3 data-sourcepos=\"11:1-11:41\"><strong>Ventajas del uso de condensadores de corriente alterna<\/strong><\/h3>\n<ul data-sourcepos=\"13:1-17:0\">\n<li data-sourcepos=\"13:1-13:195\"><strong>Reducci\u00f3n de las p\u00e9rdidas de energ\u00eda:<\/strong> Un factor de potencia bajo provoca un aumento de las p\u00e9rdidas de energ\u00eda en el sistema el\u00e9ctrico. La correcci\u00f3n del factor de potencia minimiza estas p\u00e9rdidas, lo que supone un importante ahorro de energ\u00eda.<\/li>\n<li data-sourcepos=\"14:1-14:140\"><strong>Regulaci\u00f3n de tensi\u00f3n mejorada:<\/strong> Al reducir las fluctuaciones de corriente, los condensadores ayudan a mantener un nivel de tensi\u00f3n m\u00e1s estable en todo el sistema.<\/li>\n<li data-sourcepos=\"15:1-15:140\"><strong>Mayor capacidad del sistema:<\/strong> Un factor de potencia m\u00e1s elevado permite transmitir m\u00e1s energ\u00eda a trav\u00e9s de la infraestructura el\u00e9ctrica existente.<\/li>\n<li data-sourcepos=\"15:1-15:140\"><strong>Reducci\u00f3n del estr\u00e9s de los equipos:<\/strong> La mejora de la calidad de la energ\u00eda reduce la tensi\u00f3n en los equipos el\u00e9ctricos, alargando su vida \u00fatil.<\/li>\n<\/ul>\n<h3 data-sourcepos=\"18:1-18:16\"><strong>Aplicaciones<\/strong><\/h3>\n<p data-sourcepos=\"20:1-20:71\">Los condensadores de corriente alterna tienen un uso muy extendido en diversos \u00e1mbitos, entre ellos:<\/p>\n<ul data-sourcepos=\"22:1-25:0\">\n<li data-sourcepos=\"22:1-22:121\"><strong>Instalaciones industriales:<\/strong> Las f\u00e1bricas, plantas de fabricaci\u00f3n y otros emplazamientos industriales suelen tener cargas inductivas elevadas.<\/li>\n<li data-sourcepos=\"23:1-23:132\"><strong>Edificios comerciales:<\/strong> Los grandes edificios comerciales con una demanda el\u00e9ctrica importante pueden beneficiarse de la correcci\u00f3n del factor de potencia.<\/li>\n<li data-sourcepos=\"24:1-25:0\"><strong>Subestaciones el\u00e9ctricas:<\/strong> Las compa\u00f1\u00edas el\u00e9ctricas utilizan condensadores en las subestaciones para mejorar la calidad general de la red.<\/li>\n<\/ul>\n<h3 data-sourcepos=\"26:1-26:22\"><strong>Consideraciones clave<\/strong><\/h3>\n<ul data-sourcepos=\"28:1-31:0\">\n<li data-sourcepos=\"28:1-28:191\"><strong>Capacidad del condensador:<\/strong> La selecci\u00f3n del condensador adecuado es crucial para una correcci\u00f3n eficaz del factor de potencia. Hay que tener en cuenta factores como la tensi\u00f3n, la corriente y la frecuencia del sistema.<\/li>\n<li data-sourcepos=\"29:1-29:135\"><strong>Seguridad:<\/strong> La instalaci\u00f3n y el mantenimiento adecuados de los condensadores de corriente alterna son esenciales para garantizar la seguridad y evitar riesgos el\u00e9ctricos.<\/li>\n<li data-sourcepos=\"30:1-31:0\"><strong>Arm\u00f3nicos:<\/strong> En algunos casos, los condensadores pueden introducir distorsi\u00f3n arm\u00f3nica en el sistema el\u00e9ctrico. Un dise\u00f1o y filtrado cuidadosos pueden mitigar este problema.<\/li>\n<\/ul>","protected":false},"excerpt":{"rendered":"<table style=\"height: 493px;\" width=\"923\">\n<tbody>\n<tr>\n<td width=\"146\"><strong><b>Producto<\/b><\/strong>\u00a0<strong><b>Nombre:<\/b><\/strong><\/td>\n<td width=\"601\">Condensador de corriente alterna<\/td>\n<\/tr>\n<tr>\n<td width=\"146\">\n<h4><strong>Aplicaci\u00f3n:\u00a0<\/strong><\/h4>\n<\/td>\n<td width=\"601\">Prop\u00f3sito general, Alimentaci\u00f3n, Alta tensi\u00f3n, SAI<\/td>\n<\/tr>\n<tr>\n<td width=\"146\"><strong>Rango de capacitancia:<\/strong><\/td>\n<td width=\"601\">\u00a00,33UF~60UF<\/td>\n<\/tr>\n<tr>\n<td width=\"146\"><strong>Norma de referencia:<\/strong><\/td>\n<td width=\"601\">IEC61071;GB\/T 17702<\/td>\n<\/tr>\n<tr>\n<td width=\"146\"><strong>Uso:\u00a0<\/strong><\/td>\n<td width=\"601\">Filtro de CA<\/td>\n<\/tr>\n<tr>\n<td width=\"146\">Material de fabricaci\u00f3n:<\/td>\n<td width=\"601\">Polipropileno<\/td>\n<\/tr>\n<\/tbody>\n<\/table>","protected":false},"featured_media":1703,"comment_status":"open","ping_status":"closed","template":"","meta":[],"product_brand":[],"product_cat":[39],"product_tag":[],"class_list":{"0":"post-1702","1":"product","2":"type-product","3":"status-publish","4":"has-post-thumbnail","6":"product_cat-ac-filter-capacitor-1","8":"first","9":"instock","10":"shipping-taxable","11":"product-type-simple"},"_links":{"self":[{"href":"https:\/\/rf-capacitor.com\/es\/wp-json\/wp\/v2\/product\/1702","targetHints":{"allow":["GET"]}}],"collection":[{"href":"https:\/\/rf-capacitor.com\/es\/wp-json\/wp\/v2\/product"}],"about":[{"href":"https:\/\/rf-capacitor.com\/es\/wp-json\/wp\/v2\/types\/product"}],"replies":[{"embeddable":true,"href":"https:\/\/rf-capacitor.com\/es\/wp-json\/wp\/v2\/comments?post=1702"}],"wp:featuredmedia":[{"embeddable":true,"href":"https:\/\/rf-capacitor.com\/es\/wp-json\/wp\/v2\/media\/1703"}],"wp:attachment":[{"href":"https:\/\/rf-capacitor.com\/es\/wp-json\/wp\/v2\/media?parent=1702"}],"wp:term":[{"taxonomy":"product_brand","embeddable":true,"href":"https:\/\/rf-capacitor.com\/es\/wp-json\/wp\/v2\/product_brand?post=1702"},{"taxonomy":"product_cat","embeddable":true,"href":"https:\/\/rf-capacitor.com\/es\/wp-json\/wp\/v2\/product_cat?post=1702"},{"taxonomy":"product_tag","embeddable":true,"href":"https:\/\/rf-capacitor.com\/es\/wp-json\/wp\/v2\/product_tag?post=1702"}],"curies":[{"name":"wp","href":"https:\/\/api.w.org\/{rel}","templated":true}]}}