{"id":1674,"date":"2024-12-27T03:45:28","date_gmt":"2024-12-27T03:45:28","guid":{"rendered":"https:\/\/rf-capacitor.com\/?post_type=product&#038;p=1674"},"modified":"2024-12-27T03:45:28","modified_gmt":"2024-12-27T03:45:28","slug":"power-film-capacitor","status":"publish","type":"product","link":"https:\/\/rf-capacitor.com\/es\/power-film-capacitor\/","title":{"rendered":"Condensador de pel\u00edcula de potencia"},"content":{"rendered":"<h3 data-sourcepos=\"1:1-1:25\"><strong>Condensadores de potencia<\/strong><\/h3>\n<p data-sourcepos=\"3:1-3:291\"><span class=\"citation-0 recitation citation-end-0\">Los condensadores de pel\u00edcula de potencia son un tipo especializado de condensador de pel\u00edcula dise\u00f1ado para aplicaciones de alta potencia.<\/span> <span class=\"citation-1 recitation citation-end-1\">Se construyen utilizando finas pel\u00edculas de materiales diel\u00e9ctricos, como polipropileno, poli\u00e9ster o pel\u00edcula metalizada, intercaladas entre electrodos conductores.<\/span><span class=\"button-container hide-from-message-actions ng-star-inserted\">\u00a0<\/span><\/p>\n<h3 data-sourcepos=\"5:1-5:24\"><strong>Caracter\u00edsticas clave:<\/strong><\/h3>\n<ul data-sourcepos=\"7:1-12:0\">\n<li data-sourcepos=\"7:1-7:123\"><strong>Alta potencia:<\/strong> <span class=\"citation-2 recitation citation-end-2\">Capaz de manejar altas corrientes y altos niveles de potencia sin p\u00e9rdidas significativas.<\/span><span class=\"button-container hide-from-message-actions ng-star-inserted\">\u00a0 \u00a0<\/span>\n<div class=\"container ng-tns-c362440147-107 hide\">\n<div class=\"carousel-container ng-tns-c362440147-107\"><\/div>\n<\/div>\n<\/li>\n<li data-sourcepos=\"8:1-8:135\"><strong><span class=\"citation-3 recitation\">Baja ESR (resistencia serie equivalente):<\/span><\/strong> La baja resistencia interna minimiza la disipaci\u00f3n de energ\u00eda y mejora la eficiencia.<span class=\"button-container hide-from-message-actions ng-star-inserted\">\u00a0 \u00a0<\/span>\n<div class=\"container ng-tns-c362440147-108 hide\">\n<div class=\"carousel-container ng-tns-c362440147-108\"><\/div>\n<\/div>\n<\/li>\n<li data-sourcepos=\"9:1-9:133\"><strong><span class=\"citation-4 recitation\">Alta capacidad de corriente de rizado:<\/span><\/strong><span class=\"citation-4 recitation citation-end-4\"> Puede soportar elevadas corrientes de rizado, habituales en los circuitos electr\u00f3nicos de potencia.<\/span>\n<div class=\"container ng-tns-c362440147-109 hide\">\n<div class=\"carousel-container ng-tns-c362440147-109\"><\/div>\n<\/div>\n<\/li>\n<li data-sourcepos=\"10:1-10:123\"><strong>Tama\u00f1o compacto:<\/strong> <span class=\"citation-5 recitation citation-end-5\">Suelen estar disponibles en tama\u00f1os compactos, lo que las hace adecuadas para aplicaciones con limitaciones de espacio.<\/span><span class=\"button-container hide-from-message-actions ng-star-inserted\">\u00a0\u00a0<\/span>\n<div class=\"container ng-tns-c362440147-110 hide\">\n<div class=\"carousel-container ng-tns-c362440147-110\"><\/div>\n<\/div>\n<\/li>\n<li data-sourcepos=\"11:1-12:0\"><strong><span class=\"citation-6 recitation\">Larga vida \u00fatil:<\/span><\/strong><span class=\"citation-6 recitation citation-end-6\"> Dise\u00f1ado para un funcionamiento prolongado en aplicaciones de potencia exigentes.<\/span><span class=\"button-container hide-from-message-actions ng-star-inserted\"> \u00a0<\/span>\n<div class=\"container ng-tns-c362440147-111 hide\">\n<div class=\"carousel-container ng-tns-c362440147-111\"><\/div>\n<\/div>\n<\/li>\n<\/ul>\n<h3 data-sourcepos=\"13:1-13:24\"><strong>Aplicaciones comunes:<\/strong><\/h3>\n<ul data-sourcepos=\"15:1-20:0\">\n<li data-sourcepos=\"15:1-15:170\"><strong>Fuentes de alimentaci\u00f3n:<\/strong> <span class=\"citation-7 recitation citation-end-7\">Se utiliza en fuentes de alimentaci\u00f3n de diversos dispositivos electr\u00f3nicos, como equipos industriales, sistemas de energ\u00edas renovables y veh\u00edculos el\u00e9ctricos.<\/span><span class=\"button-container hide-from-message-actions ng-star-inserted\"> \u00a0<\/span>\n<div class=\"container ng-tns-c362440147-112 hide\">\n<div class=\"carousel-container ng-tns-c362440147-112\"><\/div>\n<\/div>\n<\/li>\n<li data-sourcepos=\"16:1-16:110\"><strong><span class=\"citation-8 recitation\">Motores:<\/span><\/strong><span class=\"citation-8 recitation citation-end-8\"> Se emplea en sistemas de accionamiento de motores para filtrar, suavizar y almacenar energ\u00eda.<\/span><span class=\"button-container hide-from-message-actions ng-star-inserted\">\u00a0 \u00a0<\/span>\n<div class=\"container ng-tns-c362440147-113 hide\">\n<div class=\"carousel-container ng-tns-c362440147-113\"><\/div>\n<\/div>\n<\/li>\n<li data-sourcepos=\"17:1-17:110\"><strong><span class=\"citation-9 recitation\">Correcci\u00f3n del factor de potencia:<\/span><\/strong><span class=\"citation-9 recitation citation-end-9\"> Se utiliza en circuitos de correcci\u00f3n del factor de potencia para mejorar la calidad de la energ\u00eda.<\/span><span class=\"button-container hide-from-message-actions ng-star-inserted\">\u00a0 \u00a0<\/span>\n<div class=\"container ng-tns-c362440147-114 hide\">\n<div class=\"carousel-container ng-tns-c362440147-114\"><\/div>\n<\/div>\n<\/li>\n<li data-sourcepos=\"18:1-18:75\"><strong>Inversores:<\/strong> Se utiliza en inversores para convertir la corriente continua en alterna.<\/li>\n<li data-sourcepos=\"19:1-20:0\"><strong><span class=\"citation-10 recitation\">Circuitos resonantes:<\/span><\/strong><span class=\"citation-10 recitation citation-end-10\"> Se emplea en circuitos resonantes para aplicaciones como el calentamiento por inducci\u00f3n y la generaci\u00f3n de plasma.<\/span><span class=\"button-container hide-from-message-actions ng-star-inserted\"> \u00a0 <\/span><\/li>\n<\/ul>","protected":false},"excerpt":{"rendered":"<table style=\"height: 437px;\" width=\"726\">\n<tbody>\n<tr>\n<td width=\"146\"><strong><b>Producto<\/b><\/strong>\u00a0<strong><b>Nombre:<\/b><\/strong><\/td>\n<td width=\"601\"><strong>Condensador de pel\u00edcula de potencia<\/strong><\/td>\n<\/tr>\n<tr>\n<td width=\"146\">\n<h4><strong>Breve descripci\u00f3n:<\/strong><\/h4>\n<\/td>\n<td width=\"601\">Los condensadores de pel\u00edcula para desfibriladores est\u00e1n dise\u00f1ados espec\u00edficamente para satisfacer las exigencias de fiabilidad de un dispositivo m\u00e9dico de Clase III.<\/td>\n<\/tr>\n<tr>\n<td width=\"146\"><strong>Rango de capacitancia:<\/strong><\/td>\n<td width=\"601\">32\u00b5F a 500 \u00b5F<\/td>\n<\/tr>\n<tr>\n<td width=\"146\"><strong>Tensi\u00f3n nominal\uff1a<\/strong><\/td>\n<td width=\"601\">800 VDC a 6000 VDC<\/td>\n<\/tr>\n<tr>\n<td width=\"146\"><strong>Cap.tol\uff1a<\/strong><\/td>\n<td width=\"601\">+70 a -45\u2103<\/td>\n<\/tr>\n<\/tbody>\n<\/table>","protected":false},"featured_media":1676,"comment_status":"open","ping_status":"closed","template":"","meta":[],"product_brand":[],"product_cat":[38],"product_tag":[],"class_list":{"0":"post-1674","1":"product","2":"type-product","3":"status-publish","4":"has-post-thumbnail","6":"product_cat-dc-capacitor-2","8":"first","9":"instock","10":"shipping-taxable","11":"product-type-simple"},"_links":{"self":[{"href":"https:\/\/rf-capacitor.com\/es\/wp-json\/wp\/v2\/product\/1674","targetHints":{"allow":["GET"]}}],"collection":[{"href":"https:\/\/rf-capacitor.com\/es\/wp-json\/wp\/v2\/product"}],"about":[{"href":"https:\/\/rf-capacitor.com\/es\/wp-json\/wp\/v2\/types\/product"}],"replies":[{"embeddable":true,"href":"https:\/\/rf-capacitor.com\/es\/wp-json\/wp\/v2\/comments?post=1674"}],"wp:featuredmedia":[{"embeddable":true,"href":"https:\/\/rf-capacitor.com\/es\/wp-json\/wp\/v2\/media\/1676"}],"wp:attachment":[{"href":"https:\/\/rf-capacitor.com\/es\/wp-json\/wp\/v2\/media?parent=1674"}],"wp:term":[{"taxonomy":"product_brand","embeddable":true,"href":"https:\/\/rf-capacitor.com\/es\/wp-json\/wp\/v2\/product_brand?post=1674"},{"taxonomy":"product_cat","embeddable":true,"href":"https:\/\/rf-capacitor.com\/es\/wp-json\/wp\/v2\/product_cat?post=1674"},{"taxonomy":"product_tag","embeddable":true,"href":"https:\/\/rf-capacitor.com\/es\/wp-json\/wp\/v2\/product_tag?post=1674"}],"curies":[{"name":"wp","href":"https:\/\/api.w.org\/{rel}","templated":true}]}}