{"id":1666,"date":"2024-12-27T03:40:14","date_gmt":"2024-12-27T03:40:14","guid":{"rendered":"https:\/\/rf-capacitor.com\/?post_type=product&#038;p=1666"},"modified":"2024-12-31T03:26:01","modified_gmt":"2024-12-31T03:26:01","slug":"polyester-film-capacitor","status":"publish","type":"product","link":"https:\/\/rf-capacitor.com\/es\/polyester-film-capacitor\/","title":{"rendered":"Condensador de pel\u00edcula de poli\u00e9ster"},"content":{"rendered":"<h3 data-sourcepos=\"1:1-1:29\"><strong>Condensadores de pel\u00edcula de poli\u00e9ster<\/strong><\/h3>\n<p data-sourcepos=\"3:1-3:312\"><span class=\"citation-0 recitation citation-end-0\">Los condensadores de pel\u00edcula de poli\u00e9ster son un tipo com\u00fan de condensador de pel\u00edcula que utiliza pel\u00edcula de poli\u00e9ster como material diel\u00e9ctrico entre las placas conductoras.<\/span> <span class=\"citation-1 recitation citation-end-1\">Son conocidos por su buena estabilidad, fiabilidad y rentabilidad, lo que hace que se utilicen ampliamente en diversas aplicaciones electr\u00f3nicas.<\/span><span class=\"button-container hide-from-message-actions ng-star-inserted\">\u00a0<\/span><\/p>\n<h3 data-sourcepos=\"5:1-5:24\"><strong>Caracter\u00edsticas clave:<\/strong><\/h3>\n<ul data-sourcepos=\"7:1-13:0\">\n<li data-sourcepos=\"7:1-7:90\"><strong><span class=\"citation-2 recitation\">Material diel\u00e9ctrico:<\/span><\/strong><span class=\"citation-2 recitation citation-end-2\"> Pel\u00edcula de poli\u00e9ster (tereftalato de polietileno o PET)<\/span><span class=\"button-container hide-from-message-actions ng-star-inserted\"> \u00a0<\/span>\n<div class=\"container ng-tns-c362440147-92 hide\">\n<div class=\"carousel-container ng-tns-c362440147-92\"><\/div>\n<\/div>\n<\/li>\n<li data-sourcepos=\"8:1-8:104\"><strong>Buena estabilidad:<\/strong> <span class=\"citation-3 recitation citation-end-3\">Presentan una excelente estabilidad de la capacitancia con la temperatura y el tiempo.<\/span><span class=\"button-container hide-from-message-actions ng-star-inserted\"> \u00a0<\/span>\n<div class=\"container ng-tns-c362440147-93 hide\">\n<div class=\"carousel-container ng-tns-c362440147-93\"><\/div>\n<\/div>\n<\/li>\n<li data-sourcepos=\"9:1-9:189\"><strong><span class=\"citation-4 recitation\">Propiedades autocurativas:<\/span><\/strong><span class=\"citation-4 recitation citation-end-4\"> Poseen intr\u00ednsecamente propiedades de autocuraci\u00f3n, en las que las aver\u00edas diel\u00e9ctricas localizadas se reparan autom\u00e1ticamente, alargando la vida \u00fatil del condensador.<\/span>\n<div class=\"container ng-tns-c362440147-94 hide\">\n<div class=\"carousel-container ng-tns-c362440147-94\"><\/div>\n<\/div>\n<\/li>\n<li data-sourcepos=\"10:1-10:140\"><strong><span class=\"citation-5 recitation\">Amplia gama de valores de capacitancia:<\/span><\/strong><span class=\"citation-5 recitation citation-end-5\"> Disponible en una amplia gama de valores de capacitancia para adaptarse a los distintos requisitos de los circuitos.<\/span><span class=\"button-container hide-from-message-actions ng-star-inserted\"> \u00a0<\/span>\n<div class=\"container ng-tns-c362440147-95 hide\">\n<div class=\"carousel-container ng-tns-c362440147-95\"><\/div>\n<\/div>\n<\/li>\n<li data-sourcepos=\"11:1-11:109\"><strong>Rentable:<\/strong> <span class=\"citation-6 recitation citation-end-6\">Generalmente m\u00e1s asequibles en comparaci\u00f3n con otros tipos de condensadores de pel\u00edcula.<\/span><span class=\"button-container hide-from-message-actions ng-star-inserted\"> \u00a0<\/span>\n<div class=\"container ng-tns-c362440147-96 hide\">\n<div class=\"carousel-container ng-tns-c362440147-96\"><\/div>\n<\/div>\n<\/li>\n<li data-sourcepos=\"12:1-13:0\"><strong>Tensi\u00f3n nominal moderada:<\/strong> Suelen tener valores nominales de tensi\u00f3n moderados en comparaci\u00f3n con los condensadores de pel\u00edcula de alta tensi\u00f3n.<\/li>\n<\/ul>\n<h3 data-sourcepos=\"14:1-14:24\"><strong>Aplicaciones comunes:<\/strong><\/h3>\n<ul data-sourcepos=\"16:1-20:0\">\n<li data-sourcepos=\"16:1-16:128\"><strong>Acoplamiento y desacoplamiento:<\/strong> Se utiliza para aislar la polarizaci\u00f3n de CC y filtrar las se\u00f1ales de CA en circuitos amplificadores y otros sistemas electr\u00f3nicos.<\/li>\n<li data-sourcepos=\"17:1-17:96\"><strong><span class=\"citation-7 recitation\">Circuitos de temporizaci\u00f3n:<\/span><\/strong><span class=\"citation-7 recitation citation-end-7\"> Se emplea en circuitos de temporizaci\u00f3n, como osciladores y temporizadores.<\/span><span class=\"button-container hide-from-message-actions ng-star-inserted\"> \u00a0<\/span>\n<div class=\"container ng-tns-c362440147-97 hide\">\n<div class=\"carousel-container ng-tns-c362440147-97\"><\/div>\n<\/div>\n<\/li>\n<li data-sourcepos=\"18:1-18:97\"><strong>Fuentes de alimentaci\u00f3n:<\/strong> <span class=\"citation-8 recitation citation-end-8\">Se utiliza en circuitos de alimentaci\u00f3n para filtrar y suavizar.<\/span><span class=\"button-container hide-from-message-actions ng-star-inserted\">\u00a0<\/span>\n<div class=\"container ng-tns-c362440147-98 hide\">\n<div class=\"carousel-container ng-tns-c362440147-98\"><\/div>\n<\/div>\n<\/li>\n<li data-sourcepos=\"19:1-20:0\"><strong>Aplicaciones de uso general:<\/strong> <span class=\"citation-9 recitation citation-end-9\">Adecuado para una amplia gama de aplicaciones de uso general en las que se requiere una buena estabilidad y fiabilidad.<\/span><span class=\"button-container hide-from-message-actions ng-star-inserted\"> \u00a0 <\/span><\/li>\n<\/ul>","protected":false},"excerpt":{"rendered":"<table style=\"height: 436px;\" width=\"725\">\n<tbody>\n<tr>\n<td width=\"146\"><strong><b>Producto<\/b><\/strong>\u00a0<strong><b>Nombre:<\/b><\/strong><\/td>\n<td width=\"601\"><strong>Condensador de pel\u00edcula de poli\u00e9ster<\/strong><\/td>\n<\/tr>\n<tr>\n<td width=\"146\">\n<h4><strong>Breve descripci\u00f3n:<\/strong><\/h4>\n<\/td>\n<td width=\"601\">Desfibrilador externo;<br \/>\nAplicaciones de potencia de impulsos;<\/td>\n<\/tr>\n<tr>\n<td width=\"146\"><strong>Rango de capacitancia:<\/strong><\/td>\n<td width=\"601\">32\u03bcF~200\u03bcF<\/td>\n<\/tr>\n<tr>\n<td width=\"146\"><strong>Tensi\u00f3n nominal\uff1a<\/strong><\/td>\n<td width=\"601\">1500V.C.C. - 5000V.C.C.<\/td>\n<\/tr>\n<tr>\n<td width=\"146\"><strong>Cap.tol\uff1a<\/strong><\/td>\n<td width=\"601\">\u00a0\u00b15%(J);\u00b110%(K)<\/td>\n<\/tr>\n<\/tbody>\n<\/table>","protected":false},"featured_media":1806,"comment_status":"open","ping_status":"closed","template":"","meta":[],"product_brand":[],"product_cat":[38],"product_tag":[],"class_list":{"0":"post-1666","1":"product","2":"type-product","3":"status-publish","4":"has-post-thumbnail","6":"product_cat-dc-capacitor-2","8":"first","9":"instock","10":"shipping-taxable","11":"product-type-simple"},"_links":{"self":[{"href":"https:\/\/rf-capacitor.com\/es\/wp-json\/wp\/v2\/product\/1666","targetHints":{"allow":["GET"]}}],"collection":[{"href":"https:\/\/rf-capacitor.com\/es\/wp-json\/wp\/v2\/product"}],"about":[{"href":"https:\/\/rf-capacitor.com\/es\/wp-json\/wp\/v2\/types\/product"}],"replies":[{"embeddable":true,"href":"https:\/\/rf-capacitor.com\/es\/wp-json\/wp\/v2\/comments?post=1666"}],"wp:featuredmedia":[{"embeddable":true,"href":"https:\/\/rf-capacitor.com\/es\/wp-json\/wp\/v2\/media\/1806"}],"wp:attachment":[{"href":"https:\/\/rf-capacitor.com\/es\/wp-json\/wp\/v2\/media?parent=1666"}],"wp:term":[{"taxonomy":"product_brand","embeddable":true,"href":"https:\/\/rf-capacitor.com\/es\/wp-json\/wp\/v2\/product_brand?post=1666"},{"taxonomy":"product_cat","embeddable":true,"href":"https:\/\/rf-capacitor.com\/es\/wp-json\/wp\/v2\/product_cat?post=1666"},{"taxonomy":"product_tag","embeddable":true,"href":"https:\/\/rf-capacitor.com\/es\/wp-json\/wp\/v2\/product_tag?post=1666"}],"curies":[{"name":"wp","href":"https:\/\/api.w.org\/{rel}","templated":true}]}}