{"id":1649,"date":"2024-12-27T03:26:39","date_gmt":"2024-12-27T03:26:39","guid":{"rendered":"https:\/\/rf-capacitor.com\/?post_type=product&#038;p=1649"},"modified":"2024-12-27T03:26:39","modified_gmt":"2024-12-27T03:26:39","slug":"high-voltage-film-capacitor","status":"publish","type":"product","link":"https:\/\/rf-capacitor.com\/es\/high-voltage-film-capacitor\/","title":{"rendered":"Condensador de pel\u00edcula de alta tensi\u00f3n"},"content":{"rendered":"<h3 data-sourcepos=\"1:1-1:32\"><strong>Condensadores de pel\u00edcula de alta tensi\u00f3n<\/strong><\/h3>\n<p data-sourcepos=\"3:1-3:313\"><span class=\"citation-0 recitation citation-end-0\">Los condensadores de pel\u00edcula de alta tensi\u00f3n son componentes especializados dise\u00f1ados para soportar altos niveles de tensi\u00f3n manteniendo excelentes propiedades el\u00e9ctricas.<\/span> Se construyen con finas pel\u00edculas de materiales diel\u00e9ctricos, como polipropileno, poli\u00e9ster o poliestireno, intercaladas entre electrodos conductores.<span class=\"button-container hide-from-message-actions ng-star-inserted\"> \u00a0<\/span><\/p>\n<h3 data-sourcepos=\"5:1-5:24\"><strong>Caracter\u00edsticas clave:<\/strong><\/h3>\n<ul data-sourcepos=\"7:1-12:0\">\n<li data-sourcepos=\"7:1-7:106\"><strong>Clasificaci\u00f3n de alto voltaje:<\/strong> <span class=\"citation-1 recitation citation-end-1\">Capaz de soportar tensiones extremadamente altas sin averiarse.<\/span><span class=\"button-container hide-from-message-actions ng-star-inserted\"> \u00a0<\/span>\n<div class=\"container ng-tns-c362440147-70 hide\">\n<div class=\"carousel-container ng-tns-c362440147-70\"><\/div>\n<\/div>\n<\/li>\n<li data-sourcepos=\"8:1-8:109\"><strong>Baja corriente de fuga:<\/strong> M\u00ednimas fugas de corriente, lo que garantiza un almacenamiento eficaz de la energ\u00eda y una p\u00e9rdida m\u00ednima de potencia.<\/li>\n<li data-sourcepos=\"9:1-9:151\"><strong><span class=\"citation-2 recitation\">Alta resistencia al aislamiento:<\/span><\/strong><span class=\"citation-2 recitation citation-end-2\"> Excelente resistencia a las aver\u00edas el\u00e9ctricas, lo que proporciona un funcionamiento fiable en aplicaciones de alta tensi\u00f3n.<\/span><span class=\"button-container hide-from-message-actions ng-star-inserted\"> \u00a0<\/span>\n<div class=\"container ng-tns-c362440147-71 hide\">\n<div class=\"carousel-container ng-tns-c362440147-71\"><\/div>\n<\/div>\n<\/li>\n<li data-sourcepos=\"10:1-10:198\"><strong>Propiedades autocurativas:<\/strong> <span class=\"citation-3 recitation citation-end-3\">Algunos condensadores de pel\u00edcula tienen capacidad de autorreparaci\u00f3n, en la que las aver\u00edas diel\u00e9ctricas localizadas se reparan autom\u00e1ticamente, alargando la vida \u00fatil del condensador.<\/span><span class=\"button-container hide-from-message-actions ng-star-inserted\"> \u00a0<\/span>\n<div class=\"container ng-tns-c362440147-72 hide\">\n<div class=\"carousel-container ng-tns-c362440147-72\"><\/div>\n<\/div>\n<\/li>\n<li data-sourcepos=\"11:1-12:0\"><strong><span class=\"citation-4 recitation\">Amplia gama de valores de capacitancia:<\/span><\/strong><span class=\"citation-4 recitation citation-end-4\"> Disponible en varios valores de capacitancia para adaptarse a diferentes aplicaciones.<\/span><span class=\"button-container hide-from-message-actions ng-star-inserted\">\u00a0 \u00a0<\/span>\n<div class=\"container ng-tns-c362440147-73 hide\">\n<div class=\"carousel-container ng-tns-c362440147-73\"><\/div>\n<\/div>\n<\/li>\n<\/ul>\n<h4 data-sourcepos=\"13:1-13:24\"><strong>Condensador de pel\u00edcula de alta tensi\u00f3n Aplicaciones comunes:<\/strong><\/h4>\n<ul data-sourcepos=\"15:1-20:0\">\n<li data-sourcepos=\"15:1-15:157\"><strong>Fuentes de alimentaci\u00f3n de alta tensi\u00f3n:<\/strong> Se utiliza en fuentes de alimentaci\u00f3n de diversos dispositivos electr\u00f3nicos, como televisores, equipos m\u00e9dicos y maquinaria industrial.<\/li>\n<li data-sourcepos=\"16:1-16:164\"><strong><span class=\"citation-5 recitation\">Sistemas de alimentaci\u00f3n por impulsos:<\/span><\/strong><span class=\"citation-5 recitation citation-end-5\"> Se emplea en aplicaciones que requieren el almacenamiento y la liberaci\u00f3n r\u00e1pida de alta energ\u00eda, como los l\u00e1seres pulsados y los sistemas de radar.<\/span><span class=\"button-container hide-from-message-actions ng-star-inserted\"> \u00a0<\/span>\n<div class=\"container ng-tns-c362440147-74 hide\">\n<div class=\"carousel-container ng-tns-c362440147-74\"><\/div>\n<\/div>\n<\/li>\n<li data-sourcepos=\"17:1-17:100\"><strong>Motores:<\/strong> <span class=\"citation-6 recitation citation-end-6\">Se utiliza en sistemas de control de motores para filtrar y almacenar energ\u00eda.<\/span><span class=\"button-container hide-from-message-actions ng-star-inserted\">\u00a0<\/span>\n<div class=\"container ng-tns-c362440147-75 hide\">\n<div class=\"carousel-container ng-tns-c362440147-75\"><\/div>\n<\/div>\n<\/li>\n<li data-sourcepos=\"18:1-18:131\"><strong>Equipos de prueba de alta tensi\u00f3n:<\/strong> Se utiliza en equipos para comprobar las propiedades aislantes de componentes y sistemas el\u00e9ctricos.<\/li>\n<li data-sourcepos=\"19:1-20:0\"><strong>Sistemas de almacenamiento de energ\u00eda:<\/strong> Se emplea en sistemas de almacenamiento de energ\u00eda para fuentes de energ\u00eda renovables, como la solar y la e\u00f3lica.<\/li>\n<\/ul>","protected":false},"excerpt":{"rendered":"<table style=\"height: 474px;\" width=\"704\">\n<tbody>\n<tr>\n<td width=\"146\"><strong><b>Producto<\/b><\/strong>\u00a0<strong><b>Nombre:<\/b><\/strong><\/td>\n<td width=\"601\"><strong>Condensador de pel\u00edcula de alta tensi\u00f3n<\/strong><\/td>\n<\/tr>\n<tr>\n<td width=\"146\">\n<h4><strong>Breve descripci\u00f3n:<\/strong><\/h4>\n<\/td>\n<td width=\"601\">Ampliamente utilizado en diferentes tipos de equipos electr\u00f3nicos DC parte de enlace para el apoyo de CC, almacenamiento de energ\u00eda, y el filtro. por ejemplo, los sistemas de energ\u00eda e\u00f3lica y los inversores;<\/td>\n<\/tr>\n<tr>\n<td width=\"146\"><strong>Rango de capacitancia:<\/strong><\/td>\n<td width=\"601\">20\u00b5F ~ 5600\u00b5F<\/td>\n<\/tr>\n<tr>\n<td width=\"146\"><strong>Tensi\u00f3n nominal\uff1a<\/strong><\/td>\n<td width=\"601\">500 ~ 4000VDC<\/td>\n<\/tr>\n<tr>\n<td width=\"146\"><strong>Cap.tol\uff1a<\/strong><\/td>\n<td width=\"601\">\u00a0\u00a0\u00b15%\uff08J\uff09\uff1b\u00b110%\uff08K\uff09<\/td>\n<\/tr>\n<tr>\n<td width=\"146\"><\/td>\n<td width=\"601\"><\/td>\n<\/tr>\n<\/tbody>\n<\/table>","protected":false},"featured_media":1664,"comment_status":"open","ping_status":"closed","template":"","meta":[],"product_brand":[],"product_cat":[38],"product_tag":[],"class_list":{"0":"post-1649","1":"product","2":"type-product","3":"status-publish","4":"has-post-thumbnail","6":"product_cat-dc-capacitor-2","8":"first","9":"instock","10":"shipping-taxable","11":"product-type-simple"},"_links":{"self":[{"href":"https:\/\/rf-capacitor.com\/es\/wp-json\/wp\/v2\/product\/1649","targetHints":{"allow":["GET"]}}],"collection":[{"href":"https:\/\/rf-capacitor.com\/es\/wp-json\/wp\/v2\/product"}],"about":[{"href":"https:\/\/rf-capacitor.com\/es\/wp-json\/wp\/v2\/types\/product"}],"replies":[{"embeddable":true,"href":"https:\/\/rf-capacitor.com\/es\/wp-json\/wp\/v2\/comments?post=1649"}],"wp:featuredmedia":[{"embeddable":true,"href":"https:\/\/rf-capacitor.com\/es\/wp-json\/wp\/v2\/media\/1664"}],"wp:attachment":[{"href":"https:\/\/rf-capacitor.com\/es\/wp-json\/wp\/v2\/media?parent=1649"}],"wp:term":[{"taxonomy":"product_brand","embeddable":true,"href":"https:\/\/rf-capacitor.com\/es\/wp-json\/wp\/v2\/product_brand?post=1649"},{"taxonomy":"product_cat","embeddable":true,"href":"https:\/\/rf-capacitor.com\/es\/wp-json\/wp\/v2\/product_cat?post=1649"},{"taxonomy":"product_tag","embeddable":true,"href":"https:\/\/rf-capacitor.com\/es\/wp-json\/wp\/v2\/product_tag?post=1649"}],"curies":[{"name":"wp","href":"https:\/\/api.w.org\/{rel}","templated":true}]}}