{"id":1643,"date":"2024-12-27T02:32:04","date_gmt":"2024-12-27T02:32:04","guid":{"rendered":"https:\/\/rf-capacitor.com\/?post_type=product&#038;p=1643"},"modified":"2024-12-27T02:40:52","modified_gmt":"2024-12-27T02:40:52","slug":"dc-bias-capacitor","status":"publish","type":"product","link":"https:\/\/rf-capacitor.com\/es\/dc-bias-capacitor\/","title":{"rendered":"Condensador de polarizaci\u00f3n CC"},"content":{"rendered":"<p data-sourcepos=\"1:1-1:155\"><span class=\"citation-0 recitation\">A <\/span><strong><span class=\"citation-0 recitation\">Condensador de polarizaci\u00f3n CC<\/span><\/strong><span class=\"citation-0 recitation citation-end-0\"> es un condensador que se utiliza en circuitos electr\u00f3nicos para bloquear el flujo de corriente continua y permitir el paso de se\u00f1ales de corriente alterna.<\/span><span class=\"button-container hide-from-message-actions ng-star-inserted\"> \u00a0<\/span><\/p>\n<h3 data-sourcepos=\"3:1-3:23\"><strong>He aqu\u00ed un desglose:<\/strong><\/h3>\n<ul data-sourcepos=\"5:1-9:0\">\n<li data-sourcepos=\"5:1-6:225\"><strong>Bloqueando DC:<\/strong>\n<ul data-sourcepos=\"6:5-6:225\">\n<li data-sourcepos=\"6:5-6:225\"><span class=\"citation-1 recitation citation-end-1\">Los condensadores almacenan carga el\u00e9ctrica.<\/span> Cuando se aplica una tensi\u00f3n continua, el condensador se carga hasta esa tensi\u00f3n y deja de conducir. Esto impide que la corriente continua fluya por el circuito.\n<div class=\"container ng-tns-c362440147-43 hide\">\n<div class=\"carousel-container ng-tns-c362440147-43\"><\/div>\n<\/div>\n<\/li>\n<\/ul>\n<\/li>\n<li data-sourcepos=\"7:1-9:0\"><strong>Pasando AC:<\/strong>\n<ul data-sourcepos=\"8:5-9:0\">\n<li data-sourcepos=\"8:5-9:0\"><span class=\"citation-2 recitation citation-end-2\">Las se\u00f1ales de CA, por definici\u00f3n, tienen tensiones que cambian constantemente.<\/span> Esto hace que el condensador se cargue y descargue continuamente, permitiendo el paso de la se\u00f1al de CA.<span class=\"button-container hide-from-message-actions ng-star-inserted\">\u00a0<\/span>\n<div class=\"container ng-tns-c362440147-44 hide\">\n<div class=\"carousel-container ng-tns-c362440147-44\">\n<div class=\"carousel-content ng-tns-c362440147-44\">\n<div class=\"sources-carousel-source ng-tns-c362440147-44 hide ng-star-inserted\" data-test-id=\"sources-carousel-source\"><\/div>\n<\/div>\n<\/div>\n<\/div>\n<\/li>\n<\/ul>\n<\/li>\n<\/ul>\n<h3 data-sourcepos=\"10:1-10:24\"><strong>Aplicaciones comunes:<\/strong><\/h3>\n<ul data-sourcepos=\"12:1-18:0\">\n<li data-sourcepos=\"12:1-13:165\"><strong>Acoplamiento de se\u00f1ales de CA:<\/strong>\n<ul data-sourcepos=\"13:5-13:165\">\n<li data-sourcepos=\"13:5-13:165\"><span class=\"citation-3 recitation citation-end-3\">Los condensadores de polarizaci\u00f3n de CC se utilizan a menudo para acoplar se\u00f1ales de CA entre diferentes etapas de un amplificador, aislando al mismo tiempo la tensi\u00f3n de polarizaci\u00f3n de CC de cada etapa.<\/span><span class=\"button-container hide-from-message-actions ng-star-inserted\">\u00a0<\/span>\n<div class=\"container ng-tns-c362440147-45 hide\">\n<div class=\"carousel-container ng-tns-c362440147-45\">\n<div class=\"carousel-content ng-tns-c362440147-45\">\n<div class=\"sources-carousel-source ng-tns-c362440147-45 hide ng-star-inserted\" data-test-id=\"sources-carousel-source\"><\/div>\n<\/div>\n<\/div>\n<\/div>\n<\/li>\n<\/ul>\n<\/li>\n<li data-sourcepos=\"14:1-15:116\"><strong>Eliminaci\u00f3n de las compensaciones de CC:<\/strong>\n<ul data-sourcepos=\"15:5-15:116\">\n<li data-sourcepos=\"15:5-15:116\">Pueden utilizarse para eliminar cualquier desplazamiento de CC presente en una se\u00f1al de CA antes de que sea procesada por una etapa posterior.<\/li>\n<\/ul>\n<\/li>\n<li data-sourcepos=\"16:1-18:0\"><strong>Filtros de paso alto:<\/strong>\n<ul data-sourcepos=\"17:5-18:0\">\n<li data-sourcepos=\"17:5-18:0\"><span class=\"citation-4 recitation citation-end-4\">Cuando se combina con una resistencia, un condensador de polarizaci\u00f3n de CC puede formar un filtro de paso alto simple, que permite el paso de se\u00f1ales de alta frecuencia y bloquea las se\u00f1ales de baja frecuencia, incluida la CC.<\/span><span class=\"button-container hide-from-message-actions ng-star-inserted\">\u00a0<\/span>\n<div class=\"container ng-tns-c362440147-46 hide\">\n<div class=\"carousel-container ng-tns-c362440147-46\">\n<div class=\"carousel-content ng-tns-c362440147-46\">\n<div class=\"sources-carousel-source ng-tns-c362440147-46 hide ng-star-inserted\" data-test-id=\"sources-carousel-source\"><\/div>\n<\/div>\n<\/div>\n<\/div>\n<\/li>\n<\/ul>\n<\/li>\n<\/ul>\n<h3 data-sourcepos=\"19:1-19:23\"><strong>Consideraciones clave:<\/strong><\/h3>\n<ul data-sourcepos=\"21:1-24:0\">\n<li data-sourcepos=\"21:1-21:172\"><strong>Valor de capacitancia:<\/strong> El valor de la capacitancia del condensador de polarizaci\u00f3n de CC es crucial para su rendimiento. Una capacitancia mayor generalmente permitir\u00e1 el paso de frecuencias m\u00e1s bajas.<\/li>\n<li data-sourcepos=\"22:1-22:105\"><strong>Tensi\u00f3n nominal:<\/strong> El condensador debe estar dimensionado para la tensi\u00f3n m\u00e1xima que se aplicar\u00e1 a trav\u00e9s de \u00e9l.<\/li>\n<li data-sourcepos=\"23:1-24:0\"><strong>Corriente de fuga:<\/strong> La corriente de fuga del condensador puede afectar al punto de polarizaci\u00f3n de CC del circuito.<\/li>\n<\/ul>\n<h3 data-sourcepos=\"25:1-25:15\"><strong>En resumen:<\/strong><\/h3>\n<p data-sourcepos=\"27:1-27:252\">Los condensadores de polarizaci\u00f3n de CC desempe\u00f1an un papel vital en muchos circuitos electr\u00f3nicos, ya que permiten la transferencia eficaz de se\u00f1ales de CA a la vez que a\u00edslan los componentes de CC. Al comprender su funci\u00f3n y caracter\u00edsticas, los ingenieros pueden utilizarlos eficazmente en sus dise\u00f1os.<\/p>","protected":false},"excerpt":{"rendered":"<table style=\"height: 575px;\" width=\"683\">\n<tbody>\n<tr>\n<td width=\"146\"><strong><b>Producto<\/b><\/strong>\u00a0<strong><b>Nombre:<\/b><\/strong><\/td>\n<td width=\"601\">Condensador de polarizaci\u00f3n CC<\/td>\n<\/tr>\n<tr>\n<td width=\"146\">\n<h4><strong>Breve descripci\u00f3n:<\/strong><\/h4>\n<\/td>\n<td width=\"601\">Inversor de Pv, convertidor de energ\u00eda e\u00f3lica; AII tipos de convertidor de frecuencia y el inversor<br \/>\nalimentaci\u00f3n el\u00e9ctrica; coches el\u00e9ctricos e h\u00edbridos puros; pila de carga, SAI, etc.<\/td>\n<\/tr>\n<tr>\n<td width=\"146\"><strong>Rango de capacitancia:<\/strong><\/td>\n<td width=\"601\">\u00a01\u03bcF - 200\u03bcF<\/td>\n<\/tr>\n<tr>\n<td width=\"146\"><strong>Tensi\u00f3n nominal\uff1a<\/strong><\/td>\n<td width=\"601\">450V.C.C. - 1800V.C.C.<\/td>\n<\/tr>\n<tr>\n<td width=\"146\"><strong>Cap.tol\uff1a<\/strong><\/td>\n<td width=\"601\">\u00a0\u00b15%\uff08J\uff09\uff1b\u00b110%\uff08K\uff09<\/td>\n<\/tr>\n<tr>\n<td width=\"146\"><strong>Modelo de condensador:\u00a0<\/strong><\/td>\n<td width=\"601\">Serie DMJ-PS<\/td>\n<\/tr>\n<\/tbody>\n<\/table>","protected":false},"featured_media":1644,"comment_status":"open","ping_status":"closed","template":"","meta":[],"product_brand":[],"product_cat":[38],"product_tag":[],"class_list":{"0":"post-1643","1":"product","2":"type-product","3":"status-publish","4":"has-post-thumbnail","6":"product_cat-dc-capacitor-2","8":"first","9":"instock","10":"shipping-taxable","11":"product-type-simple"},"_links":{"self":[{"href":"https:\/\/rf-capacitor.com\/es\/wp-json\/wp\/v2\/product\/1643","targetHints":{"allow":["GET"]}}],"collection":[{"href":"https:\/\/rf-capacitor.com\/es\/wp-json\/wp\/v2\/product"}],"about":[{"href":"https:\/\/rf-capacitor.com\/es\/wp-json\/wp\/v2\/types\/product"}],"replies":[{"embeddable":true,"href":"https:\/\/rf-capacitor.com\/es\/wp-json\/wp\/v2\/comments?post=1643"}],"wp:featuredmedia":[{"embeddable":true,"href":"https:\/\/rf-capacitor.com\/es\/wp-json\/wp\/v2\/media\/1644"}],"wp:attachment":[{"href":"https:\/\/rf-capacitor.com\/es\/wp-json\/wp\/v2\/media?parent=1643"}],"wp:term":[{"taxonomy":"product_brand","embeddable":true,"href":"https:\/\/rf-capacitor.com\/es\/wp-json\/wp\/v2\/product_brand?post=1643"},{"taxonomy":"product_cat","embeddable":true,"href":"https:\/\/rf-capacitor.com\/es\/wp-json\/wp\/v2\/product_cat?post=1643"},{"taxonomy":"product_tag","embeddable":true,"href":"https:\/\/rf-capacitor.com\/es\/wp-json\/wp\/v2\/product_tag?post=1643"}],"curies":[{"name":"wp","href":"https:\/\/api.w.org\/{rel}","templated":true}]}}