{"id":1630,"date":"2024-12-26T08:55:26","date_gmt":"2024-12-26T08:55:26","guid":{"rendered":"https:\/\/rf-capacitor.com\/?post_type=product&#038;p=1630"},"modified":"2024-12-26T09:16:35","modified_gmt":"2024-12-26T09:16:35","slug":"dc-circuit-capacitor","status":"publish","type":"product","link":"https:\/\/rf-capacitor.com\/es\/dc-circuit-capacitor\/","title":{"rendered":"Condensador de circuito de CC"},"content":{"rendered":"<h3 data-sourcepos=\"1:1-1:47\"><strong>Condensadores en circuitos de CC: Funciones inesperadas<\/strong><\/h3>\n<p data-sourcepos=\"3:1-3:203\">Aunque los condensadores de los circuitos de CC se asocian a menudo con los circuitos de CA, tambi\u00e9n pueden desempe\u00f1ar papeles sorprendentes y cruciales en los circuitos de CC. A continuaci\u00f3n te explicamos c\u00f3mo se comportan y utilizan los condensadores en entornos de CC:<\/p>\n<h4 data-sourcepos=\"5:1-5:37\"><strong>1. Carga inicial y bloqueo:<\/strong><\/h4>\n<ul data-sourcepos=\"7:1-9:0\">\n<li data-sourcepos=\"7:1-7:201\"><strong>Fase de carga:<\/strong> Cuando un condensador de circuito de CC se conecta por primera vez a un condensador sin carga, fluye una breve corriente. Esta corriente carga las placas del condensador, creando un campo el\u00e9ctrico opuesto.<\/li>\n<li data-sourcepos=\"7:1-7:201\"><strong>Estado estacionario:<\/strong> Una vez que el condensador est\u00e1 completamente cargado, act\u00faa como un circuito abierto, bloqueando el flujo de m\u00e1s corriente continua. Esto se debe a que la carga acumulada en las placas crea un campo el\u00e9ctrico que contrarresta perfectamente la corriente continua aplicada Condensador de circuito.<\/li>\n<li data-sourcepos=\"8:1-9:0\"><strong style=\"color: #555555; font-size: 14.4px;\">2. Suavizado y filtrado:<\/strong><\/li>\n<\/ul>\n<ul data-sourcepos=\"12:1-14:0\">\n<li data-sourcepos=\"12:1-12:281\"><strong>Reducci\u00f3n de la ondulaci\u00f3n:<\/strong> En las fuentes de alimentaci\u00f3n, los condensadores se utilizan para suavizar las fluctuaciones de tensi\u00f3n (rizado) que suelen producirse debido al proceso de rectificaci\u00f3n. El condensador absorbe el exceso de carga durante los picos de tensi\u00f3n y lo libera durante las ca\u00eddas, lo que da como resultado una salida de CC m\u00e1s estable.<\/li>\n<li data-sourcepos=\"13:1-14:0\"><strong>Filtrado:<\/strong> Los condensadores pueden utilizarse para filtrar el ruido de alta frecuencia de una se\u00f1al de CC. Condensador de circuito de CC Esto es particularmente importante en circuitos electr\u00f3nicos sensibles donde el ruido puede interferir con el funcionamiento correcto.<\/li>\n<\/ul>\n<h4 data-sourcepos=\"15:1-15:23\"><strong>3. Circuitos de temporizaci\u00f3n:<\/strong><\/h4>\n<ul data-sourcepos=\"17:1-18:0\">\n<li data-sourcepos=\"17:1-18:0\"><strong>Circuitos RC:<\/strong> Los condensadores combinados con resistencias (circuitos RC) constituyen la base de los circuitos de temporizaci\u00f3n. El tiempo que tarda un condensador en cargarse o descargarse a trav\u00e9s de una resistencia puede controlarse con precisi\u00f3n, lo que permite crear retardos, osciladores y otras funciones relacionadas con la temporizaci\u00f3n.<\/li>\n<li data-sourcepos=\"17:1-18:0\">\n<h4><strong style=\"color: #555555; font-size: 14.4px;\">4. Acoplamiento de se\u00f1ales de CA:<\/strong><\/h4>\n<\/li>\n<\/ul>\n<ul data-sourcepos=\"21:1-22:0\">\n<li data-sourcepos=\"21:1-22:0\"><strong>Bloqueando DC:<\/strong> Los condensadores pueden utilizarse para acoplar se\u00f1ales de CA entre distintas etapas de un circuito de CC, bloqueando al mismo tiempo el componente de CC. Esto es crucial en muchos circuitos de audio y amplificadores.<\/li>\n<li data-sourcepos=\"21:1-22:0\"><strong style=\"color: #555555; font-size: 14.4px;\">Puntos clave:<\/strong><\/li>\n<\/ul>\n<ul data-sourcepos=\"25:1-27:0\">\n<li data-sourcepos=\"25:1-25:248\"><strong>No siempre pasivo:<\/strong> Aunque los condensadores suelen bloquear la corriente continua, su comportamiento en los circuitos de CC no siempre es pasivo. Pueden participar activamente en la conformaci\u00f3n del comportamiento del circuito, especialmente en aplicaciones de carga, suavizado y temporizaci\u00f3n.<\/li>\n<li data-sourcepos=\"25:1-25:248\"><strong>Aplicaci\u00f3n espec\u00edfica:<\/strong> La funci\u00f3n espec\u00edfica de un condensador en un circuito de CC depende en gran medida del dise\u00f1o del circuito y de la funci\u00f3n prevista.<\/li>\n<\/ul>\n<p data-sourcepos=\"28:1-28:223\"><strong>En esencia, los condensadores de los circuitos de CC no son meros elementos pasivos; pueden ser componentes din\u00e1micos que desempe\u00f1an papeles vitales en la configuraci\u00f3n del comportamiento de los circuitos, desde la suavizaci\u00f3n de las fuentes de alimentaci\u00f3n hasta la creaci\u00f3n de mecanismos de temporizaci\u00f3n precisos.<\/strong><\/p>","protected":false},"excerpt":{"rendered":"<table style=\"height: 544px;\" width=\"704\">\n<tbody>\n<tr>\n<td width=\"146\"><strong><b>Producto<\/b><\/strong>\u00a0<strong><b>Nombre:<\/b><\/strong><\/td>\n<td width=\"601\">Condensador de circuito de CC<\/td>\n<\/tr>\n<tr>\n<td width=\"146\">\n<h4><strong>Breve descripci\u00f3n:<\/strong><\/h4>\n<\/td>\n<td width=\"601\">Los condensadores de pel\u00edcula metalizada son algunos de los condensadores m\u00e1s comunes en los circuitos electr\u00f3nicos actuales, mientras que los condensadores de pel\u00edcula de baja potencia se utilizan habitualmente para aplicaciones de desacoplamiento y filtrado.<\/td>\n<\/tr>\n<tr>\n<td width=\"146\"><strong>Rango de capacitancia:<\/strong><\/td>\n<td width=\"601\">8-150uf<\/td>\n<\/tr>\n<tr>\n<td width=\"146\"><strong>Tensi\u00f3n nominal\uff1a<\/strong><\/td>\n<td width=\"601\">450-1300V<\/td>\n<\/tr>\n<tr>\n<td width=\"146\">\u00a0<strong>Temperatura:<\/strong><\/td>\n<td width=\"601\">hasta 105\u2103<\/td>\n<\/tr>\n<\/tbody>\n<\/table>","protected":false},"featured_media":1632,"comment_status":"open","ping_status":"closed","template":"","meta":[],"product_brand":[],"product_cat":[38],"product_tag":[],"class_list":{"0":"post-1630","1":"product","2":"type-product","3":"status-publish","4":"has-post-thumbnail","6":"product_cat-dc-capacitor-2","8":"first","9":"instock","10":"shipping-taxable","11":"product-type-simple"},"_links":{"self":[{"href":"https:\/\/rf-capacitor.com\/es\/wp-json\/wp\/v2\/product\/1630","targetHints":{"allow":["GET"]}}],"collection":[{"href":"https:\/\/rf-capacitor.com\/es\/wp-json\/wp\/v2\/product"}],"about":[{"href":"https:\/\/rf-capacitor.com\/es\/wp-json\/wp\/v2\/types\/product"}],"replies":[{"embeddable":true,"href":"https:\/\/rf-capacitor.com\/es\/wp-json\/wp\/v2\/comments?post=1630"}],"wp:featuredmedia":[{"embeddable":true,"href":"https:\/\/rf-capacitor.com\/es\/wp-json\/wp\/v2\/media\/1632"}],"wp:attachment":[{"href":"https:\/\/rf-capacitor.com\/es\/wp-json\/wp\/v2\/media?parent=1630"}],"wp:term":[{"taxonomy":"product_brand","embeddable":true,"href":"https:\/\/rf-capacitor.com\/es\/wp-json\/wp\/v2\/product_brand?post=1630"},{"taxonomy":"product_cat","embeddable":true,"href":"https:\/\/rf-capacitor.com\/es\/wp-json\/wp\/v2\/product_cat?post=1630"},{"taxonomy":"product_tag","embeddable":true,"href":"https:\/\/rf-capacitor.com\/es\/wp-json\/wp\/v2\/product_tag?post=1630"}],"curies":[{"name":"wp","href":"https:\/\/api.w.org\/{rel}","templated":true}]}}