{"id":1624,"date":"2024-12-26T07:13:54","date_gmt":"2024-12-26T07:13:54","guid":{"rendered":"https:\/\/rf-capacitor.com\/?post_type=product&#038;p=1624"},"modified":"2024-12-26T07:13:54","modified_gmt":"2024-12-26T07:13:54","slug":"dc-link-capacitor","status":"publish","type":"product","link":"https:\/\/rf-capacitor.com\/es\/dc-link-capacitor\/","title":{"rendered":"Condensador de enlace de CC"},"content":{"rendered":"<h2 data-sourcepos=\"1:1-1:48\">Condensador de enlace de CC: Un amortiguador de electr\u00f3nica de potencia<\/h2>\n<p data-sourcepos=\"3:1-3:271\"><strong><span class=\"citation-0 recitation\">Un condensador de enlace de CC<\/span><\/strong><span class=\"citation-0 recitation citation-end-0\"> es un componente crucial en los circuitos electr\u00f3nicos de potencia, ya que act\u00faa como amortiguador entre las etapas de entrada y salida de un convertidor.<\/span> <span class=\"citation-1 recitation citation-end-1\">Desempe\u00f1a un papel fundamental en la estabilizaci\u00f3n de la tensi\u00f3n continua y el buen funcionamiento del sistema.<\/span><span class=\"button-container hide-from-message-actions ng-star-inserted\">\u00a0<\/span><\/p>\n<h3 data-sourcepos=\"5:1-5:16\">C\u00f3mo funciona<\/h3>\n<ul data-sourcepos=\"6:1-9:0\">\n<li data-sourcepos=\"6:1-6:146\"><strong>Almacenamiento de energ\u00eda:<\/strong> <span class=\"citation-2 recitation citation-end-2\">El condensador de enlace de CC almacena energ\u00eda durante los periodos de baja demanda y la libera durante los de alta demanda.<\/span>\n<div class=\"container ng-tns-c362440147-34 hide\">\n<div class=\"carousel-container ng-tns-c362440147-34\"><\/div>\n<\/div>\n<\/li>\n<li data-sourcepos=\"7:1-7:209\"><strong><span class=\"citation-3 recitation\">Estabilizaci\u00f3n de tensi\u00f3n:<\/span><\/strong><span class=\"citation-3 recitation citation-end-3\"> Al absorber y liberar energ\u00eda, el condensador ayuda a mantener un nivel estable de tensi\u00f3n continua, reduciendo las fluctuaciones causadas por variaciones en la potencia de entrada o la demanda de carga.<\/span><span class=\"button-container hide-from-message-actions ng-star-inserted\">\u00a0<\/span>\n<div class=\"container ng-tns-c362440147-35 hide\">\n<div class=\"carousel-container ng-tns-c362440147-35\"><\/div>\n<\/div>\n<\/li>\n<li data-sourcepos=\"8:1-9:0\"><strong><span class=\"citation-4 recitation\">Reducci\u00f3n de la corriente de rizado:<\/span><\/strong><span class=\"citation-4 recitation citation-end-4\"> Tambi\u00e9n ayuda a reducir la corriente de rizado generada por la acci\u00f3n de conmutaci\u00f3n del convertidor, lo que se traduce en una salida de CC m\u00e1s limpia.<\/span><span class=\"button-container hide-from-message-actions ng-star-inserted\"> \u00a0<\/span>\n<div class=\"container ng-tns-c362440147-36 hide\">\n<div class=\"carousel-container ng-tns-c362440147-36\"><\/div>\n<\/div>\n<\/li>\n<\/ul>\n<h3 data-sourcepos=\"10:1-10:16\">Aplicaciones<\/h3>\n<p data-sourcepos=\"11:1-11:88\">Los condensadores de enlace de CC se utilizan ampliamente en diversas aplicaciones de electr\u00f3nica de potencia, como:<\/p>\n<ul data-sourcepos=\"18:1-21:0\">\n<li data-sourcepos=\"12:1-12:122\"><strong><span class=\"citation-5 recitation\">Inversores:<\/span><\/strong><span class=\"citation-5 recitation citation-end-5\"> Proporcionar una fuente de tensi\u00f3n de CC estable para el inversor, que convierte la energ\u00eda de CC en energ\u00eda de CA.<\/span><span class=\"button-container hide-from-message-actions ng-star-inserted\">\u00a0 \u00a0<\/span>\n<div class=\"container ng-tns-c362440147-37 hide\">\n<div class=\"carousel-container ng-tns-c362440147-37\"><\/div>\n<\/div>\n<\/li>\n<li data-sourcepos=\"13:1-13:98\"><strong><span class=\"citation-6 recitation\">Convertidores:<\/span><\/strong><span class=\"citation-6 recitation citation-end-6\"> Para suavizar la tensi\u00f3n continua entre etapas de un convertidor multietapa.<\/span><span class=\"button-container hide-from-message-actions ng-star-inserted\">\u00a0 \u00a0<\/span>\n<div class=\"container ng-tns-c362440147-38 hide\">\n<div class=\"carousel-container ng-tns-c362440147-38\"><\/div>\n<\/div>\n<\/li>\n<li data-sourcepos=\"14:1-14:124\"><strong><span class=\"citation-7 recitation\">Motores:<\/span><\/strong><span class=\"citation-7 recitation citation-end-7\"> Para garantizar un funcionamiento estable de los accionamientos de motor proporcionando una tensi\u00f3n continua constante al motor.<\/span><span class=\"button-container hide-from-message-actions ng-star-inserted\">\u00a0 \u00a0<\/span>\n<div class=\"container ng-tns-c362440147-39 hide\">\n<div class=\"carousel-container ng-tns-c362440147-39\"><\/div>\n<\/div>\n<\/li>\n<li data-sourcepos=\"15:1-16:0\"><strong><span class=\"citation-8 recitation\">Sistemas de energ\u00edas renovables:<\/span><\/strong><span class=\"citation-8 recitation citation-end-8\"> Para almacenar energ\u00eda procedente de fuentes como paneles solares y turbinas e\u00f3licas, garantizando un suministro estable de corriente continua.<\/span><span class=\"button-container hide-from-message-actions ng-star-inserted\">\u00a0<\/span>\n<div class=\"container ng-tns-c362440147-40 hide\">\n<div class=\"carousel-container ng-tns-c362440147-40\">\n<div class=\"carousel-content ng-tns-c362440147-40\">\n<div data-test-id=\"sources-carousel-source\"><\/div>\n<div data-test-id=\"sources-carousel-source\"><\/div>\n<div class=\"sources-carousel-source ng-tns-c362440147-40 hide ng-star-inserted\" data-test-id=\"sources-carousel-source\"><span style=\"font-size: 20.16px;\">Consideraciones clave<\/span><\/div>\n<\/div>\n<\/div>\n<\/div>\n<\/li>\n<li data-sourcepos=\"18:1-18:147\"><strong>Valor de capacitancia:<\/strong> <span class=\"citation-9 recitation citation-end-9\">El valor de la capacitancia se elige en funci\u00f3n de la ondulaci\u00f3n de tensi\u00f3n deseada y de los requisitos de potencia del sistema.<\/span><\/li>\n<li data-sourcepos=\"18:1-18:147\"><strong style=\"font-size: 14.4px;\">Tensi\u00f3n nominal:<\/strong><span style=\"font-size: 14.4px;\"> El condensador debe estar dimensionado para la tensi\u00f3n m\u00e1xima a la que estar\u00e1 expuesto en el circuito.<\/span><\/li>\n<li data-sourcepos=\"20:1-21:0\"><strong>Corriente nominal de ondulaci\u00f3n:<\/strong> <span class=\"citation-10 recitation citation-end-10\">El condensador debe ser capaz de soportar las elevadas corrientes de rizado generadas por la acci\u00f3n de conmutaci\u00f3n del convertidor.<\/span><span class=\"button-container hide-from-message-actions ng-star-inserted\"> \u00a0<\/span>\n<div class=\"container ng-tns-c362440147-42 hide\">\n<div class=\"carousel-container ng-tns-c362440147-42\"><\/div>\n<\/div>\n<\/li>\n<\/ul>\n<p data-sourcepos=\"22:1-22:323\"><strong><span class=\"citation-11 recitation citation-end-11\">En esencia, un condensador de enlace de CC es un componente cr\u00edtico que garantiza el funcionamiento estable y eficiente de los sistemas electr\u00f3nicos de potencia.<\/span> <span class=\"citation-12 recitation\">Al proporcionar un amortiguador para el almacenamiento de energ\u00eda y la estabilizaci\u00f3n de la tensi\u00f3n, desempe\u00f1a un papel clave en diversas aplicaciones, desde los sistemas de energ\u00edas renovables hasta los accionamientos de motores.<\/span><\/strong><span class=\"button-container hide-from-message-actions ng-star-inserted\"> \u00a0 <\/span><\/p>","protected":false},"excerpt":{"rendered":"<table style=\"height: 485px;\" width=\"682\">\n<tbody>\n<tr>\n<td width=\"146\"><strong><b>Producto<\/b><\/strong>\u00a0<strong><b>Nombre:<\/b><\/strong><\/td>\n<td width=\"601\">Condensador de enlace de CC<\/td>\n<\/tr>\n<tr>\n<td width=\"146\">\n<h4><strong>Breve descripci\u00f3n:<\/strong><\/h4>\n<\/td>\n<td width=\"601\">Ampliamente utilizado en diferentes tipos de equipos electr\u00f3nicos DC parte de enlace para el apoyo de CC, almacenamiento de energ\u00eda, y el filtro. por ejemplo, los sistemas de energ\u00eda e\u00f3lica y los inversores;<\/td>\n<\/tr>\n<tr>\n<td width=\"146\"><strong>Rango de capacitancia:<\/strong><\/td>\n<td width=\"601\">20\u00b5F ~ 5600\u00b5F<\/td>\n<\/tr>\n<tr>\n<td width=\"146\"><strong>Tensi\u00f3n nominal\uff1a<\/strong><\/td>\n<td width=\"601\">500 ~ 4000VDC<\/td>\n<\/tr>\n<tr>\n<td width=\"146\"><strong>Cap.tol\uff1a<\/strong><\/td>\n<td width=\"601\">\u00a0\u00a0\u00b15%\uff08J\uff09\uff1b\u00b110%\uff08K\uff09<\/td>\n<\/tr>\n<tr>\n<td width=\"146\"><\/td>\n<td width=\"601\"><\/td>\n<\/tr>\n<\/tbody>\n<\/table>","protected":false},"featured_media":1625,"comment_status":"open","ping_status":"closed","template":"","meta":[],"product_brand":[],"product_cat":[38],"product_tag":[],"class_list":{"0":"post-1624","1":"product","2":"type-product","3":"status-publish","4":"has-post-thumbnail","6":"product_cat-dc-capacitor-2","8":"first","9":"instock","10":"shipping-taxable","11":"product-type-simple"},"_links":{"self":[{"href":"https:\/\/rf-capacitor.com\/es\/wp-json\/wp\/v2\/product\/1624","targetHints":{"allow":["GET"]}}],"collection":[{"href":"https:\/\/rf-capacitor.com\/es\/wp-json\/wp\/v2\/product"}],"about":[{"href":"https:\/\/rf-capacitor.com\/es\/wp-json\/wp\/v2\/types\/product"}],"replies":[{"embeddable":true,"href":"https:\/\/rf-capacitor.com\/es\/wp-json\/wp\/v2\/comments?post=1624"}],"wp:featuredmedia":[{"embeddable":true,"href":"https:\/\/rf-capacitor.com\/es\/wp-json\/wp\/v2\/media\/1625"}],"wp:attachment":[{"href":"https:\/\/rf-capacitor.com\/es\/wp-json\/wp\/v2\/media?parent=1624"}],"wp:term":[{"taxonomy":"product_brand","embeddable":true,"href":"https:\/\/rf-capacitor.com\/es\/wp-json\/wp\/v2\/product_brand?post=1624"},{"taxonomy":"product_cat","embeddable":true,"href":"https:\/\/rf-capacitor.com\/es\/wp-json\/wp\/v2\/product_cat?post=1624"},{"taxonomy":"product_tag","embeddable":true,"href":"https:\/\/rf-capacitor.com\/es\/wp-json\/wp\/v2\/product_tag?post=1624"}],"curies":[{"name":"wp","href":"https:\/\/api.w.org\/{rel}","templated":true}]}}