{"id":2108,"date":"2025-01-14T07:26:21","date_gmt":"2025-01-14T07:26:21","guid":{"rendered":"https:\/\/rf-capacitor.com\/?post_type=product&#038;p=2108"},"modified":"2025-01-14T07:41:19","modified_gmt":"2025-01-14T07:41:19","slug":"dc-voltage-effect-sensor","status":"publish","type":"product","link":"https:\/\/rf-capacitor.com\/de\/dc-voltage-effect-sensor\/","title":{"rendered":"Gleichspannungseffekt-Sensor"},"content":{"rendered":"<p data-sourcepos=\"1:1-1:155\">Ein Gleichspannungseffektsensor ist ein kritisches Sicherheitsger\u00e4t, das kleine elektrische Str\u00f6me erkennt und misst, die nicht Teil des vorgesehenen Stromkreises sind.<\/p>\n<h2 data-sourcepos=\"3:1-3:17\">Wie ein Gleichspannungseffektsensor funktioniert:<\/h2>\n<ul data-sourcepos=\"5:1-8:0\">\n<li data-sourcepos=\"5:1-5:117\"><strong>Erkennung von Erdungsfehlern:<\/strong> In erster Linie \u00fcberwacht es den unbeabsichtigten Stromfluss zur Erde, den so genannten Erdschluss.<\/li>\n<li data-sourcepos=\"6:1-6:126\"><strong>Messung des Ableitstroms:<\/strong> Der Sensor misst die Gr\u00f6\u00dfe des Leckstroms auch bei sehr niedrigen Werten genau.<\/li>\n<li data-sourcepos=\"7:1-8:0\"><strong>Ausl\u00f6sung von Schutzma\u00dfnahmen:<\/strong> \u00dcberschreitet ein Leckstrom einen vorgegebenen Schwellenwert, l\u00f6st der Sensor Schutzma\u00dfnahmen aus, wie z. B. das Ausl\u00f6sen eines Schutzschalters oder eines Alarms.<\/li>\n<\/ul>\n<h2 data-sourcepos=\"9:1-9:21\">Wichtigste Anwendungen:<\/h2>\n<ul data-sourcepos=\"11:1-16:0\">\n<li data-sourcepos=\"11:1-14:109\"><strong>Elektrische Sicherheit:<\/strong>\n<ul data-sourcepos=\"12:5-14:109\">\n<li data-sourcepos=\"12:5-12:145\"><strong>Anwendungen f\u00fcr Wohnzwecke:<\/strong> Wird in Haushaltsstromkreisunterbrechern (RCDs) verwendet, um elektrische Schl\u00e4ge zu verhindern und die Gefahr von elektrischen Br\u00e4nden zu verringern.<\/li>\n<li data-sourcepos=\"13:5-13:161\"><strong>Industrielle Anwendungen:<\/strong> Wird in Industriemaschinen, Stromverteilungssystemen und Rechenzentren eingesetzt, um die Sicherheit zu erh\u00f6hen und Ger\u00e4tesch\u00e4den zu vermeiden.<\/li>\n<li data-sourcepos=\"14:5-14:109\"><strong>Medizinische Ausr\u00fcstung:<\/strong> Wird in medizinischen Ger\u00e4ten verwendet, um die Sicherheit der Patienten zu gew\u00e4hrleisten und elektrische Gefahren zu vermeiden.<\/li>\n<\/ul>\n<\/li>\n<li data-sourcepos=\"15:1-16:0\"><strong>Geb\u00e4udeautomatisierung:<\/strong> Integriert in Geb\u00e4udemanagementsysteme f\u00fcr Brandsicherheit und Energie\u00fcberwachung.<\/li>\n<\/ul>\n<h2 data-sourcepos=\"17:1-17:40\">Arten von Gleichspannungseffektsensoren :<\/h2>\n<ul data-sourcepos=\"19:1-21:0\">\n<li data-sourcepos=\"19:1-19:100\"><strong>Fehlerstrom-Schutzeinrichtungen (RCDs):<\/strong> Der gebr\u00e4uchlichste Typ, der kleine Erdschl\u00fcsse aufsp\u00fcren kann.<\/li>\n<li data-sourcepos=\"20:1-21:0\"><strong>Fehlerstrom-Schutzschalter (ELCBs):<\/strong> Eine Art von FI-Schutzschalter, der die Stromversorgung im Falle eines Erdschlusses automatisch unterbricht.<\/li>\n<\/ul>\n<h2 data-sourcepos=\"22:1-22:24\">Wesentliche Merkmale:<\/h2>\n<ul data-sourcepos=\"24:1-28:0\">\n<li data-sourcepos=\"24:1-24:67\"><strong>Hohe Empfindlichkeit:<\/strong> Kann selbst kleine Leckstr\u00f6me erkennen.<\/li>\n<li data-sourcepos=\"25:1-25:99\"><strong>Schnelle Reaktionszeit:<\/strong> Schnelle Reaktion auf Erdschl\u00fcsse, um das Risiko von Verletzungen oder Sch\u00e4den zu minimieren.<\/li>\n<li data-sourcepos=\"26:1-26:65\"><strong>Verl\u00e4sslichkeit:<\/strong> Konsistente und zuverl\u00e4ssige Leistung \u00fcber einen l\u00e4ngeren Zeitraum.<\/li>\n<li data-sourcepos=\"27:1-28:0\"><strong>Genauigkeit:<\/strong> Genaue Messung des Ableitstroms f\u00fcr eine zuverl\u00e4ssige Fehlererkennung.<\/li>\n<\/ul>\n<p data-sourcepos=\"29:1-29:129\">Gleichspannungseffektsensoren spielen eine wichtige Rolle bei der Verbesserung der elektrischen Sicherheit und der Vermeidung von Unf\u00e4llen in verschiedenen Anwendungen.<\/p>","protected":false},"excerpt":{"rendered":"<table style=\"height: 611px;\" width=\"474\">\n<tbody>\n<tr>\n<td width=\"120\">Modell<\/td>\n<td width=\"113\">Grundsatz<\/td>\n<td width=\"109\">Nennleistung<\/td>\n<td width=\"160\">Versorgungsspannung (V)<\/td>\n<td width=\"117\">Ausgang\/Eingang<\/td>\n<td width=\"51\">Bandbreite (KHz)<\/td>\n<td width=\"91\">Normale Temperaturgenauigkeit \uff08%\uff09<\/td>\n<td width=\"105\">TA (\u2103)<\/td>\n<td width=\"109\">Einbauverfahren<\/td>\n<td width=\"151\">Apertur\/Anschluss (mm)<\/td>\n<\/tr>\n<tr>\n<td width=\"120\">HDV1C1LTA<\/td>\n<td width=\"113\">Ableitstrom<\/td>\n<td width=\"109\">\u00b110mA<\/td>\n<td width=\"160\">\u00b112..\u00b115<\/td>\n<td width=\"117\">\u00b15V<\/td>\n<td width=\"51\">DC<\/td>\n<td width=\"91\">1<\/td>\n<td width=\"105\">-40&#8230;+85<\/td>\n<td width=\"109\">Perforation<\/td>\n<td width=\"151\">\u03a620<\/td>\n<\/tr>\n<tr>\n<td width=\"120\">HDV2C1LTA<\/td>\n<td width=\"113\">Ableitstrom<\/td>\n<td width=\"109\">\u00b120mA<\/td>\n<td width=\"160\">\u00b112..\u00b115<\/td>\n<td width=\"117\">\u00b15V<\/td>\n<td width=\"51\">DC<\/td>\n<td width=\"91\">1<\/td>\n<td width=\"105\">-40&#8230;+85<\/td>\n<td width=\"109\">Perforation<\/td>\n<td width=\"151\">\u03a620<\/td>\n<\/tr>\n<tr>\n<td width=\"120\">HDV2C3LTA<\/td>\n<td width=\"113\">Ableitstrom<\/td>\n<td width=\"109\">\u00b12000mA<\/td>\n<td width=\"160\">\u00b112..\u00b115<\/td>\n<td width=\"117\">\u00b15V<\/td>\n<td width=\"51\">DC<\/td>\n<td width=\"91\">1<\/td>\n<td width=\"105\">-40&#8230;+85<\/td>\n<td width=\"109\">Perforation<\/td>\n<td width=\"151\">\u03a620<\/td>\n<\/tr>\n<tr>\n<td width=\"120\">HDV5C3LTA<\/td>\n<td width=\"113\">Ableitstrom<\/td>\n<td width=\"109\">\u00b15000mA<\/td>\n<td width=\"160\">\u00b112..\u00b115<\/td>\n<td width=\"117\">\u00b15V<\/td>\n<td width=\"51\">DC<\/td>\n<td width=\"91\">1<\/td>\n<td width=\"105\">-40&#8230;+85<\/td>\n<td width=\"109\">Perforation<\/td>\n<td width=\"151\">\u03a620<\/td>\n<\/tr>\n<tr>\n<td width=\"120\">HDV1C1LDB<\/td>\n<td width=\"113\">Ableitstrom<\/td>\n<td width=\"109\">\u00b110mA<\/td>\n<td width=\"160\">\u00b112..\u00b115<\/td>\n<td width=\"117\">\u00b15V<\/td>\n<td width=\"51\">DC<\/td>\n<td width=\"91\">1<\/td>\n<td width=\"105\">-40&#8230;+85<\/td>\n<td width=\"109\">Perforation<\/td>\n<td width=\"151\">\u03a620<\/td>\n<\/tr>\n<tr>\n<td width=\"120\">HDV2C1LDB<\/td>\n<td width=\"113\">Ableitstrom<\/td>\n<td width=\"109\">\u00b120mA<\/td>\n<td width=\"160\">\u00b112..\u00b115<\/td>\n<td width=\"117\">\u00b15V<\/td>\n<td width=\"51\">DC<\/td>\n<td width=\"91\">1<\/td>\n<td width=\"105\">-40&#8230;+85<\/td>\n<td width=\"109\">Perforation<\/td>\n<td width=\"151\">\u03a620<\/td>\n<\/tr>\n<tr>\n<td width=\"120\">HDV5C1LDB<\/td>\n<td width=\"113\">Ableitstrom<\/td>\n<td width=\"109\">\u00b150mA<\/td>\n<td width=\"160\">\u00b112..\u00b115<\/td>\n<td width=\"117\">\u00b15V<\/td>\n<td width=\"51\">DC<\/td>\n<td width=\"91\">1<\/td>\n<td width=\"105\">-40&#8230;+85<\/td>\n<td width=\"109\">Perforation<\/td>\n<td width=\"151\">\u03a620<\/td>\n<\/tr>\n<tr>\n<td width=\"120\">HDV1C2LDB<\/td>\n<td width=\"113\">Ableitstrom<\/td>\n<td width=\"109\">\u00b1100mA<\/td>\n<td width=\"160\">\u00b112..\u00b115<\/td>\n<td width=\"117\">\u00b15V<\/td>\n<td width=\"51\">DC<\/td>\n<td width=\"91\">1<\/td>\n<td width=\"105\">-40&#8230;+85<\/td>\n<td width=\"109\">Perforation<\/td>\n<td width=\"151\">\u03a620<\/td>\n<\/tr>\n<tr>\n<td width=\"120\">HDV1C1EA<\/td>\n<td width=\"113\">Ableitstrom<\/td>\n<td width=\"109\">\u00b110mA<\/td>\n<td width=\"160\">\u00b112..\u00b115<\/td>\n<td width=\"117\">\u00b15V<\/td>\n<td width=\"51\">DC<\/td>\n<td width=\"91\">1<\/td>\n<td width=\"105\">-40&#8230;+85<\/td>\n<td width=\"109\">Perforation<\/td>\n<td width=\"151\">\u03a640.5<\/td>\n<\/tr>\n<tr>\n<td width=\"120\">HDV2C1EA<\/td>\n<td width=\"113\">Ableitstrom<\/td>\n<td width=\"109\">\u00b120mA<\/td>\n<td width=\"160\">\u00b112..\u00b115<\/td>\n<td width=\"117\">\u00b15V<\/td>\n<td width=\"51\">DC<\/td>\n<td width=\"91\">1<\/td>\n<td width=\"105\">-40&#8230;+85<\/td>\n<td width=\"109\">Perforation<\/td>\n<td width=\"151\">\u03a640.5<\/td>\n<\/tr>\n<tr>\n<td width=\"120\">HDV2C3EA<\/td>\n<td width=\"113\">Ableitstrom<\/td>\n<td width=\"109\">\u00b12000mA<\/td>\n<td width=\"160\">\u00b112..\u00b115<\/td>\n<td width=\"117\">\u00b15V<\/td>\n<td width=\"51\">DC<\/td>\n<td width=\"91\">1<\/td>\n<td width=\"105\">-40&#8230;+85<\/td>\n<td width=\"109\">Perforation<\/td>\n<td width=\"151\">\u03a640.5<\/td>\n<\/tr>\n<\/tbody>\n<\/table>","protected":false},"featured_media":2109,"comment_status":"open","ping_status":"closed","template":"","meta":[],"product_brand":[],"product_cat":[44],"product_tag":[],"class_list":{"0":"post-2108","1":"product","2":"type-product","3":"status-publish","4":"has-post-thumbnail","6":"product_cat-current-sensor-2","8":"first","9":"instock","10":"shipping-taxable","11":"product-type-simple"},"_links":{"self":[{"href":"https:\/\/rf-capacitor.com\/de\/wp-json\/wp\/v2\/product\/2108","targetHints":{"allow":["GET"]}}],"collection":[{"href":"https:\/\/rf-capacitor.com\/de\/wp-json\/wp\/v2\/product"}],"about":[{"href":"https:\/\/rf-capacitor.com\/de\/wp-json\/wp\/v2\/types\/product"}],"replies":[{"embeddable":true,"href":"https:\/\/rf-capacitor.com\/de\/wp-json\/wp\/v2\/comments?post=2108"}],"wp:featuredmedia":[{"embeddable":true,"href":"https:\/\/rf-capacitor.com\/de\/wp-json\/wp\/v2\/media\/2109"}],"wp:attachment":[{"href":"https:\/\/rf-capacitor.com\/de\/wp-json\/wp\/v2\/media?parent=2108"}],"wp:term":[{"taxonomy":"product_brand","embeddable":true,"href":"https:\/\/rf-capacitor.com\/de\/wp-json\/wp\/v2\/product_brand?post=2108"},{"taxonomy":"product_cat","embeddable":true,"href":"https:\/\/rf-capacitor.com\/de\/wp-json\/wp\/v2\/product_cat?post=2108"},{"taxonomy":"product_tag","embeddable":true,"href":"https:\/\/rf-capacitor.com\/de\/wp-json\/wp\/v2\/product_tag?post=2108"}],"curies":[{"name":"wp","href":"https:\/\/api.w.org\/{rel}","templated":true}]}}