{"id":2084,"date":"2025-01-14T03:10:45","date_gmt":"2025-01-14T03:10:45","guid":{"rendered":"https:\/\/rf-capacitor.com\/?post_type=product&#038;p=2084"},"modified":"2025-01-14T07:43:24","modified_gmt":"2025-01-14T07:43:24","slug":"open-loop-hall-current-sensor","status":"publish","type":"product","link":"https:\/\/rf-capacitor.com\/de\/open-loop-hall-current-sensor\/","title":{"rendered":"Open-Loop-Hall-Stromsensor"},"content":{"rendered":"<p data-sourcepos=\"1:1-1:164\">Ein Hall-Effekt-Stromsensor mit offener Schleife ist eine Art von Stromsensor, der direkt das Magnetfeld misst, das durch den durch einen Leiter flie\u00dfenden Strom erzeugt wird.<\/p>\n<h2 data-sourcepos=\"3:1-3:24\">So funktioniert ein Hall-Stromsensor mit offenem Regelkreis:<\/h2>\n<ol data-sourcepos=\"5:1-8:0\">\n<li data-sourcepos=\"5:1-5:103\"><strong>Stromfluss:<\/strong> Wenn Strom durch den Leiter flie\u00dft, erzeugt er ein Magnetfeld um ihn herum.<\/li>\n<li data-sourcepos=\"6:1-6:131\"><strong>Magnetfeld-Detektion:<\/strong> Ein Hall-Effekt-Sensor, der in der N\u00e4he des Leiters angebracht ist, misst die St\u00e4rke dieses Magnetfelds.<\/li>\n<li data-sourcepos=\"7:1-8:0\"><strong>Spannung Ausgang:<\/strong> Der Hall-Effekt-Sensor erzeugt eine Ausgangsspannung, die proportional zur St\u00e4rke des Magnetfelds und folglich proportional zum durch den Leiter flie\u00dfenden Strom ist.<\/li>\n<\/ol>\n<h2 data-sourcepos=\"9:1-9:24\">Wesentliche Merkmale:<\/h2>\n<ul data-sourcepos=\"11:1-16:0\">\n<li data-sourcepos=\"11:1-11:76\"><strong>Einfache Konstruktion:<\/strong> Relativ einfach und kosteng\u00fcnstig in der Herstellung.<\/li>\n<li data-sourcepos=\"12:1-12:89\"><strong>Nicht-invasive Messungen:<\/strong> F\u00fcr die Strommessung muss der Stromkreis nicht unterbrochen werden.<\/li>\n<li data-sourcepos=\"13:1-13:69\"><strong>Gute Bandbreite:<\/strong> Kann sowohl Gleich- als auch Wechselstr\u00f6me genau messen.<\/li>\n<li data-sourcepos=\"14:1-14:111\"><strong>Anf\u00e4llig f\u00fcr externe magnetische Interferenzen:<\/strong> Externe Magnetfelder k\u00f6nnen die Genauigkeit des Sensors beeintr\u00e4chtigen.<\/li>\n<li data-sourcepos=\"15:1-16:0\"><strong>Temperatur-Empfindlichkeit:<\/strong> Der Ausgang des Sensors kann durch Temperaturschwankungen beeinflusst werden.<\/li>\n<\/ul>\n<h2 data-sourcepos=\"17:1-17:17\">Anwendungen:<\/h2>\n<ul data-sourcepos=\"19:1-23:0\">\n<li data-sourcepos=\"19:1-19:96\"><strong>Motorsteuerung:<\/strong> \u00dcberwachung von Motorstr\u00f6men in industriellen Antrieben und Automobilanwendungen.<\/li>\n<li data-sourcepos=\"20:1-20:114\"><strong>Batterie-Management-Systeme (BMS):<\/strong> Messung des Batteriestroms in Elektrofahrzeugen und Energiespeichersystemen.<\/li>\n<li data-sourcepos=\"21:1-21:104\"><strong>\u00dcberstromschutz:<\/strong> Erkennen von und Reagieren auf \u00dcberstrombedingungen in Stromkreisen.<\/li>\n<li data-sourcepos=\"22:1-23:0\"><strong>Strom\u00fcberwachung:<\/strong> Messung des Stromverbrauchs in verschiedenen Anwendungen.<\/li>\n<\/ul>\n<h2 data-sourcepos=\"24:1-24:16\">Beschr\u00e4nkungen:<\/h2>\n<ul data-sourcepos=\"26:1-28:0\">\n<li data-sourcepos=\"26:1-26:86\"><strong>Die Genauigkeit kann durch externe Magnetfelder und Temperaturschwankungen beeintr\u00e4chtigt werden.<\/strong><\/li>\n<li data-sourcepos=\"27:1-28:0\"><strong>M\u00f6glicherweise sind zus\u00e4tzliche Signalaufbereitungsschaltungen erforderlich, um die Genauigkeit zu verbessern und Umweltfaktoren zu kompensieren.<\/strong><\/li>\n<\/ul>\n<p data-sourcepos=\"29:1-29:189\">Trotz dieser Einschr\u00e4nkungen bieten Hall-Effekt-Stromsensoren mit offenem Regelkreis aufgrund ihrer Einfachheit und Benutzerfreundlichkeit eine kosteng\u00fcnstige und praktische L\u00f6sung f\u00fcr viele Strommessanwendungen.<\/p>","protected":false},"excerpt":{"rendered":"<p>Spezifikation &amp; Eigenschaften \uff1a<\/p>\n<p>\u25cf Nennstromaufnahme: 0~(200-1000)A<\/p>\n<p>\u25cf Nennausgang: 5V \/ 4V \/ 4-20mA<\/p>\n<p>\u25cf Blende: 20mm\/40mm\/55mm\/etc<\/p>\n<p>\u25cf Spannungsversorgung: \u00b115V \/ 12V \/ 24V<\/p>\n<p>\u25cf Kleine Packungsgr\u00f6\u00dfe<\/p>\n<p>\u25cf Geringer Stromverbrauch<\/p>\n<p>\u25cf Erweiterter Messbereich<\/p>\n<p>\u25cf Geteilter Typ; einfache Installation<\/p>","protected":false},"featured_media":2085,"comment_status":"open","ping_status":"closed","template":"","meta":[],"product_brand":[],"product_cat":[44],"product_tag":[],"class_list":{"0":"post-2084","1":"product","2":"type-product","3":"status-publish","4":"has-post-thumbnail","6":"product_cat-current-sensor-2","8":"first","9":"instock","10":"shipping-taxable","11":"product-type-simple"},"_links":{"self":[{"href":"https:\/\/rf-capacitor.com\/de\/wp-json\/wp\/v2\/product\/2084","targetHints":{"allow":["GET"]}}],"collection":[{"href":"https:\/\/rf-capacitor.com\/de\/wp-json\/wp\/v2\/product"}],"about":[{"href":"https:\/\/rf-capacitor.com\/de\/wp-json\/wp\/v2\/types\/product"}],"replies":[{"embeddable":true,"href":"https:\/\/rf-capacitor.com\/de\/wp-json\/wp\/v2\/comments?post=2084"}],"wp:featuredmedia":[{"embeddable":true,"href":"https:\/\/rf-capacitor.com\/de\/wp-json\/wp\/v2\/media\/2085"}],"wp:attachment":[{"href":"https:\/\/rf-capacitor.com\/de\/wp-json\/wp\/v2\/media?parent=2084"}],"wp:term":[{"taxonomy":"product_brand","embeddable":true,"href":"https:\/\/rf-capacitor.com\/de\/wp-json\/wp\/v2\/product_brand?post=2084"},{"taxonomy":"product_cat","embeddable":true,"href":"https:\/\/rf-capacitor.com\/de\/wp-json\/wp\/v2\/product_cat?post=2084"},{"taxonomy":"product_tag","embeddable":true,"href":"https:\/\/rf-capacitor.com\/de\/wp-json\/wp\/v2\/product_tag?post=2084"}],"curies":[{"name":"wp","href":"https:\/\/api.w.org\/{rel}","templated":true}]}}