{"id":1898,"date":"2025-01-02T07:08:04","date_gmt":"2025-01-02T07:08:04","guid":{"rendered":"https:\/\/rf-capacitor.com\/?post_type=product&#038;p=1898"},"modified":"2025-01-02T07:08:04","modified_gmt":"2025-01-02T07:08:04","slug":"decoupling-resonant-capacitor","status":"publish","type":"product","link":"https:\/\/rf-capacitor.com\/de\/decoupling-resonant-capacitor\/","title":{"rendered":"Entkoppelnder Resonanzkondensator"},"content":{"rendered":"<div class=\"user-query-container ng-star-inserted\">\n<div id=\"user-query-content-7\" class=\"query-content\">\n<div class=\"query-text gds-body-l ng-star-inserted\" dir=\"ltr\" role=\"heading\" aria-level=\"2\">\n<h3 class=\"query-text-line ng-star-inserted\">Entkoppelnder Resonanzkondensator<\/h3>\n<\/div>\n<\/div>\n<div class=\"button-gutter\"><span class=\"citation-0 recitation\" style=\"font-size: 14.4px; color: #555555;\">In der Elektronik ist ein <\/span><strong style=\"font-size: 14.4px; color: #555555;\"><span class=\"citation-0 recitation\">Entkopplungskondensator<\/span><\/strong><span class=\"citation-0 recitation citation-end-0\" style=\"font-size: 14.4px; color: #555555;\"> ist eine wichtige Komponente zur Stabilisierung der Versorgungsspannungen und zur Minimierung des elektrischen Rauschens.<\/span><span class=\"button-container hide-from-message-actions ng-star-inserted\" style=\"font-size: 14.4px; color: #555555;\">\u00a0 \u00a0<\/span><\/div>\n<\/div>\n<div>\n<div class=\"response-container ng-tns-c3227055261-111 response-optimization tts-removed ng-star-inserted response-container-has-multiple-responses\">\n<div class=\"presented-response-container ng-tns-c3227055261-111\">\n<div class=\"response-container-content ng-tns-c3227055261-111 tunable-selection-with-avatar\">\n<div class=\"response-content ng-tns-c3227055261-111\">\n<div id=\"model-response-message-contentr_e018e616d4e5ed8e\" class=\"markdown markdown-main-panel tutor-markdown-rendering response-optimization\" dir=\"ltr\">\n<h3 data-sourcepos=\"3:1-3:17\"><strong>So funktioniert der entkoppelnde Resonanzkondensator:<\/strong><\/h3>\n<ul data-sourcepos=\"5:1-8:0\">\n<li data-sourcepos=\"5:1-5:224\"><strong><span class=\"citation-1 recitation\">Lokale Energiespeicherung:<\/span><\/strong><span class=\"citation-1 recitation citation-end-1\"> Entkopplungskondensatoren fungieren als kleine lokale Energiespeicher.<\/span> <span class=\"citation-2 recitation citation-end-2\">Sie befinden sich in unmittelbarer N\u00e4he der integrierten Schaltungen (ICs) oder anderer Komponenten, die sie entkoppeln sollen.<\/span><span class=\"button-container hide-from-message-actions ng-star-inserted\"> \u00a0<\/span>\n<div class=\"container ng-tns-c362440147-116 hide\">\n<div class=\"carousel-container ng-tns-c362440147-116\"><\/div>\n<\/div>\n<\/li>\n<li data-sourcepos=\"6:1-6:261\"><strong><span class=\"citation-3 recitation\">Unterdr\u00fcckung von Spannungsschwankungen:<\/span><\/strong><span class=\"citation-3 recitation citation-end-3\"> Wenn ein IC pl\u00f6tzlich einen hohen Strom zieht (z. B. bei Schaltvorg\u00e4ngen), kann der Entkopplungskondensator diesen Strom schnell liefern und so erhebliche Spannungsabf\u00e4lle auf den Stromversorgungsleitungen verhindern.<\/span><span class=\"button-container hide-from-message-actions ng-star-inserted\">\u00a0 \u00a0<\/span>\n<div class=\"container ng-tns-c362440147-117 hide\">\n<div class=\"carousel-container ng-tns-c362440147-117\"><\/div>\n<\/div>\n<\/li>\n<li data-sourcepos=\"7:1-8:0\"><strong>Rauschfilterung:<\/strong> <span class=\"citation-4 recitation citation-end-4\">Entkopplungskondensatoren wirken auch als Filter, indem sie hochfrequente Rauschstr\u00f6me gegen Masse ableiten und so die Auswirkungen von Rauschen auf den Betrieb des ICs minimieren.<\/span><span class=\"button-container hide-from-message-actions ng-star-inserted\">\u00a0<\/span>\n<div class=\"container ng-tns-c362440147-118 hide\">\n<div class=\"carousel-container ng-tns-c362440147-118\"><\/div>\n<\/div>\n<\/li>\n<\/ul>\n<h3 data-sourcepos=\"9:1-9:24\"><strong>Wichtige Merkmale des Entkopplungsresonanzkondensators:<\/strong><\/h3>\n<ul data-sourcepos=\"11:1-14:0\">\n<li data-sourcepos=\"11:1-11:117\"><strong><span class=\"citation-5 recitation\">Niedriger ESR (\u00e4quivalenter Serienwiderstand):<\/span><\/strong><span class=\"citation-5 recitation citation-end-5\"> Minimiert Energieverluste und gew\u00e4hrleistet eine schnelle Stromlieferung.<\/span><span class=\"button-container hide-from-message-actions ng-star-inserted\">\u00a0<\/span>\n<div class=\"container ng-tns-c362440147-119 hide\">\n<div class=\"carousel-container ng-tns-c362440147-119\"><\/div>\n<\/div>\n<\/li>\n<li data-sourcepos=\"12:1-12:95\"><strong>Hohe Kapazit\u00e4t:<\/strong> Bietet eine ausreichende Energiespeicherung zur Bew\u00e4ltigung transienter Stromanforderungen.<\/li>\n<li data-sourcepos=\"13:1-14:0\"><strong>Geringe Gr\u00f6\u00dfe und niedrige Induktivit\u00e4t:<\/strong> Erm\u00f6glicht eine Platzierung sehr nahe am IC, um die Auswirkungen der parasit\u00e4ren Induktivit\u00e4t zu minimieren.<\/li>\n<\/ul>\n<h3 data-sourcepos=\"15:1-15:17\"><strong>G\u00e4ngige Typen Entkoppelnder Resonanzkondensator:<\/strong><\/h3>\n<ul data-sourcepos=\"17:1-20:0\">\n<li data-sourcepos=\"17:1-17:93\"><strong>Keramische Kondensatoren:<\/strong> Aufgrund ihrer geringen Gr\u00f6\u00dfe, ihrer hohen Kapazit\u00e4t und ihres niedrigen ESR werden sie h\u00e4ufig verwendet.<\/li>\n<li data-sourcepos=\"18:1-18:85\"><strong><span class=\"citation-6 recitation\">Tantal-Kondensatoren:<\/span><\/strong><span class=\"citation-6 recitation citation-end-6\"> Bieten gute Leistung bei h\u00f6heren Frequenzen.<\/span><span class=\"button-container hide-from-message-actions ng-star-inserted\"> \u00a0<\/span>\n<div class=\"container ng-tns-c362440147-120 hide\">\n<div class=\"carousel-container ng-tns-c362440147-120\"><\/div>\n<\/div>\n<\/li>\n<li data-sourcepos=\"19:1-20:0\"><strong><span class=\"citation-7 recitation\">Elektrolytkondensatoren:<\/span><\/strong><span class=\"citation-7 recitation citation-end-7\"> Wird normalerweise f\u00fcr gr\u00f6\u00dfere Kapazit\u00e4tswerte in Anwendungen verwendet, bei denen die Gr\u00f6\u00dfe weniger wichtig ist.<\/span><span class=\"button-container hide-from-message-actions ng-star-inserted\">\u00a0 .<\/span>\n<div class=\"container ng-tns-c362440147-121 hide\">\n<div class=\"carousel-container ng-tns-c362440147-121\"><\/div>\n<\/div>\n<\/li>\n<\/ul>\n<h3 data-sourcepos=\"21:1-21:28\"><strong>Platzierung und Auswahl:<\/strong><\/h3>\n<ul data-sourcepos=\"23:1-25:0\">\n<li data-sourcepos=\"23:1-23:247\"><strong>Platzierung:<\/strong> <span class=\"citation-8 recitation citation-end-8\">Entkopplungskondensatoren sollten so nah wie m\u00f6glich (idealerweise direkt an den IC-Pins) an den Stromversorgungs- und Erdungspins des ICs platziert werden.<\/span> <span class=\"citation-9 recitation citation-end-9\">Kurze, direkte Verbindungen minimieren die Auswirkungen von parasit\u00e4rer Induktivit\u00e4t.<\/span><span class=\"button-container hide-from-message-actions ng-star-inserted\"> \u00a0<\/span>\n<div class=\"container ng-tns-c362440147-122 hide\">\n<div class=\"carousel-container ng-tns-c362440147-122\"><\/div>\n<\/div>\n<\/li>\n<li data-sourcepos=\"24:1-25:0\"><strong>Auswahl:<\/strong> Die Wahl des Kondensatortyps und -werts h\u00e4ngt von der jeweiligen Anwendung und den Eigenschaften des ICs ab. Faktoren wie die Schaltgeschwindigkeit des ICs, die Stromaufnahme und die Betriebsfrequenz m\u00fcssen ber\u00fccksichtigt werden.<\/li>\n<\/ul>\n<h3 data-sourcepos=\"26:1-26:15\"><strong>Zusammengefasst:<\/strong><\/h3>\n<p data-sourcepos=\"28:1-28:301\"><span class=\"citation-10 recitation citation-end-10\">Entkopplungskondensatoren sind wesentliche Komponenten in elektronischen Schaltungen, insbesondere in digitalen Hochgeschwindigkeitssystemen.<\/span> <span class=\"citation-11 recitation citation-end-11\">Durch die wirksame Entkopplung der ICs von den Stromversorgungsleitungen tragen sie zu einem stabilen Betrieb bei, minimieren das Rauschen und verbessern die allgemeine Systemleistung.<\/span><span class=\"button-container hide-from-message-actions ng-star-inserted\"> \u00a0<\/span><\/p>\n<p data-sourcepos=\"30:1-30:208\"><strong>Anmerkung:<\/strong> Diese Erl\u00e4uterung bietet einen allgemeinen \u00dcberblick. Die spezifischen Anforderungen an Entkopplungskondensatoren h\u00e4ngen von der jeweiligen Anwendung und den Eigenschaften der elektronischen Schaltung ab.<\/p>\n<\/div>\n<\/div>\n<\/div>\n<\/div>\n<\/div>\n<\/div>","protected":false},"excerpt":{"rendered":"<table style=\"height: 479px;\" width=\"711\">\n<tbody>\n<tr>\n<td width=\"146\"><strong><b>Produkt<\/b><\/strong>\u00a0<strong><b>Name:<\/b><\/strong><\/td>\n<td width=\"601\"><strong>Entkoppelnder Resonanzkondensator<\/strong><\/td>\n<\/tr>\n<tr>\n<td width=\"146\">\n<h4><strong>Kurze Beschreibung:<\/strong><\/h4>\n<\/td>\n<td width=\"601\">CRE ist in der Lage, Hochleistungs-Resonanzkondensatoren zu liefern, die gro\u00dfe Spannungen und Str\u00f6me in einem kleinen, kompakten Geh\u00e4use verarbeiten k\u00f6nnen.<\/p>\n<p>&nbsp;<\/td>\n<\/tr>\n<tr>\n<td width=\"146\"><strong>Kapazit\u00e4tsbereich:<\/strong><\/td>\n<td width=\"601\">1\u03bcF\uff5e8\u03bcF<\/td>\n<\/tr>\n<tr>\n<td width=\"146\"><strong>Nennspannung\uff1a<\/strong><\/td>\n<td width=\"601\">1200V.DC\uff5e4000V.DC<\/td>\n<\/tr>\n<tr>\n<td width=\"146\"><strong>Kap.tol\uff1a<\/strong><\/td>\n<td width=\"601\">\u00b15%(J) ;\u00b110%(K)<\/td>\n<\/tr>\n<tr>\n<td width=\"146\"><strong>Widerstandsf\u00e4hige Spannung:<\/strong><\/td>\n<td width=\"601\">1,5Un \/10S<\/td>\n<\/tr>\n<\/tbody>\n<\/table>","protected":false},"featured_media":1899,"comment_status":"open","ping_status":"closed","template":"","meta":[],"product_brand":[],"product_cat":[42],"product_tag":[],"class_list":{"0":"post-1898","1":"product","2":"type-product","3":"status-publish","4":"has-post-thumbnail","6":"product_cat-resonance-capacitor","8":"first","9":"instock","10":"shipping-taxable","11":"product-type-simple"},"_links":{"self":[{"href":"https:\/\/rf-capacitor.com\/de\/wp-json\/wp\/v2\/product\/1898","targetHints":{"allow":["GET"]}}],"collection":[{"href":"https:\/\/rf-capacitor.com\/de\/wp-json\/wp\/v2\/product"}],"about":[{"href":"https:\/\/rf-capacitor.com\/de\/wp-json\/wp\/v2\/types\/product"}],"replies":[{"embeddable":true,"href":"https:\/\/rf-capacitor.com\/de\/wp-json\/wp\/v2\/comments?post=1898"}],"wp:featuredmedia":[{"embeddable":true,"href":"https:\/\/rf-capacitor.com\/de\/wp-json\/wp\/v2\/media\/1899"}],"wp:attachment":[{"href":"https:\/\/rf-capacitor.com\/de\/wp-json\/wp\/v2\/media?parent=1898"}],"wp:term":[{"taxonomy":"product_brand","embeddable":true,"href":"https:\/\/rf-capacitor.com\/de\/wp-json\/wp\/v2\/product_brand?post=1898"},{"taxonomy":"product_cat","embeddable":true,"href":"https:\/\/rf-capacitor.com\/de\/wp-json\/wp\/v2\/product_cat?post=1898"},{"taxonomy":"product_tag","embeddable":true,"href":"https:\/\/rf-capacitor.com\/de\/wp-json\/wp\/v2\/product_tag?post=1898"}],"curies":[{"name":"wp","href":"https:\/\/api.w.org\/{rel}","templated":true}]}}