{"id":1886,"date":"2025-01-02T06:26:09","date_gmt":"2025-01-02T06:26:09","guid":{"rendered":"https:\/\/rf-capacitor.com\/?post_type=product&#038;p=1886"},"modified":"2025-01-02T06:26:09","modified_gmt":"2025-01-02T06:26:09","slug":"high-voltage-resonance-capacitor","status":"publish","type":"product","link":"https:\/\/rf-capacitor.com\/de\/high-voltage-resonance-capacitor\/","title":{"rendered":"Hochspannungs-Resonanzkondensator"},"content":{"rendered":"<div class=\"user-query-container ng-star-inserted\">\n<div id=\"user-query-content-5\" class=\"query-content\">\n<div class=\"query-text gds-body-l ng-star-inserted\" dir=\"ltr\" role=\"heading\" aria-level=\"2\">\n<h3 class=\"query-text-line ng-star-inserted\">Hochspannungs-Resonanzkondensator<\/h3>\n<\/div>\n<\/div>\n<\/div>\n<div>\n<div class=\"response-container ng-tns-c3227055261-91 response-optimization tts-removed ng-star-inserted response-container-has-multiple-responses\">\n<div class=\"presented-response-container ng-tns-c3227055261-91\">\n<div class=\"response-container-content ng-tns-c3227055261-91 tunable-selection-with-avatar\">\n<div class=\"response-content ng-tns-c3227055261-91\">\n<div id=\"model-response-message-contentr_53dd446f46a75fa7\" class=\"markdown markdown-main-panel tutor-markdown-rendering response-optimization\" dir=\"ltr\">\n<p data-sourcepos=\"1:1-1:126\"><span class=\"citation-0 recitation citation-end-0\">Hochspannungs-Resonanzkondensatoren sind spezielle Bauelemente f\u00fcr den Einsatz in Hochspannungs-Resonanzkreisen.<\/span><span class=\"button-container hide-from-message-actions ng-star-inserted\"> \u00a0<\/span><\/p>\n<h3 data-sourcepos=\"3:1-3:24\"><strong>Wesentliche Merkmale:<\/strong><\/h3>\n<ul data-sourcepos=\"5:1-10:0\">\n<li data-sourcepos=\"5:1-5:127\"><strong>Extrem hohe Spannungsfestigkeit:<\/strong> <span class=\"citation-1 recitation citation-end-1\">Sie k\u00f6nnen sehr hohen Spannungen standhalten (typischerweise im Kilovoltbereich).<\/span><span class=\"button-container hide-from-message-actions ng-star-inserted\">\u00a0 \u00a0<\/span>\n<div class=\"container ng-tns-c362440147-96 hide\">\n<div class=\"carousel-container ng-tns-c362440147-96\"><\/div>\n<\/div>\n<\/li>\n<li data-sourcepos=\"6:1-6:95\"><strong>Geringer Verlust:<\/strong> Minimale interne Verluste, um die Energieverluste zu minimieren und die Effizienz zu maximieren.<\/li>\n<li data-sourcepos=\"7:1-7:110\"><strong>Hoher Q-Faktor:<\/strong> <span class=\"citation-2 recitation citation-end-2\">Ein hoher Qualit\u00e4tsfaktor (Q) ist entscheidend f\u00fcr den effizienten Betrieb eines Schwingkreises.<\/span><span class=\"button-container hide-from-message-actions ng-star-inserted\">\u00a0 \u00a0<\/span>\n<div class=\"container ng-tns-c362440147-97 hide\">\n<div class=\"carousel-container ng-tns-c362440147-97\"><\/div>\n<\/div>\n<\/li>\n<li data-sourcepos=\"8:1-8:96\"><strong>Pr\u00e4zise Kapazit\u00e4t:<\/strong> Entscheidend f\u00fcr das Erreichen der gew\u00fcnschten Resonanzfrequenz in der Schaltung.<\/li>\n<li data-sourcepos=\"9:1-10:0\"><strong>Robuste Konstruktion:<\/strong> Sie sind so konzipiert, dass sie den Belastungen des Hochspannungsbetriebs und den anspruchsvollen Umgebungen, in denen sie eingesetzt werden, standhalten.<\/li>\n<\/ul>\n<h3 data-sourcepos=\"11:1-11:17\"><strong>Anwendungen:<\/strong><\/h3>\n<ul data-sourcepos=\"13:1-18:0\">\n<li data-sourcepos=\"13:1-13:154\"><strong><span class=\"citation-3 recitation\">Tesla-Spulen:<\/span><\/strong><span class=\"citation-3 recitation citation-end-3\"> Ein klassisches Beispiel, bei dem Hochspannungs-Resonanzkondensatoren verwendet werden, um Hochspannungs-Hochfrequenz-Schwingungen zu erzeugen.<\/span><span class=\"button-container hide-from-message-actions ng-star-inserted\">\u00a0<\/span>\n<div class=\"container ng-tns-c362440147-98 hide\">\n<div class=\"carousel-container ng-tns-c362440147-98\"><\/div>\n<\/div>\n<\/li>\n<li data-sourcepos=\"14:1-14:135\"><strong>Teilchenbeschleuniger:<\/strong> Wird in verschiedenen Komponenten von Teilchenbeschleunigern verwendet, um hochenergetische Teilchenstrahlen zu erzeugen und zu manipulieren.<\/li>\n<li data-sourcepos=\"15:1-15:85\"><strong>Hochleistungssender:<\/strong> Findet sich in Radio- und Fernsehsendern mit hoher Leistung.<\/li>\n<li data-sourcepos=\"16:1-16:98\"><strong>Plasmaphysik-Forschung:<\/strong> Wird in Experimenten der Plasmaphysik zur Erzeugung und Begrenzung von Plasmen verwendet.<\/li>\n<li data-sourcepos=\"17:1-18:0\"><strong>Industrielle Anwendungen:<\/strong> Einige spezielle industrielle Anwendungen k\u00f6nnen Hochspannungs-Resonanzkondensatoren erfordern.<\/li>\n<\/ul>\n<p data-sourcepos=\"19:1-19:15\"><strong>Zusammengefasst:<\/strong><\/p>\n<p data-sourcepos=\"21:1-21:254\">Hochspannungs-Resonanzkondensatoren sind entscheidende Komponenten in vielen Hochspannungsanwendungen. Ihre F\u00e4higkeit, extremen Spannungen zu widerstehen, Verluste zu minimieren und effizient in Resonanzkreisen zu arbeiten, macht sie f\u00fcr diese anspruchsvollen Anwendungen unverzichtbar.<\/p>\n<\/div>\n<\/div>\n<\/div>\n<\/div>\n<\/div>\n<\/div>","protected":false},"excerpt":{"rendered":"<table style=\"height: 581px;\" width=\"824\">\n<tbody>\n<tr>\n<td width=\"146\"><strong><b>Produkt<\/b><\/strong>\u00a0<strong><b>Name:<\/b><\/strong><\/td>\n<td width=\"601\"><strong>Hochspannungs-Resonanzkondensator<\/strong><\/td>\n<\/tr>\n<tr>\n<td width=\"146\">\n<h4><strong>Kurze Beschreibung:<\/strong><\/h4>\n<\/td>\n<td width=\"601\">1. Kleine kompakte Paketgr\u00f6\u00dfe<\/p>\n<p>2. F\u00e4higkeit, gro\u00dfe Spannungen und Str\u00f6me zu handhaben<\/p>\n<p>3. Verwendung eines verlustarmen Dielektrikums aus Polypropylenfolie<\/td>\n<\/tr>\n<tr>\n<td width=\"146\"><strong>Entladungswiderstand:<\/strong><\/td>\n<td width=\"601\">30000M\u03a9<\/td>\n<\/tr>\n<tr>\n<td width=\"146\"><strong>Nennspannung\uff1a<\/strong><\/td>\n<td width=\"601\">5000v\/\u00b5s<\/td>\n<\/tr>\n<tr>\n<td width=\"146\"><strong>Kap.tol\uff1a<\/strong><\/td>\n<td width=\"601\">\n<table style=\"height: 6px;\" border=\"0\" width=\"5\" cellspacing=\"0\">\n<tbody>\n<tr>\n<td valign=\"center\" nowrap=\"nowrap\" width=\"330\"><\/td>\n<\/tr>\n<\/tbody>\n<\/table>\n<p>-40\u2103~ +85\u2103<\/td>\n<\/tr>\n<tr>\n<td width=\"146\"><strong>Nutzungsdauer:\u00a0<\/strong><\/td>\n<td width=\"601\">100000H<\/td>\n<\/tr>\n<\/tbody>\n<\/table>","protected":false},"featured_media":1887,"comment_status":"open","ping_status":"closed","template":"","meta":[],"product_brand":[],"product_cat":[42],"product_tag":[],"class_list":{"0":"post-1886","1":"product","2":"type-product","3":"status-publish","4":"has-post-thumbnail","6":"product_cat-resonance-capacitor","8":"first","9":"instock","10":"shipping-taxable","11":"product-type-simple"},"_links":{"self":[{"href":"https:\/\/rf-capacitor.com\/de\/wp-json\/wp\/v2\/product\/1886","targetHints":{"allow":["GET"]}}],"collection":[{"href":"https:\/\/rf-capacitor.com\/de\/wp-json\/wp\/v2\/product"}],"about":[{"href":"https:\/\/rf-capacitor.com\/de\/wp-json\/wp\/v2\/types\/product"}],"replies":[{"embeddable":true,"href":"https:\/\/rf-capacitor.com\/de\/wp-json\/wp\/v2\/comments?post=1886"}],"wp:featuredmedia":[{"embeddable":true,"href":"https:\/\/rf-capacitor.com\/de\/wp-json\/wp\/v2\/media\/1887"}],"wp:attachment":[{"href":"https:\/\/rf-capacitor.com\/de\/wp-json\/wp\/v2\/media?parent=1886"}],"wp:term":[{"taxonomy":"product_brand","embeddable":true,"href":"https:\/\/rf-capacitor.com\/de\/wp-json\/wp\/v2\/product_brand?post=1886"},{"taxonomy":"product_cat","embeddable":true,"href":"https:\/\/rf-capacitor.com\/de\/wp-json\/wp\/v2\/product_cat?post=1886"},{"taxonomy":"product_tag","embeddable":true,"href":"https:\/\/rf-capacitor.com\/de\/wp-json\/wp\/v2\/product_tag?post=1886"}],"curies":[{"name":"wp","href":"https:\/\/api.w.org\/{rel}","templated":true}]}}