{"id":1866,"date":"2025-01-02T02:57:34","date_gmt":"2025-01-02T02:57:34","guid":{"rendered":"https:\/\/rf-capacitor.com\/?post_type=product&#038;p=1866"},"modified":"2025-01-02T02:57:34","modified_gmt":"2025-01-02T02:57:34","slug":"water-cooled-capacitor","status":"publish","type":"product","link":"https:\/\/rf-capacitor.com\/de\/water-cooled-capacitor\/","title":{"rendered":"Wassergek\u00fchlter Kondensator"},"content":{"rendered":"<div class=\"user-query-container ng-star-inserted\">\n<div id=\"user-query-content-4\" class=\"query-content\">\n<div class=\"query-text gds-body-l ng-star-inserted\" dir=\"ltr\" role=\"heading\" aria-level=\"2\">\n<h2 class=\"query-text-line ng-star-inserted\"><strong>Wassergek\u00fchlter Kondensator<\/strong><\/h2>\n<\/div>\n<\/div>\n<\/div>\n<div>\n<div class=\"response-container ng-tns-c3227055261-63 response-optimization tts-removed ng-star-inserted response-container-has-multiple-responses\">\n<div class=\"presented-response-container ng-tns-c3227055261-63\">\n<div class=\"response-container-content ng-tns-c3227055261-63 tunable-selection-with-avatar\">\n<div class=\"response-content ng-tns-c3227055261-63\">\n<div id=\"model-response-message-contentr_bb0f189e172b8913\" class=\"markdown markdown-main-panel tutor-markdown-rendering response-optimization\" dir=\"ltr\">\n<p data-sourcepos=\"1:1-1:143\"><span class=\"citation-0 recitation citation-end-0\">Wassergek\u00fchlte Kondensatoren sind f\u00fcr Hochleistungsanwendungen konzipiert, bei denen eine effektive W\u00e4rmeableitung entscheidend ist.<\/span> Hier ist eine Aufschl\u00fcsselung:<span class=\"button-container hide-from-message-actions ng-star-inserted\"> \u00a0<\/span><\/p>\n<h3 data-sourcepos=\"3:1-3:18\"><strong>Wie funktioniert ein wassergek\u00fchlter Kondensator?<\/strong><\/h3>\n<ul data-sourcepos=\"5:1-7:0\">\n<li data-sourcepos=\"5:1-5:162\"><strong><span class=\"citation-1 recitation\">W\u00e4rmeerzeugung:<\/span><\/strong><span class=\"citation-1 recitation citation-end-1\"> Bei Hochleistungsanwendungen k\u00f6nnen Kondensatoren aufgrund von internen Verlusten (wie dielektrischen Verlusten und ESR) erhebliche W\u00e4rme erzeugen.<\/span><span class=\"button-container hide-from-message-actions ng-star-inserted\">\u00a0<\/span>\n<div class=\"container ng-tns-c362440147-68 hide\">\n<div class=\"carousel-container ng-tns-c362440147-68\"><\/div>\n<\/div>\n<\/li>\n<li data-sourcepos=\"6:1-7:0\"><strong><span class=\"citation-2 recitation\">Mechanismus der K\u00fchlung:<\/span><\/strong><span class=\"citation-2 recitation citation-end-2\"> Das Wasser zirkuliert durch interne Kan\u00e4le oder um die Au\u00dfenseite des Kondensators herum.<\/span> <span class=\"citation-3 recitation citation-end-3\">Dies erm\u00f6glicht eine effiziente W\u00e4rmeabfuhr vom Kondensator weg und verhindert einen \u00fcberm\u00e4\u00dfigen Temperaturanstieg.<\/span><span class=\"button-container hide-from-message-actions ng-star-inserted\">\u00a0<button class=\"mat-mdc-tooltip-trigger button image-fade-on hide-from-message-actions\" aria-controls=\"sources\" aria-expanded=\"false\" aria-describedby=\"cdk-describedby-message-ng-1-29\"><\/button><\/span>\n<div class=\"container ng-tns-c362440147-69 hide\">\n<div class=\"carousel-container ng-tns-c362440147-69\"><\/div>\n<\/div>\n<\/li>\n<\/ul>\n<h3 data-sourcepos=\"8:1-8:24\"><strong>Wesentliche Merkmale:<\/strong><\/h3>\n<ul data-sourcepos=\"10:1-14:0\">\n<li data-sourcepos=\"10:1-10:89\"><strong>Hohe Belastbarkeit:<\/strong> <span class=\"citation-4 recitation citation-end-4\">Ausgelegt f\u00fcr hohe Leistungen und hohe Str\u00f6me.<\/span>\n<div class=\"container ng-tns-c362440147-70 hide\">\n<div class=\"carousel-container ng-tns-c362440147-70\"><\/div>\n<\/div>\n<\/li>\n<li data-sourcepos=\"11:1-11:65\"><strong>Hohe Spannungsfestigkeit:<\/strong> Sie k\u00f6nnen hohen Spannungen standhalten.<\/li>\n<li data-sourcepos=\"12:1-12:63\"><strong><span class=\"citation-5 recitation\">Niedriger ESR:<\/span><\/strong><span class=\"citation-5 recitation citation-end-5\"> Minimiert die interne W\u00e4rmeentwicklung.<\/span><span class=\"button-container hide-from-message-actions ng-star-inserted\"> \u00a0<\/span>\n<div class=\"container ng-tns-c362440147-71 hide\">\n<div class=\"carousel-container ng-tns-c362440147-71\"><\/div>\n<\/div>\n<\/li>\n<li data-sourcepos=\"13:1-14:0\"><strong>Robuste Konstruktion:<\/strong> Gebaut, um den Belastungen des Hochleistungsbetriebs und den Auswirkungen der Wasserk\u00fchlung standzuhalten.<\/li>\n<\/ul>\n<h3 data-sourcepos=\"15:1-15:17\"><strong>Anwendungen:<\/strong><\/h3>\n<ul data-sourcepos=\"17:1-23:0\">\n<li data-sourcepos=\"17:1-21:89\"><strong>Industrielle Anwendungen:<\/strong>\n<ul data-sourcepos=\"18:5-21:89\">\n<li data-sourcepos=\"18:5-18:104\"><strong>Induktionserw\u00e4rmung:<\/strong> <span class=\"citation-6 recitation citation-end-6\">Wird in Hochleistungs-Induktionserw\u00e4rmungsanlagen f\u00fcr die Metallbearbeitung verwendet.<\/span><span class=\"button-container hide-from-message-actions ng-star-inserted\">\u00a0<\/span>\n<div class=\"container ng-tns-c362440147-72 hide\">\n<div class=\"carousel-container ng-tns-c362440147-72\"><\/div>\n<\/div>\n<\/li>\n<li data-sourcepos=\"19:5-19:117\"><strong><span class=\"citation-7 recitation\">Korrektur des Leistungsfaktors:<\/span><\/strong><span class=\"citation-7 recitation citation-end-7\"> Wird in Systemen zur Korrektur des Leistungsfaktors in Industrieanlagen eingesetzt.<\/span><span class=\"button-container hide-from-message-actions ng-star-inserted\"> \u00a0<\/span>\n<div class=\"container ng-tns-c362440147-73 hide\">\n<div class=\"carousel-container ng-tns-c362440147-73\"><\/div>\n<\/div>\n<\/li>\n<li data-sourcepos=\"20:5-20:89\"><strong>Hochspannungs\u00fcbertragung:<\/strong> Verwendet in Hochspannungs-Strom\u00fcbertragungssystemen.<\/li>\n<li data-sourcepos=\"21:5-21:89\"><strong><span class=\"citation-8 recitation\">RF-Sender:<\/span><\/strong><span class=\"citation-8 recitation citation-end-8\"> Findet sich in Hochfrequenzsendern mit hoher Leistung.<\/span>\n<div class=\"container ng-tns-c362440147-74 hide\">\n<div class=\"carousel-container ng-tns-c362440147-74\"><\/div>\n<\/div>\n<\/li>\n<\/ul>\n<\/li>\n<li data-sourcepos=\"22:1-23:0\"><strong>Forschung und wissenschaftliche Anwendungen:<\/strong> Wird bei Experimenten der Hochenergiephysik und anderen wissenschaftlichen Forschungsarbeiten eingesetzt.<\/li>\n<\/ul>\n<h3 data-sourcepos=\"24:1-24:13\"><strong>Vorteile Wassergek\u00fchlter Kondensator:<\/strong><\/h3>\n<ul data-sourcepos=\"26:1-29:0\">\n<li data-sourcepos=\"26:1-26:117\"><strong>Verbesserte Verl\u00e4sslichkeit:<\/strong> <span class=\"citation-9 recitation citation-end-9\">Eine wirksame K\u00fchlung verhindert \u00dcberhitzung, die zum Ausfall von Komponenten f\u00fchren kann.<\/span><span class=\"button-container hide-from-message-actions ng-star-inserted\"> \u00a0<\/span>\n<div class=\"container ng-tns-c362440147-75 hide\">\n<div class=\"carousel-container ng-tns-c362440147-75\"><\/div>\n<\/div>\n<\/li>\n<li data-sourcepos=\"27:1-27:99\"><strong>Erh\u00f6hte Leistungsdichte:<\/strong> <span class=\"citation-10 recitation citation-end-10\">Erm\u00f6glicht den Betrieb mit h\u00f6herer Leistung auf kleinerem Raum.<\/span><span class=\"button-container hide-from-message-actions ng-star-inserted\"> \u00a0<\/span>\n<div class=\"container ng-tns-c362440147-76 hide\">\n<div class=\"carousel-container ng-tns-c362440147-76\"><\/div>\n<\/div>\n<\/li>\n<li data-sourcepos=\"28:1-29:0\"><strong><span class=\"citation-11 recitation\">Verl\u00e4ngerte Lebenserwartung:<\/span><\/strong><span class=\"citation-11 recitation citation-end-11\"> Niedrigere Betriebstemperaturen k\u00f6nnen die Lebensdauer des Kondensators erheblich verl\u00e4ngern.<\/span><span class=\"button-container hide-from-message-actions ng-star-inserted\"> \u00a0 <\/span><\/li>\n<\/ul>\n<\/div>\n<\/div>\n<\/div>\n<\/div>\n<\/div>\n<\/div>","protected":false},"excerpt":{"rendered":"<table style=\"height: 462px;\" width=\"711\">\n<tbody>\n<tr>\n<td width=\"146\"><strong><b>Produkt<\/b><\/strong>\u00a0<strong><b>Name:<\/b><\/strong><\/td>\n<td width=\"601\"><strong>Wassergek\u00fchlter Kondensator<\/strong><\/td>\n<\/tr>\n<tr>\n<td width=\"146\">\n<h4><strong>Kurze Beschreibung:<\/strong><\/h4>\n<\/td>\n<td width=\"601\">Wassergek\u00fchlte Kondensatoren werden haupts\u00e4chlich in regelbaren oder einstellbaren Wechselspannungsanlagen mit Nennspannungen bis zu 4,8kv und Frequenzen bis zu 100KHZ eingesetzt, um den Leistungsfaktor in Induktionsheiz-, Schmelz-, R\u00fchr- oder Gie\u00dfanlagen und \u00e4hnlichen Anwendungen zu verbessern.<\/td>\n<\/tr>\n<tr>\n<td width=\"146\"><strong>Kapazit\u00e4tsbereich:<\/strong><\/td>\n<td width=\"601\">bis zu 6000 uF<\/td>\n<\/tr>\n<tr>\n<td width=\"146\"><strong>Nennspannung\uff1a<\/strong><\/td>\n<td width=\"601\">0,75kv bis 3kv<\/td>\n<\/tr>\n<tr>\n<td width=\"146\"><strong>Kap.tol\uff1a<\/strong><\/td>\n<td width=\"601\">\u00a0-25 ~ +50\u2103<\/td>\n<\/tr>\n<tr>\n<td width=\"146\"><strong>Kondensator Modell:\u00a0<\/strong><\/td>\n<td width=\"601\">:GB\/T3984.1-2004<\/td>\n<\/tr>\n<\/tbody>\n<\/table>","protected":false},"featured_media":1867,"comment_status":"open","ping_status":"closed","template":"","meta":[],"product_brand":[],"product_cat":[41],"product_tag":[],"class_list":{"0":"post-1866","1":"product","2":"type-product","3":"status-publish","4":"has-post-thumbnail","6":"product_cat-induction-heating-capacitor","8":"first","9":"instock","10":"shipping-taxable","11":"product-type-simple"},"_links":{"self":[{"href":"https:\/\/rf-capacitor.com\/de\/wp-json\/wp\/v2\/product\/1866","targetHints":{"allow":["GET"]}}],"collection":[{"href":"https:\/\/rf-capacitor.com\/de\/wp-json\/wp\/v2\/product"}],"about":[{"href":"https:\/\/rf-capacitor.com\/de\/wp-json\/wp\/v2\/types\/product"}],"replies":[{"embeddable":true,"href":"https:\/\/rf-capacitor.com\/de\/wp-json\/wp\/v2\/comments?post=1866"}],"wp:featuredmedia":[{"embeddable":true,"href":"https:\/\/rf-capacitor.com\/de\/wp-json\/wp\/v2\/media\/1867"}],"wp:attachment":[{"href":"https:\/\/rf-capacitor.com\/de\/wp-json\/wp\/v2\/media?parent=1866"}],"wp:term":[{"taxonomy":"product_brand","embeddable":true,"href":"https:\/\/rf-capacitor.com\/de\/wp-json\/wp\/v2\/product_brand?post=1866"},{"taxonomy":"product_cat","embeddable":true,"href":"https:\/\/rf-capacitor.com\/de\/wp-json\/wp\/v2\/product_cat?post=1866"},{"taxonomy":"product_tag","embeddable":true,"href":"https:\/\/rf-capacitor.com\/de\/wp-json\/wp\/v2\/product_tag?post=1866"}],"curies":[{"name":"wp","href":"https:\/\/api.w.org\/{rel}","templated":true}]}}