{"id":1860,"date":"2025-01-02T02:14:12","date_gmt":"2025-01-02T02:14:12","guid":{"rendered":"https:\/\/rf-capacitor.com\/?post_type=product&#038;p=1860"},"modified":"2025-01-02T02:14:12","modified_gmt":"2025-01-02T02:14:12","slug":"switching-power-snubber-capacitor","status":"publish","type":"product","link":"https:\/\/rf-capacitor.com\/de\/switching-power-snubber-capacitor\/","title":{"rendered":"Schaltnetzteil-Subkondensator"},"content":{"rendered":"<div class=\"user-query-container ng-star-inserted\">\n<div id=\"user-query-content-2\" class=\"query-content\">\n<div class=\"query-text gds-body-l ng-star-inserted\" dir=\"ltr\" role=\"heading\" aria-level=\"2\">\n<h3 class=\"query-text-line ng-star-inserted\">Schaltnetzteil-Subkondensator<\/h3>\n<\/div>\n<\/div>\n<div class=\"button-gutter\"><span class=\"citation-0 recitation citation-end-0\" style=\"font-size: 14.4px; color: #555555;\">In Schaltnetzteilen sind Snubber-Kondensatoren von entscheidender Bedeutung f\u00fcr den Schutz der Schaltger\u00e4te (wie MOSFETs oder IGBTs) vor \u00fcberm\u00e4\u00dfigen Spannungs- und Strombelastungen w\u00e4hrend der Schaltvorg\u00e4nge.<\/span><span class=\"button-container hide-from-message-actions ng-star-inserted\" style=\"font-size: 14.4px; color: #555555;\">\u00a0 \u00a0<\/span><\/div>\n<\/div>\n<div>\n<div class=\"response-container ng-tns-c3227055261-38 response-optimization tts-removed ng-star-inserted response-container-has-multiple-responses\">\n<div class=\"presented-response-container ng-tns-c3227055261-38\">\n<div class=\"response-container-content ng-tns-c3227055261-38 tunable-selection-with-avatar\">\n<div class=\"response-content ng-tns-c3227055261-38\">\n<div id=\"model-response-message-contentr_690cc733da6ea17b\" class=\"markdown markdown-main-panel tutor-markdown-rendering response-optimization\" dir=\"ltr\">\n<h2 data-sourcepos=\"1:1-1:208\"><strong style=\"font-size: 14.4px;\">\u00a0Funktionsweise von Schaltnetzteilkondensatoren:<\/strong><\/h2>\n<ul data-sourcepos=\"5:1-7:0\">\n<li data-sourcepos=\"5:1-5:287\"><strong><span class=\"citation-1 recitation\">Spannungsspitzen:<\/span><\/strong><span class=\"citation-1 recitation citation-end-1\"> Wenn der Schalter ausgeschaltet wird, kann die parasit\u00e4re Induktivit\u00e4t in der Schaltung einen schnellen Spannungsanstieg am Schalter verursachen.<\/span> <span class=\"citation-2 recitation citation-end-2\">Der Snubber-Kondensator absorbiert diesen pl\u00f6tzlichen Spannungssto\u00df, begrenzt die Spitzenspannung und verhindert eine Besch\u00e4digung des Schalters.<\/span>\n<div class=\"container ng-tns-c362440147-43 hide\">\n<div class=\"carousel-container ng-tns-c362440147-43\"><\/div>\n<\/div>\n<\/li>\n<li data-sourcepos=\"6:1-7:0\"><strong>Stromumschaltung:<\/strong> W\u00e4hrend des Abschaltvorgangs stellt der Snubber-Kondensator einen vor\u00fcbergehenden Pfad f\u00fcr den Stromfluss zur Verf\u00fcgung, wodurch die di\/dt (Strom\u00e4nderungsrate) verringert und die elektromagnetische St\u00f6rung minimiert wird.<\/li>\n<\/ul>\n<h3 data-sourcepos=\"8:1-8:24\"><strong>Wesentliche Merkmale:<\/strong><\/h3>\n<ul data-sourcepos=\"10:1-14:0\">\n<li data-sourcepos=\"10:1-10:88\"><strong>Hohe Spannungsfestigkeit:<\/strong> Muss den beim Schalten auftretenden Spitzenspannungen standhalten.<\/li>\n<li data-sourcepos=\"11:1-11:104\"><strong><span class=\"citation-3 recitation\">Niedriger ESR (\u00e4quivalenter Serienwiderstand):<\/span><\/strong><span class=\"citation-3 recitation citation-end-3\"> Minimiert die Energieverluste innerhalb des Kondensators.<\/span><span class=\"button-container hide-from-message-actions ng-star-inserted\"> \u00a0<\/span>\n<div class=\"container ng-tns-c362440147-44 hide\">\n<div class=\"carousel-container ng-tns-c362440147-44\"><\/div>\n<\/div>\n<\/li>\n<li data-sourcepos=\"12:1-12:123\"><strong>Schnelles Aufladen\/Entladen m\u00f6glich:<\/strong> <span class=\"citation-4 recitation citation-end-4\">F\u00e4higkeit, bei Schaltvorg\u00e4ngen schnell Energie aufzunehmen und wieder abzugeben.<\/span>\n<div class=\"container ng-tns-c362440147-45 hide\">\n<div class=\"carousel-container ng-tns-c362440147-45\"><\/div>\n<\/div>\n<\/li>\n<li data-sourcepos=\"13:1-14:0\"><strong>Kompakte Gr\u00f6\u00dfe:<\/strong> Zur Minimierung des Platzbedarfs in leistungselektronischen Systemen.<\/li>\n<\/ul>\n<h3 data-sourcepos=\"15:1-15:32\"><strong>Typen von Schaltnetzteilkondensatoren:<\/strong><\/h3>\n<ul data-sourcepos=\"17:1-19:0\">\n<li data-sourcepos=\"17:1-17:112\"><strong>Filmkondensatoren:<\/strong> Sie werden h\u00e4ufig aufgrund ihrer hohen Spannungswerte, ihres niedrigen ESR und ihrer guten Temperaturstabilit\u00e4t verwendet.<\/li>\n<li data-sourcepos=\"18:1-19:0\"><strong>Keramische Kondensatoren:<\/strong> Sie bieten eine hohe Kapazit\u00e4t in einem kleinen Geh\u00e4use, k\u00f6nnen jedoch Einschr\u00e4nkungen bei der Nennspannung und Temperaturstabilit\u00e4t aufweisen.<\/li>\n<\/ul>\n<h3 data-sourcepos=\"20:1-20:26\"><strong>\u00dcberlegungen zum Design:<\/strong><\/h3>\n<ul data-sourcepos=\"22:1-25:0\">\n<li data-sourcepos=\"22:1-22:87\"><strong>Merkmale von Schaltger\u00e4ten:<\/strong> Einschalt-\/Ausschaltzeiten, Spitzenstr\u00f6me und Spannungen.<\/li>\n<li data-sourcepos=\"23:1-23:69\"><strong>Schaltungsparameter:<\/strong> Parasit\u00e4re Induktivit\u00e4t, Lastcharakteristik.<\/li>\n<li data-sourcepos=\"24:1-25:0\"><strong><span class=\"citation-5 recitation\">Snubber-Schaltungstopologie:<\/span><\/strong><span class=\"citation-5 recitation citation-end-5\"> Verschiedene Snubber-Konfigurationen (R-C, RCD usw.) haben unterschiedliche Auswirkungen auf die Schaltungsleistung.<\/span><span class=\"button-container hide-from-message-actions ng-star-inserted\">\u00a0 \u00a0<\/span>\n<div class=\"container ng-tns-c362440147-46 hide\">\n<div class=\"carousel-container ng-tns-c362440147-46\"><\/div>\n<\/div>\n<\/li>\n<\/ul>\n<h3 data-sourcepos=\"26:1-26:41\"><strong>Vorteile der Verwendung von Snubber-Kondensatoren:<\/strong><\/h3>\n<ul data-sourcepos=\"28:1-31:0\">\n<li data-sourcepos=\"28:1-28:102\"><strong>Verbesserte Switch-Zuverl\u00e4ssigkeit:<\/strong> Geringere Belastung des Schaltger\u00e4ts, was zu einer l\u00e4ngeren Lebensdauer f\u00fchrt.<\/li>\n<li data-sourcepos=\"29:1-29:68\"><strong>Reduzierte EMI-Emissionen:<\/strong> Minimiert elektromagnetische St\u00f6rungen.<\/li>\n<li data-sourcepos=\"30:1-31:0\"><strong>Verbesserte Systemeffizienz:<\/strong> Geringere Verlustleistung durch geringere Schaltverluste.<\/li>\n<\/ul>\n<\/div>\n<\/div>\n<\/div>\n<\/div>\n<\/div>\n<\/div>","protected":false},"excerpt":{"rendered":"<table style=\"height: 523px;\" width=\"704\">\n<tbody>\n<tr>\n<td width=\"146\"><strong><b>Produkt<\/b><\/strong>\u00a0<strong><b>Name:<\/b><\/strong><\/td>\n<td width=\"601\"><strong>Schaltnetzteil-Subkondensator<\/strong><\/td>\n<\/tr>\n<tr>\n<td width=\"146\">\n<h4><strong>Kurze Beschreibung:<\/strong><\/h4>\n<\/td>\n<td width=\"601\">CRE-Snubber-Folienkondensatoren sind f\u00fcr den Betrieb mit hohen Spitzenstr\u00f6men ausgelegt, die zum Schutz vor transienten Spannungen erforderlich sind.<\/td>\n<\/tr>\n<tr>\n<td width=\"146\"><strong>Kapazit\u00e4tsbereich:<\/strong><\/td>\n<td width=\"601\">\u00a02\u03bcF\u00b110%<\/td>\n<\/tr>\n<tr>\n<td width=\"146\"><strong>Nennspannung\uff1a<\/strong><\/td>\n<td width=\"601\">700V.DC\uff5e3000V.DC<\/td>\n<\/tr>\n<tr>\n<td width=\"146\"><strong>Kap.tol\uff1a<\/strong><\/td>\n<td width=\"601\">\u00b15%(J);\u00b110%(K)<\/td>\n<\/tr>\n<tr>\n<td width=\"146\"><\/td>\n<td width=\"601\"><\/td>\n<\/tr>\n<\/tbody>\n<\/table>","protected":false},"featured_media":1861,"comment_status":"open","ping_status":"closed","template":"","meta":[],"product_brand":[],"product_cat":[40],"product_tag":[],"class_list":{"0":"post-1860","1":"product","2":"type-product","3":"status-publish","4":"has-post-thumbnail","6":"product_cat-snubber-capacitor","8":"first","9":"instock","10":"shipping-taxable","11":"product-type-simple"},"_links":{"self":[{"href":"https:\/\/rf-capacitor.com\/de\/wp-json\/wp\/v2\/product\/1860","targetHints":{"allow":["GET"]}}],"collection":[{"href":"https:\/\/rf-capacitor.com\/de\/wp-json\/wp\/v2\/product"}],"about":[{"href":"https:\/\/rf-capacitor.com\/de\/wp-json\/wp\/v2\/types\/product"}],"replies":[{"embeddable":true,"href":"https:\/\/rf-capacitor.com\/de\/wp-json\/wp\/v2\/comments?post=1860"}],"wp:featuredmedia":[{"embeddable":true,"href":"https:\/\/rf-capacitor.com\/de\/wp-json\/wp\/v2\/media\/1861"}],"wp:attachment":[{"href":"https:\/\/rf-capacitor.com\/de\/wp-json\/wp\/v2\/media?parent=1860"}],"wp:term":[{"taxonomy":"product_brand","embeddable":true,"href":"https:\/\/rf-capacitor.com\/de\/wp-json\/wp\/v2\/product_brand?post=1860"},{"taxonomy":"product_cat","embeddable":true,"href":"https:\/\/rf-capacitor.com\/de\/wp-json\/wp\/v2\/product_cat?post=1860"},{"taxonomy":"product_tag","embeddable":true,"href":"https:\/\/rf-capacitor.com\/de\/wp-json\/wp\/v2\/product_tag?post=1860"}],"curies":[{"name":"wp","href":"https:\/\/api.w.org\/{rel}","templated":true}]}}