{"id":1856,"date":"2025-01-02T02:04:58","date_gmt":"2025-01-02T02:04:58","guid":{"rendered":"https:\/\/rf-capacitor.com\/?post_type=product&#038;p=1856"},"modified":"2025-01-02T02:04:58","modified_gmt":"2025-01-02T02:04:58","slug":"resonant-circuit-snubber-capacitor","status":"publish","type":"product","link":"https:\/\/rf-capacitor.com\/de\/resonant-circuit-snubber-capacitor\/","title":{"rendered":"Resonanzkreis D\u00e4mpfungskondensator"},"content":{"rendered":"<div class=\"user-query-container ng-star-inserted\">\n<div id=\"user-query-content-1\" class=\"query-content\">\n<div class=\"query-text gds-body-l ng-star-inserted\" dir=\"ltr\" role=\"heading\" aria-level=\"2\">\n<h3 class=\"query-text-line ng-star-inserted\">Resonanzkreis D\u00e4mpfungskondensator<\/h3>\n<\/div>\n<\/div>\n<\/div>\n<div>\n<div class=\"response-container ng-tns-c3227055261-32 response-optimization tts-removed ng-star-inserted response-container-has-multiple-responses\">\n<div class=\"presented-response-container ng-tns-c3227055261-32\">\n<div class=\"response-container-content ng-tns-c3227055261-32 tunable-selection-with-avatar\">\n<div class=\"response-content ng-tns-c3227055261-32\">\n<div id=\"model-response-message-contentr_be92511bd195e395\" class=\"markdown markdown-main-panel tutor-markdown-rendering response-optimization\" dir=\"ltr\">\n<p data-sourcepos=\"1:1-1:154\">In resonanten Snubber-Schaltungen spielt der Kondensator eine entscheidende Rolle bei der Schaffung eines resonanten Tankkreises mit der im System vorhandenen parasit\u00e4ren Induktivit\u00e4t.<\/p>\n<h3 data-sourcepos=\"3:1-3:17\"><strong>Die Funktionsweise des Resonanzkreises D\u00e4mpfungskondensator:<\/strong><\/h3>\n<ul data-sourcepos=\"5:1-7:0\">\n<li data-sourcepos=\"5:1-5:283\"><strong>Resonanz:<\/strong> Der Kondensator und die parasit\u00e4re Induktivit\u00e4t bilden eine LC-Tankschaltung. Wenn sich der IGBT ausschaltet, wird die in der parasit\u00e4ren Induktivit\u00e4t gespeicherte Energie auf den Kondensator \u00fcbertragen. Diese Energie\u00fcbertragung erfolgt mit der Resonanzfrequenz des LC-Tanks, was zu Schwingungen f\u00fchrt.<\/li>\n<li data-sourcepos=\"6:1-7:0\"><strong>Energiedissipation:<\/strong> In der Regel wird ein Widerstand in den Resonanzkreis eingebaut, um diese Schwingungen zu d\u00e4mpfen und die Energie abzuf\u00fchren.<\/li>\n<\/ul>\n<h3 data-sourcepos=\"8:1-8:56\"><strong>Hauptmerkmale f\u00fcr Resonanzkondensatoren:<\/strong><\/h3>\n<ul data-sourcepos=\"10:1-13:0\">\n<li data-sourcepos=\"10:1-10:82\"><strong>Pr\u00e4zise Kapazit\u00e4t:<\/strong> Entscheidend f\u00fcr das Erreichen der gew\u00fcnschten Resonanzfrequenz.<\/li>\n<li data-sourcepos=\"11:1-11:78\"><strong><span class=\"citation-0 recitation\">Niedriger ESR:<\/span><\/strong><span class=\"citation-0 recitation citation-end-0\"> Minimiert die Verluste w\u00e4hrend der Resonanzschwingungen. <\/span>\n<div class=\"container ng-tns-c362440147-35\">\n<div class=\"carousel-container ng-tns-c362440147-35\">\n<div class=\"carousel-content ng-tns-c362440147-35\">\n<div class=\"sources-carousel-source ng-tns-c362440147-35 ng-star-inserted\" data-test-id=\"sources-carousel-source\">\n<div class=\"source-card-container\">\n<div class=\"source-card-content\"><\/div>\n<\/div>\n<\/div>\n<\/div>\n<\/div>\n<\/div>\n<\/li>\n<li data-sourcepos=\"12:1-13:0\"><strong>Hohe Spannungsfestigkeit:<\/strong> Sie m\u00fcssen den Spannungsspitzen standhalten, die w\u00e4hrend der Resonanz auftreten.<\/li>\n<\/ul>\n<h3 data-sourcepos=\"14:1-14:42\"><strong>Vorteile des Resonanzkreises D\u00e4mpfungskondensator:<\/strong><\/h3>\n<ul data-sourcepos=\"16:1-19:0\">\n<li data-sourcepos=\"16:1-16:158\"><strong>Geringere Schaltverluste:<\/strong> Durch die Nutzung der resonanten Energie\u00fcbertragung k\u00f6nnen die Schaltverluste im Vergleich zu herk\u00f6mmlichen R-C-Snubbern erheblich reduziert werden.<\/li>\n<li data-sourcepos=\"17:1-17:96\"><strong>Verbesserte Effizienz:<\/strong> Geringere Schaltverluste f\u00fchren zu einer h\u00f6heren Effizienz des Gesamtsystems.<\/li>\n<li data-sourcepos=\"18:1-19:0\"><strong>Reduzierte EMI:<\/strong> Der Resonanzcharakter des Schaltkreises kann zur Verringerung der EMI-Emissionen beitragen.<\/li>\n<\/ul>\n<h3 data-sourcepos=\"20:1-20:26\"><strong>\u00dcberlegungen zum Design:<\/strong><\/h3>\n<ul data-sourcepos=\"22:1-25:0\">\n<li data-sourcepos=\"22:1-22:89\"><strong>Resonanzfrequenz:<\/strong> Sorgf\u00e4ltig berechnet, um den gew\u00fcnschten Betriebsbedingungen zu entsprechen.<\/li>\n<li data-sourcepos=\"23:1-23:117\"><strong>D\u00e4mpfungsfaktor:<\/strong> Der Widerstandswert wird so gew\u00e4hlt, dass er eine angemessene D\u00e4mpfung bietet und \u00fcberm\u00e4\u00dfige Schwingungen verhindert.<\/li>\n<li data-sourcepos=\"24:1-25:0\"><strong>Auswahl der Schaltungskomponenten:<\/strong> Eine sorgf\u00e4ltige Auswahl der Komponenten (Kondensator, Widerstand, Induktor) ist f\u00fcr eine optimale Leistung entscheidend.<\/li>\n<\/ul>\n<p data-sourcepos=\"30:1-30:230\">\n<\/div>\n<\/div>\n<\/div>\n<\/div>\n<\/div>\n<\/div>","protected":false},"excerpt":{"rendered":"<table style=\"height: 534px;\" width=\"695\">\n<tbody>\n<tr>\n<td width=\"146\"><strong><b>Produkt<\/b><\/strong>\u00a0<strong><b>Name:<\/b><\/strong><\/td>\n<td width=\"601\"><strong>Resonanzkreis D\u00e4mpfungskondensator<\/strong><\/td>\n<\/tr>\n<tr>\n<td width=\"146\">\n<h4><strong>Kurze Beschreibung:<\/strong><\/h4>\n<\/td>\n<td width=\"601\">Weit verbreitet in leistungselektronischen Ger\u00e4ten, wenn der Schutz vor Spitzenspannung und Spitzenstromabsorption<\/td>\n<\/tr>\n<tr>\n<td width=\"146\"><strong>Kapazit\u00e4tsbereich:<\/strong><\/td>\n<td width=\"601\">0.1\u03bcF~ 5.6\u03bcF<\/td>\n<\/tr>\n<tr>\n<td width=\"146\"><strong>Nennspannung\uff1a<\/strong><\/td>\n<td width=\"601\">630V.DC ~ 2000V.DC<\/td>\n<\/tr>\n<tr>\n<td width=\"146\"><strong>Kap.tol\uff1a<\/strong><\/td>\n<td width=\"601\">\u00a0\u00a0\u00b15%(J)\uff1b\u00b110%(K)<\/td>\n<\/tr>\n<tr>\n<td width=\"146\"><strong>Kondensator Modell:\u00a0<\/strong><\/td>\n<td width=\"601\">IGBT-Sto\u00dfd\u00e4mpfer<\/td>\n<\/tr>\n<\/tbody>\n<\/table>","protected":false},"featured_media":1857,"comment_status":"open","ping_status":"closed","template":"","meta":[],"product_brand":[],"product_cat":[40],"product_tag":[],"class_list":{"0":"post-1856","1":"product","2":"type-product","3":"status-publish","4":"has-post-thumbnail","6":"product_cat-snubber-capacitor","8":"first","9":"instock","10":"shipping-taxable","11":"product-type-simple"},"_links":{"self":[{"href":"https:\/\/rf-capacitor.com\/de\/wp-json\/wp\/v2\/product\/1856","targetHints":{"allow":["GET"]}}],"collection":[{"href":"https:\/\/rf-capacitor.com\/de\/wp-json\/wp\/v2\/product"}],"about":[{"href":"https:\/\/rf-capacitor.com\/de\/wp-json\/wp\/v2\/types\/product"}],"replies":[{"embeddable":true,"href":"https:\/\/rf-capacitor.com\/de\/wp-json\/wp\/v2\/comments?post=1856"}],"wp:featuredmedia":[{"embeddable":true,"href":"https:\/\/rf-capacitor.com\/de\/wp-json\/wp\/v2\/media\/1857"}],"wp:attachment":[{"href":"https:\/\/rf-capacitor.com\/de\/wp-json\/wp\/v2\/media?parent=1856"}],"wp:term":[{"taxonomy":"product_brand","embeddable":true,"href":"https:\/\/rf-capacitor.com\/de\/wp-json\/wp\/v2\/product_brand?post=1856"},{"taxonomy":"product_cat","embeddable":true,"href":"https:\/\/rf-capacitor.com\/de\/wp-json\/wp\/v2\/product_cat?post=1856"},{"taxonomy":"product_tag","embeddable":true,"href":"https:\/\/rf-capacitor.com\/de\/wp-json\/wp\/v2\/product_tag?post=1856"}],"curies":[{"name":"wp","href":"https:\/\/api.w.org\/{rel}","templated":true}]}}