{"id":1811,"date":"2024-12-31T03:42:39","date_gmt":"2024-12-31T03:42:39","guid":{"rendered":"https:\/\/rf-capacitor.com\/?post_type=product&#038;p=1811"},"modified":"2024-12-31T03:42:39","modified_gmt":"2024-12-31T03:42:39","slug":"high-voltage-snubber-capacitor","status":"publish","type":"product","link":"https:\/\/rf-capacitor.com\/de\/high-voltage-snubber-capacitor\/","title":{"rendered":"Hochspannungs-Snubber-Kondensator"},"content":{"rendered":"<p>Ein Hochspannungskondensator ist ein wichtiges Bauteil, das in Hochspannungsschaltungen zum Schutz vor Spannungsspitzen und Transienten eingesetzt wird. Im Folgenden finden Sie einen \u00dcberblick dar\u00fcber, was ein Snubber-Kondensator ist, seine Funktion und seine Anwendungen:<\/p>\n<p>Was ist ein Hochspannungs-Snubber-Kondensator?<\/p>\n<p>Ein Hochspannungskondensator ist ein Kondensator, der in elektrischen Schaltkreisen verwendet wird, um Spannungsspitzen (auch Transienten genannt) zu unterdr\u00fccken, die beim Abschalten einer induktiven Last auftreten k\u00f6nnen. Diese Kondensatoren helfen, empfindliche Bauteile vor Sch\u00e4den durch pl\u00f6tzliche Spannungs\u00e4nderungen zu sch\u00fctzen.<\/p>\n<p>Funktion eines Hochspannungs-Snubber-Kondensators<\/p>\n<p>1. Spannungsunterdr\u00fcckung: Snubber-Kondensatoren speichern Energie vor\u00fcbergehend und geben sie langsam wieder ab, wodurch die Anstiegsgeschwindigkeit (dV\/dt) von Spannungsspitzen verringert wird.<br \/>\n2. Schutz: Sie sch\u00fctzen Halbleiterbauelemente wie Thyristoren, IGBTs und Dioden vor Spannungsspitzen, die andernfalls zu Durchschl\u00e4gen oder Ausf\u00e4llen f\u00fchren k\u00f6nnten.<br \/>\n3. Rauschunterdr\u00fcckung: Durch die Gl\u00e4ttung von Spannungsschwankungen tragen Snubber-Kondensatoren auch zur Reduzierung elektromagnetischer St\u00f6rungen (EMI) bei.<\/p>\n<p>Anwendungen<\/p>\n<p>1. Leistungselektronik: Snubber-Kondensatoren sind in der Leistungselektronik weit verbreitet, z. B. in Wechselrichtern, Umrichtern und Motorantrieben.<br \/>\n2. Schaltanlagen und Leistungsschalter: Sie werden in Schaltanlagen und Leistungsschaltern zum Schutz vor transienten Spannungen bei Schaltvorg\u00e4ngen eingesetzt.<br \/>\n3. Industrielle Ausr\u00fcstung: In Industriemaschinen werden Snubber-Kondensatoren verwendet, um Steuerkreise und Netzteile vor Spannungsspitzen zu sch\u00fctzen.<br \/>\n4. HLK-Systeme: Hochspannungskondensatoren werden in HLK-Anlagen zum Schutz vor Spannungstransienten in Motorsteuerkreisen eingesetzt.<\/p>\n<p>Wichtige Spezifikationen<\/p>\n<p>- Kapazit\u00e4tswert: Der Kapazit\u00e4tswert muss auf der Grundlage der spezifischen Anwendung und der erwarteten Spannungsspitzen gew\u00e4hlt werden.<br \/>\n- Nennspannung: Der Kondensator sollte eine ausreichende Nennspannung haben, um die Spitzenspannung im Stromkreis zu bew\u00e4ltigen.<br \/>\n- Dielektrisches Material: Zu den g\u00e4ngigen dielektrischen Materialien geh\u00f6ren Keramik, Folie und Polypropylen. Die Wahl h\u00e4ngt von der erforderlichen Spannungsfestigkeit und der Betriebsfrequenz ab.<br \/>\n- ESR (\u00c4quivalenter Serienwiderstand): Ein niedriger ESR wird im Allgemeinen bevorzugt, um Leistungsverluste und W\u00e4rmeentwicklung zu minimieren.<\/p>\n<p>Beispielhafte Anwendungsf\u00e4lle<\/p>\n<p>1. Wechselrichterschaltungen: In Wechselrichtern werden D\u00e4mpfungskondensatoren zwischen die Schaltger\u00e4te geschaltet, um sie vor Spannungsspitzen beim Abschalten zu sch\u00fctzen.<br \/>\n2. Motorantriebe: In Antrieben mit variabler Frequenz (VFDs) helfen Snubber-Kondensatoren, die Leistungsschaltger\u00e4te vor Spannungsspitzen zu sch\u00fctzen, die durch die induktive Natur von Motoren entstehen.<br \/>\n3. Beleuchtungssysteme: In HID-Beleuchtungssystemen (High-Intensity Discharge) werden Snubber-Kondensatoren verwendet, um das Vorschaltger\u00e4t und andere Komponenten vor Spannungsspitzen zu sch\u00fctzen.<\/p>","protected":false},"excerpt":{"rendered":"<table style=\"height: 660px;\" width=\"727\">\n<tbody>\n<tr>\n<td width=\"146\"><strong><b>Produkt<\/b><\/strong>\u00a0<strong><b>Name:<\/b><\/strong><\/td>\n<td width=\"601\"><strong>Hochspannungs-Snubber-Kondensator<\/strong><\/td>\n<\/tr>\n<tr>\n<td width=\"146\">\n<h4><strong>Kurze Beschreibung:<\/strong><\/h4>\n<\/td>\n<td width=\"601\">1. Innovative Snubber-Kondensatoren, entwickelt und hergestellt von CRE<\/p>\n<p>2. Der Marktf\u00fchrer in der Entwicklung und Herstellung von Folienkondensatoren.<\/p>\n<p>3. Wenn Sie spezielle Snubber-Spezifikationen ben\u00f6tigen, wenden Sie sich an unser Design-Center, um einen kundenspezifischen Snubber-Kondensator zu erhalten.<\/p>\n<p>&nbsp;<\/td>\n<\/tr>\n<tr>\n<td width=\"146\"><strong>Kapazit\u00e4tsbereich:<\/strong><\/td>\n<td width=\"601\">\u00a01,6\u03bcF \u00b15%<\/td>\n<\/tr>\n<tr>\n<td width=\"146\"><strong>Nennspannung\uff1a<\/strong><\/td>\n<td width=\"601\">3000V.DC<\/td>\n<\/tr>\n<tr>\n<td width=\"146\"><strong>Kap.tol\uff1a<\/strong><\/td>\n<td width=\"601\">\u00b15%(J) ;\u00b110%(K)<\/td>\n<\/tr>\n<\/tbody>\n<\/table>","protected":false},"featured_media":1812,"comment_status":"open","ping_status":"closed","template":"","meta":[],"product_brand":[],"product_cat":[40],"product_tag":[],"class_list":{"0":"post-1811","1":"product","2":"type-product","3":"status-publish","4":"has-post-thumbnail","6":"product_cat-snubber-capacitor","8":"first","9":"instock","10":"shipping-taxable","11":"product-type-simple"},"_links":{"self":[{"href":"https:\/\/rf-capacitor.com\/de\/wp-json\/wp\/v2\/product\/1811","targetHints":{"allow":["GET"]}}],"collection":[{"href":"https:\/\/rf-capacitor.com\/de\/wp-json\/wp\/v2\/product"}],"about":[{"href":"https:\/\/rf-capacitor.com\/de\/wp-json\/wp\/v2\/types\/product"}],"replies":[{"embeddable":true,"href":"https:\/\/rf-capacitor.com\/de\/wp-json\/wp\/v2\/comments?post=1811"}],"wp:featuredmedia":[{"embeddable":true,"href":"https:\/\/rf-capacitor.com\/de\/wp-json\/wp\/v2\/media\/1812"}],"wp:attachment":[{"href":"https:\/\/rf-capacitor.com\/de\/wp-json\/wp\/v2\/media?parent=1811"}],"wp:term":[{"taxonomy":"product_brand","embeddable":true,"href":"https:\/\/rf-capacitor.com\/de\/wp-json\/wp\/v2\/product_brand?post=1811"},{"taxonomy":"product_cat","embeddable":true,"href":"https:\/\/rf-capacitor.com\/de\/wp-json\/wp\/v2\/product_cat?post=1811"},{"taxonomy":"product_tag","embeddable":true,"href":"https:\/\/rf-capacitor.com\/de\/wp-json\/wp\/v2\/product_tag?post=1811"}],"curies":[{"name":"wp","href":"https:\/\/api.w.org\/{rel}","templated":true}]}}