{"id":1793,"date":"2024-12-31T03:18:31","date_gmt":"2024-12-31T03:18:31","guid":{"rendered":"https:\/\/rf-capacitor.com\/?post_type=product&#038;p=1793"},"modified":"2024-12-31T03:18:31","modified_gmt":"2024-12-31T03:18:31","slug":"damping-absorption-snubber-capacitor","status":"publish","type":"product","link":"https:\/\/rf-capacitor.com\/de\/damping-absorption-snubber-capacitor\/","title":{"rendered":"D\u00e4mpfung Absorption Snubber-Kondensator"},"content":{"rendered":"<h3 data-sourcepos=\"1:1-1:41\"><strong>D\u00e4mpfung Absorption Snubber-Kondensatoren<\/strong><\/h3>\n<ul data-sourcepos=\"3:1-24:0\">\n<li data-sourcepos=\"3:1-3:158\">\n<p data-sourcepos=\"3:3-3:158\"><strong><span class=\"citation-0 recitation\">Zweck:<\/span><\/strong><span class=\"citation-0 recitation citation-end-0\"> Wird in erster Linie zur Unterdr\u00fcckung von Spannungs- und Strom\u00fcberschwingern verwendet, die bei Schaltvorg\u00e4ngen in leistungselektronischen Schaltungen auftreten k\u00f6nnen.<\/span><span class=\"button-container hide-from-message-actions ng-star-inserted\"> \u00a0<\/span><\/p>\n<div class=\"container ng-tns-c362440147-135 hide\">\n<div class=\"carousel-container ng-tns-c362440147-135\"><\/div>\n<\/div>\n<\/li>\n<li data-sourcepos=\"4:1-9:0\">\n<h3 data-sourcepos=\"4:3-4:20\"><strong>Die Funktionsweise des D\u00e4mpfungskondensators Snubber Capacitor:<\/strong><\/h3>\n<ul data-sourcepos=\"5:5-9:0\">\n<li data-sourcepos=\"5:5-5:199\"><strong><span class=\"citation-1 recitation\">Spannungs- und Strom\u00fcberschwinger:<\/span><\/strong><span class=\"citation-1 recitation citation-end-1\"> Wenn ein Schalter in einer leistungselektronischen Schaltung ausgeschaltet wird, kann die pl\u00f6tzliche \u00c4nderung der Schaltungsbedingungen zu schnellen Spannungs- und Stromtransienten f\u00fchren.<\/span><span class=\"button-container hide-from-message-actions ng-star-inserted\">\u00a0<\/span>\n<div class=\"container ng-tns-c362440147-136 hide\">\n<div class=\"carousel-container ng-tns-c362440147-136\"><\/div>\n<\/div>\n<\/li>\n<li data-sourcepos=\"6:5-6:162\"><strong><span class=\"citation-2 recitation\">Snubber-Schaltung:<\/span><\/strong><span class=\"citation-2 recitation citation-end-2\"> Eine D\u00e4mpfungsschaltung, die in der Regel aus einem Widerstand und einem Kondensator besteht, wird parallel zum Schaltger\u00e4t geschaltet.<\/span><span class=\"button-container hide-from-message-actions ng-star-inserted\"> \u00a0<\/span>\n<div class=\"container ng-tns-c362440147-137 hide\">\n<div class=\"carousel-container ng-tns-c362440147-137\"><\/div>\n<\/div>\n<\/li>\n<li data-sourcepos=\"7:5-7:190\"><strong><span class=\"citation-3 recitation\">D\u00e4mpfende Wirkung:<\/span><\/strong><span class=\"citation-3 recitation citation-end-3\"> Der Kondensator absorbiert die mit dem \u00dcberschwingen verbundene Energie, d\u00e4mpft\" den Einschwingvorgang und verhindert \u00fcberm\u00e4\u00dfige Spannungs- oder Stromspitzen.<\/span><\/li>\n<li data-sourcepos=\"7:5-7:190\"><strong style=\"font-size: 14.4px;\">Absorption:<\/strong><span style=\"font-size: 14.4px;\"> Der Kondensator nimmt die Energie auf und gibt sie dann allm\u00e4hlich wieder ab, um eine Besch\u00e4digung des Schaltger\u00e4ts zu verhindern.<\/span><\/li>\n<\/ul>\n<\/li>\n<li data-sourcepos=\"10:1-14:0\">\n<h3 data-sourcepos=\"10:3-10:26\"><strong>Wesentliche Merkmale D\u00e4mpfung Absorption Snubber-Kondensator:<\/strong><\/h3>\n<ul data-sourcepos=\"11:5-14:0\">\n<li data-sourcepos=\"11:5-11:134\"><strong><span class=\"citation-4 recitation\">Niedriger ESR:<\/span><\/strong><span class=\"citation-4 recitation citation-end-4\"> Ein niedriger \u00e4quivalenter Serienwiderstand ist entscheidend f\u00fcr eine effiziente Energieaufnahme und minimale Leistungsverluste.<\/span><span class=\"button-container hide-from-message-actions ng-star-inserted\"> \u00a0<\/span>\n<div class=\"container ng-tns-c362440147-139 hide\">\n<div class=\"carousel-container ng-tns-c362440147-139\"><\/div>\n<\/div>\n<\/li>\n<li data-sourcepos=\"12:5-12:127\"><strong><span class=\"citation-5 recitation\">Hohe Spannungsfestigkeit:<\/span><\/strong><span class=\"citation-5 recitation citation-end-5\"> Sie m\u00fcssen den bei Schalttransienten auftretenden Spitzenspannungen standhalten k\u00f6nnen.<\/span><span class=\"button-container hide-from-message-actions ng-star-inserted\"> \u00a0<\/span>\n<div class=\"container ng-tns-c362440147-140 hide\">\n<div class=\"carousel-container ng-tns-c362440147-140\"><\/div>\n<\/div>\n<\/li>\n<li data-sourcepos=\"13:5-14:0\"><strong>Schnelle Reaktion:<\/strong> Sie m\u00fcssen schnell auf die raschen \u00c4nderungen von Spannung und Stromst\u00e4rke reagieren.<\/li>\n<\/ul>\n<\/li>\n<li data-sourcepos=\"15:1-18:0\">\n<h4 data-sourcepos=\"15:3-15:19\"><strong>Anwendungen:<\/strong><\/h4>\n<ul data-sourcepos=\"16:5-18:0\">\n<li data-sourcepos=\"16:5-16:196\"><strong><span class=\"citation-6 recitation\">Leistungselektronik:<\/span><\/strong><span class=\"citation-6 recitation citation-end-6\"> Weit verbreitet in leistungselektronischen Schaltungen wie Wechselrichtern, Umrichtern und Motorantrieben zum Schutz von Schaltger\u00e4ten wie IGBTs, MOSFETs und Thyristoren.<\/span><span class=\"button-container hide-from-message-actions ng-star-inserted\"> \u00a0<\/span>\n<div class=\"container ng-tns-c362440147-141 hide\">\n<div class=\"carousel-container ng-tns-c362440147-141\"><\/div>\n<\/div>\n<\/li>\n<li data-sourcepos=\"17:5-18:0\"><strong>Hochspannungsanwendungen:<\/strong> Eingesetzt in Hochspannungsanwendungen, bei denen Schaltspannungen st\u00e4rker ausgepr\u00e4gt sein k\u00f6nnen.<\/li>\n<\/ul>\n<\/li>\n<li data-sourcepos=\"19:1-24:0\">\n<h4 data-sourcepos=\"19:3-19:15\"><strong>Vorteile:<\/strong><\/h4>\n<ul data-sourcepos=\"20:5-24:0\">\n<li data-sourcepos=\"20:5-20:109\"><strong><span class=\"citation-7 recitation\">Geringere Schaltverluste:<\/span><\/strong><span class=\"citation-7 recitation citation-end-7\"> Minimiert die mit den Schaltvorg\u00e4ngen verbundenen Leistungsverluste.<\/span><span class=\"button-container hide-from-message-actions ng-star-inserted\"> \u00a0<\/span>\n<div class=\"container ng-tns-c362440147-142 hide\">\n<div class=\"carousel-container ng-tns-c362440147-142\"><\/div>\n<\/div>\n<\/li>\n<li data-sourcepos=\"21:5-21:110\"><strong><span class=\"citation-8 recitation\">Verbesserte Verl\u00e4sslichkeit:<\/span><\/strong><span class=\"citation-8 recitation citation-end-8\"> Sch\u00fctzt die Schaltger\u00e4te vor Besch\u00e4digungen und verl\u00e4ngert ihre Lebensdauer.<\/span><span class=\"button-container hide-from-message-actions ng-star-inserted\"> \u00a0<\/span>\n<div class=\"container ng-tns-c362440147-143 hide\">\n<div class=\"carousel-container ng-tns-c362440147-143\"><\/div>\n<\/div>\n<\/li>\n<li data-sourcepos=\"22:5-22:156\"><strong><span class=\"citation-9 recitation\">Reduzierte EMI\/RFI:<\/span><\/strong><span class=\"citation-9 recitation citation-end-9\"> Verringert elektromagnetische St\u00f6rungen (EMI) und Hochfrequenzst\u00f6rungen (RFI), die durch Schaltspitzen entstehen.<\/span><span class=\"button-container hide-from-message-actions ng-star-inserted\"> \u00a0<\/span>\n<div class=\"container ng-tns-c362440147-144 hide\">\n<div class=\"carousel-container ng-tns-c362440147-144\"><\/div>\n<\/div>\n<\/li>\n<li data-sourcepos=\"23:5-24:0\"><strong>Verbesserte Effizienz:<\/strong> <span class=\"citation-10 recitation citation-end-10\">Durch die Verringerung der Schaltverluste k\u00f6nnen Snubber-Schaltungen zu einer verbesserten Gesamteffizienz des Systems beitragen.<\/span><span class=\"button-container hide-from-message-actions ng-star-inserted\"> \u00a0 <\/span><\/li>\n<\/ul>\n<\/li>\n<\/ul>","protected":false},"excerpt":{"rendered":"<table style=\"height: 549px;\" width=\"734\">\n<tbody>\n<tr>\n<td width=\"146\"><strong><b>Produkt<\/b><\/strong>\u00a0<strong><b>Name:<\/b><\/strong><\/td>\n<td width=\"601\"><strong>D\u00e4mpfung Absorption Snubber-Kondensator<\/strong><\/td>\n<\/tr>\n<tr>\n<td width=\"146\">\n<h4><strong>Kurze Beschreibung:<\/strong><\/h4>\n<\/td>\n<td width=\"601\">1. Innovative d\u00e4mpfende Absorptionskondensatoren werden von CRE entwickelt und hergestellt<\/p>\n<p>2. CRE ist f\u00fchrend in der Entwicklung und Herstellung von Folienkondensatoren.<\/p>\n<p>3. Wenn Sie spezielle Spezifikationen f\u00fcr einen D\u00e4mpfungskondensator ben\u00f6tigen, wenden Sie sich an unser Design-Center, um einen ma\u00dfgeschneiderten Kondensator zu erhalten.<\/td>\n<\/tr>\n<tr>\n<td width=\"146\"><strong>Kapazit\u00e4tsbereich:<\/strong><\/td>\n<td width=\"601\">\u00a00,33\u03bcF \u00b15%<\/td>\n<\/tr>\n<tr>\n<td width=\"146\"><strong>Nennspannung\uff1a<\/strong><\/td>\n<td width=\"601\">3400V.AC<\/td>\n<\/tr>\n<tr>\n<td width=\"146\"><strong>Kap.tol\uff1a<\/strong><\/td>\n<td width=\"601\">-40\u2103_85\u2103<\/td>\n<\/tr>\n<\/tbody>\n<\/table>","protected":false},"featured_media":1795,"comment_status":"open","ping_status":"closed","template":"","meta":[],"product_brand":[],"product_cat":[40],"product_tag":[],"class_list":{"0":"post-1793","1":"product","2":"type-product","3":"status-publish","4":"has-post-thumbnail","6":"product_cat-snubber-capacitor","8":"first","9":"instock","10":"shipping-taxable","11":"product-type-simple"},"_links":{"self":[{"href":"https:\/\/rf-capacitor.com\/de\/wp-json\/wp\/v2\/product\/1793","targetHints":{"allow":["GET"]}}],"collection":[{"href":"https:\/\/rf-capacitor.com\/de\/wp-json\/wp\/v2\/product"}],"about":[{"href":"https:\/\/rf-capacitor.com\/de\/wp-json\/wp\/v2\/types\/product"}],"replies":[{"embeddable":true,"href":"https:\/\/rf-capacitor.com\/de\/wp-json\/wp\/v2\/comments?post=1793"}],"wp:featuredmedia":[{"embeddable":true,"href":"https:\/\/rf-capacitor.com\/de\/wp-json\/wp\/v2\/media\/1795"}],"wp:attachment":[{"href":"https:\/\/rf-capacitor.com\/de\/wp-json\/wp\/v2\/media?parent=1793"}],"wp:term":[{"taxonomy":"product_brand","embeddable":true,"href":"https:\/\/rf-capacitor.com\/de\/wp-json\/wp\/v2\/product_brand?post=1793"},{"taxonomy":"product_cat","embeddable":true,"href":"https:\/\/rf-capacitor.com\/de\/wp-json\/wp\/v2\/product_cat?post=1793"},{"taxonomy":"product_tag","embeddable":true,"href":"https:\/\/rf-capacitor.com\/de\/wp-json\/wp\/v2\/product_tag?post=1793"}],"curies":[{"name":"wp","href":"https:\/\/api.w.org\/{rel}","templated":true}]}}