{"id":1783,"date":"2024-12-31T02:56:12","date_gmt":"2024-12-31T02:56:12","guid":{"rendered":"https:\/\/rf-capacitor.com\/?post_type=product&#038;p=1783"},"modified":"2024-12-31T02:56:12","modified_gmt":"2024-12-31T02:56:12","slug":"low-esr-ac-filter-capacitor","status":"publish","type":"product","link":"https:\/\/rf-capacitor.com\/de\/low-esr-ac-filter-capacitor\/","title":{"rendered":"AC-Filterkondensator mit niedrigem ESR-Wert"},"content":{"rendered":"<h3 data-sourcepos=\"1:1-1:32\"><strong>AC-Filterkondensatoren mit niedrigem ESR-Wert<\/strong><\/h3>\n<ul data-sourcepos=\"3:1-17:0\">\n<li data-sourcepos=\"3:1-3:208\">\n<p data-sourcepos=\"3:3-3:208\"><strong>ESR:<\/strong> <span class=\"citation-0 recitation citation-end-0\">Steht f\u00fcr \"\u00c4quivalenter Serienwiderstand\".<\/span> <span class=\"citation-1 recitation citation-end-1\">Er steht f\u00fcr den Innenwiderstand des Kondensators, der im Betrieb zu Energieverlusten und W\u00e4rmeentwicklung f\u00fchren kann.<\/span><span class=\"button-container hide-from-message-actions ng-star-inserted\">\u00a0<\/span><\/p>\n<div class=\"container ng-tns-c362440147-124 hide\">\n<div class=\"carousel-container ng-tns-c362440147-124\"><\/div>\n<\/div>\n<\/li>\n<li data-sourcepos=\"4:1-9:0\">\n<p data-sourcepos=\"4:3-4:105\"><strong>Niedriger ESR Bedeutung:<\/strong> <span class=\"citation-2 recitation citation-end-2\">Bei AC-Filteranwendungen ist ein niedriger ESR aus mehreren Gr\u00fcnden entscheidend:<\/span><span class=\"button-container hide-from-message-actions ng-star-inserted\"> \u00a0<\/span><\/p>\n<div class=\"container ng-tns-c362440147-125 hide\">\n<div class=\"carousel-container ng-tns-c362440147-125\"><\/div>\n<\/div>\n<ul data-sourcepos=\"5:5-9:0\">\n<li data-sourcepos=\"5:5-5:147\"><strong><span class=\"citation-3 recitation\">Geringere Leistungsverluste:<\/span><\/strong><span class=\"citation-3 recitation citation-end-3\"> Ein niedriger ESR minimiert die interne W\u00e4rmeentwicklung, was zu geringeren Leistungsverlusten und einem verbesserten Wirkungsgrad f\u00fchrt.<\/span><span class=\"button-container hide-from-message-actions ng-star-inserted\">\u00a0<\/span>\n<div class=\"container ng-tns-c362440147-126 hide\">\n<div class=\"carousel-container ng-tns-c362440147-126\"><\/div>\n<\/div>\n<\/li>\n<li data-sourcepos=\"6:5-6:186\"><strong>Verbesserte Filterleistung:<\/strong> Ein niedriger ESR-Wert erm\u00f6glicht es dem Kondensator, effektiver auf schnelle Strom\u00e4nderungen zu reagieren und verbessert seine F\u00e4higkeit, hochfrequente Oberschwingungen herauszufiltern.<\/li>\n<li data-sourcepos=\"7:5-7:173\"><strong>Erh\u00f6hte Stabilit\u00e4t:<\/strong> Reduziert das Risiko von Resonanzproblemen im Stromnetz, die auftreten k\u00f6nnen, wenn Hochfrequenzkomponenten mit der Induktivit\u00e4t des Systems interagieren.<\/li>\n<li data-sourcepos=\"8:5-9:0\"><strong>Verbesserte Verl\u00e4sslichkeit:<\/strong> <span class=\"citation-4 recitation citation-end-4\">Die geringere interne W\u00e4rmeentwicklung reduziert die Belastung des Kondensators und verl\u00e4ngert seine Lebensdauer.<\/span><span class=\"button-container hide-from-message-actions ng-star-inserted\"> \u00a0<\/span>\n<div class=\"container ng-tns-c362440147-127 hide\">\n<div class=\"carousel-container ng-tns-c362440147-127\"><\/div>\n<\/div>\n<\/li>\n<\/ul>\n<\/li>\n<li data-sourcepos=\"10:1-13:0\">\n<h3 data-sourcepos=\"10:3-10:19\"><strong>G\u00e4ngige Typen AC-Filterkondensator mit niedrigem ESR-Wert:<\/strong><\/h3>\n<ul data-sourcepos=\"11:5-13:0\">\n<li data-sourcepos=\"11:5-11:130\"><strong><span class=\"citation-5 recitation\">Metallisierte Polypropylen-Folienkondensatoren:<\/span><\/strong><span class=\"citation-5 recitation citation-end-5\"> Sie werden h\u00e4ufig wegen ihres niedrigen ESR und ihrer Hochfrequenzleistung bevorzugt.<\/span><span class=\"button-container hide-from-message-actions ng-star-inserted\"> \u00a0<\/span>\n<div class=\"container ng-tns-c362440147-128 hide\">\n<div class=\"carousel-container ng-tns-c362440147-128\"><\/div>\n<\/div>\n<\/li>\n<li data-sourcepos=\"12:5-13:0\"><strong>Metallisierte Papierkondensatoren:<\/strong> Sie k\u00f6nnen auch einen niedrigen ESR aufweisen, insbesondere bei Anwendungen mit h\u00f6herer Leistung.<\/li>\n<\/ul>\n<\/li>\n<li data-sourcepos=\"14:1-17:0\">\n<h3 data-sourcepos=\"14:3-14:19\"><strong>Anwendungen:<\/strong><\/h3>\n<ul data-sourcepos=\"15:5-17:0\">\n<li data-sourcepos=\"15:5-15:202\"><strong>High-Power-Anwendungen:<\/strong> Einsatz in industriellen Hochleistungsanlagen, Systemen f\u00fcr erneuerbare Energien sowie Strom\u00fcbertragungs- und -verteilungssystemen, in denen hohe Str\u00f6me und schnelle Transienten auftreten.<\/li>\n<li data-sourcepos=\"16:5-17:0\"><strong>Hochfrequenz-Anwendungen:<\/strong> Sie werden in Anwendungen eingesetzt, die Hochfrequenzschaltungen erfordern, z. B. in Motorantrieben, Wechselrichtern und leistungselektronischen Umrichtern.<\/li>\n<\/ul>\n<\/li>\n<\/ul>\n<p data-sourcepos=\"18:1-18:358\"><strong>Zusammengefasst:<\/strong> AC-Filterkondensatoren mit niedrigem ESR-Wert sind unerl\u00e4sslich, um eine optimale Leistung und Zuverl\u00e4ssigkeit in anspruchsvollen Anwendungen zu gew\u00e4hrleisten, in denen hohe Str\u00f6me, schnelle Transienten und Hochfrequenzkomponenten vorhanden sind. Durch die Minimierung des Innenwiderstands tragen diese Kondensatoren zu einer verbesserten Stromqualit\u00e4t, geringeren Energieverlusten und einer erh\u00f6hten Systemstabilit\u00e4t bei.<\/p>","protected":false},"excerpt":{"rendered":"<table style=\"height: 601px;\" width=\"720\">\n<tbody>\n<tr>\n<td width=\"146\"><strong><b>Produkt<\/b><\/strong>\u00a0<strong><b>Name:<\/b><\/strong><\/td>\n<td width=\"601\"><strong>AC-Filterkondensator mit niedrigem ESR-Wert<\/strong><\/td>\n<\/tr>\n<tr>\n<td width=\"146\">\n<h4><strong>Dielektrisches Material:<\/strong><\/h4>\n<\/td>\n<td width=\"601\">1. Gro\u00dfes Geh\u00e4use aus rostfreiem Stahl<\/p>\n<p>2. hohe spezifische Energie<\/p>\n<p>3. wellengeschnittene metallisierte PP-Folie\/PU, die eine niedrige Selbstinduktivit\u00e4t, hohe Bruchfestigkeit und hohe Zuverl\u00e4ssigkeit gew\u00e4hrleistet.<\/td>\n<\/tr>\n<tr>\n<td width=\"146\"><strong>Kapazit\u00e4tsbereich:<\/strong><\/td>\n<td width=\"601\">3*200\u03bcF \u00b15%<\/td>\n<\/tr>\n<tr>\n<td width=\"146\"><strong>Nennspannung\uff1a<\/strong><\/td>\n<td width=\"601\">\u00a0450V.AC SH<\/td>\n<\/tr>\n<tr>\n<td width=\"146\"><strong>Kap.tol\uff1a<\/strong><\/td>\n<td width=\"601\">5%~+5%<\/td>\n<\/tr>\n<tr>\n<td width=\"146\"><strong>Maximale Umgebungstemperatur:<\/strong><\/td>\n<td width=\"601\">\u00a0-40\u2103-85\u2103<\/td>\n<\/tr>\n<\/tbody>\n<\/table>","protected":false},"featured_media":1787,"comment_status":"open","ping_status":"closed","template":"","meta":[],"product_brand":[],"product_cat":[39],"product_tag":[],"class_list":{"0":"post-1783","1":"product","2":"type-product","3":"status-publish","4":"has-post-thumbnail","6":"product_cat-ac-filter-capacitor-1","8":"first","9":"instock","10":"shipping-taxable","11":"product-type-simple"},"_links":{"self":[{"href":"https:\/\/rf-capacitor.com\/de\/wp-json\/wp\/v2\/product\/1783","targetHints":{"allow":["GET"]}}],"collection":[{"href":"https:\/\/rf-capacitor.com\/de\/wp-json\/wp\/v2\/product"}],"about":[{"href":"https:\/\/rf-capacitor.com\/de\/wp-json\/wp\/v2\/types\/product"}],"replies":[{"embeddable":true,"href":"https:\/\/rf-capacitor.com\/de\/wp-json\/wp\/v2\/comments?post=1783"}],"wp:featuredmedia":[{"embeddable":true,"href":"https:\/\/rf-capacitor.com\/de\/wp-json\/wp\/v2\/media\/1787"}],"wp:attachment":[{"href":"https:\/\/rf-capacitor.com\/de\/wp-json\/wp\/v2\/media?parent=1783"}],"wp:term":[{"taxonomy":"product_brand","embeddable":true,"href":"https:\/\/rf-capacitor.com\/de\/wp-json\/wp\/v2\/product_brand?post=1783"},{"taxonomy":"product_cat","embeddable":true,"href":"https:\/\/rf-capacitor.com\/de\/wp-json\/wp\/v2\/product_cat?post=1783"},{"taxonomy":"product_tag","embeddable":true,"href":"https:\/\/rf-capacitor.com\/de\/wp-json\/wp\/v2\/product_tag?post=1783"}],"curies":[{"name":"wp","href":"https:\/\/api.w.org\/{rel}","templated":true}]}}