{"id":1767,"date":"2024-12-31T02:35:15","date_gmt":"2024-12-31T02:35:15","guid":{"rendered":"https:\/\/rf-capacitor.com\/?post_type=product&#038;p=1767"},"modified":"2024-12-31T02:35:15","modified_gmt":"2024-12-31T02:35:15","slug":"metallized-polypropylene-film-capacitor","status":"publish","type":"product","link":"https:\/\/rf-capacitor.com\/de\/metallized-polypropylene-film-capacitor\/","title":{"rendered":"Metallisierter Polypropylen-Folienkondensator"},"content":{"rendered":"<h3 data-sourcepos=\"1:1-1:50\"><strong>Metallisierte Polypropylen-Folienkondensatoren (MKP)<\/strong><\/h3>\n<ul data-sourcepos=\"3:1-27:0\">\n<li data-sourcepos=\"3:1-7:0\">\n<p data-sourcepos=\"3:3-3:19\"><strong>Konstruktion:<\/strong><\/p>\n<ul data-sourcepos=\"4:5-7:0\">\n<li data-sourcepos=\"4:5-4:104\"><strong>Dielektrikum:<\/strong> <span class=\"citation-0 recitation citation-end-0\">Verwenden Sie d\u00fcnne Schichten aus Polypropylenfolie als Isoliermaterial.<\/span><span class=\"button-container hide-from-message-actions ng-star-inserted\">\u00a0 \u00a0<\/span>\n<div class=\"container ng-tns-c362440147-96 hide\">\n<div class=\"carousel-container ng-tns-c362440147-96\"><\/div>\n<\/div>\n<\/li>\n<li data-sourcepos=\"5:5-5:136\"><strong>Metallisierung:<\/strong> Eine d\u00fcnne Metallschicht (in der Regel Aluminium) wird im Vakuum auf die Folie aufgebracht und bildet die leitenden Elektroden.<\/li>\n<li data-sourcepos=\"6:5-7:0\"><strong>Selbstheilung:<\/strong> <span class=\"citation-1 recitation citation-end-1\">Tritt aufgrund eines Herstellungsfehlers oder einer \u00dcberspannung ein lokaler Kurzschluss auf, verdampft die Metallisierung um den Fehler herum, isoliert den Bereich und verhindert weitere Sch\u00e4den.<\/span> <span class=\"citation-2 recitation citation-end-2\">Dieser Selbstheilungsmechanismus erh\u00f6ht die Zuverl\u00e4ssigkeit.<\/span><span class=\"button-container hide-from-message-actions ng-star-inserted\"> \u00a0<\/span>\n<div class=\"container ng-tns-c362440147-97 hide\">\n<div class=\"carousel-container ng-tns-c362440147-97\"><\/div>\n<\/div>\n<\/li>\n<\/ul>\n<\/li>\n<li data-sourcepos=\"8:1-14:0\">\n<h3 data-sourcepos=\"8:3-8:26\"><strong>Hauptmerkmale Metallisierter Polypropylen-Folienkondensator:<\/strong><\/h3>\n<ul data-sourcepos=\"9:5-14:0\">\n<li data-sourcepos=\"9:5-9:122\"><strong><span class=\"citation-3 recitation\">Geringer Verlust:<\/span><\/strong><span class=\"citation-3 recitation citation-end-3\"> Sie weisen sehr geringe dielektrische Verluste auf und eignen sich daher f\u00fcr Hochfrequenzanwendungen.<\/span><span class=\"button-container hide-from-message-actions ng-star-inserted\"> \u00a0<\/span>\n<div class=\"container ng-tns-c362440147-98 hide\">\n<div class=\"carousel-container ng-tns-c362440147-98\"><\/div>\n<\/div>\n<\/li>\n<li data-sourcepos=\"10:5-10:72\"><strong>Hohe Stabilit\u00e4t:<\/strong> Hervorragende Stabilit\u00e4t \u00fcber Temperatur und Zeit.<\/li>\n<li data-sourcepos=\"11:5-11:83\"><strong>Selbstheilung:<\/strong> <span class=\"citation-4 recitation citation-end-4\">Verbessert die Zuverl\u00e4ssigkeit und verl\u00e4ngert die Nutzungsdauer.<\/span><span class=\"button-container hide-from-message-actions ng-star-inserted\"> \u00a0<\/span>\n<div class=\"container ng-tns-c362440147-99 hide\">\n<div class=\"carousel-container ng-tns-c362440147-99\"><\/div>\n<\/div>\n<\/li>\n<li data-sourcepos=\"12:5-12:72\"><strong>Hohe Spannungsfestigkeit:<\/strong> <span class=\"citation-5 recitation citation-end-5\">Kann hohen Spannungen standhalten.<\/span><span class=\"button-container hide-from-message-actions ng-star-inserted\"> \u00a0<\/span>\n<div class=\"container ng-tns-c362440147-100 hide\">\n<div class=\"carousel-container ng-tns-c362440147-100\"><\/div>\n<\/div>\n<\/li>\n<li data-sourcepos=\"13:5-14:0\"><strong>Kompakte Gr\u00f6\u00dfe:<\/strong> Erzielen Sie hohe Kapazit\u00e4tswerte in relativ kleinen Geh\u00e4usen.<\/li>\n<\/ul>\n<\/li>\n<li data-sourcepos=\"15:1-21:0\">\n<h3 data-sourcepos=\"15:3-15:19\"><strong>Anwendungen:<\/strong><\/h3>\n<ul data-sourcepos=\"16:5-21:0\">\n<li data-sourcepos=\"16:5-16:110\"><strong>AC-Filter:<\/strong> <span class=\"citation-6 recitation citation-end-6\">Wird in Wechselstromnetzen verwendet, um Oberschwingungen herauszufiltern und die Stromqualit\u00e4t zu verbessern.<\/span><span class=\"button-container hide-from-message-actions ng-star-inserted\"> \u00a0<\/span>\n<div class=\"container ng-tns-c362440147-101 hide\">\n<div class=\"carousel-container ng-tns-c362440147-101\"><\/div>\n<\/div>\n<\/li>\n<li data-sourcepos=\"17:5-17:98\"><strong>Motorantriebe:<\/strong> Wird in drehzahlvariablen Antrieben eingesetzt, um die Leistung zu verbessern und die Ger\u00e4uschentwicklung zu verringern.<\/li>\n<li data-sourcepos=\"18:5-18:142\"><strong>Schaltnetzteile:<\/strong> Weit verbreitet in verschiedenen elektronischen Schaltungen, einschlie\u00dflich Schaltnetzteilen, Wechselrichtern und Konvertern.<\/li>\n<li data-sourcepos=\"19:5-19:149\"><strong>Hochfrequenz-Anwendungen:<\/strong> Geeignet f\u00fcr Anwendungen, die mit hohen Frequenzen arbeiten, wie z. B. HF-Schaltungen und Telekommunikationsger\u00e4te.<\/li>\n<li data-sourcepos=\"20:5-21:0\"><strong>Audio-Ausstattung:<\/strong> <span class=\"citation-7 recitation citation-end-7\">Wird bei Audioanwendungen verwendet, um die Signalqualit\u00e4t zu verbessern und Verzerrungen zu verringern.<\/span><span class=\"button-container hide-from-message-actions ng-star-inserted\">\u00a0<\/span>\n<div class=\"container ng-tns-c362440147-102 hide\">\n<div class=\"carousel-container ng-tns-c362440147-102\"><\/div>\n<\/div>\n<\/li>\n<\/ul>\n<\/li>\n<li data-sourcepos=\"22:1-27:0\">\n<h3 data-sourcepos=\"22:3-22:15\"><strong>Vorteile:<\/strong><\/h3>\n<ul data-sourcepos=\"23:5-27:0\">\n<li data-sourcepos=\"23:5-23:108\"><strong><span class=\"citation-8 recitation\">Verbesserte Leistung:<\/span><\/strong><span class=\"citation-8 recitation citation-end-8\"> Verbessern Sie die Leistung und Effizienz elektronischer Ger\u00e4te.<\/span>\n<div class=\"container ng-tns-c362440147-103 hide\">\n<div class=\"carousel-container ng-tns-c362440147-103\"><\/div>\n<\/div>\n<\/li>\n<li data-sourcepos=\"24:5-24:80\"><strong>Geringere Energieverluste:<\/strong> Minimieren Sie Energieverluste in verschiedenen Anwendungen.<\/li>\n<li data-sourcepos=\"25:5-25:87\"><strong>Erh\u00f6hte Verl\u00e4sslichkeit:<\/strong> Der Selbstheilungsmechanismus verbessert die langfristige Zuverl\u00e4ssigkeit.<\/li>\n<li data-sourcepos=\"26:5-27:0\"><strong>Kompakt und leicht:<\/strong> Geeignet f\u00fcr Anwendungen mit begrenztem Platzangebot.<\/li>\n<\/ul>\n<\/li>\n<\/ul>\n<p data-sourcepos=\"28:1-28:293\"><strong>Zusammengefasst:<\/strong> Metallisierte Polypropylen-Folienkondensatoren sind ein vielseitiges und zuverl\u00e4ssiges Bauteil mit einer breiten Palette von Anwendungen in verschiedenen elektronischen und Leistungssystemen. Ihr geringer Verlust, ihre hohe Stabilit\u00e4t und ihre Selbstheilungsf\u00e4higkeiten machen sie zu einer bevorzugten Wahl f\u00fcr viele kritische Anwendungen.<\/p>\n<p data-sourcepos=\"30:1-30:82\">","protected":false},"excerpt":{"rendered":"<table style=\"height: 493px;\" width=\"698\">\n<tbody>\n<tr>\n<td width=\"146\"><strong><b>Produkt<\/b><\/strong>\u00a0<strong><b>Name:<\/b><\/strong><\/td>\n<td width=\"601\"><strong>Metallisierter Polypropylen-Folienkondensator<\/strong><\/td>\n<\/tr>\n<tr>\n<td width=\"146\">\n<h4><strong>Dielektrisches Material:<\/strong><\/h4>\n<\/td>\n<td width=\"601\">Metallisierte Polypropylenfolie<\/td>\n<\/tr>\n<tr>\n<td width=\"146\"><strong>Kapazit\u00e4tsbereich:<\/strong><\/td>\n<td width=\"601\">50 Hz und\/oder 60 Hz<\/td>\n<\/tr>\n<tr>\n<td width=\"146\"><strong>Nennspannung\uff1a<\/strong><\/td>\n<td width=\"601\">\u00a0660 VAC<\/td>\n<\/tr>\n<tr>\n<td width=\"146\"><strong>Kap.tol\uff1a<\/strong><\/td>\n<td width=\"601\">5%~+5%<\/td>\n<\/tr>\n<tr>\n<td width=\"146\"><strong>Maximale Umgebungstemperatur:<\/strong><\/td>\n<td width=\"601\">\u00a0-40\u2103 bis +70\u2103<\/td>\n<\/tr>\n<\/tbody>\n<\/table>","protected":false},"featured_media":1770,"comment_status":"open","ping_status":"closed","template":"","meta":[],"product_brand":[],"product_cat":[39],"product_tag":[],"class_list":{"0":"post-1767","1":"product","2":"type-product","3":"status-publish","4":"has-post-thumbnail","6":"product_cat-ac-filter-capacitor-1","8":"first","9":"instock","10":"shipping-taxable","11":"product-type-simple"},"_links":{"self":[{"href":"https:\/\/rf-capacitor.com\/de\/wp-json\/wp\/v2\/product\/1767","targetHints":{"allow":["GET"]}}],"collection":[{"href":"https:\/\/rf-capacitor.com\/de\/wp-json\/wp\/v2\/product"}],"about":[{"href":"https:\/\/rf-capacitor.com\/de\/wp-json\/wp\/v2\/types\/product"}],"replies":[{"embeddable":true,"href":"https:\/\/rf-capacitor.com\/de\/wp-json\/wp\/v2\/comments?post=1767"}],"wp:featuredmedia":[{"embeddable":true,"href":"https:\/\/rf-capacitor.com\/de\/wp-json\/wp\/v2\/media\/1770"}],"wp:attachment":[{"href":"https:\/\/rf-capacitor.com\/de\/wp-json\/wp\/v2\/media?parent=1767"}],"wp:term":[{"taxonomy":"product_brand","embeddable":true,"href":"https:\/\/rf-capacitor.com\/de\/wp-json\/wp\/v2\/product_brand?post=1767"},{"taxonomy":"product_cat","embeddable":true,"href":"https:\/\/rf-capacitor.com\/de\/wp-json\/wp\/v2\/product_cat?post=1767"},{"taxonomy":"product_tag","embeddable":true,"href":"https:\/\/rf-capacitor.com\/de\/wp-json\/wp\/v2\/product_tag?post=1767"}],"curies":[{"name":"wp","href":"https:\/\/api.w.org\/{rel}","templated":true}]}}