{"id":1715,"date":"2024-12-30T03:49:14","date_gmt":"2024-12-30T03:49:14","guid":{"rendered":"https:\/\/rf-capacitor.com\/?post_type=product&#038;p=1715"},"modified":"2024-12-30T03:49:14","modified_gmt":"2024-12-30T03:49:14","slug":"three-phase-ac-filter-capacitor","status":"publish","type":"product","link":"https:\/\/rf-capacitor.com\/de\/three-phase-ac-filter-capacitor\/","title":{"rendered":"Dreiphasen-AC-Filter Kondensator"},"content":{"rendered":"<h3 data-sourcepos=\"1:1-1:36\"><strong>Dreiphasen-AC-Filter Kondensator<\/strong><\/h3>\n<ul data-sourcepos=\"3:1-21:0\">\n<li data-sourcepos=\"3:1-3:147\">\n<p data-sourcepos=\"3:3-3:147\"><strong>Zweck:<\/strong> <span class=\"citation-0 recitation citation-end-0\">Speziell f\u00fcr dreiphasige Wechselstromnetze entwickelt, um Oberschwingungsverzerrungen herauszufiltern, die durch nichtlineare Lasten entstehen.<\/span><span class=\"button-container hide-from-message-actions ng-star-inserted\">\u00a0<\/span><\/p>\n<div class=\"container ng-tns-c362440147-79 hide\">\n<div class=\"carousel-container ng-tns-c362440147-79\"><\/div>\n<\/div>\n<\/li>\n<li data-sourcepos=\"4:1-10:0\">\n<h3 data-sourcepos=\"4:3-4:26\"><strong>Hauptmerkmale Dreiphasen-AC-Filterkondensator:<\/strong><\/h3>\n<ul data-sourcepos=\"5:5-10:0\">\n<li data-sourcepos=\"5:5-5:151\"><strong>Dreiphasige Konfiguration:<\/strong> In der Regel in einer Dreieck- oder Sternschaltung angeschlossen, um Oberschwingungen in Dreiphasensystemen wirksam zu filtern.<\/li>\n<li data-sourcepos=\"6:5-6:126\"><strong>Hohe Belastbarkeit:<\/strong> <span class=\"citation-1 recitation citation-end-1\">Sie sind in der Lage, die hohen Str\u00f6me und Spannungen in Dreiphasensystemen zu verarbeiten.<\/span><span class=\"button-container hide-from-message-actions ng-star-inserted\">\u00a0 \u00a0<\/span>\n<div class=\"container ng-tns-c362440147-80 hide\">\n<div class=\"carousel-container ng-tns-c362440147-80\"><\/div>\n<\/div>\n<\/li>\n<li data-sourcepos=\"7:5-7:78\"><strong>Niedrige Impedanz:<\/strong> <span class=\"citation-2 recitation citation-end-2\">Minimieren Sie Energieverluste w\u00e4hrend des Betriebs.<\/span><span class=\"button-container hide-from-message-actions ng-star-inserted\">\u00a0 \u00a0<\/span>\n<div class=\"container ng-tns-c362440147-81 hide\">\n<div class=\"carousel-container ng-tns-c362440147-81\"><\/div>\n<\/div>\n<\/li>\n<li data-sourcepos=\"8:5-8:158\"><strong>Robuste Konstruktion:<\/strong> Gebaut, um den Anforderungen dreiphasiger Stromsysteme, einschlie\u00dflich h\u00f6herer Spannungen und potenziell h\u00f6herer Fehlerstr\u00f6me, standzuhalten.<\/li>\n<li data-sourcepos=\"9:5-10:0\"><strong>Selbstheilung:<\/strong> <span class=\"citation-3 recitation citation-end-3\">Sie verf\u00fcgen h\u00e4ufig \u00fcber Selbstheilungsmechanismen, um die Zuverl\u00e4ssigkeit zu erh\u00f6hen und die Lebensdauer zu verl\u00e4ngern.<\/span><span class=\"button-container hide-from-message-actions ng-star-inserted\"> \u00a0<\/span>\n<div class=\"container ng-tns-c362440147-82 hide\">\n<div class=\"carousel-container ng-tns-c362440147-82\"><\/div>\n<\/div>\n<\/li>\n<\/ul>\n<\/li>\n<li data-sourcepos=\"11:1-15:0\">\n<h3 data-sourcepos=\"11:3-11:19\"><strong>Anwendungen Dreiphasen-Wechselstrom-Filterkondensator:<\/strong><\/h3>\n<ul data-sourcepos=\"12:5-15:0\">\n<li data-sourcepos=\"12:5-12:158\"><strong>Industriell:<\/strong> <span class=\"citation-4 recitation citation-end-4\">Filterung von Oberschwingungen, die von drehzahlvariablen Antrieben (VSDs), leistungselektronischen Umrichtern und anderen industriellen Ger\u00e4ten erzeugt werden.<\/span><span class=\"button-container hide-from-message-actions ng-star-inserted\">\u00a0 \u00a0<\/span>\n<div class=\"container ng-tns-c362440147-83 hide\">\n<div class=\"carousel-container ng-tns-c362440147-83\"><\/div>\n<\/div>\n<\/li>\n<li data-sourcepos=\"13:5-13:140\"><strong><span class=\"citation-5 recitation\">Erneuerbare Energien:<\/span><\/strong><span class=\"citation-5 recitation citation-end-5\"> Filterung von Oberwellen, die von Windturbinen, Solarwechselrichtern und anderen erneuerbaren Energiequellen erzeugt werden.<\/span>\n<div class=\"container ng-tns-c362440147-84 hide\">\n<div class=\"carousel-container ng-tns-c362440147-84\"><\/div>\n<\/div>\n<\/li>\n<li data-sourcepos=\"14:5-15:0\"><strong>Energie\u00fcbertragung und -verteilung:<\/strong> Verbesserung der Netzqualit\u00e4t in dreiphasigen \u00dcbertragungs- und Verteilungssystemen.<\/li>\n<\/ul>\n<\/li>\n<li data-sourcepos=\"16:1-21:0\">\n<h3 data-sourcepos=\"16:3-16:15\"><strong>Vorteile:<\/strong><\/h3>\n<ul data-sourcepos=\"17:5-21:0\">\n<li data-sourcepos=\"17:5-17:127\"><strong>Verbesserte Stromqualit\u00e4t:<\/strong> Erhebliche Verringerung der Oberschwingungsverzerrung, was zu stabileren und effizienteren Stromsystemen f\u00fchrt.<\/li>\n<li data-sourcepos=\"18:5-18:131\"><strong><span class=\"citation-6 recitation\">Geringere Energieverluste:<\/span><\/strong><span class=\"citation-6 recitation citation-end-6\"> Minimierung der Leistungsverluste im System und damit Senkung des Energieverbrauchs und der Betriebskosten.<\/span><span class=\"button-container hide-from-message-actions ng-star-inserted\">\u00a0 \u00a0<\/span>\n<div class=\"container ng-tns-c362440147-85 hide\">\n<div class=\"carousel-container ng-tns-c362440147-85\"><\/div>\n<\/div>\n<\/li>\n<li data-sourcepos=\"19:5-19:105\"><strong>Verbesserte Lebensdauer der Ausr\u00fcstung:<\/strong> Sch\u00fctzen Sie empfindliche Ger\u00e4te vor den sch\u00e4dlichen Auswirkungen von Oberwellen.<\/li>\n<li data-sourcepos=\"20:5-21:0\"><strong>Erh\u00f6hte Systemzuverl\u00e4ssigkeit:<\/strong> Verbesserung der Gesamtzuverl\u00e4ssigkeit und Stabilit\u00e4t des dreiphasigen Stromnetzes.<\/li>\n<\/ul>\n<\/li>\n<\/ul>","protected":false},"excerpt":{"rendered":"<table style=\"height: 446px;\" width=\"714\">\n<tbody>\n<tr>\n<td width=\"146\"><strong><b>Produkt<\/b><\/strong>\u00a0<strong><b>Name:<\/b><\/strong><\/td>\n<td width=\"601\"><strong>Dreiphasen-AC-Filter Kondensator<\/strong><\/td>\n<\/tr>\n<tr>\n<td width=\"146\">\n<h4><strong>Kurze Beschreibung:<\/strong><\/h4>\n<\/td>\n<td width=\"601\">Metall-Aluminium-Geh\u00e4use, flammhemmendes (UL 94V-0) Epoxid-Geh\u00e4use mit hohem Strom, gro\u00dfer Kapazit\u00e4t, niedriger ESL und geringem Verlust<\/td>\n<\/tr>\n<tr>\n<td width=\"146\"><strong>Kapazit\u00e4tsbereich:<\/strong><\/td>\n<td width=\"601\">3\u2716\ufe0f20~3\u2716\ufe0f500UF<\/td>\n<\/tr>\n<tr>\n<td width=\"146\"><strong>Nennspannung\uff1a<\/strong><\/td>\n<td width=\"601\">220-1000Vac<\/td>\n<\/tr>\n<tr>\n<td width=\"146\"><strong>Struktur:\u00a0<\/strong><\/td>\n<td width=\"601\">\u00a0Metallisierte Folie trockene Struktur<\/td>\n<\/tr>\n<tr>\n<td width=\"146\"><strong>Kondensator Modell:\u00a0<\/strong><\/td>\n<td width=\"601\">AKMJ-MC<\/td>\n<\/tr>\n<\/tbody>\n<\/table>","protected":false},"featured_media":1716,"comment_status":"open","ping_status":"closed","template":"","meta":[],"product_brand":[],"product_cat":[39],"product_tag":[],"class_list":{"0":"post-1715","1":"product","2":"type-product","3":"status-publish","4":"has-post-thumbnail","6":"product_cat-ac-filter-capacitor-1","8":"first","9":"instock","10":"shipping-taxable","11":"product-type-simple"},"_links":{"self":[{"href":"https:\/\/rf-capacitor.com\/de\/wp-json\/wp\/v2\/product\/1715","targetHints":{"allow":["GET"]}}],"collection":[{"href":"https:\/\/rf-capacitor.com\/de\/wp-json\/wp\/v2\/product"}],"about":[{"href":"https:\/\/rf-capacitor.com\/de\/wp-json\/wp\/v2\/types\/product"}],"replies":[{"embeddable":true,"href":"https:\/\/rf-capacitor.com\/de\/wp-json\/wp\/v2\/comments?post=1715"}],"wp:featuredmedia":[{"embeddable":true,"href":"https:\/\/rf-capacitor.com\/de\/wp-json\/wp\/v2\/media\/1716"}],"wp:attachment":[{"href":"https:\/\/rf-capacitor.com\/de\/wp-json\/wp\/v2\/media?parent=1715"}],"wp:term":[{"taxonomy":"product_brand","embeddable":true,"href":"https:\/\/rf-capacitor.com\/de\/wp-json\/wp\/v2\/product_brand?post=1715"},{"taxonomy":"product_cat","embeddable":true,"href":"https:\/\/rf-capacitor.com\/de\/wp-json\/wp\/v2\/product_cat?post=1715"},{"taxonomy":"product_tag","embeddable":true,"href":"https:\/\/rf-capacitor.com\/de\/wp-json\/wp\/v2\/product_tag?post=1715"}],"curies":[{"name":"wp","href":"https:\/\/api.w.org\/{rel}","templated":true}]}}