{"id":1713,"date":"2024-12-30T03:26:32","date_gmt":"2024-12-30T03:26:32","guid":{"rendered":"https:\/\/rf-capacitor.com\/?post_type=product&#038;p=1713"},"modified":"2024-12-30T03:26:32","modified_gmt":"2024-12-30T03:26:32","slug":"high-power-filter-capacitor","status":"publish","type":"product","link":"https:\/\/rf-capacitor.com\/de\/high-power-filter-capacitor\/","title":{"rendered":"Hochleistungs-Filterkondensator"},"content":{"rendered":"<h3 data-sourcepos=\"1:1-1:32\"><strong>Hochleistungs-Filterkondensatoren<\/strong><\/h3>\n<ul data-sourcepos=\"3:1-27:0\">\n<li data-sourcepos=\"3:1-3:141\">\n<p data-sourcepos=\"3:3-3:141\"><strong>Zweck:<\/strong> Entwickelt f\u00fcr Anwendungen, die eine hohe Belastbarkeit erfordern, typischerweise in Hochspannungs- und Hochstromumgebungen.<\/p>\n<\/li>\n<li data-sourcepos=\"4:1-10:0\">\n<h3 data-sourcepos=\"4:3-4:26\"><strong>Hauptmerkmale Hochleistungs-Filterkondensator:<\/strong><\/h3>\n<ul data-sourcepos=\"5:5-10:0\">\n<li data-sourcepos=\"5:5-5:77\"><strong>Hohe Spannungsfestigkeit:<\/strong> H\u00e4lt hohen Spannungen stand, ohne zusammenzubrechen.<\/li>\n<li data-sourcepos=\"6:5-6:103\"><strong>Hohe Strombelastbarkeit:<\/strong> Geeignet f\u00fcr gro\u00dfe Stromst\u00f6\u00dfe und hohe Dauerstr\u00f6me.<\/li>\n<li data-sourcepos=\"7:5-7:65\"><strong>Niedrige Impedanz:<\/strong> Minimieren Sie Energieverluste w\u00e4hrend des Betriebs.<\/li>\n<li data-sourcepos=\"8:5-8:121\"><strong>Robuste Konstruktion:<\/strong> Gebaut, um rauen Betriebsbedingungen, einschlie\u00dflich hoher Temperaturen und Vibrationen, standzuhalten.<\/li>\n<li data-sourcepos=\"9:5-10:0\"><strong>Selbstheilung:<\/strong> Sie verf\u00fcgen h\u00e4ufig \u00fcber Selbstheilungsmechanismen zur Verl\u00e4ngerung der Lebensdauer.<\/li>\n<\/ul>\n<\/li>\n<li data-sourcepos=\"11:1-15:0\">\n<h3 data-sourcepos=\"11:3-11:19\"><strong>Konstruktion Hochleistungs-Filterkondensator:<\/strong><\/h3>\n<ul data-sourcepos=\"12:5-15:0\">\n<li data-sourcepos=\"12:5-12:112\"><strong>Dielektrikum:<\/strong> In der Regel werden robuste dielektrische Materialien wie Polypropylenfolie oder metallisiertes Papier verwendet.<\/li>\n<li data-sourcepos=\"13:5-13:132\"><strong>K\u00fchlung:<\/strong> Sie verf\u00fcgen h\u00e4ufig \u00fcber K\u00fchlmechanismen wie \u00f6lgef\u00fcllte Geh\u00e4use oder Zwangsluftk\u00fchlung, um die W\u00e4rmeableitung zu steuern.<\/li>\n<li data-sourcepos=\"14:5-15:0\"><strong>Robuste Geh\u00e4use:<\/strong> Sie sind in robusten Geh\u00e4usen untergebracht, um die internen Komponenten vor Umwelteinfl\u00fcssen zu sch\u00fctzen.<\/li>\n<\/ul>\n<\/li>\n<li data-sourcepos=\"16:1-21:0\">\n<h3 data-sourcepos=\"16:3-16:19\"><strong>Anwendungen:<\/strong><\/h3>\n<ul data-sourcepos=\"17:5-21:0\">\n<li data-sourcepos=\"17:5-17:118\"><strong>Energie\u00fcbertragung und -verteilung:<\/strong> Filterung von Oberwellen in Hochspannungsleitungen und Umspannwerken.<\/li>\n<li data-sourcepos=\"18:5-18:130\"><strong>Industrielle Anwendungen:<\/strong> Wird in industriellen Hochleistungsger\u00e4ten wie Motorantrieben, Umrichtern und Schwei\u00dfmaschinen verwendet.<\/li>\n<li data-sourcepos=\"19:5-19:128\"><strong>Erneuerbare Energien:<\/strong> Filterung von Oberwellen, die von Windturbinen, Solarwechselrichtern und anderen erneuerbaren Energiequellen erzeugt werden.<\/li>\n<li data-sourcepos=\"19:5-19:128\"><strong>Hochspannungs-Gleichstrom-\u00dcbertragung (HG\u00dc):<\/strong> Wird in HG\u00dc-Stromrichterstationen verwendet, um Oberschwingungen zu filtern und die Netzqualit\u00e4t zu verbessern.<\/li>\n<\/ul>\n<\/li>\n<li data-sourcepos=\"22:1-27:0\">\n<h3 data-sourcepos=\"22:3-22:15\"><strong>Vorteile:<\/strong><\/h3>\n<ul data-sourcepos=\"23:5-27:0\">\n<li data-sourcepos=\"23:5-23:125\"><strong>Verbesserte Stromqualit\u00e4t:<\/strong> Wirksame Reduzierung von Oberschwingungsverzerrungen, was zu stabileren und effizienteren Stromsystemen f\u00fchrt.<\/li>\n<li data-sourcepos=\"24:5-24:110\"><strong>Erh\u00f6hte Systemeffizienz:<\/strong> Minimieren Sie Leistungsverluste, um den Energieverbrauch und die Betriebskosten zu senken.<\/li>\n<li data-sourcepos=\"25:5-25:105\"><strong>Verbesserte Lebensdauer der Ausr\u00fcstung:<\/strong> Sch\u00fctzen Sie empfindliche Ger\u00e4te vor den sch\u00e4dlichen Auswirkungen von Oberwellen.<\/li>\n<li data-sourcepos=\"26:5-27:0\"><strong>Verbesserte Systemzuverl\u00e4ssigkeit:<\/strong> Die robuste Konstruktion und die Selbstheilungskr\u00e4fte erh\u00f6hen die langfristige Zuverl\u00e4ssigkeit des Systems.<\/li>\n<\/ul>\n<\/li>\n<\/ul>","protected":false},"excerpt":{"rendered":"<table style=\"height: 447px;\" width=\"813\">\n<tbody>\n<tr>\n<td width=\"146\"><strong><b>Produkt<\/b><\/strong>\u00a0<strong><b>Name:<\/b><\/strong><\/td>\n<td width=\"601\"><strong>Hochleistungs-Filterkondensator<\/strong><\/td>\n<\/tr>\n<tr>\n<td width=\"146\">\n<h4>Anwendung:<\/h4>\n<\/td>\n<td width=\"601\">Allgemeiner Zweck, Strom, Hochspannung, UPS<\/td>\n<\/tr>\n<tr>\n<td width=\"146\"><strong>Kapazit\u00e4tsbereich:<\/strong><\/td>\n<td width=\"601\">\u00a00,33UF~60UF<\/td>\n<\/tr>\n<tr>\n<td width=\"146\"><strong>Nennspannung\uff1a<\/strong><\/td>\n<td width=\"601\">450V.DC - 1800V.DC<\/td>\n<\/tr>\n<tr>\n<td width=\"146\"><strong>Referenznorm:<\/strong><\/td>\n<td width=\"601\">\u00a0IEC61071;GB\/T 17702<\/td>\n<\/tr>\n<tr>\n<td width=\"146\"><strong>Verwendung:\u00a0<\/strong><\/td>\n<td width=\"601\">\u00a0AC-Filter<\/td>\n<\/tr>\n<\/tbody>\n<\/table>","protected":false},"featured_media":1714,"comment_status":"open","ping_status":"closed","template":"","meta":[],"product_brand":[],"product_cat":[39],"product_tag":[],"class_list":{"0":"post-1713","1":"product","2":"type-product","3":"status-publish","4":"has-post-thumbnail","6":"product_cat-ac-filter-capacitor-1","8":"first","9":"instock","10":"shipping-taxable","11":"product-type-simple"},"_links":{"self":[{"href":"https:\/\/rf-capacitor.com\/de\/wp-json\/wp\/v2\/product\/1713","targetHints":{"allow":["GET"]}}],"collection":[{"href":"https:\/\/rf-capacitor.com\/de\/wp-json\/wp\/v2\/product"}],"about":[{"href":"https:\/\/rf-capacitor.com\/de\/wp-json\/wp\/v2\/types\/product"}],"replies":[{"embeddable":true,"href":"https:\/\/rf-capacitor.com\/de\/wp-json\/wp\/v2\/comments?post=1713"}],"wp:featuredmedia":[{"embeddable":true,"href":"https:\/\/rf-capacitor.com\/de\/wp-json\/wp\/v2\/media\/1714"}],"wp:attachment":[{"href":"https:\/\/rf-capacitor.com\/de\/wp-json\/wp\/v2\/media?parent=1713"}],"wp:term":[{"taxonomy":"product_brand","embeddable":true,"href":"https:\/\/rf-capacitor.com\/de\/wp-json\/wp\/v2\/product_brand?post=1713"},{"taxonomy":"product_cat","embeddable":true,"href":"https:\/\/rf-capacitor.com\/de\/wp-json\/wp\/v2\/product_cat?post=1713"},{"taxonomy":"product_tag","embeddable":true,"href":"https:\/\/rf-capacitor.com\/de\/wp-json\/wp\/v2\/product_tag?post=1713"}],"curies":[{"name":"wp","href":"https:\/\/api.w.org\/{rel}","templated":true}]}}