{"id":1705,"date":"2024-12-30T02:28:37","date_gmt":"2024-12-30T02:28:37","guid":{"rendered":"https:\/\/rf-capacitor.com\/?post_type=product&#038;p=1705"},"modified":"2024-12-30T02:28:37","modified_gmt":"2024-12-30T02:28:37","slug":"ac-filter-metalized-film-capacitor","status":"publish","type":"product","link":"https:\/\/rf-capacitor.com\/de\/ac-filter-metalized-film-capacitor\/","title":{"rendered":"AC-Filter Metallisierter Filmkondensator"},"content":{"rendered":"<h3 data-sourcepos=\"1:1-1:40\"><strong>AC-Filter Metallisierter Filmkondensator<\/strong><\/h3>\n<h3 data-sourcepos=\"3:1-3:18\"><strong>Was sind AC-Filter-Metallfolienkondensatoren?<\/strong><\/h3>\n<ul data-sourcepos=\"5:1-10:0\">\n<li data-sourcepos=\"5:1-5:121\"><strong><span class=\"citation-0 recitation\">Zweck:<\/span><\/strong><span class=\"citation-0 recitation citation-end-0\"> Wird in erster Linie verwendet, um unerw\u00fcnschte Oberschwingungen (verzerrte Frequenzen) in Wechselstromnetzen herauszufiltern.<\/span><span class=\"button-container hide-from-message-actions ng-star-inserted\"> \u00a0<\/span>\n<div class=\"container ng-tns-c362440147-19 hide\">\n<div class=\"carousel-container ng-tns-c362440147-19\"><\/div>\n<\/div>\n<\/li>\n<li data-sourcepos=\"6:1-10:0\"><strong>Konstruktion:<\/strong>\n<ul data-sourcepos=\"7:5-10:0\">\n<li data-sourcepos=\"7:5-7:90\"><strong>Dielektrikum:<\/strong> <span class=\"citation-1 recitation citation-end-1\">Hergestellt aus d\u00fcnnen Schichten metallisierter Polypropylenfolie.<\/span><span class=\"button-container hide-from-message-actions ng-star-inserted\">\u00a0<\/span>\n<div class=\"container ng-tns-c362440147-20 hide\">\n<div class=\"carousel-container ng-tns-c362440147-20\"><\/div>\n<\/div>\n<\/li>\n<li data-sourcepos=\"8:5-8:135\"><strong><span class=\"citation-2 recitation\">Metallisierung:<\/span><\/strong><span class=\"citation-2 recitation citation-end-2\"> Auf die Folie wird eine d\u00fcnne Metallschicht (in der Regel Aluminium) aufgebracht, die eine leitende Schicht bildet.<\/span><span class=\"button-container hide-from-message-actions ng-star-inserted\"> \u00a0<\/span>\n<div class=\"container ng-tns-c362440147-21 hide\">\n<div class=\"carousel-container ng-tns-c362440147-21\"><\/div>\n<\/div>\n<\/li>\n<li data-sourcepos=\"9:5-10:0\"><strong>Selbstheilung:<\/strong> Tritt ein lokaler Kurzschluss auf, verdampft die Metallisierung um den Fehler herum, wodurch der Bereich isoliert wird und der Kondensator weiter funktionieren kann.<\/li>\n<\/ul>\n<\/li>\n<\/ul>\n<h3 data-sourcepos=\"11:1-11:17\"><strong>Hauptmerkmale AC-Filter Metallisierter Filmkondensator:<\/strong><\/h3>\n<ul data-sourcepos=\"13:1-22:0\">\n<li data-sourcepos=\"13:1-13:99\"><strong><span class=\"citation-3 recitation\">Hohe Kapazit\u00e4tsdichte:<\/span><\/strong><span class=\"citation-3 recitation citation-end-3\"> Kann hohe Kapazit\u00e4tswerte bei kompakter Gr\u00f6\u00dfe erreichen.<\/span><span class=\"button-container hide-from-message-actions ng-star-inserted\">\u00a0<\/span>\n<div class=\"container ng-tns-c362440147-22 hide\">\n<div class=\"carousel-container ng-tns-c362440147-22\"><\/div>\n<\/div>\n<\/li>\n<li data-sourcepos=\"14:1-14:73\"><strong><span class=\"citation-4 recitation\">Geringer Verlust:<\/span><\/strong><span class=\"citation-4 recitation citation-end-4\"> Minimale Energieverluste w\u00e4hrend des Betriebs.<\/span><span class=\"button-container hide-from-message-actions ng-star-inserted\">\u00a0 \u00a0<\/span>\n<div class=\"container ng-tns-c362440147-23 hide\">\n<div class=\"carousel-container ng-tns-c362440147-23\"><\/div>\n<\/div>\n<\/li>\n<li data-sourcepos=\"15:1-15:80\"><strong>Selbstheilung:<\/strong> <span class=\"citation-5 recitation citation-end-5\">Erh\u00f6ht die Zuverl\u00e4ssigkeit und verl\u00e4ngert die Nutzungsdauer.<\/span><span class=\"button-container hide-from-message-actions ng-star-inserted\">\u00a0 \u00a0<\/span>\n<div class=\"container ng-tns-c362440147-24 hide\">\n<div class=\"carousel-container ng-tns-c362440147-24\"><\/div>\n<\/div>\n<\/li>\n<li data-sourcepos=\"16:1-16:83\"><strong><span class=\"citation-6 recitation\">Hohe Spitzenstrombelastbarkeit:<\/span><\/strong><span class=\"citation-6 recitation citation-end-6\"> Kann hohen Stromst\u00f6\u00dfen standhalten.<\/span><span class=\"button-container hide-from-message-actions ng-star-inserted\"> \u00a0<\/span>\n<div class=\"container ng-tns-c362440147-25 hide\">\n<div class=\"carousel-container ng-tns-c362440147-25\"><\/div>\n<\/div>\n<\/li>\n<li data-sourcepos=\"17:1-22:0\"><strong>Breites Spektrum an Anwendungen:<\/strong> Geeignet f\u00fcr verschiedene Anwendungen, darunter:\n<ul data-sourcepos=\"18:5-22:0\">\n<li data-sourcepos=\"18:5-18:80\"><strong>Wechselrichter-Systeme:<\/strong> Gl\u00e4ttung der Ausgangswellenformen und Verbesserung der Effizienz.<\/li>\n<li data-sourcepos=\"19:5-19:91\"><strong><span class=\"citation-7 recitation\">Motorantriebe:<\/span><\/strong><span class=\"citation-7 recitation citation-end-7\"> Reduzierung der von Frequenzumrichtern erzeugten Oberschwingungen.<\/span>\n<div class=\"container ng-tns-c362440147-26 hide\">\n<div class=\"carousel-container ng-tns-c362440147-26\"><\/div>\n<\/div>\n<\/li>\n<li data-sourcepos=\"20:5-20:67\"><strong><span class=\"citation-8 recitation\">Batterieladeger\u00e4te:<\/span><\/strong><span class=\"citation-8 recitation citation-end-8\"> Filterung von Brummstr\u00f6men.<\/span><span class=\"button-container hide-from-message-actions ng-star-inserted\"> \u00a0<\/span>\n<div class=\"container ng-tns-c362440147-27 hide\">\n<div class=\"carousel-container ng-tns-c362440147-27\"><\/div>\n<\/div>\n<\/li>\n<li data-sourcepos=\"21:5-22:0\"><strong><span class=\"citation-9 recitation\">Leistungsfaktor-Korrektur (PFC):<\/span><\/strong><span class=\"citation-9 recitation citation-end-9\"> Verbesserung der Stromqualit\u00e4t.<\/span><span class=\"button-container hide-from-message-actions ng-star-inserted\"> \u00a0<\/span>\n<div class=\"container ng-tns-c362440147-28 hide\">\n<div class=\"carousel-container ng-tns-c362440147-28\">\n<div class=\"carousel-content ng-tns-c362440147-28\">\n<div class=\"sources-carousel-source ng-tns-c362440147-28 hide ng-star-inserted\" data-test-id=\"sources-carousel-source\"><\/div>\n<\/div>\n<\/div>\n<\/div>\n<\/li>\n<\/ul>\n<\/li>\n<\/ul>\n<h3 data-sourcepos=\"23:1-23:17\"><strong>Anwendungen AC-Filter Metallisierter Filmkondensator:<\/strong><\/h3>\n<ul data-sourcepos=\"25:1-29:0\">\n<li data-sourcepos=\"25:1-25:99\"><strong><span class=\"citation-10 recitation\">Industriell:<\/span><\/strong><span class=\"citation-10 recitation citation-end-10\"> Leistungsfaktorkorrektur, Oberschwingungsfilterung in Industrieanlagen.<\/span><span class=\"button-container hide-from-message-actions ng-star-inserted\"> \u00a0<\/span>\n<div class=\"container ng-tns-c362440147-29 hide\">\n<div class=\"carousel-container ng-tns-c362440147-29\"><\/div>\n<\/div>\n<\/li>\n<li data-sourcepos=\"26:1-26:91\"><strong><span class=\"citation-11 recitation\">Erneuerbare Energien:<\/span><\/strong><span class=\"citation-11 recitation citation-end-11\"> Filterung von Oberschwingungen in Wind- und Solarenergieanlagen,<\/span>\n<div class=\"container ng-tns-c362440147-30 hide\">\n<div class=\"carousel-container ng-tns-c362440147-30\"><\/div>\n<\/div>\n<\/li>\n<li data-sourcepos=\"27:1-27:90\"><strong>Automobilindustrie:<\/strong> <span class=\"citation-12 recitation citation-end-12\">Gl\u00e4ttung von Spannungsschwankungen in elektronischen Systemen.<\/span><span class=\"button-container hide-from-message-actions ng-star-inserted\">\u00a0 \u00a0<\/span>\n<div class=\"container ng-tns-c362440147-31 hide\">\n<div class=\"carousel-container ng-tns-c362440147-31\"><\/div>\n<\/div>\n<\/li>\n<li data-sourcepos=\"28:1-29:0\"><strong><span class=\"citation-13 recitation\">Unterhaltungselektronik:<\/span><\/strong><span class=\"citation-13 recitation citation-end-13\"> Verbesserung der Leistung von Audio- und Videoger\u00e4ten.<\/span><span class=\"button-container hide-from-message-actions ng-star-inserted\"> \u00a0<\/span>\n<div class=\"container ng-tns-c362440147-32 hide\">\n<div class=\"carousel-container ng-tns-c362440147-32\"><\/div>\n<\/div>\n<\/li>\n<\/ul>\n<h3 data-sourcepos=\"30:1-30:13\"><strong>Vorteile:<\/strong><\/h3>\n<ul data-sourcepos=\"32:1-36:0\">\n<li data-sourcepos=\"32:1-32:125\"><strong><span class=\"citation-14 recitation\">Verbesserte Stromqualit\u00e4t:<\/span><\/strong><span class=\"citation-14 recitation citation-end-14\"> Verringert harmonische Verzerrungen, was zu stabileren und effizienteren Stromsystemen f\u00fchrt.<\/span>\n<div class=\"container ng-tns-c362440147-33 hide\">\n<div class=\"carousel-container ng-tns-c362440147-33\"><\/div>\n<\/div>\n<\/li>\n<li data-sourcepos=\"33:1-33:105\"><strong><span class=\"citation-15 recitation\">Geringerer Energieverbrauch:<\/span><\/strong><span class=\"citation-15 recitation citation-end-15\"> Die Verringerung der harmonischen Verzerrung kann Energieverluste verringern.<\/span><span class=\"button-container hide-from-message-actions ng-star-inserted\"> \u00a0<\/span>\n<div class=\"container ng-tns-c362440147-34 hide\">\n<div class=\"carousel-container ng-tns-c362440147-34\"><\/div>\n<\/div>\n<\/li>\n<li data-sourcepos=\"34:1-34:92\"><strong>Verl\u00e4ngerte Lebensdauer der Ausr\u00fcstung:<\/strong> Schutz von empfindlichen Ger\u00e4ten vor den Auswirkungen von Oberwellen.<\/li>\n<li data-sourcepos=\"35:1-36:0\"><strong>Verbesserte Systemzuverl\u00e4ssigkeit:<\/strong> <span class=\"citation-16 recitation citation-end-16\">Die Selbstheilungsf\u00e4higkeit erh\u00f6ht die langfristige Zuverl\u00e4ssigkeit der Kondensatoren.<\/span><span class=\"button-container hide-from-message-actions ng-star-inserted\"> \u00a0 <\/span><\/li>\n<\/ul>","protected":false},"excerpt":{"rendered":"<table style=\"height: 406px;\" width=\"696\">\n<tbody>\n<tr>\n<td width=\"146\"><strong>Produktname:<\/strong><\/td>\n<td width=\"601\"><strong>AC-Filter Metallisierter Filmkondensator<\/strong><\/td>\n<\/tr>\n<tr>\n<td width=\"146\">\n<h4><strong>Paket:<\/strong><\/h4>\n<\/td>\n<td width=\"601\">Metall-Aluminium-Geh\u00e4use, flammhemmendes (UL 94V-0) Epoxid-Geh\u00e4use mit hohem Strom<\/td>\n<\/tr>\n<tr>\n<td width=\"146\"><strong>Elektrische Leistung:<\/strong><\/td>\n<td width=\"601\">3\u2716\ufe0f20~3\u2716\ufe0f500UF<\/td>\n<\/tr>\n<tr>\n<td width=\"146\"><strong>Nennspannung\uff1a<\/strong><\/td>\n<td width=\"601\">220-1000Vac<\/td>\n<\/tr>\n<tr>\n<td width=\"146\"><strong>Dielektrikum:\u00a0<\/strong><\/td>\n<td width=\"601\">Polypropylen-Folie<\/td>\n<\/tr>\n<tr>\n<td width=\"146\"><strong>Struktur:<\/strong><\/td>\n<td width=\"601\">Metallisierte Folie trockene Struktur<\/td>\n<\/tr>\n<\/tbody>\n<\/table>","protected":false},"featured_media":1706,"comment_status":"open","ping_status":"closed","template":"","meta":[],"product_brand":[],"product_cat":[39],"product_tag":[],"class_list":{"0":"post-1705","1":"product","2":"type-product","3":"status-publish","4":"has-post-thumbnail","6":"product_cat-ac-filter-capacitor-1","8":"first","9":"instock","10":"shipping-taxable","11":"product-type-simple"},"_links":{"self":[{"href":"https:\/\/rf-capacitor.com\/de\/wp-json\/wp\/v2\/product\/1705","targetHints":{"allow":["GET"]}}],"collection":[{"href":"https:\/\/rf-capacitor.com\/de\/wp-json\/wp\/v2\/product"}],"about":[{"href":"https:\/\/rf-capacitor.com\/de\/wp-json\/wp\/v2\/types\/product"}],"replies":[{"embeddable":true,"href":"https:\/\/rf-capacitor.com\/de\/wp-json\/wp\/v2\/comments?post=1705"}],"wp:featuredmedia":[{"embeddable":true,"href":"https:\/\/rf-capacitor.com\/de\/wp-json\/wp\/v2\/media\/1706"}],"wp:attachment":[{"href":"https:\/\/rf-capacitor.com\/de\/wp-json\/wp\/v2\/media?parent=1705"}],"wp:term":[{"taxonomy":"product_brand","embeddable":true,"href":"https:\/\/rf-capacitor.com\/de\/wp-json\/wp\/v2\/product_brand?post=1705"},{"taxonomy":"product_cat","embeddable":true,"href":"https:\/\/rf-capacitor.com\/de\/wp-json\/wp\/v2\/product_cat?post=1705"},{"taxonomy":"product_tag","embeddable":true,"href":"https:\/\/rf-capacitor.com\/de\/wp-json\/wp\/v2\/product_tag?post=1705"}],"curies":[{"name":"wp","href":"https:\/\/api.w.org\/{rel}","templated":true}]}}