{"id":1702,"date":"2024-12-30T01:56:26","date_gmt":"2024-12-30T01:56:26","guid":{"rendered":"https:\/\/rf-capacitor.com\/?post_type=product&#038;p=1702"},"modified":"2024-12-30T01:56:26","modified_gmt":"2024-12-30T01:56:26","slug":"ac-power-capacitor","status":"publish","type":"product","link":"https:\/\/rf-capacitor.com\/de\/ac-power-capacitor\/","title":{"rendered":"AC-Leistungskondensator"},"content":{"rendered":"<h3 data-sourcepos=\"1:1-1:33\"><strong>AC-Leistungskondensatoren: Eine Fibel<\/strong><\/h3>\n<p data-sourcepos=\"3:1-3:275\">Ein AC-Leistungskondensator ist ein spezieller Kondensatortyp, der f\u00fcr den Einsatz in elektrischen Wechselstromsystemen konzipiert wurde. Sie werden haupts\u00e4chlich eingesetzt f\u00fcr <strong>Blindleistungskompensation<\/strong>eine Technik, die die Effizienz und Stabilit\u00e4t des Stromnetzes verbessern soll.<\/p>\n<h3 data-sourcepos=\"3:1-3:275\"><strong>Wie sie funktionieren<\/strong><\/h3>\n<ul data-sourcepos=\"7:1-10:0\">\n<li data-sourcepos=\"7:1-7:211\"><strong>Kapazitiver Blindwiderstand:<\/strong> Kondensatoren weisen eine Eigenschaft auf, die als kapazitiver Blindwiderstand bezeichnet wird und dem Wechselstromfluss entgegenwirkt. Dieser Blindwiderstand ist umgekehrt proportional zur Frequenz des Wechselstromsignals.<\/li>\n<li data-sourcepos=\"7:1-7:211\"><strong>F\u00fchrender Strom:<\/strong> Wenn ein Kondensator an einen Wechselstromkreis angeschlossen ist, nimmt er einen voreilenden Strom auf, d. h. die Stromwellenform ist der Spannungswellenform um 90 Grad voraus.<\/li>\n<li data-sourcepos=\"9:1-10:0\"><strong>Korrektur des Leistungsfaktors:<\/strong> In vielen industriellen und gewerblichen Anwendungen sind die elektrischen Lasten haupts\u00e4chlich induktiv (z. B. Motoren, Transformatoren). Induktive Lasten bewirken, dass der Strom der Spannung hinterherhinkt, was zu einem schlechten Leistungsfaktor f\u00fchrt. Durch die Einf\u00fchrung einer kapazitiven Reaktanz in das System k\u00f6nnen AC-Leistungskondensatoren den Stromr\u00fcckstand ausgleichen und den Leistungsfaktor n\u00e4her an die Einheit bringen (1).<\/li>\n<\/ul>\n<h3 data-sourcepos=\"11:1-11:41\"><strong>Vorteile der Verwendung von AC-Leistungskondensatoren<\/strong><\/h3>\n<ul data-sourcepos=\"13:1-17:0\">\n<li data-sourcepos=\"13:1-13:195\"><strong>Geringere Leistungsverluste:<\/strong> Ein niedriger Leistungsfaktor f\u00fchrt zu erh\u00f6hten Leistungsverlusten im elektrischen System. Die Leistungsfaktorkorrektur minimiert diese Verluste, was zu erheblichen Energieeinsparungen f\u00fchrt.<\/li>\n<li data-sourcepos=\"14:1-14:140\"><strong>Verbesserte Spannungsregelung:<\/strong> Durch die Verringerung von Stromschwankungen tragen Kondensatoren dazu bei, dass die Spannung im System stabiler bleibt.<\/li>\n<li data-sourcepos=\"15:1-15:140\"><strong>Erh\u00f6hte Systemkapazit\u00e4t:<\/strong> Ein h\u00f6herer Leistungsfaktor erm\u00f6glicht die \u00dcbertragung von mehr Strom \u00fcber die bestehende elektrische Infrastruktur.<\/li>\n<li data-sourcepos=\"15:1-15:140\"><strong>Geringere Belastung der Ausr\u00fcstung:<\/strong> Eine verbesserte Stromqualit\u00e4t verringert die Belastung der elektrischen Ger\u00e4te und verl\u00e4ngert deren Lebensdauer.<\/li>\n<\/ul>\n<h3 data-sourcepos=\"18:1-18:16\"><strong>Anwendungen<\/strong><\/h3>\n<p data-sourcepos=\"20:1-20:71\">AC-Leistungskondensatoren werden in vielen Bereichen eingesetzt, z. B:<\/p>\n<ul data-sourcepos=\"22:1-25:0\">\n<li data-sourcepos=\"22:1-22:121\"><strong>Industrielle Einrichtungen:<\/strong> Fabriken, Produktionsst\u00e4tten und andere Industriestandorte haben oft hohe induktive Lasten.<\/li>\n<li data-sourcepos=\"23:1-23:132\"><strong>Gewerbliche Geb\u00e4ude:<\/strong> Gro\u00dfe gewerblich genutzte Geb\u00e4ude mit hohem Strombedarf k\u00f6nnen von einer Leistungsfaktorkorrektur profitieren.<\/li>\n<li data-sourcepos=\"24:1-25:0\"><strong>Umspannwerke f\u00fcr Versorgungsunternehmen:<\/strong> Energieversorgungsunternehmen setzen Kondensatoren in Umspannwerken ein, um die Gesamtqualit\u00e4t des Stromnetzes zu verbessern.<\/li>\n<\/ul>\n<h3 data-sourcepos=\"26:1-26:22\"><strong>Wichtige \u00dcberlegungen<\/strong><\/h3>\n<ul data-sourcepos=\"28:1-31:0\">\n<li data-sourcepos=\"28:1-28:191\"><strong>Nennwert des Kondensators:<\/strong> Die Wahl der richtigen Kondensatorleistung ist entscheidend f\u00fcr eine wirksame Blindleistungskompensation. Faktoren wie Systemspannung, Stromst\u00e4rke und Frequenz m\u00fcssen ber\u00fccksichtigt werden.<\/li>\n<li data-sourcepos=\"29:1-29:135\"><strong>Sicherheit:<\/strong> Die ordnungsgem\u00e4\u00dfe Installation und Wartung von Wechselstromkondensatoren ist wichtig, um die Sicherheit zu gew\u00e4hrleisten und elektrische Gefahren zu vermeiden.<\/li>\n<li data-sourcepos=\"30:1-31:0\"><strong>Oberschwingungen:<\/strong> In einigen F\u00e4llen k\u00f6nnen Kondensatoren harmonische Verzerrungen in das elektrische System einbringen. Eine sorgf\u00e4ltige Konstruktion und Filterung kann dieses Problem entsch\u00e4rfen.<\/li>\n<\/ul>","protected":false},"excerpt":{"rendered":"<table style=\"height: 493px;\" width=\"923\">\n<tbody>\n<tr>\n<td width=\"146\"><strong><b>Produkt<\/b><\/strong>\u00a0<strong><b>Name:<\/b><\/strong><\/td>\n<td width=\"601\">AC-Leistungskondensator<\/td>\n<\/tr>\n<tr>\n<td width=\"146\">\n<h4><strong>Anwendung:\u00a0<\/strong><\/h4>\n<\/td>\n<td width=\"601\">Allgemeiner Zweck, Strom, Hochspannung, UPS<\/td>\n<\/tr>\n<tr>\n<td width=\"146\"><strong>Kapazit\u00e4tsbereich:<\/strong><\/td>\n<td width=\"601\">\u00a00,33UF~60UF<\/td>\n<\/tr>\n<tr>\n<td width=\"146\"><strong>Referenznorm:<\/strong><\/td>\n<td width=\"601\">IEC61071;GB\/T 17702<\/td>\n<\/tr>\n<tr>\n<td width=\"146\"><strong>Verwendung:\u00a0<\/strong><\/td>\n<td width=\"601\">AC-Filter<\/td>\n<\/tr>\n<tr>\n<td width=\"146\">Herstellungsmaterial:<\/td>\n<td width=\"601\">Polypropylen<\/td>\n<\/tr>\n<\/tbody>\n<\/table>","protected":false},"featured_media":1703,"comment_status":"open","ping_status":"closed","template":"","meta":[],"product_brand":[],"product_cat":[39],"product_tag":[],"class_list":{"0":"post-1702","1":"product","2":"type-product","3":"status-publish","4":"has-post-thumbnail","6":"product_cat-ac-filter-capacitor-1","8":"first","9":"instock","10":"shipping-taxable","11":"product-type-simple"},"_links":{"self":[{"href":"https:\/\/rf-capacitor.com\/de\/wp-json\/wp\/v2\/product\/1702","targetHints":{"allow":["GET"]}}],"collection":[{"href":"https:\/\/rf-capacitor.com\/de\/wp-json\/wp\/v2\/product"}],"about":[{"href":"https:\/\/rf-capacitor.com\/de\/wp-json\/wp\/v2\/types\/product"}],"replies":[{"embeddable":true,"href":"https:\/\/rf-capacitor.com\/de\/wp-json\/wp\/v2\/comments?post=1702"}],"wp:featuredmedia":[{"embeddable":true,"href":"https:\/\/rf-capacitor.com\/de\/wp-json\/wp\/v2\/media\/1703"}],"wp:attachment":[{"href":"https:\/\/rf-capacitor.com\/de\/wp-json\/wp\/v2\/media?parent=1702"}],"wp:term":[{"taxonomy":"product_brand","embeddable":true,"href":"https:\/\/rf-capacitor.com\/de\/wp-json\/wp\/v2\/product_brand?post=1702"},{"taxonomy":"product_cat","embeddable":true,"href":"https:\/\/rf-capacitor.com\/de\/wp-json\/wp\/v2\/product_cat?post=1702"},{"taxonomy":"product_tag","embeddable":true,"href":"https:\/\/rf-capacitor.com\/de\/wp-json\/wp\/v2\/product_tag?post=1702"}],"curies":[{"name":"wp","href":"https:\/\/api.w.org\/{rel}","templated":true}]}}