{"id":1666,"date":"2024-12-27T03:40:14","date_gmt":"2024-12-27T03:40:14","guid":{"rendered":"https:\/\/rf-capacitor.com\/?post_type=product&#038;p=1666"},"modified":"2024-12-31T03:26:01","modified_gmt":"2024-12-31T03:26:01","slug":"polyester-film-capacitor","status":"publish","type":"product","link":"https:\/\/rf-capacitor.com\/de\/polyester-film-capacitor\/","title":{"rendered":"Polyester-Folienkondensator"},"content":{"rendered":"<h3 data-sourcepos=\"1:1-1:29\"><strong>Polyester-Folienkondensatoren<\/strong><\/h3>\n<p data-sourcepos=\"3:1-3:312\"><span class=\"citation-0 recitation citation-end-0\">Polyester-Folienkondensatoren sind eine g\u00e4ngige Art von Folienkondensatoren, bei denen Polyesterfolie als dielektrisches Material zwischen den leitenden Platten verwendet wird.<\/span> <span class=\"citation-1 recitation citation-end-1\">Sie sind f\u00fcr ihre hohe Stabilit\u00e4t, Zuverl\u00e4ssigkeit und Kosteneffizienz bekannt und finden daher in verschiedenen elektronischen Anwendungen breite Verwendung.<\/span><span class=\"button-container hide-from-message-actions ng-star-inserted\">\u00a0<\/span><\/p>\n<h3 data-sourcepos=\"5:1-5:24\"><strong>Wesentliche Merkmale:<\/strong><\/h3>\n<ul data-sourcepos=\"7:1-13:0\">\n<li data-sourcepos=\"7:1-7:90\"><strong><span class=\"citation-2 recitation\">Dielektrisches Material:<\/span><\/strong><span class=\"citation-2 recitation citation-end-2\"> Polyesterfolie (Polyethylenterephthalat oder PET)<\/span><span class=\"button-container hide-from-message-actions ng-star-inserted\"> \u00a0<\/span>\n<div class=\"container ng-tns-c362440147-92 hide\">\n<div class=\"carousel-container ng-tns-c362440147-92\"><\/div>\n<\/div>\n<\/li>\n<li data-sourcepos=\"8:1-8:104\"><strong>Gute Stabilit\u00e4t:<\/strong> <span class=\"citation-3 recitation citation-end-3\">Sie weisen eine ausgezeichnete Stabilit\u00e4t der Kapazit\u00e4t \u00fcber Temperatur und Zeit auf.<\/span><span class=\"button-container hide-from-message-actions ng-star-inserted\"> \u00a0<\/span>\n<div class=\"container ng-tns-c362440147-93 hide\">\n<div class=\"carousel-container ng-tns-c362440147-93\"><\/div>\n<\/div>\n<\/li>\n<li data-sourcepos=\"9:1-9:189\"><strong><span class=\"citation-4 recitation\">Selbstheilende Eigenschaften:<\/span><\/strong><span class=\"citation-4 recitation citation-end-4\"> Sie besitzen von Natur aus selbstheilende Eigenschaften, d. h. lokale dielektrische Defekte werden automatisch repariert, was die Lebensdauer des Kondensators verl\u00e4ngert.<\/span>\n<div class=\"container ng-tns-c362440147-94 hide\">\n<div class=\"carousel-container ng-tns-c362440147-94\"><\/div>\n<\/div>\n<\/li>\n<li data-sourcepos=\"10:1-10:140\"><strong><span class=\"citation-5 recitation\">Breiter Bereich von Kapazit\u00e4tswerten:<\/span><\/strong><span class=\"citation-5 recitation citation-end-5\"> Erh\u00e4ltlich in einer breiten Palette von Kapazit\u00e4tswerten, um verschiedenen Schaltungsanforderungen gerecht zu werden.<\/span><span class=\"button-container hide-from-message-actions ng-star-inserted\"> \u00a0<\/span>\n<div class=\"container ng-tns-c362440147-95 hide\">\n<div class=\"carousel-container ng-tns-c362440147-95\"><\/div>\n<\/div>\n<\/li>\n<li data-sourcepos=\"11:1-11:109\"><strong>Kosteng\u00fcnstig:<\/strong> <span class=\"citation-6 recitation citation-end-6\">Im Allgemeinen sind sie im Vergleich zu einigen anderen Arten von Folienkondensatoren g\u00fcnstiger.<\/span><span class=\"button-container hide-from-message-actions ng-star-inserted\"> \u00a0<\/span>\n<div class=\"container ng-tns-c362440147-96 hide\">\n<div class=\"carousel-container ng-tns-c362440147-96\"><\/div>\n<\/div>\n<\/li>\n<li data-sourcepos=\"12:1-13:0\"><strong>M\u00e4\u00dfige Spannungsfestigkeit:<\/strong> Im Vergleich zu Hochspannungs-Folienkondensatoren haben sie in der Regel moderate Spannungswerte.<\/li>\n<\/ul>\n<h3 data-sourcepos=\"14:1-14:24\"><strong>Gemeinsame Anwendungen:<\/strong><\/h3>\n<ul data-sourcepos=\"16:1-20:0\">\n<li data-sourcepos=\"16:1-16:128\"><strong>Kopplung und Entkopplung:<\/strong> Dient zur Isolierung von Gleichstromvorspannungen und zur Filterung von Wechselstromsignalen in Verst\u00e4rkerschaltungen und anderen elektronischen Systemen.<\/li>\n<li data-sourcepos=\"17:1-17:96\"><strong><span class=\"citation-7 recitation\">Zeitschaltkreise:<\/span><\/strong><span class=\"citation-7 recitation citation-end-7\"> Wird in Zeitsteuerungsschaltungen wie Oszillatoren und Zeitgebern verwendet.<\/span><span class=\"button-container hide-from-message-actions ng-star-inserted\"> \u00a0<\/span>\n<div class=\"container ng-tns-c362440147-97 hide\">\n<div class=\"carousel-container ng-tns-c362440147-97\"><\/div>\n<\/div>\n<\/li>\n<li data-sourcepos=\"18:1-18:97\"><strong>Stromversorgungen:<\/strong> <span class=\"citation-8 recitation citation-end-8\">Wird in Stromversorgungsschaltungen zur Filterung und Gl\u00e4ttung verwendet.<\/span><span class=\"button-container hide-from-message-actions ng-star-inserted\">\u00a0<\/span>\n<div class=\"container ng-tns-c362440147-98 hide\">\n<div class=\"carousel-container ng-tns-c362440147-98\"><\/div>\n<\/div>\n<\/li>\n<li data-sourcepos=\"19:1-20:0\"><strong>Allzweckanwendungen:<\/strong> <span class=\"citation-9 recitation citation-end-9\">Geeignet f\u00fcr eine breite Palette von Allzweckanwendungen, bei denen hohe Stabilit\u00e4t und Zuverl\u00e4ssigkeit erforderlich sind.<\/span><span class=\"button-container hide-from-message-actions ng-star-inserted\"> \u00a0 <\/span><\/li>\n<\/ul>","protected":false},"excerpt":{"rendered":"<table style=\"height: 436px;\" width=\"725\">\n<tbody>\n<tr>\n<td width=\"146\"><strong><b>Produkt<\/b><\/strong>\u00a0<strong><b>Name:<\/b><\/strong><\/td>\n<td width=\"601\"><strong>Polyester-Folienkondensator<\/strong><\/td>\n<\/tr>\n<tr>\n<td width=\"146\">\n<h4><strong>Kurze Beschreibung:<\/strong><\/h4>\n<\/td>\n<td width=\"601\">Externer Defibrillator;<br \/>\nPulsierende Leistungsanwendungen;<\/td>\n<\/tr>\n<tr>\n<td width=\"146\"><strong>Kapazit\u00e4tsbereich:<\/strong><\/td>\n<td width=\"601\">32\u03bcF~200\u03bcF<\/td>\n<\/tr>\n<tr>\n<td width=\"146\"><strong>Nennspannung\uff1a<\/strong><\/td>\n<td width=\"601\">1500V.DC - 5000V.DC<\/td>\n<\/tr>\n<tr>\n<td width=\"146\"><strong>Kap.tol\uff1a<\/strong><\/td>\n<td width=\"601\">\u00a0\u00b15%(J);\u00b110%(K)<\/td>\n<\/tr>\n<\/tbody>\n<\/table>","protected":false},"featured_media":1806,"comment_status":"open","ping_status":"closed","template":"","meta":[],"product_brand":[],"product_cat":[38],"product_tag":[],"class_list":{"0":"post-1666","1":"product","2":"type-product","3":"status-publish","4":"has-post-thumbnail","6":"product_cat-dc-capacitor-2","8":"first","9":"instock","10":"shipping-taxable","11":"product-type-simple"},"_links":{"self":[{"href":"https:\/\/rf-capacitor.com\/de\/wp-json\/wp\/v2\/product\/1666","targetHints":{"allow":["GET"]}}],"collection":[{"href":"https:\/\/rf-capacitor.com\/de\/wp-json\/wp\/v2\/product"}],"about":[{"href":"https:\/\/rf-capacitor.com\/de\/wp-json\/wp\/v2\/types\/product"}],"replies":[{"embeddable":true,"href":"https:\/\/rf-capacitor.com\/de\/wp-json\/wp\/v2\/comments?post=1666"}],"wp:featuredmedia":[{"embeddable":true,"href":"https:\/\/rf-capacitor.com\/de\/wp-json\/wp\/v2\/media\/1806"}],"wp:attachment":[{"href":"https:\/\/rf-capacitor.com\/de\/wp-json\/wp\/v2\/media?parent=1666"}],"wp:term":[{"taxonomy":"product_brand","embeddable":true,"href":"https:\/\/rf-capacitor.com\/de\/wp-json\/wp\/v2\/product_brand?post=1666"},{"taxonomy":"product_cat","embeddable":true,"href":"https:\/\/rf-capacitor.com\/de\/wp-json\/wp\/v2\/product_cat?post=1666"},{"taxonomy":"product_tag","embeddable":true,"href":"https:\/\/rf-capacitor.com\/de\/wp-json\/wp\/v2\/product_tag?post=1666"}],"curies":[{"name":"wp","href":"https:\/\/api.w.org\/{rel}","templated":true}]}}