{"id":1649,"date":"2024-12-27T03:26:39","date_gmt":"2024-12-27T03:26:39","guid":{"rendered":"https:\/\/rf-capacitor.com\/?post_type=product&#038;p=1649"},"modified":"2024-12-27T03:26:39","modified_gmt":"2024-12-27T03:26:39","slug":"high-voltage-film-capacitor","status":"publish","type":"product","link":"https:\/\/rf-capacitor.com\/de\/high-voltage-film-capacitor\/","title":{"rendered":"Hochspannungs-Filmkondensator"},"content":{"rendered":"<h3 data-sourcepos=\"1:1-1:32\"><strong>Hochspannungs-Filmkondensatoren<\/strong><\/h3>\n<p data-sourcepos=\"3:1-3:313\"><span class=\"citation-0 recitation citation-end-0\">Hochspannungs-Folienkondensatoren sind spezialisierte Bauteile, die f\u00fcr hohe Spannungen ausgelegt sind und gleichzeitig hervorragende elektrische Eigenschaften aufweisen.<\/span> Sie bestehen aus d\u00fcnnen Filmen aus dielektrischen Materialien wie Polypropylen, Polyester oder Polystyrol, die zwischen leitenden Elektroden angeordnet sind.<span class=\"button-container hide-from-message-actions ng-star-inserted\"> \u00a0<\/span><\/p>\n<h3 data-sourcepos=\"5:1-5:24\"><strong>Wesentliche Merkmale:<\/strong><\/h3>\n<ul data-sourcepos=\"7:1-12:0\">\n<li data-sourcepos=\"7:1-7:106\"><strong>Hohe Spannungsfestigkeit:<\/strong> <span class=\"citation-1 recitation citation-end-1\">Sie k\u00f6nnen extrem hohen Spannungen standhalten, ohne dass es zu Ausf\u00e4llen kommt.<\/span><span class=\"button-container hide-from-message-actions ng-star-inserted\"> \u00a0<\/span>\n<div class=\"container ng-tns-c362440147-70 hide\">\n<div class=\"carousel-container ng-tns-c362440147-70\"><\/div>\n<\/div>\n<\/li>\n<li data-sourcepos=\"8:1-8:109\"><strong>Niedriger Ableitstrom:<\/strong> Minimale Leckstr\u00f6me sorgen f\u00fcr eine effiziente Energiespeicherung und minimalen Leistungsverlust.<\/li>\n<li data-sourcepos=\"9:1-9:151\"><strong><span class=\"citation-2 recitation\">Hoher Isolationswiderstand:<\/span><\/strong><span class=\"citation-2 recitation citation-end-2\"> Hervorragende Widerstandsf\u00e4higkeit gegen elektrische Durchschl\u00e4ge f\u00fcr einen zuverl\u00e4ssigen Betrieb in Hochspannungsanwendungen.<\/span><span class=\"button-container hide-from-message-actions ng-star-inserted\"> \u00a0<\/span>\n<div class=\"container ng-tns-c362440147-71 hide\">\n<div class=\"carousel-container ng-tns-c362440147-71\"><\/div>\n<\/div>\n<\/li>\n<li data-sourcepos=\"10:1-10:198\"><strong>Selbstheilende Eigenschaften:<\/strong> <span class=\"citation-3 recitation citation-end-3\">Einige Folienkondensatoren verf\u00fcgen \u00fcber Selbstheilungsf\u00e4higkeiten, bei denen lokale Durchschl\u00e4ge des Dielektrikums automatisch repariert werden, wodurch sich die Lebensdauer des Kondensators verl\u00e4ngert.<\/span><span class=\"button-container hide-from-message-actions ng-star-inserted\"> \u00a0<\/span>\n<div class=\"container ng-tns-c362440147-72 hide\">\n<div class=\"carousel-container ng-tns-c362440147-72\"><\/div>\n<\/div>\n<\/li>\n<li data-sourcepos=\"11:1-12:0\"><strong><span class=\"citation-4 recitation\">Breiter Bereich von Kapazit\u00e4tswerten:<\/span><\/strong><span class=\"citation-4 recitation citation-end-4\"> Erh\u00e4ltlich in einer Vielzahl von Kapazit\u00e4tswerten, um verschiedenen Anwendungen gerecht zu werden.<\/span><span class=\"button-container hide-from-message-actions ng-star-inserted\">\u00a0 \u00a0<\/span>\n<div class=\"container ng-tns-c362440147-73 hide\">\n<div class=\"carousel-container ng-tns-c362440147-73\"><\/div>\n<\/div>\n<\/li>\n<\/ul>\n<h4 data-sourcepos=\"13:1-13:24\"><strong>Hochspannungs-Folienkondensator Allgemeine Anwendungen:<\/strong><\/h4>\n<ul data-sourcepos=\"15:1-20:0\">\n<li data-sourcepos=\"15:1-15:157\"><strong>Hochspannungs-Stromversorgungen:<\/strong> Wird in Stromversorgungen f\u00fcr verschiedene elektronische Ger\u00e4te verwendet, darunter Fernsehger\u00e4te, medizinische Ger\u00e4te und Industriemaschinen.<\/li>\n<li data-sourcepos=\"16:1-16:164\"><strong><span class=\"citation-5 recitation\">Pulse Power Systems:<\/span><\/strong><span class=\"citation-5 recitation citation-end-5\"> Sie werden in Anwendungen eingesetzt, die die Speicherung und schnelle Freisetzung hoher Energie erfordern, z. B. in gepulsten Lasern und Radarsystemen.<\/span><span class=\"button-container hide-from-message-actions ng-star-inserted\"> \u00a0<\/span>\n<div class=\"container ng-tns-c362440147-74 hide\">\n<div class=\"carousel-container ng-tns-c362440147-74\"><\/div>\n<\/div>\n<\/li>\n<li data-sourcepos=\"17:1-17:100\"><strong>Motorantriebe:<\/strong> <span class=\"citation-6 recitation citation-end-6\">Wird in Motorsteuerungssystemen zur Filterung und Energiespeicherung verwendet.<\/span><span class=\"button-container hide-from-message-actions ng-star-inserted\">\u00a0<\/span>\n<div class=\"container ng-tns-c362440147-75 hide\">\n<div class=\"carousel-container ng-tns-c362440147-75\"><\/div>\n<\/div>\n<\/li>\n<li data-sourcepos=\"18:1-18:131\"><strong>Hochspannungspr\u00fcfger\u00e4te:<\/strong> Wird in Ger\u00e4ten zur Pr\u00fcfung der Isolationseigenschaften von elektrischen Komponenten und Systemen verwendet.<\/li>\n<li data-sourcepos=\"19:1-20:0\"><strong>Energiespeichersysteme:<\/strong> Wird in Energiespeichersystemen f\u00fcr erneuerbare Energiequellen wie Solar- und Windenergie eingesetzt.<\/li>\n<\/ul>","protected":false},"excerpt":{"rendered":"<table style=\"height: 474px;\" width=\"704\">\n<tbody>\n<tr>\n<td width=\"146\"><strong><b>Produkt<\/b><\/strong>\u00a0<strong><b>Name:<\/b><\/strong><\/td>\n<td width=\"601\"><strong>Hochspannungs-Filmkondensator<\/strong><\/td>\n<\/tr>\n<tr>\n<td width=\"146\">\n<h4><strong>Kurze Beschreibung:<\/strong><\/h4>\n<\/td>\n<td width=\"601\">Weit verbreitet in verschiedenen Arten von elektronischen Ger\u00e4ten DC Link Teil f\u00fcr DC-Unterst\u00fctzung, Energiespeicherung und Filter. z. B. Windkraftanlagen und Wechselrichtern;<\/td>\n<\/tr>\n<tr>\n<td width=\"146\"><strong>Kapazit\u00e4tsbereich:<\/strong><\/td>\n<td width=\"601\">20\u00b5F ~ 5600\u00b5F<\/td>\n<\/tr>\n<tr>\n<td width=\"146\"><strong>Nennspannung\uff1a<\/strong><\/td>\n<td width=\"601\">500 ~ 4000VDC<\/td>\n<\/tr>\n<tr>\n<td width=\"146\"><strong>Kap.tol\uff1a<\/strong><\/td>\n<td width=\"601\">\u00a0\u00a0\u00b15%\uff08J\uff09\uff1b\u00b110%\uff08K\uff09<\/td>\n<\/tr>\n<tr>\n<td width=\"146\"><\/td>\n<td width=\"601\"><\/td>\n<\/tr>\n<\/tbody>\n<\/table>","protected":false},"featured_media":1664,"comment_status":"open","ping_status":"closed","template":"","meta":[],"product_brand":[],"product_cat":[38],"product_tag":[],"class_list":{"0":"post-1649","1":"product","2":"type-product","3":"status-publish","4":"has-post-thumbnail","6":"product_cat-dc-capacitor-2","8":"first","9":"instock","10":"shipping-taxable","11":"product-type-simple"},"_links":{"self":[{"href":"https:\/\/rf-capacitor.com\/de\/wp-json\/wp\/v2\/product\/1649","targetHints":{"allow":["GET"]}}],"collection":[{"href":"https:\/\/rf-capacitor.com\/de\/wp-json\/wp\/v2\/product"}],"about":[{"href":"https:\/\/rf-capacitor.com\/de\/wp-json\/wp\/v2\/types\/product"}],"replies":[{"embeddable":true,"href":"https:\/\/rf-capacitor.com\/de\/wp-json\/wp\/v2\/comments?post=1649"}],"wp:featuredmedia":[{"embeddable":true,"href":"https:\/\/rf-capacitor.com\/de\/wp-json\/wp\/v2\/media\/1664"}],"wp:attachment":[{"href":"https:\/\/rf-capacitor.com\/de\/wp-json\/wp\/v2\/media?parent=1649"}],"wp:term":[{"taxonomy":"product_brand","embeddable":true,"href":"https:\/\/rf-capacitor.com\/de\/wp-json\/wp\/v2\/product_brand?post=1649"},{"taxonomy":"product_cat","embeddable":true,"href":"https:\/\/rf-capacitor.com\/de\/wp-json\/wp\/v2\/product_cat?post=1649"},{"taxonomy":"product_tag","embeddable":true,"href":"https:\/\/rf-capacitor.com\/de\/wp-json\/wp\/v2\/product_tag?post=1649"}],"curies":[{"name":"wp","href":"https:\/\/api.w.org\/{rel}","templated":true}]}}