{"id":1624,"date":"2024-12-26T07:13:54","date_gmt":"2024-12-26T07:13:54","guid":{"rendered":"https:\/\/rf-capacitor.com\/?post_type=product&#038;p=1624"},"modified":"2024-12-26T07:13:54","modified_gmt":"2024-12-26T07:13:54","slug":"dc-link-capacitor","status":"publish","type":"product","link":"https:\/\/rf-capacitor.com\/de\/dc-link-capacitor\/","title":{"rendered":"Zwischenkreiskondensator"},"content":{"rendered":"<h2 data-sourcepos=\"1:1-1:48\">DC-Link-Kondensator: Ein Puffer f\u00fcr die Leistungselektronik<\/h2>\n<p data-sourcepos=\"3:1-3:271\"><strong><span class=\"citation-0 recitation\">Ein Zwischenkreiskondensator<\/span><\/strong><span class=\"citation-0 recitation citation-end-0\"> ist ein wichtiges Bauteil in leistungselektronischen Schaltungen, das als Puffer zwischen den Eingangs- und Ausgangsstufen eines Wandlers fungiert.<\/span> <span class=\"citation-1 recitation citation-end-1\">Er spielt eine wichtige Rolle bei der Stabilisierung der Gleichspannung und gew\u00e4hrleistet einen reibungslosen Betrieb des Systems.<\/span><span class=\"button-container hide-from-message-actions ng-star-inserted\">\u00a0<\/span><\/p>\n<h3 data-sourcepos=\"5:1-5:16\">Wie es funktioniert<\/h3>\n<ul data-sourcepos=\"6:1-9:0\">\n<li data-sourcepos=\"6:1-6:146\"><strong>Energiespeicherung:<\/strong> <span class=\"citation-2 recitation citation-end-2\">Der Zwischenkreiskondensator speichert Energie in Zeiten geringer Nachfrage und gibt sie in Zeiten hoher Nachfrage ab.<\/span>\n<div class=\"container ng-tns-c362440147-34 hide\">\n<div class=\"carousel-container ng-tns-c362440147-34\"><\/div>\n<\/div>\n<\/li>\n<li data-sourcepos=\"7:1-7:209\"><strong><span class=\"citation-3 recitation\">Spannungsstabilisierung:<\/span><\/strong><span class=\"citation-3 recitation citation-end-3\"> Durch die Aufnahme und Abgabe von Energie tr\u00e4gt der Kondensator zur Aufrechterhaltung eines stabilen Gleichspannungsniveaus bei und reduziert Schwankungen, die durch Schwankungen der Eingangsleistung oder des Lastbedarfs verursacht werden.<\/span><span class=\"button-container hide-from-message-actions ng-star-inserted\">\u00a0<\/span>\n<div class=\"container ng-tns-c362440147-35 hide\">\n<div class=\"carousel-container ng-tns-c362440147-35\"><\/div>\n<\/div>\n<\/li>\n<li data-sourcepos=\"8:1-9:0\"><strong><span class=\"citation-4 recitation\">Verringerung des Ripplestroms:<\/span><\/strong><span class=\"citation-4 recitation citation-end-4\"> Sie tr\u00e4gt auch dazu bei, den durch die Schaltvorg\u00e4nge des Wandlers erzeugten Brummstrom zu reduzieren, was zu einem saubereren Gleichstromausgang f\u00fchrt.<\/span><span class=\"button-container hide-from-message-actions ng-star-inserted\"> \u00a0<\/span>\n<div class=\"container ng-tns-c362440147-36 hide\">\n<div class=\"carousel-container ng-tns-c362440147-36\"><\/div>\n<\/div>\n<\/li>\n<\/ul>\n<h3 data-sourcepos=\"10:1-10:16\">Anwendungen<\/h3>\n<p data-sourcepos=\"11:1-11:88\">Zwischenkreiskondensatoren sind in verschiedenen Anwendungen der Leistungselektronik weit verbreitet, unter anderem:<\/p>\n<ul data-sourcepos=\"18:1-21:0\">\n<li data-sourcepos=\"12:1-12:122\"><strong><span class=\"citation-5 recitation\">Wechselrichter:<\/span><\/strong><span class=\"citation-5 recitation citation-end-5\"> Zur Bereitstellung einer stabilen Gleichspannungsquelle f\u00fcr den Wechselrichter, der Gleichstrom in Wechselstrom umwandelt.<\/span><span class=\"button-container hide-from-message-actions ng-star-inserted\">\u00a0 \u00a0<\/span>\n<div class=\"container ng-tns-c362440147-37 hide\">\n<div class=\"carousel-container ng-tns-c362440147-37\"><\/div>\n<\/div>\n<\/li>\n<li data-sourcepos=\"13:1-13:98\"><strong><span class=\"citation-6 recitation\">Konverter:<\/span><\/strong><span class=\"citation-6 recitation citation-end-6\"> Zur Gl\u00e4ttung der Gleichspannung zwischen den Stufen eines mehrstufigen Umrichters.<\/span><span class=\"button-container hide-from-message-actions ng-star-inserted\">\u00a0 \u00a0<\/span>\n<div class=\"container ng-tns-c362440147-38 hide\">\n<div class=\"carousel-container ng-tns-c362440147-38\"><\/div>\n<\/div>\n<\/li>\n<li data-sourcepos=\"14:1-14:124\"><strong><span class=\"citation-7 recitation\">Motorantriebe:<\/span><\/strong><span class=\"citation-7 recitation citation-end-7\"> Zur Gew\u00e4hrleistung eines stabilen Betriebs von Motorantrieben durch Bereitstellung einer konstanten Gleichspannung f\u00fcr den Motor.<\/span><span class=\"button-container hide-from-message-actions ng-star-inserted\">\u00a0 \u00a0<\/span>\n<div class=\"container ng-tns-c362440147-39 hide\">\n<div class=\"carousel-container ng-tns-c362440147-39\"><\/div>\n<\/div>\n<\/li>\n<li data-sourcepos=\"15:1-16:0\"><strong><span class=\"citation-8 recitation\">Erneuerbare Energiesysteme:<\/span><\/strong><span class=\"citation-8 recitation citation-end-8\"> Zur Speicherung von Energie aus Quellen wie Sonnenkollektoren und Windturbinen, um eine stabile Gleichstromversorgung zu gew\u00e4hrleisten.<\/span><span class=\"button-container hide-from-message-actions ng-star-inserted\">\u00a0<\/span>\n<div class=\"container ng-tns-c362440147-40 hide\">\n<div class=\"carousel-container ng-tns-c362440147-40\">\n<div class=\"carousel-content ng-tns-c362440147-40\">\n<div data-test-id=\"sources-carousel-source\"><\/div>\n<div data-test-id=\"sources-carousel-source\"><\/div>\n<div class=\"sources-carousel-source ng-tns-c362440147-40 hide ng-star-inserted\" data-test-id=\"sources-carousel-source\"><span style=\"font-size: 20.16px;\">Wichtige \u00dcberlegungen<\/span><\/div>\n<\/div>\n<\/div>\n<\/div>\n<\/li>\n<li data-sourcepos=\"18:1-18:147\"><strong>Kapazit\u00e4tswert:<\/strong> <span class=\"citation-9 recitation citation-end-9\">Der Kapazit\u00e4tswert wird in Abh\u00e4ngigkeit von der gew\u00fcnschten Spannungswelligkeit und dem Leistungsbedarf des Systems gew\u00e4hlt.<\/span><\/li>\n<li data-sourcepos=\"18:1-18:147\"><strong style=\"font-size: 14.4px;\">Nennspannung:<\/strong><span style=\"font-size: 14.4px;\"> Der Kondensator muss f\u00fcr die maximale Spannung ausgelegt sein, der er in der Schaltung ausgesetzt ist.<\/span><\/li>\n<li data-sourcepos=\"20:1-21:0\"><strong>Welligkeitsstrom Bewertung:<\/strong> <span class=\"citation-10 recitation citation-end-10\">Der Kondensator muss in der Lage sein, die durch die Schaltvorg\u00e4nge des Umrichters erzeugten hohen Brummstr\u00f6me zu bew\u00e4ltigen.<\/span><span class=\"button-container hide-from-message-actions ng-star-inserted\"> \u00a0<\/span>\n<div class=\"container ng-tns-c362440147-42 hide\">\n<div class=\"carousel-container ng-tns-c362440147-42\"><\/div>\n<\/div>\n<\/li>\n<\/ul>\n<p data-sourcepos=\"22:1-22:323\"><strong><span class=\"citation-11 recitation citation-end-11\">Ein Zwischenkreiskondensator ist eine wichtige Komponente, die einen stabilen und effizienten Betrieb von Leistungselektroniksystemen gew\u00e4hrleistet.<\/span> <span class=\"citation-12 recitation\">Durch die Bereitstellung eines Puffers f\u00fcr die Energiespeicherung und die Spannungsstabilisierung spielt sie eine Schl\u00fcsselrolle in verschiedenen Anwendungen, von erneuerbaren Energiesystemen bis hin zu Motorantrieben.<\/span><\/strong><span class=\"button-container hide-from-message-actions ng-star-inserted\"> \u00a0 <\/span><\/p>","protected":false},"excerpt":{"rendered":"<table style=\"height: 485px;\" width=\"682\">\n<tbody>\n<tr>\n<td width=\"146\"><strong><b>Produkt<\/b><\/strong>\u00a0<strong><b>Name:<\/b><\/strong><\/td>\n<td width=\"601\">Zwischenkreiskondensator<\/td>\n<\/tr>\n<tr>\n<td width=\"146\">\n<h4><strong>Kurze Beschreibung:<\/strong><\/h4>\n<\/td>\n<td width=\"601\">Weit verbreitet in verschiedenen Arten von elektronischen Ger\u00e4ten DC Link Teil f\u00fcr DC-Unterst\u00fctzung, Energiespeicherung und Filter. z. B. Windkraftanlagen und Wechselrichtern;<\/td>\n<\/tr>\n<tr>\n<td width=\"146\"><strong>Kapazit\u00e4tsbereich:<\/strong><\/td>\n<td width=\"601\">20\u00b5F ~ 5600\u00b5F<\/td>\n<\/tr>\n<tr>\n<td width=\"146\"><strong>Nennspannung\uff1a<\/strong><\/td>\n<td width=\"601\">500 ~ 4000VDC<\/td>\n<\/tr>\n<tr>\n<td width=\"146\"><strong>Kap.tol\uff1a<\/strong><\/td>\n<td width=\"601\">\u00a0\u00a0\u00b15%\uff08J\uff09\uff1b\u00b110%\uff08K\uff09<\/td>\n<\/tr>\n<tr>\n<td width=\"146\"><\/td>\n<td width=\"601\"><\/td>\n<\/tr>\n<\/tbody>\n<\/table>","protected":false},"featured_media":1625,"comment_status":"open","ping_status":"closed","template":"","meta":[],"product_brand":[],"product_cat":[38],"product_tag":[],"class_list":{"0":"post-1624","1":"product","2":"type-product","3":"status-publish","4":"has-post-thumbnail","6":"product_cat-dc-capacitor-2","8":"first","9":"instock","10":"shipping-taxable","11":"product-type-simple"},"_links":{"self":[{"href":"https:\/\/rf-capacitor.com\/de\/wp-json\/wp\/v2\/product\/1624","targetHints":{"allow":["GET"]}}],"collection":[{"href":"https:\/\/rf-capacitor.com\/de\/wp-json\/wp\/v2\/product"}],"about":[{"href":"https:\/\/rf-capacitor.com\/de\/wp-json\/wp\/v2\/types\/product"}],"replies":[{"embeddable":true,"href":"https:\/\/rf-capacitor.com\/de\/wp-json\/wp\/v2\/comments?post=1624"}],"wp:featuredmedia":[{"embeddable":true,"href":"https:\/\/rf-capacitor.com\/de\/wp-json\/wp\/v2\/media\/1625"}],"wp:attachment":[{"href":"https:\/\/rf-capacitor.com\/de\/wp-json\/wp\/v2\/media?parent=1624"}],"wp:term":[{"taxonomy":"product_brand","embeddable":true,"href":"https:\/\/rf-capacitor.com\/de\/wp-json\/wp\/v2\/product_brand?post=1624"},{"taxonomy":"product_cat","embeddable":true,"href":"https:\/\/rf-capacitor.com\/de\/wp-json\/wp\/v2\/product_cat?post=1624"},{"taxonomy":"product_tag","embeddable":true,"href":"https:\/\/rf-capacitor.com\/de\/wp-json\/wp\/v2\/product_tag?post=1624"}],"curies":[{"name":"wp","href":"https:\/\/api.w.org\/{rel}","templated":true}]}}