{"id":1619,"date":"2024-12-26T04:13:14","date_gmt":"2024-12-26T04:13:14","guid":{"rendered":"https:\/\/rf-capacitor.com\/?post_type=product&#038;p=1619"},"modified":"2024-12-26T06:52:05","modified_gmt":"2024-12-26T06:52:05","slug":"dc-blocking-capacitor","status":"publish","type":"product","link":"https:\/\/rf-capacitor.com\/de\/dc-blocking-capacitor\/","title":{"rendered":"DC-Sperrkondensator"},"content":{"rendered":"<div id=\"model-response-message-contentr_721751df4669b9f0\" class=\"markdown markdown-main-panel response-optimization\" dir=\"ltr\">\n<h2 data-sourcepos=\"1:1-1:53\">DC-Sperrkondensator: Eine Br\u00fccke zwischen AC-Signalen<\/h2>\n<p data-sourcepos=\"3:1-3:329\"><strong><span class=\"citation-0 recitation\">Ein DC-Blockierkondensator<\/span><\/strong><span class=\"citation-0 recitation\">, auch bekannt als <\/span><strong><span class=\"citation-0 recitation\">Koppelkondensator<\/span><\/strong><span class=\"citation-0 recitation\"> oder <\/span><strong><span class=\"citation-0 recitation\">\u00dcberbr\u00fcckungskondensator<\/span><\/strong><span class=\"citation-0 recitation citation-end-0\">ist ein passives elektronisches Bauelement, das in vielen Schaltungen eine entscheidende Rolle spielt.<\/span> <span class=\"citation-1 recitation\">Seine Hauptaufgabe besteht darin <\/span><strong><span class=\"citation-1 recitation\">lassen Wechselstromsignale (AC) durch, w\u00e4hrend Gleichstromkomponenten (DC) blockiert werden<\/span><\/strong><span class=\"citation-1 recitation citation-end-1\">.<\/span><span class=\"button-container hide-from-message-actions ng-star-inserted\">\u00a0<\/span><\/p>\n<div class=\"container ng-tns-c362440147-19 hide\">\n<div class=\"carousel-container ng-tns-c362440147-19\">\n<div class=\"carousel-content ng-tns-c362440147-19\">\n<div class=\"sources-carousel-source ng-tns-c362440147-19 hide ng-star-inserted\" data-test-id=\"sources-carousel-source\"><\/div>\n<div class=\"sources-carousel-source ng-tns-c362440147-19 hide ng-star-inserted\" data-test-id=\"sources-carousel-source\"><span style=\"font-size: 20.16px;\">Wie es funktioniert<\/span><\/div>\n<\/div>\n<\/div>\n<\/div>\n<ul data-sourcepos=\"6:1-9:0\">\n<li data-sourcepos=\"6:1-6:121\"><strong>Kapazit\u00e4t:<\/strong> <span class=\"citation-2 recitation citation-end-2\">Kondensatoren speichern elektrische Ladung, und ihre F\u00e4higkeit, dies zu tun, wird in Farad (F) gemessen.<\/span><span class=\"button-container hide-from-message-actions ng-star-inserted\">\u00a0 \u00a0<\/span>\n<div class=\"container ng-tns-c362440147-20 hide\">\n<div class=\"carousel-container ng-tns-c362440147-20\"><\/div>\n<\/div>\n<\/li>\n<li data-sourcepos=\"7:1-7:129\"><strong>AC-Signal:<\/strong> Wenn ein Wechselstromsignal angelegt wird, l\u00e4dt und entl\u00e4dt sich der Kondensator schnell, so dass das Signal durchgelassen wird.<\/li>\n<li data-sourcepos=\"8:1-9:0\"><strong>DC-Signal:<\/strong> <span class=\"citation-3 recitation citation-end-3\">Bei einem Gleichstromsignal l\u00e4dt sich der Kondensator bis zu einem stabilen Zustand auf und wirkt wie ein offener Stromkreis, der die Gleichstromkomponente effektiv blockiert.<\/span><span class=\"button-container hide-from-message-actions ng-star-inserted\"> \u00a0<\/span>\n<div class=\"container ng-tns-c362440147-21 hide\">\n<div class=\"carousel-container ng-tns-c362440147-21\">\n<div class=\"carousel-content ng-tns-c362440147-21\">\n<div class=\"sources-carousel-source ng-tns-c362440147-21 hide ng-star-inserted\" data-test-id=\"sources-carousel-source\"><\/div>\n<\/div>\n<\/div>\n<\/div>\n<\/li>\n<\/ul>\n<h3 data-sourcepos=\"10:1-10:16\">Anwendungen<\/h3>\n<p data-sourcepos=\"11:1-11:81\">Gleichstrom-Blockierkondensatoren werden in verschiedenen elektronischen Schaltkreisen eingesetzt, z. B:<\/p>\n<ul data-sourcepos=\"12:1-16:0\">\n<li data-sourcepos=\"12:1-12:117\"><strong><span class=\"citation-4 recitation\">Audio-Verst\u00e4rker:<\/span><\/strong><span class=\"citation-4 recitation citation-end-4\"> Zur Kopplung des Wechselstromsignals von einer Stufe zur anderen ohne Beeintr\u00e4chtigung der Gleichstromvorspannung.<\/span><\/li>\n<li data-sourcepos=\"12:1-12:117\"><strong><span class=\"button-container hide-from-message-actions ng-star-inserted\"> R<\/span><span class=\"citation-5 recitation\"><strong>adio<\/strong> Frequenzsysteme (RF):<\/span><\/strong><span class=\"citation-5 recitation citation-end-5\"> Zur Isolierung verschiedener Stufen des Schaltkreises und um zu verhindern, dass unerw\u00fcnschte Gleichspannungen das HF-Signal st\u00f6ren.<\/span><span class=\"button-container hide-from-message-actions ng-star-inserted\"> \u00a0<\/span>\n<div class=\"container ng-tns-c362440147-23 hide\">\n<div class=\"carousel-container ng-tns-c362440147-23\"><\/div>\n<\/div>\n<\/li>\n<li data-sourcepos=\"14:1-14:102\"><strong><span class=\"citation-6 recitation\">Stromwandler:<\/span><\/strong><span class=\"citation-6 recitation citation-end-6\"> Zum Herausfiltern von hochfrequentem Rauschen und Restwelligkeit aus dem Gleichstromausgang.<\/span><span class=\"button-container hide-from-message-actions ng-star-inserted\"> \u00a0<\/span><\/li>\n<li data-sourcepos=\"14:1-14:102\"><span class=\"button-container hide-from-message-actions ng-star-inserted\"><strong style=\"font-size: 14.4px;\"><span class=\"citation-7 recitation\">Schaltungen zur Signalaufbereitung:<\/span><\/strong><span class=\"citation-7 recitation citation-end-7\" style=\"font-size: 14.4px;\"> Zur Beseitigung von Gleichstromverschiebungen und zur Isolierung verschiedener Teile des Schaltkreises.<\/span><span class=\"button-container hide-from-message-actions ng-star-inserted\" style=\"font-size: 14.4px;\"> \u00a0<\/span><\/span>\n<div class=\"container ng-tns-c362440147-25 hide\">\n<div class=\"carousel-container ng-tns-c362440147-25\">\n<div class=\"carousel-content ng-tns-c362440147-25\">\n<div class=\"sources-carousel-source ng-tns-c362440147-25 hide ng-star-inserted\" data-test-id=\"sources-carousel-source\"><\/div>\n<\/div>\n<\/div>\n<\/div>\n<\/li>\n<\/ul>\n<h3 data-sourcepos=\"17:1-17:22\">Wichtige \u00dcberlegungen<\/h3>\n<ul data-sourcepos=\"18:1-21:0\">\n<li data-sourcepos=\"18:1-18:140\"><strong>Kapazit\u00e4tswert:<\/strong> Der Kapazit\u00e4tswert des Kondensators wird in Abh\u00e4ngigkeit von der Frequenz des Wechselstromsignals und der gew\u00fcnschten Impedanz gew\u00e4hlt.<\/li>\n<li data-sourcepos=\"19:1-19:116\"><strong>Nennspannung:<\/strong> Der Kondensator muss f\u00fcr die maximale Spannung ausgelegt sein, der er in der Schaltung ausgesetzt ist.<\/li>\n<li data-sourcepos=\"20:1-21:0\"><strong>Vertr\u00e4glichkeit:<\/strong> Die Toleranz des Kondensators bestimmt die Genauigkeit seines Kapazit\u00e4tswertes.<\/li>\n<\/ul>\n<p data-sourcepos=\"22:1-22:233\"><strong><span class=\"citation-8 recitation citation-end-8\">Ein Gleichstrom-Blockkondensator wirkt im Wesentlichen als selektiver Filter, der nur Wechselstromsignale durchl\u00e4sst und Gleichstromkomponenten effektiv blockiert.<\/span> Dies macht ihn zu einem unverzichtbaren Bestandteil vieler elektronischer Schaltungen.<\/strong><span class=\"button-container hide-from-message-actions ng-star-inserted\"> \u00a0<\/span><\/p>\n<\/div>","protected":false},"excerpt":{"rendered":"<table style=\"height: 544px;\" width=\"643\">\n<tbody>\n<tr>\n<td width=\"146\"><strong><b>Produkt<\/b><\/strong>\u00a0<strong><b>Name:<\/b><\/strong><\/td>\n<td width=\"601\">DC-Sperrkondensator<\/td>\n<\/tr>\n<tr>\n<td width=\"146\">\n<h4><strong>Kurze Beschreibung:<\/strong><\/h4>\n<\/td>\n<td width=\"601\">Wechselrichter und Frequenzumrichter f\u00fcr Photovoltaik, Windenergie, Energiespeicherung und andere neue Energiebranchen.<\/td>\n<\/tr>\n<tr>\n<td width=\"146\"><strong>Kapazit\u00e4tsbereich:<\/strong><\/td>\n<td width=\"601\">\u00a0100\u03bcF\uff5e20000\u03bcF<\/td>\n<\/tr>\n<tr>\n<td width=\"146\"><strong>Nennspannung\uff1a<\/strong><\/td>\n<td width=\"601\">\u00a0600V.DC\uff5e4000V.DC<\/td>\n<\/tr>\n<tr>\n<td width=\"146\"><strong>Kap.tol\uff1a<\/strong><\/td>\n<td width=\"601\">\u00a0\u00b15%\uff08J\uff09\uff1b\u00b110%\uff08K\uff09<\/td>\n<\/tr>\n<tr>\n<td width=\"146\"><strong>Elektro- und Hybridfahrzeuge:<\/strong><\/td>\n<td width=\"601\">Schiffe; Z\u00fcge.<\/td>\n<\/tr>\n<tr>\n<td width=\"146\"><\/td>\n<td width=\"601\"><\/td>\n<\/tr>\n<tr>\n<td width=\"146\"><\/td>\n<td width=\"601\"><\/td>\n<\/tr>\n<tr>\n<td width=\"146\"><\/td>\n<td width=\"601\"><\/td>\n<\/tr>\n<\/tbody>\n<\/table>","protected":false},"featured_media":1621,"comment_status":"open","ping_status":"closed","template":"","meta":[],"product_brand":[],"product_cat":[38],"product_tag":[],"class_list":{"0":"post-1619","1":"product","2":"type-product","3":"status-publish","4":"has-post-thumbnail","6":"product_cat-dc-capacitor-2","8":"first","9":"instock","10":"shipping-taxable","11":"product-type-simple"},"_links":{"self":[{"href":"https:\/\/rf-capacitor.com\/de\/wp-json\/wp\/v2\/product\/1619","targetHints":{"allow":["GET"]}}],"collection":[{"href":"https:\/\/rf-capacitor.com\/de\/wp-json\/wp\/v2\/product"}],"about":[{"href":"https:\/\/rf-capacitor.com\/de\/wp-json\/wp\/v2\/types\/product"}],"replies":[{"embeddable":true,"href":"https:\/\/rf-capacitor.com\/de\/wp-json\/wp\/v2\/comments?post=1619"}],"wp:featuredmedia":[{"embeddable":true,"href":"https:\/\/rf-capacitor.com\/de\/wp-json\/wp\/v2\/media\/1621"}],"wp:attachment":[{"href":"https:\/\/rf-capacitor.com\/de\/wp-json\/wp\/v2\/media?parent=1619"}],"wp:term":[{"taxonomy":"product_brand","embeddable":true,"href":"https:\/\/rf-capacitor.com\/de\/wp-json\/wp\/v2\/product_brand?post=1619"},{"taxonomy":"product_cat","embeddable":true,"href":"https:\/\/rf-capacitor.com\/de\/wp-json\/wp\/v2\/product_cat?post=1619"},{"taxonomy":"product_tag","embeddable":true,"href":"https:\/\/rf-capacitor.com\/de\/wp-json\/wp\/v2\/product_tag?post=1619"}],"curies":[{"name":"wp","href":"https:\/\/api.w.org\/{rel}","templated":true}]}}