{"id":2108,"date":"2025-01-14T07:26:21","date_gmt":"2025-01-14T07:26:21","guid":{"rendered":"https:\/\/rf-capacitor.com\/?post_type=product&#038;p=2108"},"modified":"2025-01-14T07:41:19","modified_gmt":"2025-01-14T07:41:19","slug":"dc-voltage-effect-sensor","status":"publish","type":"product","link":"https:\/\/rf-capacitor.com\/da\/dc-voltage-effect-sensor\/","title":{"rendered":"DC-sp\u00e6ndingseffektsensor"},"content":{"rendered":"<p data-sourcepos=\"1:1-1:155\">En DC Voltage Effect Sensor er en kritisk sikkerhedsanordning, der registrerer og m\u00e5ler sm\u00e5 elektriske str\u00f8mme, som ikke er en del af det tilsigtede kredsl\u00f8b.<\/p>\n<h2 data-sourcepos=\"3:1-3:17\">S\u00e5dan fungerer en DC-sp\u00e6ndingseffektsensor:<\/h2>\n<ul data-sourcepos=\"5:1-8:0\">\n<li data-sourcepos=\"5:1-5:117\"><strong>Detektering af jordfejl:<\/strong> Den overv\u00e5ger f\u00f8rst og fremmest utilsigtet str\u00f8mgennemgang til jord, kendt som jordfejl.<\/li>\n<li data-sourcepos=\"6:1-6:126\"><strong>M\u00e5ling af l\u00e6kstr\u00f8m:<\/strong> Sensoren m\u00e5ler n\u00f8jagtigt st\u00f8rrelsen af l\u00e6kstr\u00f8mmen, selv ved meget lave niveauer.<\/li>\n<li data-sourcepos=\"7:1-8:0\"><strong>Udl\u00f8ser beskyttelsesforanstaltninger:<\/strong> N\u00e5r en l\u00e6kstr\u00f8m overskrider en forudbestemt t\u00e6rskel, udl\u00f8ser sensoren beskyttelsesforanstaltninger, som f.eks. udl\u00f8sning af en afbryder eller en alarm.<\/li>\n<\/ul>\n<h2 data-sourcepos=\"9:1-9:21\">Vigtige applikationer:<\/h2>\n<ul data-sourcepos=\"11:1-16:0\">\n<li data-sourcepos=\"11:1-14:109\"><strong>Elektrisk sikkerhed:<\/strong>\n<ul data-sourcepos=\"12:5-14:109\">\n<li data-sourcepos=\"12:5-12:145\"><strong>Anvendelser i boliger:<\/strong> Bruges i husholdningsafbrydere (RCD'er) for at forhindre elektriske st\u00f8d og reducere risikoen for elektriske brande.<\/li>\n<li data-sourcepos=\"13:5-13:161\"><strong>Industrielle anvendelser:<\/strong> Anvendes i industrimaskiner, str\u00f8mfordelingssystemer og datacentre for at forbedre sikkerheden og forhindre skader p\u00e5 udstyret.<\/li>\n<li data-sourcepos=\"14:5-14:109\"><strong>Medicinsk udstyr:<\/strong> Bruges i medicinsk udstyr for at sikre patientsikkerheden og forhindre elektriske farer.<\/li>\n<\/ul>\n<\/li>\n<li data-sourcepos=\"15:1-16:0\"><strong>Bygningsautomatisering:<\/strong> Integreret i bygningsstyringssystemer til brandsikkerhed og energioverv\u00e5gning.<\/li>\n<\/ul>\n<h2 data-sourcepos=\"17:1-17:40\">Typer af DC-sp\u00e6ndingseffektsensor :<\/h2>\n<ul data-sourcepos=\"19:1-21:0\">\n<li data-sourcepos=\"19:1-19:100\"><strong>Fejlstr\u00f8msafbrydere (RCD'er):<\/strong> Den mest almindelige type, designet til at opdage sm\u00e5 jordfejl.<\/li>\n<li data-sourcepos=\"20:1-21:0\"><strong>Jordfejlsafbrydere (ELCB'er):<\/strong> En type fejlstr\u00f8msafbryder, der automatisk afbryder str\u00f8mforsyningen i tilf\u00e6lde af en jordfejl.<\/li>\n<\/ul>\n<h2 data-sourcepos=\"22:1-22:24\">Vigtige kendetegn:<\/h2>\n<ul data-sourcepos=\"24:1-28:0\">\n<li data-sourcepos=\"24:1-24:67\"><strong>H\u00f8j f\u00f8lsomhed:<\/strong> Kan registrere selv sm\u00e5 l\u00e6kstr\u00f8mme.<\/li>\n<li data-sourcepos=\"25:1-25:99\"><strong>Hurtig responstid:<\/strong> Hurtig reaktion p\u00e5 jordfejl for at minimere risikoen for personskade eller skader.<\/li>\n<li data-sourcepos=\"26:1-26:65\"><strong>P\u00e5lidelighed:<\/strong> Konsekvent og p\u00e5lidelig ydelse over tid.<\/li>\n<li data-sourcepos=\"27:1-28:0\"><strong>N\u00f8jagtighed:<\/strong> N\u00f8jagtig m\u00e5ling af l\u00e6kstr\u00f8m til p\u00e5lidelig fejldetektering.<\/li>\n<\/ul>\n<p data-sourcepos=\"29:1-29:129\">DC Voltage Effect Sensor spiller en vigtig rolle i forbedringen af den elektriske sikkerhed og forebyggelsen af ulykker i forskellige applikationer.<\/p>","protected":false},"excerpt":{"rendered":"<table style=\"height: 611px;\" width=\"474\">\n<tbody>\n<tr>\n<td width=\"120\">Model<\/td>\n<td width=\"113\">Princip<\/td>\n<td width=\"109\">Nominel indgang<\/td>\n<td width=\"160\">Forsyningssp\u00e6nding (V)<\/td>\n<td width=\"117\">Output\/Rated Input<\/td>\n<td width=\"51\">B\u00e5ndbredde (KHz)<\/td>\n<td width=\"91\">N\u00f8jagtighed ved normal temperatur \uff08%\uff09<\/td>\n<td width=\"105\">TA (\u2103)<\/td>\n<td width=\"109\">Installationsmetode<\/td>\n<td width=\"151\">Bl\u00e6nde\/tilslutning (mm)<\/td>\n<\/tr>\n<tr>\n<td width=\"120\">HDV1C1LTA<\/td>\n<td width=\"113\">L\u00e6kagestr\u00f8m<\/td>\n<td width=\"109\">\u00b110mA<\/td>\n<td width=\"160\">\u00b112..\u00b115<\/td>\n<td width=\"117\">\u00b15V<\/td>\n<td width=\"51\">DC<\/td>\n<td width=\"91\">1<\/td>\n<td width=\"105\">-40&#8230;+85<\/td>\n<td width=\"109\">Perforering<\/td>\n<td width=\"151\">\u03a620<\/td>\n<\/tr>\n<tr>\n<td width=\"120\">HDV2C1LTA<\/td>\n<td width=\"113\">L\u00e6kagestr\u00f8m<\/td>\n<td width=\"109\">\u00b120mA<\/td>\n<td width=\"160\">\u00b112..\u00b115<\/td>\n<td width=\"117\">\u00b15V<\/td>\n<td width=\"51\">DC<\/td>\n<td width=\"91\">1<\/td>\n<td width=\"105\">-40&#8230;+85<\/td>\n<td width=\"109\">Perforering<\/td>\n<td width=\"151\">\u03a620<\/td>\n<\/tr>\n<tr>\n<td width=\"120\">HDV2C3LTA<\/td>\n<td width=\"113\">L\u00e6kagestr\u00f8m<\/td>\n<td width=\"109\">\u00b12000mA<\/td>\n<td width=\"160\">\u00b112..\u00b115<\/td>\n<td width=\"117\">\u00b15V<\/td>\n<td width=\"51\">DC<\/td>\n<td width=\"91\">1<\/td>\n<td width=\"105\">-40&#8230;+85<\/td>\n<td width=\"109\">Perforering<\/td>\n<td width=\"151\">\u03a620<\/td>\n<\/tr>\n<tr>\n<td width=\"120\">HDV5C3LTA<\/td>\n<td width=\"113\">L\u00e6kagestr\u00f8m<\/td>\n<td width=\"109\">\u00b15000mA<\/td>\n<td width=\"160\">\u00b112..\u00b115<\/td>\n<td width=\"117\">\u00b15V<\/td>\n<td width=\"51\">DC<\/td>\n<td width=\"91\">1<\/td>\n<td width=\"105\">-40&#8230;+85<\/td>\n<td width=\"109\">Perforering<\/td>\n<td width=\"151\">\u03a620<\/td>\n<\/tr>\n<tr>\n<td width=\"120\">HDV1C1LDB<\/td>\n<td width=\"113\">L\u00e6kagestr\u00f8m<\/td>\n<td width=\"109\">\u00b110mA<\/td>\n<td width=\"160\">\u00b112..\u00b115<\/td>\n<td width=\"117\">\u00b15V<\/td>\n<td width=\"51\">DC<\/td>\n<td width=\"91\">1<\/td>\n<td width=\"105\">-40&#8230;+85<\/td>\n<td width=\"109\">Perforering<\/td>\n<td width=\"151\">\u03a620<\/td>\n<\/tr>\n<tr>\n<td width=\"120\">HDV2C1LDB<\/td>\n<td width=\"113\">L\u00e6kagestr\u00f8m<\/td>\n<td width=\"109\">\u00b120mA<\/td>\n<td width=\"160\">\u00b112..\u00b115<\/td>\n<td width=\"117\">\u00b15V<\/td>\n<td width=\"51\">DC<\/td>\n<td width=\"91\">1<\/td>\n<td width=\"105\">-40&#8230;+85<\/td>\n<td width=\"109\">Perforering<\/td>\n<td width=\"151\">\u03a620<\/td>\n<\/tr>\n<tr>\n<td width=\"120\">HDV5C1LDB<\/td>\n<td width=\"113\">L\u00e6kagestr\u00f8m<\/td>\n<td width=\"109\">\u00b150mA<\/td>\n<td width=\"160\">\u00b112..\u00b115<\/td>\n<td width=\"117\">\u00b15V<\/td>\n<td width=\"51\">DC<\/td>\n<td width=\"91\">1<\/td>\n<td width=\"105\">-40&#8230;+85<\/td>\n<td width=\"109\">Perforering<\/td>\n<td width=\"151\">\u03a620<\/td>\n<\/tr>\n<tr>\n<td width=\"120\">HDV1C2LDB<\/td>\n<td width=\"113\">L\u00e6kagestr\u00f8m<\/td>\n<td width=\"109\">\u00b1100mA<\/td>\n<td width=\"160\">\u00b112..\u00b115<\/td>\n<td width=\"117\">\u00b15V<\/td>\n<td width=\"51\">DC<\/td>\n<td width=\"91\">1<\/td>\n<td width=\"105\">-40&#8230;+85<\/td>\n<td width=\"109\">Perforering<\/td>\n<td width=\"151\">\u03a620<\/td>\n<\/tr>\n<tr>\n<td width=\"120\">HDV1C1EA<\/td>\n<td width=\"113\">L\u00e6kagestr\u00f8m<\/td>\n<td width=\"109\">\u00b110mA<\/td>\n<td width=\"160\">\u00b112..\u00b115<\/td>\n<td width=\"117\">\u00b15V<\/td>\n<td width=\"51\">DC<\/td>\n<td width=\"91\">1<\/td>\n<td width=\"105\">-40&#8230;+85<\/td>\n<td width=\"109\">Perforering<\/td>\n<td width=\"151\">\u03a640.5<\/td>\n<\/tr>\n<tr>\n<td width=\"120\">HDV2C1EA<\/td>\n<td width=\"113\">L\u00e6kagestr\u00f8m<\/td>\n<td width=\"109\">\u00b120mA<\/td>\n<td width=\"160\">\u00b112..\u00b115<\/td>\n<td width=\"117\">\u00b15V<\/td>\n<td width=\"51\">DC<\/td>\n<td width=\"91\">1<\/td>\n<td width=\"105\">-40&#8230;+85<\/td>\n<td width=\"109\">Perforering<\/td>\n<td width=\"151\">\u03a640.5<\/td>\n<\/tr>\n<tr>\n<td width=\"120\">HDV2C3EA<\/td>\n<td width=\"113\">L\u00e6kagestr\u00f8m<\/td>\n<td width=\"109\">\u00b12000mA<\/td>\n<td width=\"160\">\u00b112..\u00b115<\/td>\n<td width=\"117\">\u00b15V<\/td>\n<td width=\"51\">DC<\/td>\n<td width=\"91\">1<\/td>\n<td width=\"105\">-40&#8230;+85<\/td>\n<td width=\"109\">Perforering<\/td>\n<td width=\"151\">\u03a640.5<\/td>\n<\/tr>\n<\/tbody>\n<\/table>","protected":false},"featured_media":2109,"comment_status":"open","ping_status":"closed","template":"","meta":[],"product_brand":[],"product_cat":[44],"product_tag":[],"class_list":{"0":"post-2108","1":"product","2":"type-product","3":"status-publish","4":"has-post-thumbnail","6":"product_cat-current-sensor-2","8":"first","9":"instock","10":"shipping-taxable","11":"product-type-simple"},"_links":{"self":[{"href":"https:\/\/rf-capacitor.com\/da\/wp-json\/wp\/v2\/product\/2108","targetHints":{"allow":["GET"]}}],"collection":[{"href":"https:\/\/rf-capacitor.com\/da\/wp-json\/wp\/v2\/product"}],"about":[{"href":"https:\/\/rf-capacitor.com\/da\/wp-json\/wp\/v2\/types\/product"}],"replies":[{"embeddable":true,"href":"https:\/\/rf-capacitor.com\/da\/wp-json\/wp\/v2\/comments?post=2108"}],"wp:featuredmedia":[{"embeddable":true,"href":"https:\/\/rf-capacitor.com\/da\/wp-json\/wp\/v2\/media\/2109"}],"wp:attachment":[{"href":"https:\/\/rf-capacitor.com\/da\/wp-json\/wp\/v2\/media?parent=2108"}],"wp:term":[{"taxonomy":"product_brand","embeddable":true,"href":"https:\/\/rf-capacitor.com\/da\/wp-json\/wp\/v2\/product_brand?post=2108"},{"taxonomy":"product_cat","embeddable":true,"href":"https:\/\/rf-capacitor.com\/da\/wp-json\/wp\/v2\/product_cat?post=2108"},{"taxonomy":"product_tag","embeddable":true,"href":"https:\/\/rf-capacitor.com\/da\/wp-json\/wp\/v2\/product_tag?post=2108"}],"curies":[{"name":"wp","href":"https:\/\/api.w.org\/{rel}","templated":true}]}}