{"id":1898,"date":"2025-01-02T07:08:04","date_gmt":"2025-01-02T07:08:04","guid":{"rendered":"https:\/\/rf-capacitor.com\/?post_type=product&#038;p=1898"},"modified":"2025-01-02T07:08:04","modified_gmt":"2025-01-02T07:08:04","slug":"decoupling-resonant-capacitor","status":"publish","type":"product","link":"https:\/\/rf-capacitor.com\/da\/decoupling-resonant-capacitor\/","title":{"rendered":"Afkoblende resonans-kondensator"},"content":{"rendered":"<div class=\"user-query-container ng-star-inserted\">\n<div id=\"user-query-content-7\" class=\"query-content\">\n<div class=\"query-text gds-body-l ng-star-inserted\" dir=\"ltr\" role=\"heading\" aria-level=\"2\">\n<h3 class=\"query-text-line ng-star-inserted\">Afkoblende resonans-kondensator<\/h3>\n<\/div>\n<\/div>\n<div class=\"button-gutter\"><span class=\"citation-0 recitation\" style=\"font-size: 14.4px; color: #555555;\">Inden for elektronik er en <\/span><strong style=\"font-size: 14.4px; color: #555555;\"><span class=\"citation-0 recitation\">Afkoblingskondensator<\/span><\/strong><span class=\"citation-0 recitation citation-end-0\" style=\"font-size: 14.4px; color: #555555;\"> er en vigtig komponent, der bruges til at stabilisere str\u00f8mforsyningssp\u00e6ndinger og minimere elektrisk st\u00f8j.<\/span><span class=\"button-container hide-from-message-actions ng-star-inserted\" style=\"font-size: 14.4px; color: #555555;\">\u00a0 \u00a0<\/span><\/div>\n<\/div>\n<div>\n<div class=\"response-container ng-tns-c3227055261-111 response-optimization tts-removed ng-star-inserted response-container-has-multiple-responses\">\n<div class=\"presented-response-container ng-tns-c3227055261-111\">\n<div class=\"response-container-content ng-tns-c3227055261-111 tunable-selection-with-avatar\">\n<div class=\"response-content ng-tns-c3227055261-111\">\n<div id=\"model-response-message-contentr_e018e616d4e5ed8e\" class=\"markdown markdown-main-panel tutor-markdown-rendering response-optimization\" dir=\"ltr\">\n<h3 data-sourcepos=\"3:1-3:17\"><strong>S\u00e5dan fungerer en afkoblende resonanskondensator:<\/strong><\/h3>\n<ul data-sourcepos=\"5:1-8:0\">\n<li data-sourcepos=\"5:1-5:224\"><strong><span class=\"citation-1 recitation\">Lokal energilagring:<\/span><\/strong><span class=\"citation-1 recitation citation-end-1\"> Afkoblingskondensatorer fungerer som sm\u00e5 lokale energireservoirer.<\/span> <span class=\"citation-2 recitation citation-end-2\">De er placeret meget t\u00e6t p\u00e5 de integrerede kredsl\u00f8b (IC'er) eller andre komponenter, som de er beregnet til at afkoble.<\/span><span class=\"button-container hide-from-message-actions ng-star-inserted\"> \u00a0<\/span>\n<div class=\"container ng-tns-c362440147-116 hide\">\n<div class=\"carousel-container ng-tns-c362440147-116\"><\/div>\n<\/div>\n<\/li>\n<li data-sourcepos=\"6:1-6:261\"><strong><span class=\"citation-3 recitation\">Undertrykkelse af sp\u00e6ndingsudsving:<\/span><\/strong><span class=\"citation-3 recitation citation-end-3\"> N\u00e5r en IC pludselig tr\u00e6kker en stor str\u00f8m (f.eks. under skifteoperationer), kan afkoblingskondensatoren hurtigt levere denne str\u00f8m og forhindre betydelige sp\u00e6ndingsfald p\u00e5 tv\u00e6rs af str\u00f8mforsyningsledningerne.<\/span><span class=\"button-container hide-from-message-actions ng-star-inserted\">\u00a0 \u00a0<\/span>\n<div class=\"container ng-tns-c362440147-117 hide\">\n<div class=\"carousel-container ng-tns-c362440147-117\"><\/div>\n<\/div>\n<\/li>\n<li data-sourcepos=\"7:1-8:0\"><strong>St\u00f8jfiltrering:<\/strong> <span class=\"citation-4 recitation citation-end-4\">Afkoblingskondensatorer fungerer ogs\u00e5 som filtre, der leder h\u00f8jfrekvente st\u00f8jstr\u00f8mme til jord og dermed minimerer st\u00f8jens indvirkning p\u00e5 IC'ens funktion.<\/span><span class=\"button-container hide-from-message-actions ng-star-inserted\">\u00a0<\/span>\n<div class=\"container ng-tns-c362440147-118 hide\">\n<div class=\"carousel-container ng-tns-c362440147-118\"><\/div>\n<\/div>\n<\/li>\n<\/ul>\n<h3 data-sourcepos=\"9:1-9:24\"><strong>N\u00f8gleegenskaber for afkoblende resonanskondensatorer:<\/strong><\/h3>\n<ul data-sourcepos=\"11:1-14:0\">\n<li data-sourcepos=\"11:1-11:117\"><strong><span class=\"citation-5 recitation\">Lav ESR (\u00e6kvivalent seriemodstand):<\/span><\/strong><span class=\"citation-5 recitation citation-end-5\"> Minimerer energitab og sikrer hurtig levering af str\u00f8m.<\/span><span class=\"button-container hide-from-message-actions ng-star-inserted\">\u00a0<\/span>\n<div class=\"container ng-tns-c362440147-119 hide\">\n<div class=\"carousel-container ng-tns-c362440147-119\"><\/div>\n<\/div>\n<\/li>\n<li data-sourcepos=\"12:1-12:95\"><strong>H\u00f8j kapacitans:<\/strong> Giver tilstr\u00e6kkelig energilagring til at h\u00e5ndtere forbig\u00e5ende str\u00f8mkrav.<\/li>\n<li data-sourcepos=\"13:1-14:0\"><strong>Lille st\u00f8rrelse og lav induktans:<\/strong> Muligg\u00f8r placering meget t\u00e6t p\u00e5 IC'en for at minimere virkningen af parasitisk induktans.<\/li>\n<\/ul>\n<h3 data-sourcepos=\"15:1-15:17\"><strong>Almindelige typer afkoblingsresonans-kondensator:<\/strong><\/h3>\n<ul data-sourcepos=\"17:1-20:0\">\n<li data-sourcepos=\"17:1-17:93\"><strong>Keramiske kondensatorer:<\/strong> Udbredt p\u00e5 grund af deres lille st\u00f8rrelse, h\u00f8je kapacitans og lave ESR.<\/li>\n<li data-sourcepos=\"18:1-18:85\"><strong><span class=\"citation-6 recitation\">Tantal-kondensatorer:<\/span><\/strong><span class=\"citation-6 recitation citation-end-6\"> Giver god ydelse ved h\u00f8jere frekvenser.<\/span><span class=\"button-container hide-from-message-actions ng-star-inserted\"> \u00a0<\/span>\n<div class=\"container ng-tns-c362440147-120 hide\">\n<div class=\"carousel-container ng-tns-c362440147-120\"><\/div>\n<\/div>\n<\/li>\n<li data-sourcepos=\"19:1-20:0\"><strong><span class=\"citation-7 recitation\">Elektrolytiske kondensatorer:<\/span><\/strong><span class=\"citation-7 recitation citation-end-7\"> Bruges typisk til st\u00f8rre kapacitansv\u00e6rdier i applikationer, hvor st\u00f8rrelsen er mindre kritisk<\/span><span class=\"button-container hide-from-message-actions ng-star-inserted\">\u00a0 .<\/span>\n<div class=\"container ng-tns-c362440147-121 hide\">\n<div class=\"carousel-container ng-tns-c362440147-121\"><\/div>\n<\/div>\n<\/li>\n<\/ul>\n<h3 data-sourcepos=\"21:1-21:28\"><strong>Placering og udv\u00e6lgelse:<\/strong><\/h3>\n<ul data-sourcepos=\"23:1-25:0\">\n<li data-sourcepos=\"23:1-23:247\"><strong>Placering:<\/strong> <span class=\"citation-8 recitation citation-end-8\">Afkoblingskondensatorer skal placeres s\u00e5 t\u00e6t som muligt (helst direkte p\u00e5 IC-stifterne) p\u00e5 IC'ens str\u00f8m- og jordstifter.<\/span> <span class=\"citation-9 recitation citation-end-9\">Korte, direkte forbindelser minimerer virkningen af parasitisk induktans.<\/span><span class=\"button-container hide-from-message-actions ng-star-inserted\"> \u00a0<\/span>\n<div class=\"container ng-tns-c362440147-122 hide\">\n<div class=\"carousel-container ng-tns-c362440147-122\"><\/div>\n<\/div>\n<\/li>\n<li data-sourcepos=\"24:1-25:0\"><strong>Udv\u00e6lgelse:<\/strong> Valget af kondensatortype og -v\u00e6rdi afh\u00e6nger af den specifikke anvendelse og IC'ens egenskaber. Faktorer som IC'ens skiftehastighed, str\u00f8mforbrug og driftsfrekvens skal tages i betragtning.<\/li>\n<\/ul>\n<h3 data-sourcepos=\"26:1-26:15\"><strong>For at opsummere:<\/strong><\/h3>\n<p data-sourcepos=\"28:1-28:301\"><span class=\"citation-10 recitation citation-end-10\">Afkoblingskondensatorer er vigtige komponenter i elektroniske kredsl\u00f8b, is\u00e6r i digitale h\u00f8jhastighedssystemer.<\/span> <span class=\"citation-11 recitation citation-end-11\">Ved effektivt at afkoble IC'erne fra str\u00f8mforsyningsledningerne er de med til at sikre stabil drift, minimere st\u00f8j og forbedre den samlede systemydelse.<\/span><span class=\"button-container hide-from-message-actions ng-star-inserted\"> \u00a0<\/span><\/p>\n<p data-sourcepos=\"30:1-30:208\"><strong>Bem\u00e6rk:<\/strong> Denne forklaring giver et generelt overblik. De specifikke krav til afkoblingskondensatorer vil variere afh\u00e6ngigt af den specifikke anvendelse og det elektroniske kredsl\u00f8bs egenskaber.<\/p>\n<\/div>\n<\/div>\n<\/div>\n<\/div>\n<\/div>\n<\/div>","protected":false},"excerpt":{"rendered":"<table style=\"height: 479px;\" width=\"711\">\n<tbody>\n<tr>\n<td width=\"146\"><strong><b>Produkt<\/b><\/strong>\u00a0<strong><b>Navn:<\/b><\/strong><\/td>\n<td width=\"601\"><strong>Afkoblende resonans-kondensator<\/strong><\/td>\n<\/tr>\n<tr>\n<td width=\"146\">\n<h4><strong>Kort beskrivelse:<\/strong><\/h4>\n<\/td>\n<td width=\"601\">CRE er i stand til at levere h\u00f8jeffekts resonanskondensatorer, der h\u00e5ndterer store sp\u00e6ndinger og str\u00f8mme i en lille kompakt pakkest\u00f8rrelse.<\/p>\n<p>&nbsp;<\/td>\n<\/tr>\n<tr>\n<td width=\"146\"><strong>Kapacitansomr\u00e5de:<\/strong><\/td>\n<td width=\"601\">1\u03bcF \uff5e 8\u03bcF<\/td>\n<\/tr>\n<tr>\n<td width=\"146\"><strong>Nominel sp\u00e6nding\uff1a.<\/strong><\/td>\n<td width=\"601\">1200V.DC\uff5e4000V.DC<\/td>\n<\/tr>\n<tr>\n<td width=\"146\"><strong>Cap.tol:.<\/strong><\/td>\n<td width=\"601\">\u00b15%(J) ;\u00b110%(K)<\/td>\n<\/tr>\n<tr>\n<td width=\"146\"><strong>T\u00e5ler sp\u00e6nding:<\/strong><\/td>\n<td width=\"601\">1,5Un \/10S<\/td>\n<\/tr>\n<\/tbody>\n<\/table>","protected":false},"featured_media":1899,"comment_status":"open","ping_status":"closed","template":"","meta":[],"product_brand":[],"product_cat":[42],"product_tag":[],"class_list":{"0":"post-1898","1":"product","2":"type-product","3":"status-publish","4":"has-post-thumbnail","6":"product_cat-resonance-capacitor","8":"first","9":"instock","10":"shipping-taxable","11":"product-type-simple"},"_links":{"self":[{"href":"https:\/\/rf-capacitor.com\/da\/wp-json\/wp\/v2\/product\/1898","targetHints":{"allow":["GET"]}}],"collection":[{"href":"https:\/\/rf-capacitor.com\/da\/wp-json\/wp\/v2\/product"}],"about":[{"href":"https:\/\/rf-capacitor.com\/da\/wp-json\/wp\/v2\/types\/product"}],"replies":[{"embeddable":true,"href":"https:\/\/rf-capacitor.com\/da\/wp-json\/wp\/v2\/comments?post=1898"}],"wp:featuredmedia":[{"embeddable":true,"href":"https:\/\/rf-capacitor.com\/da\/wp-json\/wp\/v2\/media\/1899"}],"wp:attachment":[{"href":"https:\/\/rf-capacitor.com\/da\/wp-json\/wp\/v2\/media?parent=1898"}],"wp:term":[{"taxonomy":"product_brand","embeddable":true,"href":"https:\/\/rf-capacitor.com\/da\/wp-json\/wp\/v2\/product_brand?post=1898"},{"taxonomy":"product_cat","embeddable":true,"href":"https:\/\/rf-capacitor.com\/da\/wp-json\/wp\/v2\/product_cat?post=1898"},{"taxonomy":"product_tag","embeddable":true,"href":"https:\/\/rf-capacitor.com\/da\/wp-json\/wp\/v2\/product_tag?post=1898"}],"curies":[{"name":"wp","href":"https:\/\/api.w.org\/{rel}","templated":true}]}}