{"id":1886,"date":"2025-01-02T06:26:09","date_gmt":"2025-01-02T06:26:09","guid":{"rendered":"https:\/\/rf-capacitor.com\/?post_type=product&#038;p=1886"},"modified":"2025-01-02T06:26:09","modified_gmt":"2025-01-02T06:26:09","slug":"high-voltage-resonance-capacitor","status":"publish","type":"product","link":"https:\/\/rf-capacitor.com\/da\/high-voltage-resonance-capacitor\/","title":{"rendered":"Resonans-kondensator med h\u00f8j sp\u00e6nding"},"content":{"rendered":"<div class=\"user-query-container ng-star-inserted\">\n<div id=\"user-query-content-5\" class=\"query-content\">\n<div class=\"query-text gds-body-l ng-star-inserted\" dir=\"ltr\" role=\"heading\" aria-level=\"2\">\n<h3 class=\"query-text-line ng-star-inserted\">Resonans-kondensator med h\u00f8j sp\u00e6nding<\/h3>\n<\/div>\n<\/div>\n<\/div>\n<div>\n<div class=\"response-container ng-tns-c3227055261-91 response-optimization tts-removed ng-star-inserted response-container-has-multiple-responses\">\n<div class=\"presented-response-container ng-tns-c3227055261-91\">\n<div class=\"response-container-content ng-tns-c3227055261-91 tunable-selection-with-avatar\">\n<div class=\"response-content ng-tns-c3227055261-91\">\n<div id=\"model-response-message-contentr_53dd446f46a75fa7\" class=\"markdown markdown-main-panel tutor-markdown-rendering response-optimization\" dir=\"ltr\">\n<p data-sourcepos=\"1:1-1:126\"><span class=\"citation-0 recitation citation-end-0\">H\u00f8jsp\u00e6ndingsresonanskondensatorer er specialiserede komponenter, der er designet til brug i h\u00f8jsp\u00e6ndingsresonanskredsl\u00f8b.<\/span><span class=\"button-container hide-from-message-actions ng-star-inserted\"> \u00a0<\/span><\/p>\n<h3 data-sourcepos=\"3:1-3:24\"><strong>Vigtige kendetegn:<\/strong><\/h3>\n<ul data-sourcepos=\"5:1-10:0\">\n<li data-sourcepos=\"5:1-5:127\"><strong>Ekstremt h\u00f8j sp\u00e6nding:<\/strong> <span class=\"citation-1 recitation citation-end-1\">I stand til at modst\u00e5 meget h\u00f8je sp\u00e6ndinger (typisk i kilovolt-omr\u00e5det).<\/span><span class=\"button-container hide-from-message-actions ng-star-inserted\">\u00a0 \u00a0<\/span>\n<div class=\"container ng-tns-c362440147-96 hide\">\n<div class=\"carousel-container ng-tns-c362440147-96\"><\/div>\n<\/div>\n<\/li>\n<li data-sourcepos=\"6:1-6:95\"><strong>Lavt tab:<\/strong> Minimale interne tab for at minimere energispild og maksimere effektiviteten.<\/li>\n<li data-sourcepos=\"7:1-7:110\"><strong>H\u00f8j Q-faktor:<\/strong> <span class=\"citation-2 recitation citation-end-2\">En h\u00f8j kvalitetsfaktor (Q) er afg\u00f8rende for effektiv drift af resonanskredse.<\/span><span class=\"button-container hide-from-message-actions ng-star-inserted\">\u00a0 \u00a0<\/span>\n<div class=\"container ng-tns-c362440147-97 hide\">\n<div class=\"carousel-container ng-tns-c362440147-97\"><\/div>\n<\/div>\n<\/li>\n<li data-sourcepos=\"8:1-8:96\"><strong>Pr\u00e6cis kapacitans:<\/strong> Afg\u00f8rende for at opn\u00e5 den \u00f8nskede resonansfrekvens i kredsl\u00f8bet.<\/li>\n<li data-sourcepos=\"9:1-10:0\"><strong>Robust konstruktion:<\/strong> Designet til at modst\u00e5 belastningerne ved h\u00f8jsp\u00e6ndingsdrift og de kr\u00e6vende milj\u00f8er, hvor de bruges.<\/li>\n<\/ul>\n<h3 data-sourcepos=\"11:1-11:17\"><strong>Applikationer:<\/strong><\/h3>\n<ul data-sourcepos=\"13:1-18:0\">\n<li data-sourcepos=\"13:1-13:154\"><strong><span class=\"citation-3 recitation\">Teslaspoler:<\/span><\/strong><span class=\"citation-3 recitation citation-end-3\"> Et klassisk eksempel, hvor h\u00f8jsp\u00e6ndingsresonanskondensatorer bruges til at generere h\u00f8jsp\u00e6ndte, h\u00f8jfrekvente svingninger.<\/span><span class=\"button-container hide-from-message-actions ng-star-inserted\">\u00a0<\/span>\n<div class=\"container ng-tns-c362440147-98 hide\">\n<div class=\"carousel-container ng-tns-c362440147-98\"><\/div>\n<\/div>\n<\/li>\n<li data-sourcepos=\"14:1-14:135\"><strong>Partikelacceleratorer:<\/strong> Bruges i forskellige komponenter i partikelacceleratorer til at generere og manipulere h\u00f8jenergi-partikelstr\u00e5ler.<\/li>\n<li data-sourcepos=\"15:1-15:85\"><strong>Sendere med h\u00f8j effekt:<\/strong> Findes i kraftige radio- og tv-sendere.<\/li>\n<li data-sourcepos=\"16:1-16:98\"><strong>Forskning i plasmafysik:<\/strong> Bruges i plasmafysikeksperimenter til at generere og indeslutte plasmaer.<\/li>\n<li data-sourcepos=\"17:1-18:0\"><strong>Industrielle anvendelser:<\/strong> Nogle specialiserede industrielle anvendelser kan kr\u00e6ve h\u00f8jsp\u00e6ndingsresonanskondensatorer.<\/li>\n<\/ul>\n<p data-sourcepos=\"19:1-19:15\"><strong>For at opsummere:<\/strong><\/p>\n<p data-sourcepos=\"21:1-21:254\">H\u00f8jsp\u00e6ndingsresonanskondensatorer er kritiske komponenter i mange h\u00f8jsp\u00e6ndingsapplikationer. Deres evne til at modst\u00e5 ekstreme sp\u00e6ndinger, minimere tab og fungere effektivt i resonanskredsl\u00f8b g\u00f8r dem afg\u00f8rende for disse kr\u00e6vende anvendelser.<\/p>\n<\/div>\n<\/div>\n<\/div>\n<\/div>\n<\/div>\n<\/div>","protected":false},"excerpt":{"rendered":"<table style=\"height: 581px;\" width=\"824\">\n<tbody>\n<tr>\n<td width=\"146\"><strong><b>Produkt<\/b><\/strong>\u00a0<strong><b>Navn:<\/b><\/strong><\/td>\n<td width=\"601\"><strong>Resonans-kondensator med h\u00f8j sp\u00e6nding<\/strong><\/td>\n<\/tr>\n<tr>\n<td width=\"146\">\n<h4><strong>Kort beskrivelse:<\/strong><\/h4>\n<\/td>\n<td width=\"601\">1. Lille kompakt pakkest\u00f8rrelse<\/p>\n<p>2. I stand til at h\u00e5ndtere store sp\u00e6ndinger og str\u00f8mme<\/p>\n<p>3. Brug dielektrikum med lavt tab af polypropylenfilm<\/td>\n<\/tr>\n<tr>\n<td width=\"146\"><strong>Modstandsdygtighed over for udledning:<\/strong><\/td>\n<td width=\"601\">30000M\u03a9<\/td>\n<\/tr>\n<tr>\n<td width=\"146\"><strong>Nominel sp\u00e6nding\uff1a.<\/strong><\/td>\n<td width=\"601\">5000v\/\u00b5s<\/td>\n<\/tr>\n<tr>\n<td width=\"146\"><strong>Cap.tol:.<\/strong><\/td>\n<td width=\"601\">\n<table style=\"height: 6px;\" border=\"0\" width=\"5\" cellspacing=\"0\">\n<tbody>\n<tr>\n<td valign=\"center\" nowrap=\"nowrap\" width=\"330\"><\/td>\n<\/tr>\n<\/tbody>\n<\/table>\n<p>-40\u2103~ +85\u2103<\/td>\n<\/tr>\n<tr>\n<td width=\"146\"><strong>Levetid:\u00a0<\/strong><\/td>\n<td width=\"601\">100000H<\/td>\n<\/tr>\n<\/tbody>\n<\/table>","protected":false},"featured_media":1887,"comment_status":"open","ping_status":"closed","template":"","meta":[],"product_brand":[],"product_cat":[42],"product_tag":[],"class_list":{"0":"post-1886","1":"product","2":"type-product","3":"status-publish","4":"has-post-thumbnail","6":"product_cat-resonance-capacitor","8":"first","9":"instock","10":"shipping-taxable","11":"product-type-simple"},"_links":{"self":[{"href":"https:\/\/rf-capacitor.com\/da\/wp-json\/wp\/v2\/product\/1886","targetHints":{"allow":["GET"]}}],"collection":[{"href":"https:\/\/rf-capacitor.com\/da\/wp-json\/wp\/v2\/product"}],"about":[{"href":"https:\/\/rf-capacitor.com\/da\/wp-json\/wp\/v2\/types\/product"}],"replies":[{"embeddable":true,"href":"https:\/\/rf-capacitor.com\/da\/wp-json\/wp\/v2\/comments?post=1886"}],"wp:featuredmedia":[{"embeddable":true,"href":"https:\/\/rf-capacitor.com\/da\/wp-json\/wp\/v2\/media\/1887"}],"wp:attachment":[{"href":"https:\/\/rf-capacitor.com\/da\/wp-json\/wp\/v2\/media?parent=1886"}],"wp:term":[{"taxonomy":"product_brand","embeddable":true,"href":"https:\/\/rf-capacitor.com\/da\/wp-json\/wp\/v2\/product_brand?post=1886"},{"taxonomy":"product_cat","embeddable":true,"href":"https:\/\/rf-capacitor.com\/da\/wp-json\/wp\/v2\/product_cat?post=1886"},{"taxonomy":"product_tag","embeddable":true,"href":"https:\/\/rf-capacitor.com\/da\/wp-json\/wp\/v2\/product_tag?post=1886"}],"curies":[{"name":"wp","href":"https:\/\/api.w.org\/{rel}","templated":true}]}}