{"id":1863,"date":"2025-01-02T02:25:29","date_gmt":"2025-01-02T02:25:29","guid":{"rendered":"https:\/\/rf-capacitor.com\/?post_type=product&#038;p=1863"},"modified":"2025-01-02T02:25:29","modified_gmt":"2025-01-02T02:25:29","slug":"rmf-induction-heating-capacitor","status":"publish","type":"product","link":"https:\/\/rf-capacitor.com\/da\/rmf-induction-heating-capacitor\/","title":{"rendered":"RMF Kondensator til induktionsopvarmning"},"content":{"rendered":"<div class=\"user-query-container ng-star-inserted\">\n<div id=\"user-query-content-3\" class=\"query-content\">\n<div class=\"query-text gds-body-l ng-star-inserted\" dir=\"ltr\" role=\"heading\" aria-level=\"2\">\n<h3 class=\"query-text-line ng-star-inserted\">RMF Kondensator til induktionsopvarmning<\/h3>\n<\/div>\n<\/div>\n<\/div>\n<div>\n<div class=\"response-container ng-tns-c3227055261-50 response-optimization tts-removed ng-star-inserted response-container-has-multiple-responses\">\n<div class=\"presented-response-container ng-tns-c3227055261-50\">\n<div class=\"response-container-content ng-tns-c3227055261-50 tunable-selection-with-avatar\">\n<div class=\"response-content ng-tns-c3227055261-50\">\n<div id=\"model-response-message-contentr_6c2a80d1ec190fc8\" class=\"markdown markdown-main-panel tutor-markdown-rendering response-optimization\" dir=\"ltr\">\n<p data-sourcepos=\"1:1-1:113\"><span class=\"citation-0 recitation\">RFM-kondensatorer er specielt designet til brug i <\/span><strong><span class=\"citation-0 recitation\">mellemfrekvente induktionsvarmesystemer<\/span><\/strong><span class=\"citation-0 recitation citation-end-0\">.<\/span><span class=\"button-container hide-from-message-actions ng-star-inserted\">\u00a0<\/span><\/p>\n<h3 data-sourcepos=\"3:1-3:24\"><strong>Vigtige kendetegn:<\/strong><\/h3>\n<ul data-sourcepos=\"5:1-10:0\">\n<li data-sourcepos=\"5:1-5:95\"><strong>H\u00f8j sp\u00e6nding:<\/strong> De skal kunne modst\u00e5 de h\u00f8je sp\u00e6ndinger, der genereres i disse systemer.<\/li>\n<li data-sourcepos=\"6:1-6:119\"><strong>H\u00f8j str\u00f8mh\u00e5ndteringskapacitet:<\/strong> <span class=\"citation-1 recitation citation-end-1\">Kan h\u00e5ndtere de store str\u00f8mme, der er forbundet med induktionsopvarmning.<\/span><span class=\"button-container hide-from-message-actions ng-star-inserted\"> \u00a0<\/span>\n<div class=\"container ng-tns-c362440147-55 hide\">\n<div class=\"carousel-container ng-tns-c362440147-55\"><\/div>\n<\/div>\n<\/li>\n<li data-sourcepos=\"7:1-7:104\"><strong><span class=\"citation-2 recitation\">Lav ESR (\u00e6kvivalent seriemodstand):<\/span><\/strong><span class=\"citation-2 recitation citation-end-2\"> Minimerer energitab i kondensatoren.<\/span><span class=\"button-container hide-from-message-actions ng-star-inserted\">\u00a0 \u00a0<\/span>\n<div class=\"container ng-tns-c362440147-56 hide\">\n<div class=\"carousel-container ng-tns-c362440147-56\"><\/div>\n<\/div>\n<\/li>\n<li data-sourcepos=\"8:1-8:123\"><strong>God termisk stabilitet:<\/strong> Kan fungere ved h\u00f8je temperaturer p\u00e5 grund af den varme, der genereres under induktionsopvarmning.<\/li>\n<li data-sourcepos=\"9:1-10:0\"><strong>Robust konstruktion:<\/strong> Designet til at modst\u00e5 de barske driftsforhold i industrielle milj\u00f8er.<\/li>\n<\/ul>\n<h3 data-sourcepos=\"11:1-11:39\"><strong>S\u00e5dan fungerer de i RMF Induktionsvarmekondensator:<\/strong><\/h3>\n<ol data-sourcepos=\"13:1-15:0\">\n<li data-sourcepos=\"13:1-13:220\"><strong><span class=\"citation-3 recitation\">Resonans:<\/span><\/strong><span class=\"citation-3 recitation citation-end-3\"> RFM-kondensatorer bruges til at skabe et resonanskredsl\u00f8b med induktionsspolen.<\/span> Denne resonans maksimerer str\u00f8mmen gennem spolen, hvilket er afg\u00f8rende for effektiv induktionsopvarmning.<span class=\"button-container hide-from-message-actions ng-star-inserted\">\u00a0 \u00a0<\/span>\n<div class=\"container ng-tns-c362440147-57 hide\">\n<div class=\"carousel-container ng-tns-c362440147-57\"><\/div>\n<\/div>\n<\/li>\n<li data-sourcepos=\"14:1-15:0\"><strong><span class=\"citation-4 recitation\">Effektfaktorkorrektion:<\/span><\/strong><span class=\"citation-4 recitation citation-end-4\"> De hj\u00e6lper med at forbedre induktionsvarmesystemets effektfaktor, hvilket reducerer den reaktive effekt og forbedrer systemets samlede effektivitet.<\/span><span class=\"button-container hide-from-message-actions ng-star-inserted\"> \u00a0<\/span>\n<div class=\"container ng-tns-c362440147-58 hide\">\n<div class=\"carousel-container ng-tns-c362440147-58\"><\/div>\n<\/div>\n<\/li>\n<\/ol>\n<h3 data-sourcepos=\"16:1-16:25\"><strong>Typiske anvendelser:<\/strong><\/h3>\n<ul data-sourcepos=\"18:1-20:0\">\n<li data-sourcepos=\"18:1-18:93\"><strong>Metal Opvarmning:<\/strong> Anvendes til forskellige form\u00e5l som smedning, h\u00e6rdning og smeltning af metal.<\/li>\n<li data-sourcepos=\"19:1-20:0\"><strong>Varmebehandling:<\/strong> <span class=\"citation-5 recitation citation-end-5\">Anvendes til varmebehandling af metaller for at forbedre deres mekaniske egenskaber.<\/span><span class=\"button-container hide-from-message-actions ng-star-inserted\"> \u00a0 <\/span><\/li>\n<\/ul>\n<\/div>\n<\/div>\n<\/div>\n<\/div>\n<\/div>\n<\/div>","protected":false},"excerpt":{"rendered":"<table style=\"height: 472px;\" width=\"718\">\n<tbody>\n<tr>\n<td width=\"146\"><strong><b>Produkt<\/b><\/strong>\u00a0<strong><b>Navn:<\/b><\/strong><\/td>\n<td width=\"601\"><strong>RMF Kondensator til induktionsopvarmning<\/strong><\/td>\n<\/tr>\n<tr>\n<td width=\"146\">\n<h4><strong>Kort beskrivelse:<\/strong><\/h4>\n<\/td>\n<td width=\"601\">Pv-inverter, vindkraftkonverter; AII slags frekvensomformere og invertere<br \/>\nStr\u00f8mforsyning; rene el- og hybridbiler; ladestander, UPS osv.<\/td>\n<\/tr>\n<tr>\n<td width=\"146\"><b>Effektomr\u00e5de<\/b>:<\/td>\n<td width=\"601\">op til 6000 uF<\/td>\n<\/tr>\n<tr>\n<td width=\"146\"><strong>Nominel sp\u00e6nding\uff1a.<\/strong><\/td>\n<td width=\"601\">0,75kv til 3kv<\/td>\n<\/tr>\n<tr>\n<td width=\"146\"><strong><b>Referencestandard<\/b>:\uff1a<\/strong><\/td>\n<td width=\"601\">GB\/T3984.1-2004<\/td>\n<\/tr>\n<tr>\n<td width=\"146\"><strong>IEC60110-1:<\/strong><\/td>\n<td width=\"601\">1998<\/td>\n<\/tr>\n<\/tbody>\n<\/table>","protected":false},"featured_media":1864,"comment_status":"open","ping_status":"closed","template":"","meta":[],"product_brand":[],"product_cat":[41],"product_tag":[],"class_list":{"0":"post-1863","1":"product","2":"type-product","3":"status-publish","4":"has-post-thumbnail","6":"product_cat-induction-heating-capacitor","8":"first","9":"instock","10":"shipping-taxable","11":"product-type-simple"},"_links":{"self":[{"href":"https:\/\/rf-capacitor.com\/da\/wp-json\/wp\/v2\/product\/1863","targetHints":{"allow":["GET"]}}],"collection":[{"href":"https:\/\/rf-capacitor.com\/da\/wp-json\/wp\/v2\/product"}],"about":[{"href":"https:\/\/rf-capacitor.com\/da\/wp-json\/wp\/v2\/types\/product"}],"replies":[{"embeddable":true,"href":"https:\/\/rf-capacitor.com\/da\/wp-json\/wp\/v2\/comments?post=1863"}],"wp:featuredmedia":[{"embeddable":true,"href":"https:\/\/rf-capacitor.com\/da\/wp-json\/wp\/v2\/media\/1864"}],"wp:attachment":[{"href":"https:\/\/rf-capacitor.com\/da\/wp-json\/wp\/v2\/media?parent=1863"}],"wp:term":[{"taxonomy":"product_brand","embeddable":true,"href":"https:\/\/rf-capacitor.com\/da\/wp-json\/wp\/v2\/product_brand?post=1863"},{"taxonomy":"product_cat","embeddable":true,"href":"https:\/\/rf-capacitor.com\/da\/wp-json\/wp\/v2\/product_cat?post=1863"},{"taxonomy":"product_tag","embeddable":true,"href":"https:\/\/rf-capacitor.com\/da\/wp-json\/wp\/v2\/product_tag?post=1863"}],"curies":[{"name":"wp","href":"https:\/\/api.w.org\/{rel}","templated":true}]}}