{"id":1860,"date":"2025-01-02T02:14:12","date_gmt":"2025-01-02T02:14:12","guid":{"rendered":"https:\/\/rf-capacitor.com\/?post_type=product&#038;p=1860"},"modified":"2025-01-02T02:14:12","modified_gmt":"2025-01-02T02:14:12","slug":"switching-power-snubber-capacitor","status":"publish","type":"product","link":"https:\/\/rf-capacitor.com\/da\/switching-power-snubber-capacitor\/","title":{"rendered":"Switching Power Snubber-kondensator"},"content":{"rendered":"<div class=\"user-query-container ng-star-inserted\">\n<div id=\"user-query-content-2\" class=\"query-content\">\n<div class=\"query-text gds-body-l ng-star-inserted\" dir=\"ltr\" role=\"heading\" aria-level=\"2\">\n<h3 class=\"query-text-line ng-star-inserted\">Switching Power Snubber-kondensator<\/h3>\n<\/div>\n<\/div>\n<div class=\"button-gutter\"><span class=\"citation-0 recitation citation-end-0\" style=\"font-size: 14.4px; color: #555555;\">I switching-str\u00f8mforsyninger er snubber-kondensatorer afg\u00f8rende for at beskytte switching-enhederne (som MOSFET'er eller IGBT'er) mod for store sp\u00e6ndings- og str\u00f8mbelastninger under switching-overgange.<\/span><span class=\"button-container hide-from-message-actions ng-star-inserted\" style=\"font-size: 14.4px; color: #555555;\">\u00a0 \u00a0<\/span><\/div>\n<\/div>\n<div>\n<div class=\"response-container ng-tns-c3227055261-38 response-optimization tts-removed ng-star-inserted response-container-has-multiple-responses\">\n<div class=\"presented-response-container ng-tns-c3227055261-38\">\n<div class=\"response-container-content ng-tns-c3227055261-38 tunable-selection-with-avatar\">\n<div class=\"response-content ng-tns-c3227055261-38\">\n<div id=\"model-response-message-contentr_690cc733da6ea17b\" class=\"markdown markdown-main-panel tutor-markdown-rendering response-optimization\" dir=\"ltr\">\n<h2 data-sourcepos=\"1:1-1:208\"><strong style=\"font-size: 14.4px;\">\u00a0S\u00e5dan fungerer Switching Power Snubber Capacitor:<\/strong><\/h2>\n<ul data-sourcepos=\"5:1-7:0\">\n<li data-sourcepos=\"5:1-5:287\"><strong><span class=\"citation-1 recitation\">Sp\u00e6ndingsspidser:<\/span><\/strong><span class=\"citation-1 recitation citation-end-1\"> N\u00e5r kontakten slukkes, kan den parasit\u00e6re induktans i kredsl\u00f8bet for\u00e5rsage en hurtig stigning i sp\u00e6ndingen over kontakten.<\/span> <span class=\"citation-2 recitation citation-end-2\">Snubber-kondensatoren absorberer denne pludselige sp\u00e6ndingsstigning, begr\u00e6nser spidssp\u00e6ndingen og forhindrer skader p\u00e5 kontakten.<\/span>\n<div class=\"container ng-tns-c362440147-43 hide\">\n<div class=\"carousel-container ng-tns-c362440147-43\"><\/div>\n<\/div>\n<\/li>\n<li data-sourcepos=\"6:1-7:0\"><strong>Nuv\u00e6rende skift:<\/strong> Under turn-off-overgangen giver snubber-kondensatoren en midlertidig vej for str\u00f8mmen til at flyde, hvilket reducerer di\/dt (str\u00f8m\u00e6ndringshastigheden) og minimerer EMI (elektromagnetisk interferens).<\/li>\n<\/ul>\n<h3 data-sourcepos=\"8:1-8:24\"><strong>Vigtige kendetegn:<\/strong><\/h3>\n<ul data-sourcepos=\"10:1-14:0\">\n<li data-sourcepos=\"10:1-10:88\"><strong>H\u00f8j sp\u00e6nding:<\/strong> Skal kunne modst\u00e5 de spidsbelastninger, der opst\u00e5r under skift.<\/li>\n<li data-sourcepos=\"11:1-11:104\"><strong><span class=\"citation-3 recitation\">Lav ESR (\u00e6kvivalent seriemodstand):<\/span><\/strong><span class=\"citation-3 recitation citation-end-3\"> Minimerer energitab i kondensatoren.<\/span><span class=\"button-container hide-from-message-actions ng-star-inserted\"> \u00a0<\/span>\n<div class=\"container ng-tns-c362440147-44 hide\">\n<div class=\"carousel-container ng-tns-c362440147-44\"><\/div>\n<\/div>\n<\/li>\n<li data-sourcepos=\"12:1-12:123\"><strong>Mulighed for hurtig opladning\/afladning:<\/strong> <span class=\"citation-4 recitation citation-end-4\">I stand til hurtigt at optage og frigive energi under omskiftelige begivenheder.<\/span>\n<div class=\"container ng-tns-c362440147-45 hide\">\n<div class=\"carousel-container ng-tns-c362440147-45\"><\/div>\n<\/div>\n<\/li>\n<li data-sourcepos=\"13:1-14:0\"><strong>Kompakt st\u00f8rrelse:<\/strong> For at minimere pladsbehovet i effektelektroniske systemer.<\/li>\n<\/ul>\n<h3 data-sourcepos=\"15:1-15:32\"><strong>Typer af switching power snubber-kondensatorer:<\/strong><\/h3>\n<ul data-sourcepos=\"17:1-19:0\">\n<li data-sourcepos=\"17:1-17:112\"><strong>Filmkondensatorer:<\/strong> Bruges ofte p\u00e5 grund af deres h\u00f8je sp\u00e6ndingsv\u00e6rdier, lave ESR og gode temperaturstabilitet.<\/li>\n<li data-sourcepos=\"18:1-19:0\"><strong>Keramiske kondensatorer:<\/strong> Tilbyder h\u00f8j kapacitans i en lille pakke, men kan have begr\u00e6nsninger i sp\u00e6ndingsniveau og temperaturstabilitet.<\/li>\n<\/ul>\n<h3 data-sourcepos=\"20:1-20:26\"><strong>Overvejelser om design:<\/strong><\/h3>\n<ul data-sourcepos=\"22:1-25:0\">\n<li data-sourcepos=\"22:1-22:87\"><strong>Karakteristik af koblingsenhed:<\/strong> T\u00e6nd\/sluk-tider, spidsstr\u00f8mme og sp\u00e6ndinger.<\/li>\n<li data-sourcepos=\"23:1-23:69\"><strong>Kredsl\u00f8bsparametre:<\/strong> Parasitisk induktans, belastningskarakteristik.<\/li>\n<li data-sourcepos=\"24:1-25:0\"><strong><span class=\"citation-5 recitation\">Snubber-kredsl\u00f8bstopologi:<\/span><\/strong><span class=\"citation-5 recitation citation-end-5\"> Forskellige snubber-konfigurationer (R-C, RCD osv.) har varierende indvirkning p\u00e5 kredsl\u00f8bets ydeevne.<\/span><span class=\"button-container hide-from-message-actions ng-star-inserted\">\u00a0 \u00a0<\/span>\n<div class=\"container ng-tns-c362440147-46 hide\">\n<div class=\"carousel-container ng-tns-c362440147-46\"><\/div>\n<\/div>\n<\/li>\n<\/ul>\n<h3 data-sourcepos=\"26:1-26:41\"><strong>Fordele ved at bruge snubberkondensatorer:<\/strong><\/h3>\n<ul data-sourcepos=\"28:1-31:0\">\n<li data-sourcepos=\"28:1-28:102\"><strong>Forbedret switch-p\u00e5lidelighed:<\/strong> Reduceret stress p\u00e5 koblingsenheden, hvilket f\u00f8rer til l\u00e6ngere levetid.<\/li>\n<li data-sourcepos=\"29:1-29:68\"><strong>Reducerede EMI-emissioner:<\/strong> Minimerer elektromagnetisk interferens.<\/li>\n<li data-sourcepos=\"30:1-31:0\"><strong>Forbedret systemeffektivitet:<\/strong> Reduceret effekttab p\u00e5 grund af lavere koblingstab.<\/li>\n<\/ul>\n<\/div>\n<\/div>\n<\/div>\n<\/div>\n<\/div>\n<\/div>","protected":false},"excerpt":{"rendered":"<table style=\"height: 523px;\" width=\"704\">\n<tbody>\n<tr>\n<td width=\"146\"><strong><b>Produkt<\/b><\/strong>\u00a0<strong><b>Navn:<\/b><\/strong><\/td>\n<td width=\"601\"><strong>Switching Power Snubber-kondensator<\/strong><\/td>\n<\/tr>\n<tr>\n<td width=\"146\">\n<h4><strong>Kort beskrivelse:<\/strong><\/h4>\n<\/td>\n<td width=\"601\">CRE snubber-filmkondensatorer er designet til den h\u00f8je spidsstr\u00f8m, der kr\u00e6ves for at beskytte mod transiente sp\u00e6ndinger.<\/td>\n<\/tr>\n<tr>\n<td width=\"146\"><strong>Kapacitansomr\u00e5de:<\/strong><\/td>\n<td width=\"601\">\u00a02\u03bcF\u00b110%<\/td>\n<\/tr>\n<tr>\n<td width=\"146\"><strong>Nominel sp\u00e6nding\uff1a.<\/strong><\/td>\n<td width=\"601\">700V.DC\uff5e3000V.DC<\/td>\n<\/tr>\n<tr>\n<td width=\"146\"><strong>Cap.tol:.<\/strong><\/td>\n<td width=\"601\">\u00b15%(J);\u00b110%(K)<\/td>\n<\/tr>\n<tr>\n<td width=\"146\"><\/td>\n<td width=\"601\"><\/td>\n<\/tr>\n<\/tbody>\n<\/table>","protected":false},"featured_media":1861,"comment_status":"open","ping_status":"closed","template":"","meta":[],"product_brand":[],"product_cat":[40],"product_tag":[],"class_list":{"0":"post-1860","1":"product","2":"type-product","3":"status-publish","4":"has-post-thumbnail","6":"product_cat-snubber-capacitor","8":"first","9":"instock","10":"shipping-taxable","11":"product-type-simple"},"_links":{"self":[{"href":"https:\/\/rf-capacitor.com\/da\/wp-json\/wp\/v2\/product\/1860","targetHints":{"allow":["GET"]}}],"collection":[{"href":"https:\/\/rf-capacitor.com\/da\/wp-json\/wp\/v2\/product"}],"about":[{"href":"https:\/\/rf-capacitor.com\/da\/wp-json\/wp\/v2\/types\/product"}],"replies":[{"embeddable":true,"href":"https:\/\/rf-capacitor.com\/da\/wp-json\/wp\/v2\/comments?post=1860"}],"wp:featuredmedia":[{"embeddable":true,"href":"https:\/\/rf-capacitor.com\/da\/wp-json\/wp\/v2\/media\/1861"}],"wp:attachment":[{"href":"https:\/\/rf-capacitor.com\/da\/wp-json\/wp\/v2\/media?parent=1860"}],"wp:term":[{"taxonomy":"product_brand","embeddable":true,"href":"https:\/\/rf-capacitor.com\/da\/wp-json\/wp\/v2\/product_brand?post=1860"},{"taxonomy":"product_cat","embeddable":true,"href":"https:\/\/rf-capacitor.com\/da\/wp-json\/wp\/v2\/product_cat?post=1860"},{"taxonomy":"product_tag","embeddable":true,"href":"https:\/\/rf-capacitor.com\/da\/wp-json\/wp\/v2\/product_tag?post=1860"}],"curies":[{"name":"wp","href":"https:\/\/api.w.org\/{rel}","templated":true}]}}