{"id":1856,"date":"2025-01-02T02:04:58","date_gmt":"2025-01-02T02:04:58","guid":{"rendered":"https:\/\/rf-capacitor.com\/?post_type=product&#038;p=1856"},"modified":"2025-01-02T02:04:58","modified_gmt":"2025-01-02T02:04:58","slug":"resonant-circuit-snubber-capacitor","status":"publish","type":"product","link":"https:\/\/rf-capacitor.com\/da\/resonant-circuit-snubber-capacitor\/","title":{"rendered":"Resonanskredsl\u00f8b Snubber-kondensator"},"content":{"rendered":"<div class=\"user-query-container ng-star-inserted\">\n<div id=\"user-query-content-1\" class=\"query-content\">\n<div class=\"query-text gds-body-l ng-star-inserted\" dir=\"ltr\" role=\"heading\" aria-level=\"2\">\n<h3 class=\"query-text-line ng-star-inserted\">Resonanskredsl\u00f8b Snubber-kondensator<\/h3>\n<\/div>\n<\/div>\n<\/div>\n<div>\n<div class=\"response-container ng-tns-c3227055261-32 response-optimization tts-removed ng-star-inserted response-container-has-multiple-responses\">\n<div class=\"presented-response-container ng-tns-c3227055261-32\">\n<div class=\"response-container-content ng-tns-c3227055261-32 tunable-selection-with-avatar\">\n<div class=\"response-content ng-tns-c3227055261-32\">\n<div id=\"model-response-message-contentr_be92511bd195e395\" class=\"markdown markdown-main-panel tutor-markdown-rendering response-optimization\" dir=\"ltr\">\n<p data-sourcepos=\"1:1-1:154\">I resonans-snubber-kredsl\u00f8b spiller kondensatoren en afg\u00f8rende rolle for at skabe et resonanstankkredsl\u00f8b med den parasit\u00e6re induktans, der findes i systemet.<\/p>\n<h3 data-sourcepos=\"3:1-3:17\"><strong>S\u00e5dan fungerer resonanskredsl\u00f8bets snubberkondensator:<\/strong><\/h3>\n<ul data-sourcepos=\"5:1-7:0\">\n<li data-sourcepos=\"5:1-5:283\"><strong>Resonans:<\/strong> Kondensatoren og den parasit\u00e6re induktans danner et LC-tankkredsl\u00f8b. N\u00e5r IGBT'en slukker, overf\u00f8res den oplagrede energi i den parasit\u00e6re induktans til kondensatoren. Denne energioverf\u00f8rsel sker ved LC-tankens resonansfrekvens, hvilket f\u00f8rer til svingninger.<\/li>\n<li data-sourcepos=\"6:1-7:0\"><strong>Spredning af energi:<\/strong> En modstand er typisk inkluderet i resonanskredsl\u00f8bet for at d\u00e6mpe disse svingninger og sprede energien.<\/li>\n<\/ul>\n<h3 data-sourcepos=\"8:1-8:56\"><strong>N\u00f8glekarakteristika for resonansd\u00e6mpende kondensatorer:<\/strong><\/h3>\n<ul data-sourcepos=\"10:1-13:0\">\n<li data-sourcepos=\"10:1-10:82\"><strong>Pr\u00e6cis kapacitans:<\/strong> Afg\u00f8rende for at opn\u00e5 den \u00f8nskede resonansfrekvens.<\/li>\n<li data-sourcepos=\"11:1-11:78\"><strong><span class=\"citation-0 recitation\">Lav ESR:<\/span><\/strong><span class=\"citation-0 recitation citation-end-0\"> Minimerer tab under resonanssvingningerne. <\/span>\n<div class=\"container ng-tns-c362440147-35\">\n<div class=\"carousel-container ng-tns-c362440147-35\">\n<div class=\"carousel-content ng-tns-c362440147-35\">\n<div class=\"sources-carousel-source ng-tns-c362440147-35 ng-star-inserted\" data-test-id=\"sources-carousel-source\">\n<div class=\"source-card-container\">\n<div class=\"source-card-content\"><\/div>\n<\/div>\n<\/div>\n<\/div>\n<\/div>\n<\/div>\n<\/li>\n<li data-sourcepos=\"12:1-13:0\"><strong>H\u00f8j sp\u00e6nding:<\/strong> Skal kunne modst\u00e5 de spidsbelastninger, der opst\u00e5r under resonans.<\/li>\n<\/ul>\n<h3 data-sourcepos=\"14:1-14:42\"><strong>Fordele ved resonanskredsl\u00f8bets snubberkondensator:<\/strong><\/h3>\n<ul data-sourcepos=\"16:1-19:0\">\n<li data-sourcepos=\"16:1-16:158\"><strong>Reducerede skiftetab:<\/strong> Ved at udnytte resonansenergioverf\u00f8rslen kan koblingstabene reduceres betydeligt sammenlignet med traditionelle R-C-snubbere.<\/li>\n<li data-sourcepos=\"17:1-17:96\"><strong>Forbedret effektivitet:<\/strong> Lavere koblingstab betyder h\u00f8jere samlet systemeffektivitet.<\/li>\n<li data-sourcepos=\"18:1-19:0\"><strong>Reduceret EMI:<\/strong> Kredsl\u00f8bets resonansnatur kan hj\u00e6lpe med at reducere EMI-emissioner.<\/li>\n<\/ul>\n<h3 data-sourcepos=\"20:1-20:26\"><strong>Overvejelser om design:<\/strong><\/h3>\n<ul data-sourcepos=\"22:1-25:0\">\n<li data-sourcepos=\"22:1-22:89\"><strong>Resonansfrekvens:<\/strong> Omhyggeligt beregnet til at matche de \u00f8nskede driftsbetingelser.<\/li>\n<li data-sourcepos=\"23:1-23:117\"><strong>D\u00e6mpningsfaktor:<\/strong> Modstandsv\u00e6rdien v\u00e6lges for at give passende d\u00e6mpning og forhindre for store svingninger.<\/li>\n<li data-sourcepos=\"24:1-25:0\"><strong>Valg af kredsl\u00f8bskomponenter:<\/strong> Omhyggeligt valg af komponenter (kondensator, modstand, induktor) er afg\u00f8rende for optimal ydelse.<\/li>\n<\/ul>\n<p data-sourcepos=\"30:1-30:230\">\n<\/div>\n<\/div>\n<\/div>\n<\/div>\n<\/div>\n<\/div>","protected":false},"excerpt":{"rendered":"<table style=\"height: 534px;\" width=\"695\">\n<tbody>\n<tr>\n<td width=\"146\"><strong><b>Produkt<\/b><\/strong>\u00a0<strong><b>Navn:<\/b><\/strong><\/td>\n<td width=\"601\"><strong>Resonanskredsl\u00f8b Snubber-kondensator<\/strong><\/td>\n<\/tr>\n<tr>\n<td width=\"146\">\n<h4><strong>Kort beskrivelse:<\/strong><\/h4>\n<\/td>\n<td width=\"601\">Udbredt i kraftelektronisk udstyr, n\u00e5r spidssp\u00e6nding, spidsstr\u00f8msabsorptionsbeskyttelse<\/td>\n<\/tr>\n<tr>\n<td width=\"146\"><strong>Kapacitansomr\u00e5de:<\/strong><\/td>\n<td width=\"601\">0,1\u03bcF~ 5,6\u03bcF<\/td>\n<\/tr>\n<tr>\n<td width=\"146\"><strong>Nominel sp\u00e6nding\uff1a.<\/strong><\/td>\n<td width=\"601\">630V.DC ~ 2000V.DC<\/td>\n<\/tr>\n<tr>\n<td width=\"146\"><strong>Cap.tol:.<\/strong><\/td>\n<td width=\"601\">\u00a0\u00a0\u00b15%(J)\uff1b\u00b110%(K)<\/td>\n<\/tr>\n<tr>\n<td width=\"146\"><strong>Kondensator Model:\u00a0<\/strong><\/td>\n<td width=\"601\">IGBT-snubber<\/td>\n<\/tr>\n<\/tbody>\n<\/table>","protected":false},"featured_media":1857,"comment_status":"open","ping_status":"closed","template":"","meta":[],"product_brand":[],"product_cat":[40],"product_tag":[],"class_list":{"0":"post-1856","1":"product","2":"type-product","3":"status-publish","4":"has-post-thumbnail","6":"product_cat-snubber-capacitor","8":"first","9":"instock","10":"shipping-taxable","11":"product-type-simple"},"_links":{"self":[{"href":"https:\/\/rf-capacitor.com\/da\/wp-json\/wp\/v2\/product\/1856","targetHints":{"allow":["GET"]}}],"collection":[{"href":"https:\/\/rf-capacitor.com\/da\/wp-json\/wp\/v2\/product"}],"about":[{"href":"https:\/\/rf-capacitor.com\/da\/wp-json\/wp\/v2\/types\/product"}],"replies":[{"embeddable":true,"href":"https:\/\/rf-capacitor.com\/da\/wp-json\/wp\/v2\/comments?post=1856"}],"wp:featuredmedia":[{"embeddable":true,"href":"https:\/\/rf-capacitor.com\/da\/wp-json\/wp\/v2\/media\/1857"}],"wp:attachment":[{"href":"https:\/\/rf-capacitor.com\/da\/wp-json\/wp\/v2\/media?parent=1856"}],"wp:term":[{"taxonomy":"product_brand","embeddable":true,"href":"https:\/\/rf-capacitor.com\/da\/wp-json\/wp\/v2\/product_brand?post=1856"},{"taxonomy":"product_cat","embeddable":true,"href":"https:\/\/rf-capacitor.com\/da\/wp-json\/wp\/v2\/product_cat?post=1856"},{"taxonomy":"product_tag","embeddable":true,"href":"https:\/\/rf-capacitor.com\/da\/wp-json\/wp\/v2\/product_tag?post=1856"}],"curies":[{"name":"wp","href":"https:\/\/api.w.org\/{rel}","templated":true}]}}